{"id":1336,"date":"2024-03-11T16:12:18","date_gmt":"2024-03-11T16:12:18","guid":{"rendered":"https:\/\/ai4debunk.eu\/?page_id=1336"},"modified":"2024-04-11T10:07:05","modified_gmt":"2024-04-11T10:07:05","slug":"cookie-policy","status":"publish","type":"page","link":"https:\/\/ai4debunk.eu\/cs\/cookie-policy\/","title":{"rendered":"Z\u00e1sady pou\u017e\u00edv\u00e1n\u00ed soubor\u016f cookie"},"content":{"rendered":"<div data-elementor-type=\"wp-page\" data-elementor-id=\"1336\" class=\"elementor elementor-1336\" data-elementor-post-type=\"page\">\n\t\t\t\t<div class=\"elementor-element elementor-element-372ece9 e-flex e-con-boxed e-con e-parent\" data-id=\"372ece9\" data-element_type=\"container\" data-e-type=\"container\">\n\t\t\t\t\t<div class=\"e-con-inner\">\n\t\t\t\t<div class=\"elementor-element elementor-element-af6f42a elementor-widget elementor-widget-heading\" data-id=\"af6f42a\" data-element_type=\"widget\" data-e-type=\"widget\" data-widget_type=\"heading.default\">\n\t\t\t\t<div class=\"elementor-widget-container\">\n\t\t\t\t\t<h1 class=\"elementor-heading-title elementor-size-default\">Z\u00e1sady pou\u017e\u00edv\u00e1n\u00ed soubor\u016f cookie<\/h1>\t\t\t\t<\/div>\n\t\t\t\t<\/div>\n\t\t\t\t<div class=\"elementor-element elementor-element-2b13c41 elementor-widget elementor-widget-text-editor\" data-id=\"2b13c41\" data-element_type=\"widget\" data-e-type=\"widget\" data-widget_type=\"text-editor.default\">\n\t\t\t\t<div class=\"elementor-widget-container\">\n\t\t\t\t\t\t\t\t\t<p>Tato webov\u00e1 str\u00e1nka pou\u017e\u00edv\u00e1 cookies. Pou\u017e\u00edv\u00e1me soubory cookie, abychom zajistili, \u017ee v\u00e1m poskytneme nejlep\u0161\u00ed zku\u0161enosti na na\u0161ich webov\u00fdch str\u00e1nk\u00e1ch. P\u0159e\u010dt\u011bte si tak\u00e9 na\u0161e <a href=\"https:\/\/ai4debunk.eu\/cs\/terms-of-use\/\">Podm\u00ednky pou\u017eit\u00ed<\/a> &amp; <a href=\"https:\/\/ai4debunk.eu\/cs\/privacy-policy\/\">Z\u00e1sady ochrany osobn\u00edch \u00fadaj\u016f<\/a> kter\u00fd \u0159\u00edd\u00ed pou\u017e\u00edv\u00e1n\u00ed t\u011bchto str\u00e1nek. Cookies jsou mal\u00e9 textov\u00e9 soubory, kter\u00e9 mohou internetov\u00e9 str\u00e1nky pou\u017e\u00edvat k zefektivn\u011bn\u00ed u\u017eivatelsk\u00e9ho z\u00e1\u017eitku. Z\u00e1kon stanov\u00ed, \u017ee m\u016f\u017eeme ukl\u00e1dat soubory cookie na va\u0161em za\u0159\u00edzen\u00ed, pokud jsou nezbytn\u011b nutn\u00e9 pro provoz t\u011bchto str\u00e1nek.<br \/>Pro v\u0161echny ostatn\u00ed typy soubor\u016f cookie pot\u0159ebujeme va\u0161e svolen\u00ed. Tento web pou\u017e\u00edv\u00e1 r\u016fzn\u00e9 typy soubor\u016f cookie. N\u011bkter\u00e9 soubory cookie jsou um\u00edst\u011bny slu\u017ebami t\u0159et\u00edch stran, kter\u00e9 se objevuj\u00ed na na\u0161ich str\u00e1nk\u00e1ch. Sv\u016fj souhlas s prohl\u00e1\u0161en\u00edm o souborech cookie m\u016f\u017eete kdykoli zm\u011bnit nebo odvolat na na\u0161ich webov\u00fdch str\u00e1nk\u00e1ch. Zjist\u011bte v\u00edce o tom, kdo jsme, jak n\u00e1s m\u016f\u017eete kontaktovat a jak zpracov\u00e1v\u00e1me osobn\u00ed \u00fadaje v na\u0161\u00ed datab\u00e1zi. <a href=\"https:\/\/ai4debunk.eu\/cs\/privacy-policy\/\">Z\u00e1sady ochrany osobn\u00edch \u00fadaj\u016f<\/a>.<\/p>\t\t\t\t\t\t\t\t<\/div>\n\t\t\t\t<\/div>\n\t\t\t\t<div class=\"elementor-element elementor-element-fd7345b elementor-widget elementor-widget-html\" data-id=\"fd7345b\" data-element_type=\"widget\" data-e-type=\"widget\" data-widget_type=\"html.default\">\n\t\t\t\t<div class=\"elementor-widget-container\">\n\t\t\t\t\t<div class=\"cky-audit-table-element\"><\/div>\t\t\t\t<\/div>\n\t\t\t\t<\/div>\n\t\t\t\t\t<\/div>\n\t\t\t\t<\/div>\n\t\t\t\t<\/div>","protected":false},"excerpt":{"rendered":"<p>Tato webov\u00e1 str\u00e1nka pou\u017e\u00edv\u00e1 cookies. Pou\u017e\u00edv\u00e1me soubory cookie, abychom zajistili, \u017ee v\u00e1m poskytneme nejlep\u0161\u00ed zku\u0161enosti na na\u0161ich webov\u00fdch str\u00e1nk\u00e1ch. P\u0159e\u010dt\u011bte si tak\u00e9 na\u0161e Podm\u00ednky pou\u017e\u00edv\u00e1n\u00ed &amp; Z\u00e1sady ochrany osobn\u00edch \u00fadaj\u016f, kter\u00e9 upravuj\u00ed pou\u017e\u00edv\u00e1n\u00ed t\u011bchto str\u00e1nek. Soubory cookie jsou mal\u00e9 textov\u00e9 soubory, kter\u00e9 mohou internetov\u00e9 str\u00e1nky pou\u017e\u00edvat k tomu, aby u\u017eivatel mohl l\u00e9pe vyu\u017e\u00edvat sv\u00e9 slu\u017eby [\u2026]<\/p>","protected":false},"author":6,"featured_media":0,"parent":0,"menu_order":0,"comment_status":"closed","ping_status":"closed","template":"","meta":{"_acf_changed":false,"footnotes":""},"class_list":["post-1336","page","type-page","status-publish","hentry"],"acf":[],"_links":{"self":[{"href":"https:\/\/ai4debunk.eu\/cs\/wp-json\/wp\/v2\/pages\/1336","targetHints":{"allow":["GET"]}}],"collection":[{"href":"https:\/\/ai4debunk.eu\/cs\/wp-json\/wp\/v2\/pages"}],"about":[{"href":"https:\/\/ai4debunk.eu\/cs\/wp-json\/wp\/v2\/types\/page"}],"author":[{"embeddable":true,"href":"https:\/\/ai4debunk.eu\/cs\/wp-json\/wp\/v2\/users\/6"}],"replies":[{"embeddable":true,"href":"https:\/\/ai4debunk.eu\/cs\/wp-json\/wp\/v2\/comments?post=1336"}],"version-history":[{"count":5,"href":"https:\/\/ai4debunk.eu\/cs\/wp-json\/wp\/v2\/pages\/1336\/revisions"}],"predecessor-version":[{"id":1469,"href":"https:\/\/ai4debunk.eu\/cs\/wp-json\/wp\/v2\/pages\/1336\/revisions\/1469"}],"wp:attachment":[{"href":"https:\/\/ai4debunk.eu\/cs\/wp-json\/wp\/v2\/media?parent=1336"}],"curies":[{"name":"wp","href":"https:\/\/api.w.org\/{rel}","templated":true}]}}