{"id":1336,"date":"2024-03-11T16:12:18","date_gmt":"2024-03-11T16:12:18","guid":{"rendered":"https:\/\/ai4debunk.eu\/?page_id=1336"},"modified":"2024-04-11T10:07:05","modified_gmt":"2024-04-11T10:07:05","slug":"cookie-policy","status":"publish","type":"page","link":"https:\/\/ai4debunk.eu\/da\/cookie-policy\/","title":{"rendered":"Politik om cookies"},"content":{"rendered":"<div data-elementor-type=\"wp-page\" data-elementor-id=\"1336\" class=\"elementor elementor-1336\" data-elementor-post-type=\"page\">\n\t\t\t\t<div class=\"elementor-element elementor-element-372ece9 e-flex e-con-boxed e-con e-parent\" data-id=\"372ece9\" data-element_type=\"container\" data-e-type=\"container\">\n\t\t\t\t\t<div class=\"e-con-inner\">\n\t\t\t\t<div class=\"elementor-element elementor-element-af6f42a elementor-widget elementor-widget-heading\" data-id=\"af6f42a\" data-element_type=\"widget\" data-e-type=\"widget\" data-widget_type=\"heading.default\">\n\t\t\t\t<div class=\"elementor-widget-container\">\n\t\t\t\t\t<h1 class=\"elementor-heading-title elementor-size-default\">Politik om cookies<\/h1>\t\t\t\t<\/div>\n\t\t\t\t<\/div>\n\t\t\t\t<div class=\"elementor-element elementor-element-2b13c41 elementor-widget elementor-widget-text-editor\" data-id=\"2b13c41\" data-element_type=\"widget\" data-e-type=\"widget\" data-widget_type=\"text-editor.default\">\n\t\t\t\t<div class=\"elementor-widget-container\">\n\t\t\t\t\t\t\t\t\t<p>Denne hjemmeside bruger cookies. Vi bruger cookies til at sikre, at vi giver dig den bedste oplevelse p\u00e5 vores hjemmeside. L\u00e6s ogs\u00e5 vores <a href=\"https:\/\/ai4debunk.eu\/da\/terms-of-use\/\">Betingelser for brug<\/a> &amp; <a href=\"https:\/\/ai4debunk.eu\/da\/privacy-policy\/\">Fortrolighedspolitik<\/a> som regulerer brugen af dette websted. Cookies er sm\u00e5 tekstfiler, der kan bruges af websteder til at g\u00f8re en brugers oplevelse mere effektiv. Loven siger, at vi kan gemme cookies p\u00e5 din enhed, hvis de er strengt n\u00f8dvendige for driften af dette websted.<br \/>For alle andre typer cookies har vi brug for din tilladelse. Dette websted bruger forskellige typer cookies. Nogle cookies placeres af tredjepartstjenester, der vises p\u00e5 vores sider. Du kan til enhver tid \u00e6ndre eller tilbagekalde dit samtykke til cookie-erkl\u00e6ringen p\u00e5 vores hjemmeside. L\u00e6s mere om, hvem vi er, hvordan du kan kontakte os, og hvordan vi behandler personoplysninger i vores <a href=\"https:\/\/ai4debunk.eu\/da\/privacy-policy\/\">Fortrolighedspolitik<\/a>.<\/p>\t\t\t\t\t\t\t\t<\/div>\n\t\t\t\t<\/div>\n\t\t\t\t<div class=\"elementor-element elementor-element-fd7345b elementor-widget elementor-widget-html\" data-id=\"fd7345b\" data-element_type=\"widget\" data-e-type=\"widget\" data-widget_type=\"html.default\">\n\t\t\t\t<div class=\"elementor-widget-container\">\n\t\t\t\t\t<div class=\"cky-audit-table-element\"><\/div>\t\t\t\t<\/div>\n\t\t\t\t<\/div>\n\t\t\t\t\t<\/div>\n\t\t\t\t<\/div>\n\t\t\t\t<\/div>","protected":false},"excerpt":{"rendered":"<p>Denne hjemmeside bruger cookies. Vi bruger cookies til at sikre, at vi giver dig den bedste oplevelse p\u00e5 vores hjemmeside. L\u00e6s ogs\u00e5 vores Vilk\u00e5r for brug &amp; Fortrolighedspolitik, som regulerer brugen af dette websted. Cookies er sm\u00e5 tekstfiler, der kan bruges af websteder til at g\u00f8re en brugers oplevelse mere [\u2026]<\/p>","protected":false},"author":6,"featured_media":0,"parent":0,"menu_order":0,"comment_status":"closed","ping_status":"closed","template":"","meta":{"_acf_changed":false,"footnotes":""},"class_list":["post-1336","page","type-page","status-publish","hentry"],"acf":[],"_links":{"self":[{"href":"https:\/\/ai4debunk.eu\/da\/wp-json\/wp\/v2\/pages\/1336","targetHints":{"allow":["GET"]}}],"collection":[{"href":"https:\/\/ai4debunk.eu\/da\/wp-json\/wp\/v2\/pages"}],"about":[{"href":"https:\/\/ai4debunk.eu\/da\/wp-json\/wp\/v2\/types\/page"}],"author":[{"embeddable":true,"href":"https:\/\/ai4debunk.eu\/da\/wp-json\/wp\/v2\/users\/6"}],"replies":[{"embeddable":true,"href":"https:\/\/ai4debunk.eu\/da\/wp-json\/wp\/v2\/comments?post=1336"}],"version-history":[{"count":5,"href":"https:\/\/ai4debunk.eu\/da\/wp-json\/wp\/v2\/pages\/1336\/revisions"}],"predecessor-version":[{"id":1469,"href":"https:\/\/ai4debunk.eu\/da\/wp-json\/wp\/v2\/pages\/1336\/revisions\/1469"}],"wp:attachment":[{"href":"https:\/\/ai4debunk.eu\/da\/wp-json\/wp\/v2\/media?parent=1336"}],"curies":[{"name":"wp","href":"https:\/\/api.w.org\/{rel}","templated":true}]}}