{"id":209,"date":"2024-03-05T16:33:00","date_gmt":"2024-03-05T16:33:00","guid":{"rendered":"https:\/\/ai4debunk.eu\/?page_id=209"},"modified":"2024-09-19T15:01:38","modified_gmt":"2024-09-19T15:01:38","slug":"terms-of-use","status":"publish","type":"page","link":"https:\/\/ai4debunk.eu\/da\/terms-of-use\/","title":{"rendered":"Betingelser for brug"},"content":{"rendered":"<div data-elementor-type=\"wp-page\" data-elementor-id=\"209\" class=\"elementor elementor-209\" data-elementor-post-type=\"page\">\n\t\t\t\t<div class=\"elementor-element elementor-element-89ce4c8 e-flex e-con-boxed e-con e-parent\" data-id=\"89ce4c8\" data-element_type=\"container\" data-e-type=\"container\">\n\t\t\t\t\t<div class=\"e-con-inner\">\n\t\t\t\t<div class=\"elementor-element elementor-element-c470af8 elementor-widget elementor-widget-heading\" data-id=\"c470af8\" data-element_type=\"widget\" data-e-type=\"widget\" data-widget_type=\"heading.default\">\n\t\t\t\t<div class=\"elementor-widget-container\">\n\t\t\t\t\t<h1 class=\"elementor-heading-title elementor-size-default\">Betingelser for brug\n<\/h1>\t\t\t\t<\/div>\n\t\t\t\t<\/div>\n\t\t\t\t<div class=\"elementor-element elementor-element-9834e64 elementor-widget elementor-widget-text-editor\" data-id=\"9834e64\" data-element_type=\"widget\" data-e-type=\"widget\" data-widget_type=\"text-editor.default\">\n\t\t\t\t<div class=\"elementor-widget-container\">\n\t\t\t\t\t\t\t\t\t<p>Velkommen til vores hjemmeside.<br \/>Din adgang til og brug af denne hjemmeside er underlagt disse vilk\u00e5r for brug af hjemmesiden. L\u00e6s dem omhyggeligt, f\u00f8r du g\u00e5r ind p\u00e5 eller bruger denne hjemmeside.<\/p>\t\t\t\t\t\t\t\t<\/div>\n\t\t\t\t<\/div>\n\t\t\t\t<div class=\"elementor-element elementor-element-112fa17 elementor-widget elementor-widget-heading\" data-id=\"112fa17\" data-element_type=\"widget\" data-e-type=\"widget\" data-widget_type=\"heading.default\">\n\t\t\t\t<div class=\"elementor-widget-container\">\n\t\t\t\t\t<h4 class=\"elementor-heading-title elementor-size-default\">1. DEFINITIONER<\/h4>\t\t\t\t<\/div>\n\t\t\t\t<\/div>\n\t\t\t\t<div class=\"elementor-element elementor-element-e1cdef7 elementor-widget elementor-widget-text-editor\" data-id=\"e1cdef7\" data-element_type=\"widget\" data-e-type=\"widget\" data-widget_type=\"text-editor.default\">\n\t\t\t\t<div class=\"elementor-widget-container\">\n\t\t\t\t\t\t\t\t\t<p>AI4Debunk (Participative Assistive AI-powered Tools for Supporting Trustworthy Online Activity of Citizens and Debunking Disinformation), i det f\u00f8lgende ben\u00e6vnt \"projektet\", er et 48-m\u00e5neders konsekvensanalyseprojekt, der omhandler emnet HORIZON-CL4-2023-HUMAN-01-CNECT.<\/p><p>Udtrykket \"konsortium\" henviser til alle underskrivere, bortset fra Europa-Kommissionen, af tilskudsaftalen 101135757, som kan have individuelle eller f\u00e6lles intellektuelle ejendomsrettigheder i forbindelse med projektresultaterne.<\/p><p>Udtrykket \"materialer\" henviser til alle oplysninger, indhold, data, dokumenter (f.eks. hvidb\u00f8ger, brochurer, datablade, ofte stillede sp\u00f8rgsm\u00e5l, skabeloner, pressemeddelelser osv.), downloads, filer, tekst, billeder, fotografier, grafik, videoer, webcasts, publikationer, v\u00e6rkt\u00f8jer, ressourcer, software, kode, programmer, applikationer og produkter, der stilles til r\u00e5dighed eller aktiveres via webstedet.<\/p><p>Udtrykket \"Website Manager\", der ellers er angivet som \"os\" eller \"vi\", henviser til den enhed, der er ansvarlig for at oprette og administrere webstedet. <a href=\"https:\/\/ai4debunk.eu\/da\/\"><span style=\"color: #ae46ff;\">https:\/\/ai4debunk.eu<\/span><\/a> (i det f\u00f8lgende samlet ben\u00e6vnt \"webstedet\") med henblik p\u00e5 at give oplysninger til brugerne.Grantaftale 101135757 tildeler F6S Network Ireland Limited (<span style=\"color: #ae46ff;\"><a style=\"color: #ae46ff;\" href=\"http:\/\/www.f6s.com\" target=\"_blank\" rel=\"noopener\">www.f6s.com<\/a><\/span>) rollen som webstedsadministrator, s\u00e5ledes er F6S Network Ireland Limited den dataansvarlige for webstedet.<\/p><p>Udtrykket \"du\" henviser til den bes\u00f8gende p\u00e5 vores websted.<\/p>\t\t\t\t\t\t\t\t<\/div>\n\t\t\t\t<\/div>\n\t\t\t\t<div class=\"elementor-element elementor-element-65a84db elementor-widget elementor-widget-heading\" data-id=\"65a84db\" data-element_type=\"widget\" data-e-type=\"widget\" data-widget_type=\"heading.default\">\n\t\t\t\t<div class=\"elementor-widget-container\">\n\t\t\t\t\t<h4 class=\"elementor-heading-title elementor-size-default\">2. SCOPE<\/h4>\t\t\t\t<\/div>\n\t\t\t\t<\/div>\n\t\t\t\t<div class=\"elementor-element elementor-element-b717931 elementor-widget elementor-widget-text-editor\" data-id=\"b717931\" data-element_type=\"widget\" data-e-type=\"widget\" data-widget_type=\"text-editor.default\">\n\t\t\t\t<div class=\"elementor-widget-container\">\n\t\t\t\t\t\t\t\t\tDisse vilk\u00e5r og betingelser for webstedet (disse \"Vilk\u00e5r\" eller disse \"Vilk\u00e5r og betingelser for webstedet\"), der er indeholdt heri, regulerer din brug af dette websted, herunder alle sider p\u00e5 dette websted. Disse vilk\u00e5r g\u00e6lder i fuld kraft og effekt for din brug af dette websted, og ved at bruge dette websted accepterer du udtrykkeligt alle vilk\u00e5r og betingelser indeholdt heri fuldt ud. Du m\u00e5 ikke bruge dette websted, hvis du har nogen indvendinger mod nogen af disse vilk\u00e5r og betingelser for webstedet.\n\t\t\t\t\t\t\t\t<\/div>\n\t\t\t\t<\/div>\n\t\t\t\t<div class=\"elementor-element elementor-element-827f9c4 elementor-widget elementor-widget-heading\" data-id=\"827f9c4\" data-element_type=\"widget\" data-e-type=\"widget\" data-widget_type=\"heading.default\">\n\t\t\t\t<div class=\"elementor-widget-container\">\n\t\t\t\t\t<h4 class=\"elementor-heading-title elementor-size-default\">3. Din brug af hjemmesiden<\/h4>\t\t\t\t<\/div>\n\t\t\t\t<\/div>\n\t\t\t\t<div class=\"elementor-element elementor-element-ee7b3ce elementor-widget elementor-widget-text-editor\" data-id=\"ee7b3ce\" data-element_type=\"widget\" data-e-type=\"widget\" data-widget_type=\"text-editor.default\">\n\t\t\t\t<div class=\"elementor-widget-container\">\n\t\t\t\t\t\t\t\t\t<p>Du accepterer kun at bruge hjemmesiden og dens indhold til form\u00e5l, der er tilladt i henhold til brugsbetingelserne og enhver g\u00e6ldende lov, regulering eller generelt accepteret praksis eller retningslinjer i de relevante jurisdiktioner.<\/p><p>Du accepterer specifikt ikke at f\u00e5 adgang til (eller fors\u00f8ge at f\u00e5 adgang til) nogen af materialerne via automatiserede midler (herunder brug af scripts eller webcrawlere) eller ved hacking, adgangskodemining eller andre midler. Du accepterer, at du ikke vil deltage i nogen aktivitet, der forstyrrer eller forstyrrer hjemmesiden (eller de servere og netv\u00e6rk, der er forbundet til eller tilg\u00e6ngelige via hjemmesiden).<br \/>Du accepterer ogs\u00e5 kun at bruge de funktioner, der er tilg\u00e6ngelige p\u00e5 webstedet, til at f\u00e5 adgang til, downloade, udnytte, sende, sende eller modtage materialer p\u00e5 en passende m\u00e5de.<\/p><p>Du m\u00e5 kun se, downloade til caching-form\u00e5l og udskrive materiale fra hjemmesiden til din egen personlige brug med forbehold af de begr\u00e6nsninger, der er angivet nedenfor og andre steder i disse vilk\u00e5r og betingelser.<\/p><p>Du m\u00e5 ikke bruge dette websted til at kopiere, gemme, hoste, overf\u00f8re, sende, bruge, offentligg\u00f8re eller distribuere materiale, som best\u00e5r af (eller er knyttet til) spyware, computervirus, trojansk hest, orm, tastetryklogger, rootkit eller anden ondsindet computersoftware. Du m\u00e5 ikke foretage systematiske eller automatiserede dataindsamlingsaktiviteter (herunder uden begr\u00e6nsning scraping, datamining, dataudtr\u00e6k og datah\u00f8st) p\u00e5 eller i forbindelse med dette websted uden webstedsadministratorens udtrykkelige skriftlige samtykke. Du accepterer ogs\u00e5 ikke at bruge noget materiale p\u00e5 en m\u00e5de, der kr\u00e6nker nogen intellektuelle ejendomsrettigheder eller rettigheder for nogen part, ikke at reproducere eller bruge i andre elektroniske eller trykte publikationer. Det grafiske s\u00e5vel som tekniske design og al kontakt samt billeder, der anvendes i denne online pr\u00e6sentation, er beskyttet af ophavsret.<\/p><p>Du accepterer ogs\u00e5 ikke at bruge webstedets dom\u00e6nenavn som en pseudonym retur-e-mailadresse. ikke at forstyrre, forstyrre eller forhindre andre brugere i at bruge og nyde webstedet eller andre tilknyttede eller linkede websteder eller materialerne; og ikke at bruge noget materiale p\u00e5 en m\u00e5de, der kr\u00e6nker nogen intellektuelle ejendomsrettigheder eller rettigheder tilh\u00f8rende nogen part;<\/p>\t\t\t\t\t\t\t\t<\/div>\n\t\t\t\t<\/div>\n\t\t\t\t<div class=\"elementor-element elementor-element-94c704a elementor-widget elementor-widget-heading\" data-id=\"94c704a\" data-element_type=\"widget\" data-e-type=\"widget\" data-widget_type=\"heading.default\">\n\t\t\t\t<div class=\"elementor-widget-container\">\n\t\t\t\t\t<h4 class=\"elementor-heading-title elementor-size-default\">4. Ophavsret og intellektuelle ejendomsrettigheder<\/h4>\t\t\t\t<\/div>\n\t\t\t\t<\/div>\n\t\t\t\t<div class=\"elementor-element elementor-element-cbe98bf elementor-widget elementor-widget-text-editor\" data-id=\"cbe98bf\" data-element_type=\"widget\" data-e-type=\"widget\" data-widget_type=\"text-editor.default\">\n\t\t\t\t<div class=\"elementor-widget-container\">\n\t\t\t\t\t\t\t\t\t<p>Bortset fra indhold, du ejer, som du m\u00e5tte have valgt at medtage p\u00e5 dette websted, ejer konsortiet og\/eller dets licensgivere i henhold til disse vilk\u00e5r alle rettigheder til det intellektuelle ejendomsmateriale, der er indeholdt p\u00e5 dette websted, og alle s\u00e5danne rettigheder er forbeholdt. Konsortiet giver brugerne tilladelse til at kopiere og udskrive uddrag eller dokumenter fra dette websted udelukkende til personlig, ikke-kommerciel brug, under foruds\u00e6tning af at enhver kopi eller uddrag af de n\u00e6vnte dokumenter eller sider, der er opn\u00e5et, opretholder alle intellektuelle ejendomsrettigheder eller andre ejendomsmeddelelser, herunder alle ansvarsfraskrivelser deri. Projektets logo m\u00e5 ikke anvendes eller gengives uden forudg\u00e5ende skriftligt samtykke fra konsortiet.<\/p><p>Medmindre det er tilladt i henhold til g\u00e6ldende lov om ophavsret, m\u00e5 du ikke gengive eller kommunikere noget af indholdet p\u00e5 dette websted, herunder filer, der kan downloades fra dette websted, uden skriftlig tilladelse fra ejeren af ophavsretten.<\/p>\t\t\t\t\t\t\t\t<\/div>\n\t\t\t\t<\/div>\n\t\t\t\t<div class=\"elementor-element elementor-element-21ba3cf elementor-widget elementor-widget-heading\" data-id=\"21ba3cf\" data-element_type=\"widget\" data-e-type=\"widget\" data-widget_type=\"heading.default\">\n\t\t\t\t<div class=\"elementor-widget-container\">\n\t\t\t\t\t<h4 class=\"elementor-heading-title elementor-size-default\">5. TRADEMARKS, TRADE NAMES og LOGOS<\/h4>\t\t\t\t<\/div>\n\t\t\t\t<\/div>\n\t\t\t\t<div class=\"elementor-element elementor-element-71b6360 elementor-widget elementor-widget-text-editor\" data-id=\"71b6360\" data-element_type=\"widget\" data-e-type=\"widget\" data-widget_type=\"text-editor.default\">\n\t\t\t\t<div class=\"elementor-widget-container\">\n\t\t\t\t\t\t\t\t\tAlle varem\u00e6rker, handelsnavne og logoer, der vises p\u00e5 hjemmesiden, tilh\u00f8rer deres respektive ejere og er beskyttet af de internationale love om ophavsret og varem\u00e6rker. Du accepterer ikke at bagvaske eller nedg\u00f8re projektet og alle varem\u00e6rker, handelsnavne eller logoer, der er inkluderet p\u00e5 hjemmesiden eller i materialerne. Enhver brug af nogen af de varem\u00e6rker, handelsnavne og logoer, der vises p\u00e5 hele hjemmesiden uden udtrykkelig skriftlig tilladelse fra ejeren af varem\u00e6rket eller navnet eller logoet, alt efter hvad der er relevant, er strengt forbudt.\t\t\t\t\t\t\t\t<\/div>\n\t\t\t\t<\/div>\n\t\t\t\t<div class=\"elementor-element elementor-element-4ca326f elementor-widget elementor-widget-heading\" data-id=\"4ca326f\" data-element_type=\"widget\" data-e-type=\"widget\" data-widget_type=\"heading.default\">\n\t\t\t\t<div class=\"elementor-widget-container\">\n\t\t\t\t\t<h4 class=\"elementor-heading-title elementor-size-default\">6. Licens til dig<\/h4>\t\t\t\t<\/div>\n\t\t\t\t<\/div>\n\t\t\t\t<div class=\"elementor-element elementor-element-37a315c elementor-widget elementor-widget-text-editor\" data-id=\"37a315c\" data-element_type=\"widget\" data-e-type=\"widget\" data-widget_type=\"text-editor.default\">\n\t\t\t\t<div class=\"elementor-widget-container\">\n\t\t\t\t\t\t\t\t\t<p>Konsortiet giver dig en personlig, verdensomsp\u00e6ndende, ikke-overdragelig, royaltyfri og ikke-eksklusiv licens til at bruge hjemmesiden udelukkende med det form\u00e5l at g\u00f8re det muligt for dig at bruge og nyde fordelene ved hjemmesiden og materialerne p\u00e5 den m\u00e5de, der er tilladt i disse brugsbetingelser. Du m\u00e5 ikke (og du m\u00e5 ikke tillade andre at) kopiere, foretage reverse engineering, skabe et afledt arbejde af, eller dekompilere eller p\u00e5 anden m\u00e5de fors\u00f8ge at udtr\u00e6kke kildekoden til hjemmesiden eller nogen del heraf, medmindre dette er udtrykkeligt tilladt eller p\u00e5kr\u00e6vet ved lov, eller medmindre du har f\u00e5et specifik tilladelse til at g\u00f8re det af Website Manager. Medmindre Website Manager har givet dig skriftlig tilladelse til at g\u00f8re det, m\u00e5 du ikke<\/p><ul><li>tildele (eller give en underlicens til) dine rettigheder til at bruge hjemmesiden eller materialerne,<\/li><li>give en sikkerhedsinteresse i eller over dine rettigheder til at bruge hjemmesiden eller materialerne eller p\u00e5 anden m\u00e5de overf\u00f8re nogen af dine rettigheder til at bruge dem.<\/li><\/ul>\t\t\t\t\t\t\t\t<\/div>\n\t\t\t\t<\/div>\n\t\t\t\t<div class=\"elementor-element elementor-element-1251413 elementor-widget elementor-widget-heading\" data-id=\"1251413\" data-element_type=\"widget\" data-e-type=\"widget\" data-widget_type=\"heading.default\">\n\t\t\t\t<div class=\"elementor-widget-container\">\n\t\t\t\t\t<h4 class=\"elementor-heading-title elementor-size-default\">7. Links til andre internetsteder<\/h4>\t\t\t\t<\/div>\n\t\t\t\t<\/div>\n\t\t\t\t<div class=\"elementor-element elementor-element-b5adf43 elementor-widget elementor-widget-text-editor\" data-id=\"b5adf43\" data-element_type=\"widget\" data-e-type=\"widget\" data-widget_type=\"text-editor.default\">\n\t\t\t\t<div class=\"elementor-widget-container\">\n\t\t\t\t\t\t\t\t\tWebstedet kan indeholde links til andre websteder og tjenester, der drives og vedligeholdes af tredjeparter eller dets associerede selskaber. Du anerkender, forst\u00e5r og accepterer, at Website Manager ikke vil v\u00e6re ansvarlig eller erstatningspligtig, direkte eller indirekte, for eventuelle skader eller tab for\u00e5rsaget eller p\u00e5st\u00e5s at v\u00e6re for\u00e5rsaget af eller i forbindelse med brugen af eller tilliden til s\u00e5dant indhold, produkter eller tjenester, der er tilg\u00e6ngelige p\u00e5 s\u00e5danne andre websteder.\n\t\t\t\t\t\t\t\t<\/div>\n\t\t\t\t<\/div>\n\t\t\t\t<div class=\"elementor-element elementor-element-61d5e43 elementor-widget elementor-widget-heading\" data-id=\"61d5e43\" data-element_type=\"widget\" data-e-type=\"widget\" data-widget_type=\"heading.default\">\n\t\t\t\t<div class=\"elementor-widget-container\">\n\t\t\t\t\t<h4 class=\"elementor-heading-title elementor-size-default\">8. \u00c6ndringer<\/h4>\t\t\t\t<\/div>\n\t\t\t\t<\/div>\n\t\t\t\t<div class=\"elementor-element elementor-element-e547e4a elementor-widget elementor-widget-text-editor\" data-id=\"e547e4a\" data-element_type=\"widget\" data-e-type=\"widget\" data-widget_type=\"text-editor.default\">\n\t\t\t\t<div class=\"elementor-widget-container\">\n\t\t\t\t\t\t\t\t\tWebsite Manager forbeholder sig ret til at \u00e6ndre, suspendere eller afbryde enhver del af hjemmesiden og materialer til enhver tid, med eller uden varsel. Website Manager forbeholder sig ret til at \u00e6ndre enhver del af disse brugsbetingelser til enhver tid. Eventuelle \u00e6ndringer tr\u00e6der i kraft, n\u00e5r de offentligg\u00f8res p\u00e5 webstedet. Du accepterer at gennemg\u00e5 disse vilk\u00e5r for brug med j\u00e6vne mellemrum, s\u00e5 du er opm\u00e6rksom p\u00e5 s\u00e5danne \u00e6ndringer. Din fortsatte brug af hjemmesiden efter s\u00e5danne \u00e6ndringer er blevet offentliggjort, vil blive betragtet som din accept af eventuelle \u00e6ndringer af vilk\u00e5rene for brug. Hvis brugsbetingelserne p\u00e5 noget tidspunkt ikke er acceptable for dig, skal du straks oph\u00f8re med at bruge webstedet. Du accepterer, at ovenn\u00e6vnte standard for meddelelse om \u00e6ndringer er rimelig.\n\t\t\t\t\t\t\t\t<\/div>\n\t\t\t\t<\/div>\n\t\t\t\t<div class=\"elementor-element elementor-element-638682a elementor-widget elementor-widget-heading\" data-id=\"638682a\" data-element_type=\"widget\" data-e-type=\"widget\" data-widget_type=\"heading.default\">\n\t\t\t\t<div class=\"elementor-widget-container\">\n\t\t\t\t\t<h4 class=\"elementor-heading-title elementor-size-default\">9. Begr\u00e6nsning af ansvar<\/h4>\t\t\t\t<\/div>\n\t\t\t\t<\/div>\n\t\t\t\t<div class=\"elementor-element elementor-element-c2a7c6a elementor-widget elementor-widget-text-editor\" data-id=\"c2a7c6a\" data-element_type=\"widget\" data-e-type=\"widget\" data-widget_type=\"text-editor.default\">\n\t\t\t\t<div class=\"elementor-widget-container\">\n\t\t\t\t\t\t\t\t\tWebstedsadministratoren er ikke ansvarlig for nogen direkte, indirekte, tilf\u00e6ldige eller f\u00f8lgeskader, der kan skyldes brugernes ukorrekte brug af webstedet eller eventuelle fejl, fejl, defekter eller forsinkelser i driften af webstedet eller i transmissionen af oplysninger p\u00e5 internettet via dette websted.\n\t\t\t\t\t\t\t\t<\/div>\n\t\t\t\t<\/div>\n\t\t\t\t<div class=\"elementor-element elementor-element-f4d303c elementor-widget elementor-widget-heading\" data-id=\"f4d303c\" data-element_type=\"widget\" data-e-type=\"widget\" data-widget_type=\"heading.default\">\n\t\t\t\t<div class=\"elementor-widget-container\">\n\t\t\t\t\t<h4 class=\"elementor-heading-title elementor-size-default\">10. Retspleje<\/h4>\t\t\t\t<\/div>\n\t\t\t\t<\/div>\n\t\t\t\t<div class=\"elementor-element elementor-element-c70fafa elementor-widget elementor-widget-text-editor\" data-id=\"c70fafa\" data-element_type=\"widget\" data-e-type=\"widget\" data-widget_type=\"text-editor.default\">\n\t\t\t\t<div class=\"elementor-widget-container\">\n\t\t\t\t\t\t\t\t\tVed at f\u00e5 adgang til dette websted og materialerne accepterer du, at alle sp\u00f8rgsm\u00e5l vedr\u00f8rende din adgang til eller brug af dem er underlagt Irlands og Den Europ\u00e6iske Unions vedt\u00e6gter og love uden hensyn til lovkonflikter. Eventuelle tvister, der opst\u00e5r som f\u00f8lge af brugen af dette websted, vil v\u00e6re underlagt den eksklusive jurisdiktion for domstolene i Dublin, Irland.\n\t\t\t\t\t\t\t\t<\/div>\n\t\t\t\t<\/div>\n\t\t\t\t<div class=\"elementor-element elementor-element-6f17ea8 elementor-widget elementor-widget-heading\" data-id=\"6f17ea8\" data-element_type=\"widget\" data-e-type=\"widget\" data-widget_type=\"heading.default\">\n\t\t\t\t<div class=\"elementor-widget-container\">\n\t\t\t\t\t<h4 class=\"elementor-heading-title elementor-size-default\">11. GENERELT<\/h4>\t\t\t\t<\/div>\n\t\t\t\t<\/div>\n\t\t\t\t<div class=\"elementor-element elementor-element-4d1604d elementor-widget elementor-widget-text-editor\" data-id=\"4d1604d\" data-element_type=\"widget\" data-e-type=\"widget\" data-widget_type=\"text-editor.default\">\n\t\t\t\t<div class=\"elementor-widget-container\">\n\t\t\t\t\t\t\t\t\t<p>Disse vilk\u00e5r for brug er underlagt og skal fortolkes i overensstemmelse med lovgivningen i Irland uden hensyn til dens lovkonflikter principper. Webstedsadministratorens opfyldelse af disse brugsvilk\u00e5r er underlagt g\u00e6ldende lovgivning og retlige procedurer, og intet i disse brugsvilk\u00e5r indskr\u00e6nker koordinatorens ret til at efterkomme anmodninger fra retsh\u00e5ndh\u00e6vende myndigheder eller krav vedr\u00f8rende din brug af webstedet eller oplysninger, der leveres til eller indsamles af webstedsadministratoren med hensyn til en s\u00e5dan brug. Hvis en bestemmelse i disse brugsvilk\u00e5r er ulovlig, ugyldig eller af en eller anden grund ikke kan h\u00e5ndh\u00e6ves, skal denne bestemmelse anses for at kunne adskilles fra disse brugsvilk\u00e5r og skal ikke p\u00e5virke gyldigheden og h\u00e5ndh\u00e6velsen af eventuelle resterende bestemmelser. Disse brugsbetingelser udg\u00f8r hele aftalen mellem parterne vedr\u00f8rende emnet heri og erstatter al tidligere eller samtidig kommunikation, mundtlig eller skriftlig.<\/p>\t\t\t\t\t\t\t\t<\/div>\n\t\t\t\t<\/div>\n\t\t\t\t\t<\/div>\n\t\t\t\t<\/div>\n\t\t\t\t<\/div>","protected":false},"excerpt":{"rendered":"<p>Vilk\u00e5r for brug Velkommen til vores hjemmeside.Din adgang til og brug af denne hjemmeside er underlagt disse vilk\u00e5r for brug af hjemmesiden. L\u00e6s dem omhyggeligt, f\u00f8r du g\u00e5r ind p\u00e5 eller bruger denne hjemmeside. 1. DEFINITIONER AI4Debunk (Participative Assistive AI-powered Tools for Supporting Trustworthy Online Activity of Citizens and Debunking Disinformation), i det f\u00f8lgende ben\u00e6vnt \"projektet\", er [\u2026]<\/p>","protected":false},"author":6,"featured_media":0,"parent":0,"menu_order":0,"comment_status":"closed","ping_status":"closed","template":"","meta":{"_acf_changed":false,"footnotes":""},"class_list":["post-209","page","type-page","status-publish","hentry"],"acf":[],"_links":{"self":[{"href":"https:\/\/ai4debunk.eu\/da\/wp-json\/wp\/v2\/pages\/209","targetHints":{"allow":["GET"]}}],"collection":[{"href":"https:\/\/ai4debunk.eu\/da\/wp-json\/wp\/v2\/pages"}],"about":[{"href":"https:\/\/ai4debunk.eu\/da\/wp-json\/wp\/v2\/types\/page"}],"author":[{"embeddable":true,"href":"https:\/\/ai4debunk.eu\/da\/wp-json\/wp\/v2\/users\/6"}],"replies":[{"embeddable":true,"href":"https:\/\/ai4debunk.eu\/da\/wp-json\/wp\/v2\/comments?post=209"}],"version-history":[{"count":5,"href":"https:\/\/ai4debunk.eu\/da\/wp-json\/wp\/v2\/pages\/209\/revisions"}],"predecessor-version":[{"id":2187,"href":"https:\/\/ai4debunk.eu\/da\/wp-json\/wp\/v2\/pages\/209\/revisions\/2187"}],"wp:attachment":[{"href":"https:\/\/ai4debunk.eu\/da\/wp-json\/wp\/v2\/media?parent=209"}],"curies":[{"name":"wp","href":"https:\/\/api.w.org\/{rel}","templated":true}]}}