{"id":209,"date":"2024-03-05T16:33:00","date_gmt":"2024-03-05T16:33:00","guid":{"rendered":"https:\/\/ai4debunk.eu\/?page_id=209"},"modified":"2024-09-19T15:01:38","modified_gmt":"2024-09-19T15:01:38","slug":"terms-of-use","status":"publish","type":"page","link":"https:\/\/ai4debunk.eu\/de\/terms-of-use\/","title":{"rendered":"Nutzungsbedingungen"},"content":{"rendered":"<div data-elementor-type=\"wp-page\" data-elementor-id=\"209\" class=\"elementor elementor-209\" data-elementor-post-type=\"page\">\n\t\t\t\t<div class=\"elementor-element elementor-element-89ce4c8 e-flex e-con-boxed e-con e-parent\" data-id=\"89ce4c8\" data-element_type=\"container\" data-e-type=\"container\">\n\t\t\t\t\t<div class=\"e-con-inner\">\n\t\t\t\t<div class=\"elementor-element elementor-element-c470af8 elementor-widget elementor-widget-heading\" data-id=\"c470af8\" data-element_type=\"widget\" data-e-type=\"widget\" data-widget_type=\"heading.default\">\n\t\t\t\t<div class=\"elementor-widget-container\">\n\t\t\t\t\t<h1 class=\"elementor-heading-title elementor-size-default\">Nutzungsbedingungen\n<\/h1>\t\t\t\t<\/div>\n\t\t\t\t<\/div>\n\t\t\t\t<div class=\"elementor-element elementor-element-9834e64 elementor-widget elementor-widget-text-editor\" data-id=\"9834e64\" data-element_type=\"widget\" data-e-type=\"widget\" data-widget_type=\"text-editor.default\">\n\t\t\t\t<div class=\"elementor-widget-container\">\n\t\t\t\t\t\t\t\t\t<p>Willkommen auf unserer Website.<br \/>Ihr Zugriff auf und Ihre Nutzung dieser Website unterliegen diesen Nutzungsbedingungen der Website. Bitte lesen Sie diese sorgf\u00e4ltig durch, bevor Sie auf diese Website zugreifen oder sie nutzen.<\/p>\t\t\t\t\t\t\t\t<\/div>\n\t\t\t\t<\/div>\n\t\t\t\t<div class=\"elementor-element elementor-element-112fa17 elementor-widget elementor-widget-heading\" data-id=\"112fa17\" data-element_type=\"widget\" data-e-type=\"widget\" data-widget_type=\"heading.default\">\n\t\t\t\t<div class=\"elementor-widget-container\">\n\t\t\t\t\t<h4 class=\"elementor-heading-title elementor-size-default\">1. BEGRIFFSBESTIMMUNGEN<\/h4>\t\t\t\t<\/div>\n\t\t\t\t<\/div>\n\t\t\t\t<div class=\"elementor-element elementor-element-e1cdef7 elementor-widget elementor-widget-text-editor\" data-id=\"e1cdef7\" data-element_type=\"widget\" data-e-type=\"widget\" data-widget_type=\"text-editor.default\">\n\t\t\t\t<div class=\"elementor-widget-container\">\n\t\t\t\t\t\t\t\t\t<p>AI4Debunk (Participative Assistive AI-powered Tools for Supporting Trustworthy Online Activity of Citizens and Debunking Desinformation), hier als \u201eThe project\u201c bezeichnet, ist ein 48-monatiges IA-Projekt, das sich mit dem Thema HORIZON-CL4-2023-HUMAN-01-CNECT befasst.<\/p><p>Der Begriff \u201eKonsortium\u201c bezieht sich auf alle Unterzeichner der Finanzhilfevereinbarung 101135757 mit Ausnahme der Europ\u00e4ischen Kommission, die in Bezug auf die Projektergebnisse einzelne oder gemeinsame Rechte des geistigen Eigentums haben k\u00f6nnen.<\/p><p>Der Begriff \u201eMaterialien\u201c bezieht sich auf alle Informationen, Inhalte, Daten, Dokumente (z. B. Whitepaper, Brosch\u00fcren, Datenbl\u00e4tter, FAQs, Vorlagen, Pressemitteilungen usw.), Downloads, Dateien, Texte, Bilder, Fotografien, Grafiken, Videos, Webcasts, Ver\u00f6ffentlichungen, Tools, Ressourcen, Software, Code, Programme, Anwendungen und Produkte, die \u00fcber die Website zur Verf\u00fcgung gestellt oder aktiviert werden.<\/p><p>Der Begriff \u201eWebsite-Manager\u201c, der auch als \u201euns\u201c oder \u201ewir\u201c bezeichnet wird, bezieht sich auf die f\u00fcr die Erstellung und Verwaltung der Website zust\u00e4ndige Stelle. <a href=\"https:\/\/ai4debunk.eu\/de\/\"><span style=\"color: #ae46ff;\">https:\/\/ai4debunk.eu<\/span><\/a> (im Folgenden zusammenfassend als \u201eWebsite\u201c bezeichnet), um seinen Nutzern Informationen zur Verf\u00fcgung zu stellen.Die Finanzhilfevereinbarung 101135757 tritt F6S Network Ireland Limited (F6S Network Ireland Limited) (<span style=\"color: #ae46ff;\"><a style=\"color: #ae46ff;\" href=\"http:\/\/www.f6s.com\" target=\"_blank\" rel=\"noopener\">www.f6s.com<\/a><\/span>) die Rolle des Website-Managers, daher ist F6S Network Ireland Limited der Datenverantwortliche der Website.<\/p><p>Der Begriff \u201eSie\u201c bezieht sich auf den Besucher unserer Website.<\/p>\t\t\t\t\t\t\t\t<\/div>\n\t\t\t\t<\/div>\n\t\t\t\t<div class=\"elementor-element elementor-element-65a84db elementor-widget elementor-widget-heading\" data-id=\"65a84db\" data-element_type=\"widget\" data-e-type=\"widget\" data-widget_type=\"heading.default\">\n\t\t\t\t<div class=\"elementor-widget-container\">\n\t\t\t\t\t<h4 class=\"elementor-heading-title elementor-size-default\">2. ANWENDUNGSBEREICH<\/h4>\t\t\t\t<\/div>\n\t\t\t\t<\/div>\n\t\t\t\t<div class=\"elementor-element elementor-element-b717931 elementor-widget elementor-widget-text-editor\" data-id=\"b717931\" data-element_type=\"widget\" data-e-type=\"widget\" data-widget_type=\"text-editor.default\">\n\t\t\t\t<div class=\"elementor-widget-container\">\n\t\t\t\t\t\t\t\t\tDiese Website-Bedingungen (diese \u201eBedingungen\u201c oder diese \u201eWebsite-Bedingungen\u201c), die hierin enthalten sind, regeln Ihre Nutzung dieser Website, einschlie\u00dflich aller Seiten innerhalb dieser Website. Diese Bedingungen gelten in vollem Umfang f\u00fcr Ihre Nutzung dieser Website und durch die Nutzung dieser Website akzeptieren Sie ausdr\u00fccklich alle hierin enthaltenen Bedingungen und Konditionen in vollem Umfang. Sie d\u00fcrfen diese Website nicht nutzen, wenn Sie Einw\u00e4nde gegen eine dieser Website-Bedingungen haben.\n\t\t\t\t\t\t\t\t<\/div>\n\t\t\t\t<\/div>\n\t\t\t\t<div class=\"elementor-element elementor-element-827f9c4 elementor-widget elementor-widget-heading\" data-id=\"827f9c4\" data-element_type=\"widget\" data-e-type=\"widget\" data-widget_type=\"heading.default\">\n\t\t\t\t<div class=\"elementor-widget-container\">\n\t\t\t\t\t<h4 class=\"elementor-heading-title elementor-size-default\">3. IHRE NUTZUNG DER WEBSITE<\/h4>\t\t\t\t<\/div>\n\t\t\t\t<\/div>\n\t\t\t\t<div class=\"elementor-element elementor-element-ee7b3ce elementor-widget elementor-widget-text-editor\" data-id=\"ee7b3ce\" data-element_type=\"widget\" data-e-type=\"widget\" data-widget_type=\"text-editor.default\">\n\t\t\t\t<div class=\"elementor-widget-container\">\n\t\t\t\t\t\t\t\t\t<p>Sie erkl\u00e4ren sich damit einverstanden, die Website und ihre Inhalte nur f\u00fcr Zwecke zu verwenden, die durch die Nutzungsbedingungen und geltende Gesetze, Vorschriften oder allgemein anerkannte Praktiken oder Richtlinien in den jeweiligen Gerichtsbarkeiten zul\u00e4ssig sind.<\/p><p>Sie erkl\u00e4ren sich ausdr\u00fccklich damit einverstanden, nicht auf die Materialien zuzugreifen (oder zu versuchen, darauf zuzugreifen), weder durch automatisierte Mittel (einschlie\u00dflich der Verwendung von Skripten oder Webcrawlern) noch durch Hacking, Passwort-Mining oder andere Mittel. Sie erkl\u00e4ren sich damit einverstanden, dass Sie sich nicht an Aktivit\u00e4ten beteiligen, die die Website (oder die Server und Netzwerke, die mit der Website verbunden oder \u00fcber die Website zug\u00e4nglich sind) st\u00f6ren oder st\u00f6ren.<br \/>Sie erkl\u00e4ren sich auch damit einverstanden, die auf der Website verf\u00fcgbaren Funktionen nur zum Zugriff, Herunterladen, Verwenden, Posten, Senden oder Empfangen von Materialien in geeigneter Weise zu verwenden.<\/p><p>Sie d\u00fcrfen Material von der Website nur zu Caching-Zwecken f\u00fcr Ihren pers\u00f6nlichen Gebrauch anzeigen, herunterladen und ausdrucken, vorbehaltlich der unten und an anderer Stelle in diesen Allgemeinen Gesch\u00e4ftsbedingungen dargelegten Einschr\u00e4nkungen.<\/p><p>Sie d\u00fcrfen diese Website nicht zum Kopieren, Speichern, Hosten, \u00dcbertragen, Senden, Verwenden, Ver\u00f6ffentlichen oder Verteilen von Material verwenden, das aus Spyware, Computerviren, Trojanischen Pferden, W\u00fcrmern, Tastenanschlag-Loggern, Rootkits oder anderer b\u00f6sartiger Computersoftware besteht (oder damit verkn\u00fcpft ist). Sie d\u00fcrfen keine systematischen oder automatisierten Datenerhebungsaktivit\u00e4ten (einschlie\u00dflich Scraping, Data Mining, Datenextraktion und Datenernte) auf oder in Bezug auf diese Website ohne die ausdr\u00fcckliche schriftliche Zustimmung des Website-Managers durchf\u00fchren. Sie stimmen auch zu, keine Materialien in einer Weise zu verwenden, die Rechte an geistigem Eigentum oder Rechte einer Partei verletzt, nicht in anderen elektronischen oder gedruckten Publikationen zu reproduzieren oder zu verwenden. Die grafische sowie technische Gestaltung und alle in dieser Online-Pr\u00e4sentation verwendeten Kontakte sowie Bilder sind urheberrechtlich gesch\u00fctzt.<\/p><p>Sie erkl\u00e4ren sich ferner damit einverstanden, den Domainnamen der Website nicht als pseudonyme R\u00fccksende-E-Mail-Adresse zu verwenden; nicht zu st\u00f6ren, zu st\u00f6ren oder andere Benutzer daran zu hindern, die Website oder andere verbundene oder verlinkte Websites oder die Materialien zu nutzen und zu genie\u00dfen; und keine Materialien in einer Weise zu verwenden, die Rechte an geistigem Eigentum oder Rechte einer Partei verletzt;<\/p>\t\t\t\t\t\t\t\t<\/div>\n\t\t\t\t<\/div>\n\t\t\t\t<div class=\"elementor-element elementor-element-94c704a elementor-widget elementor-widget-heading\" data-id=\"94c704a\" data-element_type=\"widget\" data-e-type=\"widget\" data-widget_type=\"heading.default\">\n\t\t\t\t<div class=\"elementor-widget-container\">\n\t\t\t\t\t<h4 class=\"elementor-heading-title elementor-size-default\">4. URHEBERRECHTE UND GEISTIGE EIGENTUMSRECHTE<\/h4>\t\t\t\t<\/div>\n\t\t\t\t<\/div>\n\t\t\t\t<div class=\"elementor-element elementor-element-cbe98bf elementor-widget elementor-widget-text-editor\" data-id=\"cbe98bf\" data-element_type=\"widget\" data-e-type=\"widget\" data-widget_type=\"text-editor.default\">\n\t\t\t\t<div class=\"elementor-widget-container\">\n\t\t\t\t\t\t\t\t\t<p>Abgesehen von Inhalten, die Sie besitzen und f\u00fcr die Sie sich unter diesen Bedingungen entschieden haben, besitzen das Konsortium und\/oder seine Lizenzgeber alle Rechte an dem auf dieser Website enthaltenen Material zum geistigen Eigentum, und alle diese Rechte sind vorbehalten. Das Konsortium erm\u00e4chtigt die Benutzer, Ausz\u00fcge oder Dokumente von dieser Website ausschlie\u00dflich f\u00fcr den pers\u00f6nlichen, nicht-kommerziellen Gebrauch zu kopieren und auszudrucken, unter der Voraussetzung, dass jede Kopie oder jeder Auszug dieser Dokumente oder Seiten alle Rechte an geistigem Eigentum oder andere Eigentumshinweise einschlie\u00dflich aller darin enthaltenen Haftungsausschl\u00fcsse aufrechterhalten. Das Logo des Projekts darf ohne vorherige schriftliche Zustimmung des Konsortiums nicht verwendet oder vervielf\u00e4ltigt werden.<\/p><p>Sofern nicht durch das anwendbare Urheberrechtsgesetz gestattet, d\u00fcrfen Sie den Inhalt dieser Website, einschlie\u00dflich Dateien, die von dieser Website heruntergeladen werden k\u00f6nnen, ohne die schriftliche Genehmigung des Urheberrechtsinhabers nicht reproduzieren oder kommunizieren.<\/p>\t\t\t\t\t\t\t\t<\/div>\n\t\t\t\t<\/div>\n\t\t\t\t<div class=\"elementor-element elementor-element-21ba3cf elementor-widget elementor-widget-heading\" data-id=\"21ba3cf\" data-element_type=\"widget\" data-e-type=\"widget\" data-widget_type=\"heading.default\">\n\t\t\t\t<div class=\"elementor-widget-container\">\n\t\t\t\t\t<h4 class=\"elementor-heading-title elementor-size-default\">5. HANDELSMARKEN, HANDELSNAMEN UND LOGOS<\/h4>\t\t\t\t<\/div>\n\t\t\t\t<\/div>\n\t\t\t\t<div class=\"elementor-element elementor-element-71b6360 elementor-widget elementor-widget-text-editor\" data-id=\"71b6360\" data-element_type=\"widget\" data-e-type=\"widget\" data-widget_type=\"text-editor.default\">\n\t\t\t\t<div class=\"elementor-widget-container\">\n\t\t\t\t\t\t\t\t\tAlle Marken, Handelsnamen und Logos, die auf der Website erscheinen, sind Eigentum ihrer jeweiligen Eigent\u00fcmer und sind durch die internationalen Urheberrechts- und Markengesetze gesch\u00fctzt. Sie erkl\u00e4ren sich damit einverstanden, das Projekt und alle Marken, Handelsnamen oder Logos, die auf der Website oder in den Materialien enthalten sind, nicht zu diffamieren oder zu verunglimpfen. Jede Verwendung der Marken, Handelsnamen und Logos, die auf der gesamten Website erscheinen, ohne die ausdr\u00fcckliche schriftliche Zustimmung des Inhabers der Marke oder des Namens oder Logos ist strengstens untersagt.\t\t\t\t\t\t\t\t<\/div>\n\t\t\t\t<\/div>\n\t\t\t\t<div class=\"elementor-element elementor-element-4ca326f elementor-widget elementor-widget-heading\" data-id=\"4ca326f\" data-element_type=\"widget\" data-e-type=\"widget\" data-widget_type=\"heading.default\">\n\t\t\t\t<div class=\"elementor-widget-container\">\n\t\t\t\t\t<h4 class=\"elementor-heading-title elementor-size-default\">6. LIZENZ F\u00dcR SIE<\/h4>\t\t\t\t<\/div>\n\t\t\t\t<\/div>\n\t\t\t\t<div class=\"elementor-element elementor-element-37a315c elementor-widget elementor-widget-text-editor\" data-id=\"37a315c\" data-element_type=\"widget\" data-e-type=\"widget\" data-widget_type=\"text-editor.default\">\n\t\t\t\t<div class=\"elementor-widget-container\">\n\t\t\t\t\t\t\t\t\t<p>Das Konsortium gew\u00e4hrt Ihnen eine pers\u00f6nliche, weltweite, nicht \u00fcbertragbare, geb\u00fchrenfreie und nicht ausschlie\u00dfliche Lizenz zur Nutzung der Website ausschlie\u00dflich zu dem Zweck, Ihnen die Nutzung der Website und der Materialien in der durch diese Nutzungsbedingungen zul\u00e4ssigen Weise zu erm\u00f6glichen. Sie d\u00fcrfen den Quellcode der Website oder eines Teils davon nicht kopieren, zur\u00fcckentwickeln, ein abgeleitetes Werk erstellen oder dekompilieren oder anderweitig versuchen, ihn zu extrahieren, es sei denn, dies ist ausdr\u00fccklich erlaubt oder gesetzlich vorgeschrieben oder es wurde Ihnen ausdr\u00fccklich vom Website-Manager gestattet, dies zu tun. Es sei denn, der Website-Manager hat Ihnen die schriftliche Genehmigung dazu erteilt, d\u00fcrfen Sie nicht<\/p><ul><li>Ihre Rechte zur Nutzung der Website oder der Materialien abtreten (oder eine Unterlizenz erteilen),<\/li><li>Ein Sicherheitsinteresse an oder \u00fcber Ihre Rechte zur Nutzung der Website oder der Materialien zu gew\u00e4hren oder anderweitig Ihre Rechte zu deren Nutzung zu \u00fcbertragen.<\/li><\/ul>\t\t\t\t\t\t\t\t<\/div>\n\t\t\t\t<\/div>\n\t\t\t\t<div class=\"elementor-element elementor-element-1251413 elementor-widget elementor-widget-heading\" data-id=\"1251413\" data-element_type=\"widget\" data-e-type=\"widget\" data-widget_type=\"heading.default\">\n\t\t\t\t<div class=\"elementor-widget-container\">\n\t\t\t\t\t<h4 class=\"elementor-heading-title elementor-size-default\">7. Links zu anderen Internet-Seiten<\/h4>\t\t\t\t<\/div>\n\t\t\t\t<\/div>\n\t\t\t\t<div class=\"elementor-element elementor-element-b5adf43 elementor-widget elementor-widget-text-editor\" data-id=\"b5adf43\" data-element_type=\"widget\" data-e-type=\"widget\" data-widget_type=\"text-editor.default\">\n\t\t\t\t<div class=\"elementor-widget-container\">\n\t\t\t\t\t\t\t\t\tDie Website kann Links zu anderen Websites und Diensten enthalten, die von Dritten oder ihren verbundenen Unternehmen betrieben und gepflegt werden. Sie erkennen an, verstehen und stimmen zu, dass der Website-Manager weder direkt noch indirekt f\u00fcr Sch\u00e4den oder Verluste verantwortlich oder haftbar ist, die durch oder im Zusammenhang mit der Nutzung oder dem Vertrauen auf solche Inhalte, Produkte oder Dienstleistungen, die auf solchen anderen Websites verf\u00fcgbar sind, verursacht oder angeblich verursacht wurden.\n\t\t\t\t\t\t\t\t<\/div>\n\t\t\t\t<\/div>\n\t\t\t\t<div class=\"elementor-element elementor-element-61d5e43 elementor-widget elementor-widget-heading\" data-id=\"61d5e43\" data-element_type=\"widget\" data-e-type=\"widget\" data-widget_type=\"heading.default\">\n\t\t\t\t<div class=\"elementor-widget-container\">\n\t\t\t\t\t<h4 class=\"elementor-heading-title elementor-size-default\">8. \u00c4NDERUNGEN<\/h4>\t\t\t\t<\/div>\n\t\t\t\t<\/div>\n\t\t\t\t<div class=\"elementor-element elementor-element-e547e4a elementor-widget elementor-widget-text-editor\" data-id=\"e547e4a\" data-element_type=\"widget\" data-e-type=\"widget\" data-widget_type=\"text-editor.default\">\n\t\t\t\t<div class=\"elementor-widget-container\">\n\t\t\t\t\t\t\t\t\tDer Website-Manager beh\u00e4lt sich das Recht vor, Teile der Website und der Materialien jederzeit mit oder ohne Vorank\u00fcndigung zu \u00e4ndern, auszusetzen oder einzustellen. Der Website-Manager beh\u00e4lt sich das Recht vor, Teile dieser Nutzungsbedingungen jederzeit zu \u00e4ndern. Jegliche \u00c4nderungen werden mit der Ver\u00f6ffentlichung auf der Website wirksam. Sie erkl\u00e4ren sich damit einverstanden, diese Nutzungsbedingungen regelm\u00e4\u00dfig zu \u00fcberpr\u00fcfen, damit Sie \u00fcber solche \u00c4nderungen informiert sind. Ihre fortgesetzte Nutzung der Website nach der Ver\u00f6ffentlichung solcher \u00c4nderungen gilt als Ihre Zustimmung zu allen \u00c4nderungen der Nutzungsbedingungen. Wenn die Nutzungsbedingungen f\u00fcr Sie zu irgendeinem Zeitpunkt nicht akzeptabel sind, sollten Sie die Nutzung der Website sofort einstellen. Sie erkl\u00e4ren sich damit einverstanden, dass der oben genannte Standard f\u00fcr die Benachrichtigung \u00fcber \u00c4nderungen angemessen ist.\n\t\t\t\t\t\t\t\t<\/div>\n\t\t\t\t<\/div>\n\t\t\t\t<div class=\"elementor-element elementor-element-638682a elementor-widget elementor-widget-heading\" data-id=\"638682a\" data-element_type=\"widget\" data-e-type=\"widget\" data-widget_type=\"heading.default\">\n\t\t\t\t<div class=\"elementor-widget-container\">\n\t\t\t\t\t<h4 class=\"elementor-heading-title elementor-size-default\">9. HAFTUNGSBESCHR\u00c4NKUNG<\/h4>\t\t\t\t<\/div>\n\t\t\t\t<\/div>\n\t\t\t\t<div class=\"elementor-element elementor-element-c2a7c6a elementor-widget elementor-widget-text-editor\" data-id=\"c2a7c6a\" data-element_type=\"widget\" data-e-type=\"widget\" data-widget_type=\"text-editor.default\">\n\t\t\t\t<div class=\"elementor-widget-container\">\n\t\t\t\t\t\t\t\t\tDer Website-Manager \u00fcbernimmt keine Haftung f\u00fcr direkte, indirekte, zuf\u00e4llige oder Folgesch\u00e4den, die auf die falsche Nutzung der Website durch die Benutzer oder auf Fehler, Ausf\u00e4lle, M\u00e4ngel oder Verz\u00f6gerungen beim Betrieb der Website oder bei der \u00dcbertragung von Informationen im Internet \u00fcber diese Website zur\u00fcckzuf\u00fchren sind.\n\t\t\t\t\t\t\t\t<\/div>\n\t\t\t\t<\/div>\n\t\t\t\t<div class=\"elementor-element elementor-element-f4d303c elementor-widget elementor-widget-heading\" data-id=\"f4d303c\" data-element_type=\"widget\" data-e-type=\"widget\" data-widget_type=\"heading.default\">\n\t\t\t\t<div class=\"elementor-widget-container\">\n\t\t\t\t\t<h4 class=\"elementor-heading-title elementor-size-default\">10. GERICHTSSTAND<\/h4>\t\t\t\t<\/div>\n\t\t\t\t<\/div>\n\t\t\t\t<div class=\"elementor-element elementor-element-c70fafa elementor-widget elementor-widget-text-editor\" data-id=\"c70fafa\" data-element_type=\"widget\" data-e-type=\"widget\" data-widget_type=\"text-editor.default\">\n\t\t\t\t<div class=\"elementor-widget-container\">\n\t\t\t\t\t\t\t\t\tDurch den Zugriff auf diese Website und die Materialien erkl\u00e4ren Sie sich damit einverstanden, dass alle Angelegenheiten, die sich auf Ihren Zugang zu oder Ihre Nutzung beziehen, den Gesetzen und Gesetzen Irlands und der Europ\u00e4ischen Union unterliegen, ohne R\u00fccksicht auf Kollisionsnormen. Alle Streitigkeiten, die sich aus der Nutzung dieser Website ergeben, unterliegen der ausschlie\u00dflichen Zust\u00e4ndigkeit der Gerichte von Dublin, Irland.\n\t\t\t\t\t\t\t\t<\/div>\n\t\t\t\t<\/div>\n\t\t\t\t<div class=\"elementor-element elementor-element-6f17ea8 elementor-widget elementor-widget-heading\" data-id=\"6f17ea8\" data-element_type=\"widget\" data-e-type=\"widget\" data-widget_type=\"heading.default\">\n\t\t\t\t<div class=\"elementor-widget-container\">\n\t\t\t\t\t<h4 class=\"elementor-heading-title elementor-size-default\">11. ALLGEMEINE<\/h4>\t\t\t\t<\/div>\n\t\t\t\t<\/div>\n\t\t\t\t<div class=\"elementor-element elementor-element-4d1604d elementor-widget elementor-widget-text-editor\" data-id=\"4d1604d\" data-element_type=\"widget\" data-e-type=\"widget\" data-widget_type=\"text-editor.default\">\n\t\t\t\t<div class=\"elementor-widget-container\">\n\t\t\t\t\t\t\t\t\t<p>Diese Nutzungsbedingungen unterliegen den Gesetzen Irlands und werden in \u00dcbereinstimmung mit diesen ausgelegt, ohne R\u00fccksicht auf seine kollisionsrechtlichen Grunds\u00e4tze. Die Erf\u00fcllung dieser Nutzungsbedingungen durch den Website-Manager unterliegt den geltenden Gesetzen und rechtlichen Verfahren, und nichts in diesen Nutzungsbedingungen schr\u00e4nkt das Recht des Koordinators ein, Anfragen oder Anforderungen der Strafverfolgungsbeh\u00f6rden in Bezug auf Ihre Nutzung der Website oder Informationen, die dem Website-Manager in Bezug auf diese Nutzung zur Verf\u00fcgung gestellt oder vom Website-Manager gesammelt wurden, zu erf\u00fcllen. Wenn eine Bestimmung dieser Nutzungsbedingungen rechtswidrig, nichtig oder aus irgendeinem Grund nicht durchsetzbar ist, gilt diese Bestimmung als von diesen Nutzungsbedingungen getrennt und ber\u00fchrt nicht die G\u00fcltigkeit und Durchsetzbarkeit der \u00fcbrigen Bestimmungen. Diese Nutzungsbedingungen stellen die gesamte Vereinbarung zwischen den Parteien in Bezug auf den hierin enthaltenen Gegenstand dar und ersetzen alle vorherigen oder gleichzeitigen m\u00fcndlichen oder schriftlichen Mitteilungen.<\/p>\t\t\t\t\t\t\t\t<\/div>\n\t\t\t\t<\/div>\n\t\t\t\t\t<\/div>\n\t\t\t\t<\/div>\n\t\t\t\t<\/div>","protected":false},"excerpt":{"rendered":"<p>Nutzungsbedingungen Willkommen auf unserer Website.Ihr Zugriff auf und Ihre Nutzung dieser Website unterliegen diesen Nutzungsbedingungen der Website. Bitte lesen Sie diese sorgf\u00e4ltig durch, bevor Sie auf diese Website zugreifen oder sie nutzen. 1. BEGRIFFSBESTIMMUNGEN AI4Debunk (Participative Assistive AI-powered Tools for Supporting Trustworthy Online Activity of Citizens and Debunking Desinformation), hier als \u201eThe project\u201c bezeichnet, ist [...]<\/p>","protected":false},"author":6,"featured_media":0,"parent":0,"menu_order":0,"comment_status":"closed","ping_status":"closed","template":"","meta":{"_acf_changed":false,"footnotes":""},"class_list":["post-209","page","type-page","status-publish","hentry"],"acf":[],"_links":{"self":[{"href":"https:\/\/ai4debunk.eu\/de\/wp-json\/wp\/v2\/pages\/209","targetHints":{"allow":["GET"]}}],"collection":[{"href":"https:\/\/ai4debunk.eu\/de\/wp-json\/wp\/v2\/pages"}],"about":[{"href":"https:\/\/ai4debunk.eu\/de\/wp-json\/wp\/v2\/types\/page"}],"author":[{"embeddable":true,"href":"https:\/\/ai4debunk.eu\/de\/wp-json\/wp\/v2\/users\/6"}],"replies":[{"embeddable":true,"href":"https:\/\/ai4debunk.eu\/de\/wp-json\/wp\/v2\/comments?post=209"}],"version-history":[{"count":5,"href":"https:\/\/ai4debunk.eu\/de\/wp-json\/wp\/v2\/pages\/209\/revisions"}],"predecessor-version":[{"id":2187,"href":"https:\/\/ai4debunk.eu\/de\/wp-json\/wp\/v2\/pages\/209\/revisions\/2187"}],"wp:attachment":[{"href":"https:\/\/ai4debunk.eu\/de\/wp-json\/wp\/v2\/media?parent=209"}],"curies":[{"name":"wp","href":"https:\/\/api.w.org\/{rel}","templated":true}]}}