{"id":209,"date":"2024-03-05T16:33:00","date_gmt":"2024-03-05T16:33:00","guid":{"rendered":"https:\/\/ai4debunk.eu\/?page_id=209"},"modified":"2024-09-19T15:01:38","modified_gmt":"2024-09-19T15:01:38","slug":"terms-of-use","status":"publish","type":"page","link":"https:\/\/ai4debunk.eu\/es\/terms-of-use\/","title":{"rendered":"T\u00e9rminos de uso"},"content":{"rendered":"<div data-elementor-type=\"wp-page\" data-elementor-id=\"209\" class=\"elementor elementor-209\" data-elementor-post-type=\"page\">\n\t\t\t\t<div class=\"elementor-element elementor-element-89ce4c8 e-flex e-con-boxed e-con e-parent\" data-id=\"89ce4c8\" data-element_type=\"container\" data-e-type=\"container\">\n\t\t\t\t\t<div class=\"e-con-inner\">\n\t\t\t\t<div class=\"elementor-element elementor-element-c470af8 elementor-widget elementor-widget-heading\" data-id=\"c470af8\" data-element_type=\"widget\" data-e-type=\"widget\" data-widget_type=\"heading.default\">\n\t\t\t\t<div class=\"elementor-widget-container\">\n\t\t\t\t\t<h1 class=\"elementor-heading-title elementor-size-default\">T\u00e9rminos de uso\n<\/h1>\t\t\t\t<\/div>\n\t\t\t\t<\/div>\n\t\t\t\t<div class=\"elementor-element elementor-element-9834e64 elementor-widget elementor-widget-text-editor\" data-id=\"9834e64\" data-element_type=\"widget\" data-e-type=\"widget\" data-widget_type=\"text-editor.default\">\n\t\t\t\t<div class=\"elementor-widget-container\">\n\t\t\t\t\t\t\t\t\t<p>Bienvenido a nuestro sitio web.<br \/>Su acceso y uso de este sitio web est\u00e1 sujeto a estos T\u00e9rminos de uso del sitio web. Por favor, l\u00e9alos cuidadosamente antes de acceder o utilizar este sitio web.<\/p>\t\t\t\t\t\t\t\t<\/div>\n\t\t\t\t<\/div>\n\t\t\t\t<div class=\"elementor-element elementor-element-112fa17 elementor-widget elementor-widget-heading\" data-id=\"112fa17\" data-element_type=\"widget\" data-e-type=\"widget\" data-widget_type=\"heading.default\">\n\t\t\t\t<div class=\"elementor-widget-container\">\n\t\t\t\t\t<h4 class=\"elementor-heading-title elementor-size-default\">1. DEFINICIONES<\/h4>\t\t\t\t<\/div>\n\t\t\t\t<\/div>\n\t\t\t\t<div class=\"elementor-element elementor-element-e1cdef7 elementor-widget elementor-widget-text-editor\" data-id=\"e1cdef7\" data-element_type=\"widget\" data-e-type=\"widget\" data-widget_type=\"text-editor.default\">\n\t\t\t\t<div class=\"elementor-widget-container\">\n\t\t\t\t\t\t\t\t\t<p>AI4Debunk (Participative Assistive AI-powered Tools for Supporting Trustworthy Online Activity of Citizens and Debunking Disinformation), en lo sucesivo denominado \u00abEl proyecto\u00bb, es un proyecto de evaluaci\u00f3n de impacto de 48 meses que aborda el tema HORIZON-CL4-2023-HUMAN-01-CNECT.<\/p><p>El t\u00e9rmino \u00abconsorcio\u00bb se refiere a todos los signatarios, distintos de la Comisi\u00f3n Europea, del acuerdo de subvenci\u00f3n 101135757, que pueden tener derechos de propiedad intelectual \u00fanicos o conjuntos en relaci\u00f3n con los resultados del proyecto.<\/p><p>El t\u00e9rmino \u00abmateriales\u00bb se refiere a toda la informaci\u00f3n, el contenido, los datos, los documentos (por ejemplo, libros blancos, folletos, fichas t\u00e9cnicas, preguntas frecuentes, plantillas, comunicados de prensa, etc.), las descargas, los archivos, el texto, las im\u00e1genes, las fotograf\u00edas, los gr\u00e1ficos, los v\u00eddeos, los webcasts, las publicaciones, las herramientas, los recursos, el software, el c\u00f3digo, los programas, las aplicaciones y los productos puestos a disposici\u00f3n o habilitados a trav\u00e9s del sitio web.<\/p><p>El t\u00e9rmino \u00abadministrador del sitio web\u00bb, expresado de otro modo como \u00abnosotros\u00bb o \u00abnosotros\u00bb, se refiere a la entidad responsable de crear y gestionar el sitio web. <a href=\"https:\/\/ai4debunk.eu\/es\/\"><span style=\"color: #ae46ff;\">https:\/\/ai4debunk.eu<\/span><\/a> (denominado colectivamente en lo sucesivo \u00absitio web\u00bb), con el fin de proporcionar informaci\u00f3n a sus usuarios.El acuerdo de subvenci\u00f3n 101135757 asigna a F6S Network Ireland Limited (<span style=\"color: #ae46ff;\"><a style=\"color: #ae46ff;\" href=\"http:\/\/www.f6s.com\" target=\"_blank\" rel=\"noopener\">www.f6s.com<\/a><\/span>) el papel de administrador del sitio web, por lo que F6S Network Ireland Limited es el controlador de datos del sitio web.<\/p><p>El t\u00e9rmino \u00abusted\u00bb se refiere al visitante de nuestro sitio web.<\/p>\t\t\t\t\t\t\t\t<\/div>\n\t\t\t\t<\/div>\n\t\t\t\t<div class=\"elementor-element elementor-element-65a84db elementor-widget elementor-widget-heading\" data-id=\"65a84db\" data-element_type=\"widget\" data-e-type=\"widget\" data-widget_type=\"heading.default\">\n\t\t\t\t<div class=\"elementor-widget-container\">\n\t\t\t\t\t<h4 class=\"elementor-heading-title elementor-size-default\">2. \u00c1MBITO DE APLICACI\u00d3N<\/h4>\t\t\t\t<\/div>\n\t\t\t\t<\/div>\n\t\t\t\t<div class=\"elementor-element elementor-element-b717931 elementor-widget elementor-widget-text-editor\" data-id=\"b717931\" data-element_type=\"widget\" data-e-type=\"widget\" data-widget_type=\"text-editor.default\">\n\t\t\t\t<div class=\"elementor-widget-container\">\n\t\t\t\t\t\t\t\t\tEstos T\u00e9rminos y condiciones del sitio web (estos \u00abT\u00e9rminos\u00bb o estos \u00abT\u00e9rminos y condiciones del sitio web\u00bb) que figuran en el presente documento regir\u00e1n su uso de este sitio web, incluidas todas las p\u00e1ginas de este sitio web. Estos T\u00e9rminos se aplican con plena vigencia y efecto a su uso de este sitio web y, al usar este sitio web, usted acepta expresamente todos los t\u00e9rminos y condiciones contenidos en este documento en su totalidad. Usted no debe usar este Sitio Web, si tiene alguna objeci\u00f3n a cualquiera de estos T\u00e9rminos y Condiciones del Sitio Web.\n\t\t\t\t\t\t\t\t<\/div>\n\t\t\t\t<\/div>\n\t\t\t\t<div class=\"elementor-element elementor-element-827f9c4 elementor-widget elementor-widget-heading\" data-id=\"827f9c4\" data-element_type=\"widget\" data-e-type=\"widget\" data-widget_type=\"heading.default\">\n\t\t\t\t<div class=\"elementor-widget-container\">\n\t\t\t\t\t<h4 class=\"elementor-heading-title elementor-size-default\">3. SU USO DEL SITIO WEB<\/h4>\t\t\t\t<\/div>\n\t\t\t\t<\/div>\n\t\t\t\t<div class=\"elementor-element elementor-element-ee7b3ce elementor-widget elementor-widget-text-editor\" data-id=\"ee7b3ce\" data-element_type=\"widget\" data-e-type=\"widget\" data-widget_type=\"text-editor.default\">\n\t\t\t\t<div class=\"elementor-widget-container\">\n\t\t\t\t\t\t\t\t\t<p>Usted acepta utilizar el Sitio Web y su contenido solo para los fines permitidos por los T\u00e9rminos de Uso y cualquier ley, regulaci\u00f3n o pr\u00e1cticas o directrices generalmente aceptadas en las jurisdicciones pertinentes.<\/p><p>Usted acepta espec\u00edficamente no acceder (o intentar acceder) a ninguno de los Materiales, a trav\u00e9s de cualquier medio automatizado (incluido el uso de scripts o rastreadores web), o mediante pirater\u00eda inform\u00e1tica, extracci\u00f3n de contrase\u00f1as u otros medios. Usted acepta que no participar\u00e1 en ninguna actividad que interfiera o interrumpa el sitio web (o los servidores y redes, que est\u00e1n conectados o accesibles a trav\u00e9s del sitio web).<br \/>Tambi\u00e9n acepta utilizar las funcionalidades disponibles en el sitio web solo para acceder, descargar, utilizar, publicar, enviar o recibir Materiales de manera adecuada.<\/p><p>Puede ver, descargar solo con fines de almacenamiento en cach\u00e9 e imprimir Material del Sitio web para su propio uso personal, sujeto a las restricciones establecidas a continuaci\u00f3n y en otras partes de estos T\u00e9rminos y condiciones.<\/p><p>Usted no debe utilizar este sitio web para copiar, almacenar, alojar, transmitir, enviar, usar, publicar o distribuir cualquier material, que consiste en (o est\u00e1 vinculado a) cualquier spyware, virus inform\u00e1tico, caballo de Troya, gusano, registrador de pulsaciones de teclas, rootkit u otro software inform\u00e1tico malicioso. No debe llevar a cabo ninguna actividad sistem\u00e1tica o automatizada de recopilaci\u00f3n de datos (incluidos, entre otros, el raspado, la extracci\u00f3n de datos, la extracci\u00f3n de datos y la recolecci\u00f3n de datos) en este sitio web o en relaci\u00f3n con \u00e9l sin el consentimiento expreso por escrito del administrador del sitio web. Tambi\u00e9n acepta no utilizar ning\u00fan Material de una manera que infrinja los Derechos de Propiedad Intelectual o los derechos de cualquier parte, no reproducir o utilizar en otras publicaciones electr\u00f3nicas o impresas. El dise\u00f1o gr\u00e1fico, as\u00ed como el dise\u00f1o t\u00e9cnico y todos los contactos, as\u00ed como las im\u00e1genes utilizadas en esta presentaci\u00f3n en l\u00ednea est\u00e1n protegidos por derechos de autor.<\/p><p>Tambi\u00e9n acepta no utilizar el nombre de dominio del sitio web como direcci\u00f3n de correo electr\u00f3nico de retorno seud\u00f3nima; no interrumpir, interferir o inhibir a ning\u00fan otro usuario de usar y disfrutar el Sitio Web u otros sitios afiliados o vinculados, o los Materiales; y no utilizar ning\u00fan Material de una manera que infrinja los Derechos de Propiedad Intelectual o los derechos de cualquier parte;<\/p>\t\t\t\t\t\t\t\t<\/div>\n\t\t\t\t<\/div>\n\t\t\t\t<div class=\"elementor-element elementor-element-94c704a elementor-widget elementor-widget-heading\" data-id=\"94c704a\" data-element_type=\"widget\" data-e-type=\"widget\" data-widget_type=\"heading.default\">\n\t\t\t\t<div class=\"elementor-widget-container\">\n\t\t\t\t\t<h4 class=\"elementor-heading-title elementor-size-default\">4. DERECHOS DE AUTOR Y DE PROPIEDAD INTELECTUAL<\/h4>\t\t\t\t<\/div>\n\t\t\t\t<\/div>\n\t\t\t\t<div class=\"elementor-element elementor-element-cbe98bf elementor-widget elementor-widget-text-editor\" data-id=\"cbe98bf\" data-element_type=\"widget\" data-e-type=\"widget\" data-widget_type=\"text-editor.default\">\n\t\t\t\t<div class=\"elementor-widget-container\">\n\t\t\t\t\t\t\t\t\t<p>Aparte del contenido que posee, que puede haber optado por incluir en este sitio web, bajo estos T\u00e9rminos, el Consorcio y \/ o sus licenciantes poseen todos los derechos sobre el Material de propiedad intelectual contenido en este sitio web, y todos esos derechos est\u00e1n reservados. El Consorcio autoriza a los usuarios a copiar e imprimir extractos o documentos de este sitio web \u00fanicamente para uso personal, no comercial, en el entendimiento de que cualquier copia o extracto de dichos documentos o p\u00e1ginas obtenidos, mantienen todos los derechos de propiedad intelectual u otros avisos de propiedad, incluidas todas las renuncias contenidas en el mismo. El logotipo del proyecto no podr\u00e1 utilizarse ni reproducirse sin el consentimiento previo por escrito del Consorcio.<\/p><p>Excepto seg\u00fan lo permitido por la ley de derechos de autor aplicable, no puede reproducir o comunicar ninguno de los contenidos de este Sitio, incluidos los archivos descargables de este sitio web, sin el permiso por escrito del propietario de los derechos de autor.<\/p>\t\t\t\t\t\t\t\t<\/div>\n\t\t\t\t<\/div>\n\t\t\t\t<div class=\"elementor-element elementor-element-21ba3cf elementor-widget elementor-widget-heading\" data-id=\"21ba3cf\" data-element_type=\"widget\" data-e-type=\"widget\" data-widget_type=\"heading.default\">\n\t\t\t\t<div class=\"elementor-widget-container\">\n\t\t\t\t\t<h4 class=\"elementor-heading-title elementor-size-default\">5. MARCAS, NOMBRES Y LOGOS COMERCIALES<\/h4>\t\t\t\t<\/div>\n\t\t\t\t<\/div>\n\t\t\t\t<div class=\"elementor-element elementor-element-71b6360 elementor-widget elementor-widget-text-editor\" data-id=\"71b6360\" data-element_type=\"widget\" data-e-type=\"widget\" data-widget_type=\"text-editor.default\">\n\t\t\t\t<div class=\"elementor-widget-container\">\n\t\t\t\t\t\t\t\t\tTodas las marcas, nombres comerciales y logotipos que aparecen en el sitio web son propiedad de sus respectivos propietarios y est\u00e1n protegidos por las leyes internacionales de derechos de autor y marcas comerciales. Usted se compromete a no difamar o menospreciar el Proyecto y todas las marcas registradas, nombres comerciales o logotipos incluidos en el Sitio Web o en los Materiales. Cualquier uso de cualquiera de las marcas, nombres comerciales y logotipos que aparecen en todo el sitio web sin el consentimiento expreso por escrito del propietario de la marca o nombre o logotipo, seg\u00fan corresponda, est\u00e1 estrictamente prohibido.\t\t\t\t\t\t\t\t<\/div>\n\t\t\t\t<\/div>\n\t\t\t\t<div class=\"elementor-element elementor-element-4ca326f elementor-widget elementor-widget-heading\" data-id=\"4ca326f\" data-element_type=\"widget\" data-e-type=\"widget\" data-widget_type=\"heading.default\">\n\t\t\t\t<div class=\"elementor-widget-container\">\n\t\t\t\t\t<h4 class=\"elementor-heading-title elementor-size-default\">6. LICENCIA PARA USTED<\/h4>\t\t\t\t<\/div>\n\t\t\t\t<\/div>\n\t\t\t\t<div class=\"elementor-element elementor-element-37a315c elementor-widget elementor-widget-text-editor\" data-id=\"37a315c\" data-element_type=\"widget\" data-e-type=\"widget\" data-widget_type=\"text-editor.default\">\n\t\t\t\t<div class=\"elementor-widget-container\">\n\t\t\t\t\t\t\t\t\t<p>El Consorcio le otorga una licencia personal, mundial, no asignable, libre de regal\u00edas y no exclusiva para usar el Sitio Web \u00fanicamente con el prop\u00f3sito de permitirle usar y disfrutar del beneficio del Sitio Web y los Materiales, en la forma permitida por estos T\u00e9rminos de Uso. Usted no puede (y no puede permitir que nadie m\u00e1s) copiar, realizar ingenier\u00eda inversa, crear un trabajo derivado de, o descompilar o intentar de otra manera extraer el c\u00f3digo fuente del Sitio Web o cualquier parte del mismo, a menos que esto est\u00e9 expresamente permitido o requerido por la ley, o a menos que el Administrador del Sitio Web le haya permitido espec\u00edficamente hacerlo. A menos que el administrador del sitio web le haya dado permiso por escrito para hacerlo, no puede<\/p><ul><li>ceder (o conceder una sublicencia de) sus derechos de uso del Sitio Web o de los Materiales,<\/li><li>otorgar un inter\u00e9s de seguridad en o sobre sus derechos para usar el Sitio Web o los Materiales, o transferir cualquiera de sus derechos para usarlos.<\/li><\/ul>\t\t\t\t\t\t\t\t<\/div>\n\t\t\t\t<\/div>\n\t\t\t\t<div class=\"elementor-element elementor-element-1251413 elementor-widget elementor-widget-heading\" data-id=\"1251413\" data-element_type=\"widget\" data-e-type=\"widget\" data-widget_type=\"heading.default\">\n\t\t\t\t<div class=\"elementor-widget-container\">\n\t\t\t\t\t<h4 class=\"elementor-heading-title elementor-size-default\">7. ENLACES A OTROS SITIOS DE INTERNET<\/h4>\t\t\t\t<\/div>\n\t\t\t\t<\/div>\n\t\t\t\t<div class=\"elementor-element elementor-element-b5adf43 elementor-widget elementor-widget-text-editor\" data-id=\"b5adf43\" data-element_type=\"widget\" data-e-type=\"widget\" data-widget_type=\"text-editor.default\">\n\t\t\t\t<div class=\"elementor-widget-container\">\n\t\t\t\t\t\t\t\t\tEl sitio web puede contener enlaces a otros sitios y servicios de Internet que son operados y mantenidos por terceros o sus afiliados. Usted reconoce, entiende y acepta que el Administrador del sitio web no ser\u00e1 responsable, directa o indirectamente, por cualquier da\u00f1o o p\u00e9rdida causada o presuntamente causada por o en relaci\u00f3n con el uso o la confianza en dicho contenido, productos o servicios disponibles en dichos otros sitios.\n\t\t\t\t\t\t\t\t<\/div>\n\t\t\t\t<\/div>\n\t\t\t\t<div class=\"elementor-element elementor-element-61d5e43 elementor-widget elementor-widget-heading\" data-id=\"61d5e43\" data-element_type=\"widget\" data-e-type=\"widget\" data-widget_type=\"heading.default\">\n\t\t\t\t<div class=\"elementor-widget-container\">\n\t\t\t\t\t<h4 class=\"elementor-heading-title elementor-size-default\">8. CAMBIOS<\/h4>\t\t\t\t<\/div>\n\t\t\t\t<\/div>\n\t\t\t\t<div class=\"elementor-element elementor-element-e547e4a elementor-widget elementor-widget-text-editor\" data-id=\"e547e4a\" data-element_type=\"widget\" data-e-type=\"widget\" data-widget_type=\"text-editor.default\">\n\t\t\t\t<div class=\"elementor-widget-container\">\n\t\t\t\t\t\t\t\t\tEl Administrador del sitio web se reserva el derecho de modificar, suspender o descontinuar cualquier parte del sitio web y los materiales en cualquier momento, con o sin previo aviso. El Administrador del sitio web se reserva el derecho de modificar cualquier parte de estos T\u00e9rminos de uso en cualquier momento. Cualquier modificaci\u00f3n ser\u00e1 efectiva despu\u00e9s de su publicaci\u00f3n en el sitio web. Usted acepta revisar estos T\u00e9rminos de Uso peri\u00f3dicamente para que est\u00e9 al tanto de dichas modificaciones. Su uso continuado del Sitio Web despu\u00e9s de que dichas modificaciones hayan sido publicadas se considerar\u00e1 su aceptaci\u00f3n de cualquier modificaci\u00f3n a los T\u00e9rminos de Uso. Si, en cualquier momento, los T\u00e9rminos de uso no son aceptables para usted, debe cesar inmediatamente el uso del Sitio web. Usted acepta que la norma mencionada anteriormente para la notificaci\u00f3n de modificaciones es razonable.\n\t\t\t\t\t\t\t\t<\/div>\n\t\t\t\t<\/div>\n\t\t\t\t<div class=\"elementor-element elementor-element-638682a elementor-widget elementor-widget-heading\" data-id=\"638682a\" data-element_type=\"widget\" data-e-type=\"widget\" data-widget_type=\"heading.default\">\n\t\t\t\t<div class=\"elementor-widget-container\">\n\t\t\t\t\t<h4 class=\"elementor-heading-title elementor-size-default\">9. LIMITACI\u00d3N DE RESPONSABILIDAD<\/h4>\t\t\t\t<\/div>\n\t\t\t\t<\/div>\n\t\t\t\t<div class=\"elementor-element elementor-element-c2a7c6a elementor-widget elementor-widget-text-editor\" data-id=\"c2a7c6a\" data-element_type=\"widget\" data-e-type=\"widget\" data-widget_type=\"text-editor.default\">\n\t\t\t\t<div class=\"elementor-widget-container\">\n\t\t\t\t\t\t\t\t\tEl Gestor del Sitio Web no asumir\u00e1 ninguna responsabilidad por los da\u00f1os directos, indirectos, incidentales o consecuentes que puedan deberse al uso incorrecto del Sitio Web por parte de los Usuarios o a cualquier error, fallo, defecto o retraso en el funcionamiento del Sitio Web o en la transmisi\u00f3n de informaci\u00f3n en Internet a trav\u00e9s de este Sitio Web.\n\t\t\t\t\t\t\t\t<\/div>\n\t\t\t\t<\/div>\n\t\t\t\t<div class=\"elementor-element elementor-element-f4d303c elementor-widget elementor-widget-heading\" data-id=\"f4d303c\" data-element_type=\"widget\" data-e-type=\"widget\" data-widget_type=\"heading.default\">\n\t\t\t\t<div class=\"elementor-widget-container\">\n\t\t\t\t\t<h4 class=\"elementor-heading-title elementor-size-default\">10. JURISDICCI\u00d3N<\/h4>\t\t\t\t<\/div>\n\t\t\t\t<\/div>\n\t\t\t\t<div class=\"elementor-element elementor-element-c70fafa elementor-widget elementor-widget-text-editor\" data-id=\"c70fafa\" data-element_type=\"widget\" data-e-type=\"widget\" data-widget_type=\"text-editor.default\">\n\t\t\t\t<div class=\"elementor-widget-container\">\n\t\t\t\t\t\t\t\t\tAl acceder a este sitio web y a los materiales, usted acepta que todos los asuntos relacionados con su acceso o uso de los mismos se regir\u00e1n por los estatutos y las leyes de Irlanda y la Uni\u00f3n Europea, sin respetar los conflictos de principios legales de los mismos. Cualquier disputa que surja del uso de este sitio web estar\u00e1 sujeta a la jurisdicci\u00f3n exclusiva de los tribunales de Dubl\u00edn, Irlanda.\n\t\t\t\t\t\t\t\t<\/div>\n\t\t\t\t<\/div>\n\t\t\t\t<div class=\"elementor-element elementor-element-6f17ea8 elementor-widget elementor-widget-heading\" data-id=\"6f17ea8\" data-element_type=\"widget\" data-e-type=\"widget\" data-widget_type=\"heading.default\">\n\t\t\t\t<div class=\"elementor-widget-container\">\n\t\t\t\t\t<h4 class=\"elementor-heading-title elementor-size-default\">11. GENERAL<\/h4>\t\t\t\t<\/div>\n\t\t\t\t<\/div>\n\t\t\t\t<div class=\"elementor-element elementor-element-4d1604d elementor-widget elementor-widget-text-editor\" data-id=\"4d1604d\" data-element_type=\"widget\" data-e-type=\"widget\" data-widget_type=\"text-editor.default\">\n\t\t\t\t<div class=\"elementor-widget-container\">\n\t\t\t\t\t\t\t\t\t<p>Estos T\u00e9rminos de uso se regir\u00e1n e interpretar\u00e1n de acuerdo con las leyes de Irlanda sin tener en cuenta sus conflictos de principios legales. El cumplimiento de las presentes condiciones de uso por parte del gestor del sitio web est\u00e1 sujeto a la legislaci\u00f3n y al proceso legal vigentes, y nada de lo contenido en las presentes condiciones de uso derogar\u00e1 el derecho del coordinador a cumplir las solicitudes o los requisitos de aplicaci\u00f3n de la ley relacionados con su uso del sitio web o la informaci\u00f3n proporcionada o recopilada por el gestor del sitio web con respecto a dicho uso. Si alguna disposici\u00f3n de estos T\u00e9rminos de uso fuera ilegal, nula o por cualquier raz\u00f3n inaplicable, dicha disposici\u00f3n se considerar\u00e1 separable de estos T\u00e9rminos de uso y no afectar\u00e1 la validez y aplicabilidad de las disposiciones restantes. Estos T\u00e9rminos de uso constituyen el acuerdo completo entre las partes en relaci\u00f3n con el tema en este documento, y reemplazan todas las comunicaciones anteriores o contempor\u00e1neas, orales o escritas.<\/p>\t\t\t\t\t\t\t\t<\/div>\n\t\t\t\t<\/div>\n\t\t\t\t\t<\/div>\n\t\t\t\t<\/div>\n\t\t\t\t<\/div>","protected":false},"excerpt":{"rendered":"<p>T\u00e9rminos de uso Bienvenido a nuestro sitio web.Su acceso y uso de este sitio web est\u00e1 sujeto a estos T\u00e9rminos de uso del sitio web. Por favor, l\u00e9alos cuidadosamente antes de acceder o utilizar este sitio web. 1. DEFINICIONES AI4Debunk (Herramientas de asistencia participativa impulsadas por IA para apoyar la actividad en l\u00ednea fiable de los ciudadanos y desacreditar la desinformaci\u00f3n), en lo sucesivo denominado \u00abel proyecto\u00bb, es [...]<\/p>","protected":false},"author":6,"featured_media":0,"parent":0,"menu_order":0,"comment_status":"closed","ping_status":"closed","template":"","meta":{"_acf_changed":false,"footnotes":""},"class_list":["post-209","page","type-page","status-publish","hentry"],"acf":[],"_links":{"self":[{"href":"https:\/\/ai4debunk.eu\/es\/wp-json\/wp\/v2\/pages\/209","targetHints":{"allow":["GET"]}}],"collection":[{"href":"https:\/\/ai4debunk.eu\/es\/wp-json\/wp\/v2\/pages"}],"about":[{"href":"https:\/\/ai4debunk.eu\/es\/wp-json\/wp\/v2\/types\/page"}],"author":[{"embeddable":true,"href":"https:\/\/ai4debunk.eu\/es\/wp-json\/wp\/v2\/users\/6"}],"replies":[{"embeddable":true,"href":"https:\/\/ai4debunk.eu\/es\/wp-json\/wp\/v2\/comments?post=209"}],"version-history":[{"count":5,"href":"https:\/\/ai4debunk.eu\/es\/wp-json\/wp\/v2\/pages\/209\/revisions"}],"predecessor-version":[{"id":2187,"href":"https:\/\/ai4debunk.eu\/es\/wp-json\/wp\/v2\/pages\/209\/revisions\/2187"}],"wp:attachment":[{"href":"https:\/\/ai4debunk.eu\/es\/wp-json\/wp\/v2\/media?parent=209"}],"curies":[{"name":"wp","href":"https:\/\/api.w.org\/{rel}","templated":true}]}}