{"id":1336,"date":"2024-03-11T16:12:18","date_gmt":"2024-03-11T16:12:18","guid":{"rendered":"https:\/\/ai4debunk.eu\/?page_id=1336"},"modified":"2024-04-11T10:07:05","modified_gmt":"2024-04-11T10:07:05","slug":"cookie-policy","status":"publish","type":"page","link":"https:\/\/ai4debunk.eu\/et\/cookie-policy\/","title":{"rendered":"K\u00fcpsiste poliitika"},"content":{"rendered":"<div data-elementor-type=\"wp-page\" data-elementor-id=\"1336\" class=\"elementor elementor-1336\" data-elementor-post-type=\"page\">\n\t\t\t\t<div class=\"elementor-element elementor-element-372ece9 e-flex e-con-boxed e-con e-parent\" data-id=\"372ece9\" data-element_type=\"container\" data-e-type=\"container\">\n\t\t\t\t\t<div class=\"e-con-inner\">\n\t\t\t\t<div class=\"elementor-element elementor-element-af6f42a elementor-widget elementor-widget-heading\" data-id=\"af6f42a\" data-element_type=\"widget\" data-e-type=\"widget\" data-widget_type=\"heading.default\">\n\t\t\t\t<div class=\"elementor-widget-container\">\n\t\t\t\t\t<h1 class=\"elementor-heading-title elementor-size-default\">K\u00fcpsiste poliitika<\/h1>\t\t\t\t<\/div>\n\t\t\t\t<\/div>\n\t\t\t\t<div class=\"elementor-element elementor-element-2b13c41 elementor-widget elementor-widget-text-editor\" data-id=\"2b13c41\" data-element_type=\"widget\" data-e-type=\"widget\" data-widget_type=\"text-editor.default\">\n\t\t\t\t<div class=\"elementor-widget-container\">\n\t\t\t\t\t\t\t\t\t<p>See veebileht kasutab k\u00fcpsiseid. Kasutame k\u00fcpsiseid, et tagada teile meie veebisaidil parim kasutuskogemus. Palun lugege ka meie <a href=\"https:\/\/ai4debunk.eu\/et\/terms-of-use\/\">Kasutustingimused<\/a> &amp; <a href=\"https:\/\/ai4debunk.eu\/et\/privacy-policy\/\">Privaatsuspoliitika<\/a> mis reguleerib selle saidi kasutamist. K\u00fcpsised on v\u00e4ikesed tekstifailid, mida veebisaidid saavad kasutada kasutajakogemuse t\u00f5hustamiseks. Seaduses on s\u00e4testatud, et v\u00f5ime salvestada teie seadmesse k\u00fcpsiseid, kui need on selle saidi toimimiseks rangelt vajalikud.<br \/>K\u00f5igi muude k\u00fcpsiste jaoks vajame teie luba. See sait kasutab erinevat t\u00fc\u00fcpi k\u00fcpsiseid. M\u00f5ned k\u00fcpsised paigaldavad kolmandate osapoolte teenused, mis ilmuvad meie lehtedele. V\u00f5ite igal ajal oma n\u00f5usolekut muuta v\u00f5i selle meie veebisaidil olevast k\u00fcpsiste deklaratsioonist tagasi v\u00f5tta. Lisateave selle kohta, kes me oleme, kuidas meiega \u00fchendust v\u00f5tta ja kuidas me oma isikuandmeid t\u00f6\u00f6tleme <a href=\"https:\/\/ai4debunk.eu\/et\/privacy-policy\/\">Privaatsuspoliitika<\/a>.<\/p>\t\t\t\t\t\t\t\t<\/div>\n\t\t\t\t<\/div>\n\t\t\t\t<div class=\"elementor-element elementor-element-fd7345b elementor-widget elementor-widget-html\" data-id=\"fd7345b\" data-element_type=\"widget\" data-e-type=\"widget\" data-widget_type=\"html.default\">\n\t\t\t\t<div class=\"elementor-widget-container\">\n\t\t\t\t\t<div class=\"cky-audit-table-element\"><\/div>\t\t\t\t<\/div>\n\t\t\t\t<\/div>\n\t\t\t\t\t<\/div>\n\t\t\t\t<\/div>\n\t\t\t\t<\/div>","protected":false},"excerpt":{"rendered":"<p>K\u00fcpsiste poliitika See veebileht kasutab k\u00fcpsiseid. Kasutame k\u00fcpsiseid, et tagada teile meie veebisaidil parim kasutuskogemus. Palun tutvu ka &amp; i kasutustingimustega, mis reguleerivad selle saidi kasutamist. K\u00fcpsised on v\u00e4ikesed tekstifailid, mida veebisaidid saavad kasutada kasutajakogemuse suurendamiseks [\u2026]<\/p>","protected":false},"author":6,"featured_media":0,"parent":0,"menu_order":0,"comment_status":"closed","ping_status":"closed","template":"","meta":{"_acf_changed":false,"footnotes":""},"class_list":["post-1336","page","type-page","status-publish","hentry"],"acf":[],"_links":{"self":[{"href":"https:\/\/ai4debunk.eu\/et\/wp-json\/wp\/v2\/pages\/1336","targetHints":{"allow":["GET"]}}],"collection":[{"href":"https:\/\/ai4debunk.eu\/et\/wp-json\/wp\/v2\/pages"}],"about":[{"href":"https:\/\/ai4debunk.eu\/et\/wp-json\/wp\/v2\/types\/page"}],"author":[{"embeddable":true,"href":"https:\/\/ai4debunk.eu\/et\/wp-json\/wp\/v2\/users\/6"}],"replies":[{"embeddable":true,"href":"https:\/\/ai4debunk.eu\/et\/wp-json\/wp\/v2\/comments?post=1336"}],"version-history":[{"count":5,"href":"https:\/\/ai4debunk.eu\/et\/wp-json\/wp\/v2\/pages\/1336\/revisions"}],"predecessor-version":[{"id":1469,"href":"https:\/\/ai4debunk.eu\/et\/wp-json\/wp\/v2\/pages\/1336\/revisions\/1469"}],"wp:attachment":[{"href":"https:\/\/ai4debunk.eu\/et\/wp-json\/wp\/v2\/media?parent=1336"}],"curies":[{"name":"wp","href":"https:\/\/api.w.org\/{rel}","templated":true}]}}