{"id":209,"date":"2024-03-05T16:33:00","date_gmt":"2024-03-05T16:33:00","guid":{"rendered":"https:\/\/ai4debunk.eu\/?page_id=209"},"modified":"2024-09-19T15:01:38","modified_gmt":"2024-09-19T15:01:38","slug":"terms-of-use","status":"publish","type":"page","link":"https:\/\/ai4debunk.eu\/et\/terms-of-use\/","title":{"rendered":"Kasutustingimused"},"content":{"rendered":"<div data-elementor-type=\"wp-page\" data-elementor-id=\"209\" class=\"elementor elementor-209\" data-elementor-post-type=\"page\">\n\t\t\t\t<div class=\"elementor-element elementor-element-89ce4c8 e-flex e-con-boxed e-con e-parent\" data-id=\"89ce4c8\" data-element_type=\"container\" data-e-type=\"container\">\n\t\t\t\t\t<div class=\"e-con-inner\">\n\t\t\t\t<div class=\"elementor-element elementor-element-c470af8 elementor-widget elementor-widget-heading\" data-id=\"c470af8\" data-element_type=\"widget\" data-e-type=\"widget\" data-widget_type=\"heading.default\">\n\t\t\t\t<div class=\"elementor-widget-container\">\n\t\t\t\t\t<h1 class=\"elementor-heading-title elementor-size-default\">Kasutustingimused\n<\/h1>\t\t\t\t<\/div>\n\t\t\t\t<\/div>\n\t\t\t\t<div class=\"elementor-element elementor-element-9834e64 elementor-widget elementor-widget-text-editor\" data-id=\"9834e64\" data-element_type=\"widget\" data-e-type=\"widget\" data-widget_type=\"text-editor.default\">\n\t\t\t\t<div class=\"elementor-widget-container\">\n\t\t\t\t\t\t\t\t\t<p>Tere tulemast meie kodulehele.<br \/>Teie juurdep\u00e4\u00e4sule sellele veebisaidile ja selle kasutamisele kehtivad k\u00e4esolevad veebisaidi kasutustingimused. Palun lugege need enne veebilehele sisenemist v\u00f5i selle kasutamist hoolikalt l\u00e4bi.<\/p>\t\t\t\t\t\t\t\t<\/div>\n\t\t\t\t<\/div>\n\t\t\t\t<div class=\"elementor-element elementor-element-112fa17 elementor-widget elementor-widget-heading\" data-id=\"112fa17\" data-element_type=\"widget\" data-e-type=\"widget\" data-widget_type=\"heading.default\">\n\t\t\t\t<div class=\"elementor-widget-container\">\n\t\t\t\t\t<h4 class=\"elementor-heading-title elementor-size-default\">1. M\u00f5isted<\/h4>\t\t\t\t<\/div>\n\t\t\t\t<\/div>\n\t\t\t\t<div class=\"elementor-element elementor-element-e1cdef7 elementor-widget elementor-widget-text-editor\" data-id=\"e1cdef7\" data-element_type=\"widget\" data-e-type=\"widget\" data-widget_type=\"text-editor.default\">\n\t\t\t\t<div class=\"elementor-widget-container\">\n\t\t\t\t\t\t\t\t\t<p>AI4Debunk (Participative Assistive AI-powered Tools for Supporting Trustworthy Online Activity of Citizens and Debunking Disinformation) (edaspidi \u201eprojekt\u201c) on 48-kuuline m\u00f5juhindamise projekt, mis k\u00e4sitleb teemat HORIZON-CL4-2023-HUMAN-01-CNECT.<\/p><p>M\u00f5iste \u201ekonsortsium\u201c t\u00e4hendab k\u00f5iki toetuslepingule 101135757 alla kirjutanud riike peale Euroopa Komisjoni, kellel v\u00f5ivad olla projekti tulemustega seotud \u00fche- v\u00f5i \u00fchised intellektuaalomandi \u00f5igused.<\/p><p>M\u00f5iste \u201ematerjalid\u201c viitab kogu teabele, sisule, andmetele, dokumentidele (nt valged raamatud, bro\u0161\u00fc\u00fcrid, andmelehed, korduma kippuvad k\u00fcsimused, mallid, pressiteated jne), allalaadimistele, failidele, tekstile, piltidele, fotodele, graafikale, videotele, veebi\u00fclekannetele, v\u00e4ljaannetele, t\u00f6\u00f6riistadele, ressurssidele, tarkvarale, koodile, programmidele, rakendustele ja toodetele, mis on veebisaidi kaudu k\u00e4ttesaadavaks tehtud v\u00f5i lubatud.<\/p><p>M\u00f5iste \u201eveebilehe haldaja\u201c, mida nimetatakse ka \u201emeie\u201c v\u00f5i \u201emeie\u201c, viitab \u00fcksusele, kes vastutab veebisaidi loomise ja haldamise eest. <a href=\"https:\/\/ai4debunk.eu\/et\/\"><span style=\"color: #ae46ff;\">https:\/\/ai4debunk.eu<\/span><\/a> (edaspidi koos \u201eveebisait\u201c), et anda oma kasutajatele teavet.Toetuslepinguga 101135757 antakse F6S Network Ireland Limitedile (<span style=\"color: #ae46ff;\"><a style=\"color: #ae46ff;\" href=\"http:\/\/www.f6s.com\" target=\"_blank\" rel=\"noopener\">www.f6s.com<\/a><\/span>) veebisaidi haldaja roll, seega on F6S Network Ireland Limited veebisaidi vastutav t\u00f6\u00f6tleja.<\/p><p>M\u00f5iste \u201eteie\u201c viitab meie veebisaidi k\u00fclastajale.<\/p>\t\t\t\t\t\t\t\t<\/div>\n\t\t\t\t<\/div>\n\t\t\t\t<div class=\"elementor-element elementor-element-65a84db elementor-widget elementor-widget-heading\" data-id=\"65a84db\" data-element_type=\"widget\" data-e-type=\"widget\" data-widget_type=\"heading.default\">\n\t\t\t\t<div class=\"elementor-widget-container\">\n\t\t\t\t\t<h4 class=\"elementor-heading-title elementor-size-default\">2. SCOPE<\/h4>\t\t\t\t<\/div>\n\t\t\t\t<\/div>\n\t\t\t\t<div class=\"elementor-element elementor-element-b717931 elementor-widget elementor-widget-text-editor\" data-id=\"b717931\" data-element_type=\"widget\" data-e-type=\"widget\" data-widget_type=\"text-editor.default\">\n\t\t\t\t<div class=\"elementor-widget-container\">\n\t\t\t\t\t\t\t\t\tK\u00e4esolevad veebisaidi tingimused (edaspidi \u201etingimused\u201c v\u00f5i \u201eveebisaidi tingimused\u201c), mis siin sisalduvad, reguleerivad selle veebisaidi kasutamist teie poolt, sealhulgas k\u00f5iki selle veebisaidi lehti. Need tingimused kehtivad t\u00e4ielikult ja j\u00f5us selle veebisaidi teiepoolsele kasutamisele ning seda veebisaiti kasutades n\u00f5ustute selges\u00f5naliselt k\u00f5igi siin sisalduvate tingimustega t\u00e4ielikult. Te ei tohi seda veebisaiti kasutada, kui teil on vastuv\u00e4iteid m\u00f5nele neist veebisaidi tingimustest.\n\t\t\t\t\t\t\t\t<\/div>\n\t\t\t\t<\/div>\n\t\t\t\t<div class=\"elementor-element elementor-element-827f9c4 elementor-widget elementor-widget-heading\" data-id=\"827f9c4\" data-element_type=\"widget\" data-e-type=\"widget\" data-widget_type=\"heading.default\">\n\t\t\t\t<div class=\"elementor-widget-container\">\n\t\t\t\t\t<h4 class=\"elementor-heading-title elementor-size-default\">3. Veebisaidi kasutamine teie poolt<\/h4>\t\t\t\t<\/div>\n\t\t\t\t<\/div>\n\t\t\t\t<div class=\"elementor-element elementor-element-ee7b3ce elementor-widget elementor-widget-text-editor\" data-id=\"ee7b3ce\" data-element_type=\"widget\" data-e-type=\"widget\" data-widget_type=\"text-editor.default\">\n\t\t\t\t<div class=\"elementor-widget-container\">\n\t\t\t\t\t\t\t\t\t<p>N\u00f5ustute kasutama veebisaiti ja selle sisu ainult eesm\u00e4rkidel, mis on lubatud kasutustingimustega ja asjakohastes jurisdiktsioonides kohaldatavate seaduste, m\u00e4\u00e4ruste v\u00f5i \u00fcldtunnustatud tavade v\u00f5i suunistega.<\/p><p>Te n\u00f5ustute konkreetselt mitte juurde p\u00e4\u00e4sema (v\u00f5i \u00fcritama juurde p\u00e4\u00e4seda) mis tahes materjalidele mis tahes automatiseeritud vahendite kaudu (sealhulgas skriptide v\u00f5i veebi\u00e4mblike kasutamine) v\u00f5i h\u00e4kkimise, paroolikaevandamise v\u00f5i muude vahendite abil. Te n\u00f5ustute, et te ei osale \u00fcheski tegevuses, mis h\u00e4irib v\u00f5i h\u00e4irib veebisaiti (v\u00f5i servereid ja v\u00f5rke, mis on veebisaidiga \u00fchendatud v\u00f5i selle kaudu juurdep\u00e4\u00e4setavad).<br \/>Samuti n\u00f5ustute kasutama veebisaidil olevaid funktsioone ainult materjalidele juurdep\u00e4\u00e4suks, nende allalaadimiseks, kasutamiseks, postitamiseks, saatmiseks v\u00f5i vastuv\u00f5tmiseks asjakohasel viisil.<\/p><p>Te v\u00f5ite vaadata, alla laadida ainult vahem\u00e4llu salvestamise eesm\u00e4rgil ja printida materjali veebisaidilt oma isiklikuks kasutamiseks vastavalt allpool ja mujal k\u00e4esolevates tingimustes s\u00e4testatud piirangutele.<\/p><p>Te ei tohi seda veebisaiti kasutada mis tahes materjali kopeerimiseks, salvestamiseks, hostimiseks, edastamiseks, saatmiseks, kasutamiseks, avaldamiseks v\u00f5i levitamiseks, mis koosneb (v\u00f5i on seotud) mis tahes nuhkvarast, arvutiviirusest, Trooja hobusest, ussist, klahvivajutuse logijast, rootkitist v\u00f5i muust pahatahtlikust arvutitarkvarast. Te ei tohi teostada s\u00fcstemaatilisi v\u00f5i automatiseeritud andmekogumistoiminguid (sealhulgas ilma piiranguteta kraapimine, andmekaeve, andmete v\u00e4ljav\u00f5tmine ja andmete kogumine) sellel veebisaidil v\u00f5i sellega seoses ilma veebisaidi halduri selges\u00f5nalise kirjaliku n\u00f5usolekuta. Samuti n\u00f5ustute mitte kasutama materjale viisil, mis rikub mis tahes intellektuaalomandi \u00f5igusi v\u00f5i mis tahes osapoole \u00f5igusi, mitte reprodutseerima ega kasutama muid elektroonilisi v\u00f5i tr\u00fckitud v\u00e4ljaandeid. Graafiline ja tehniline disain ning k\u00f5ik kontaktid ja pildid, mida selles veebiesitluses kasutatakse, on autori\u00f5igusega kaitstud.<\/p><p>Samuti n\u00f5ustute mitte kasutama veebisaidi domeeninime pseudon\u00fc\u00fcmi all tagastatava e-posti aadressina; mitte h\u00e4irida, segada ega takistada teistel kasutajatel kasutada ja nautida veebisaiti v\u00f5i muid seotud v\u00f5i lingitud saite v\u00f5i materjale; ja mitte kasutama materjale viisil, mis rikub mis tahes intellektuaalomandi \u00f5igusi v\u00f5i mis tahes osapoole \u00f5igusi;<\/p>\t\t\t\t\t\t\t\t<\/div>\n\t\t\t\t<\/div>\n\t\t\t\t<div class=\"elementor-element elementor-element-94c704a elementor-widget elementor-widget-heading\" data-id=\"94c704a\" data-element_type=\"widget\" data-e-type=\"widget\" data-widget_type=\"heading.default\">\n\t\t\t\t<div class=\"elementor-widget-container\">\n\t\t\t\t\t<h4 class=\"elementor-heading-title elementor-size-default\">4. Koopia- ja intellektuaalse omandi \u00f5igused<\/h4>\t\t\t\t<\/div>\n\t\t\t\t<\/div>\n\t\t\t\t<div class=\"elementor-element elementor-element-cbe98bf elementor-widget elementor-widget-text-editor\" data-id=\"cbe98bf\" data-element_type=\"widget\" data-e-type=\"widget\" data-widget_type=\"text-editor.default\">\n\t\t\t\t<div class=\"elementor-widget-container\">\n\t\t\t\t\t\t\t\t\t<p>V\u00e4lja arvatud sisu, mis kuulub teile ja mille olete v\u00f5ib-olla otsustanud lisada sellele veebisaidile, kuuluvad konsortsiumile ja\/v\u00f5i tema litsentsiandjatele nende tingimuste alusel k\u00f5ik \u00f5igused sellel veebisaidil sisalduvale intellektuaalomandi materjalile ja k\u00f5ik sellised \u00f5igused on reserveeritud. Konsortsium lubab kasutajatel kopeerida ja printida selle veebisaidi v\u00e4ljav\u00f5tteid v\u00f5i dokumente ainult isiklikuks, mitte\u00e4riliseks kasutamiseks, tingimusel et nende dokumentide v\u00f5i lehtede mis tahes koopiad v\u00f5i v\u00e4ljav\u00f5tted s\u00e4ilitavad k\u00f5ik intellektuaalomandi \u00f5igused v\u00f5i muud omandi\u00f5iguse teated, sealhulgas k\u00f5ik nendes sisalduvad lahti\u00fctlused. Projekti logo ei tohi kasutada ega reprodutseerida ilma konsortsiumi eelneva kirjaliku n\u00f5usolekuta.<\/p><p>V\u00e4lja arvatud juhul, kui see on lubatud kohaldatava autori\u00f5iguse seadusega, ei tohi te ilma autori\u00f5iguse omaniku kirjaliku loata reprodutseerida ega edastada sellel saidil olevat sisu, sealhulgas sellelt veebisaidilt allalaaditavaid faile.<\/p>\t\t\t\t\t\t\t\t<\/div>\n\t\t\t\t<\/div>\n\t\t\t\t<div class=\"elementor-element elementor-element-21ba3cf elementor-widget elementor-widget-heading\" data-id=\"21ba3cf\" data-element_type=\"widget\" data-e-type=\"widget\" data-widget_type=\"heading.default\">\n\t\t\t\t<div class=\"elementor-widget-container\">\n\t\t\t\t\t<h4 class=\"elementor-heading-title elementor-size-default\">5. Kaubam\u00e4rgid, kaubanimed ja logod<\/h4>\t\t\t\t<\/div>\n\t\t\t\t<\/div>\n\t\t\t\t<div class=\"elementor-element elementor-element-71b6360 elementor-widget elementor-widget-text-editor\" data-id=\"71b6360\" data-element_type=\"widget\" data-e-type=\"widget\" data-widget_type=\"text-editor.default\">\n\t\t\t\t<div class=\"elementor-widget-container\">\n\t\t\t\t\t\t\t\t\tK\u00f5ik veebisaidil olevad kaubam\u00e4rgid, kaubanimed ja logod kuuluvad nende vastavatele omanikele ning on kaitstud rahvusvaheliste autori\u00f5iguse ja kaubam\u00e4rgiseadustega. Te n\u00f5ustute mitte laimama ega halvustama projekti ja k\u00f5iki veebisaidil v\u00f5i materjalides sisalduvaid kaubam\u00e4rke, kaubanimesid v\u00f5i logosid. Veebisaidil kuvatavate kaubam\u00e4rkide, kaubanimede ja logode kasutamine ilma kaubam\u00e4rgi v\u00f5i nime v\u00f5i logo omaniku selges\u00f5nalise kirjaliku n\u00f5usolekuta on rangelt keelatud.\t\t\t\t\t\t\t\t<\/div>\n\t\t\t\t<\/div>\n\t\t\t\t<div class=\"elementor-element elementor-element-4ca326f elementor-widget elementor-widget-heading\" data-id=\"4ca326f\" data-element_type=\"widget\" data-e-type=\"widget\" data-widget_type=\"heading.default\">\n\t\t\t\t<div class=\"elementor-widget-container\">\n\t\t\t\t\t<h4 class=\"elementor-heading-title elementor-size-default\">6. LICENCE teile<\/h4>\t\t\t\t<\/div>\n\t\t\t\t<\/div>\n\t\t\t\t<div class=\"elementor-element elementor-element-37a315c elementor-widget elementor-widget-text-editor\" data-id=\"37a315c\" data-element_type=\"widget\" data-e-type=\"widget\" data-widget_type=\"text-editor.default\">\n\t\t\t\t<div class=\"elementor-widget-container\">\n\t\t\t\t\t\t\t\t\t<p>Konsortsium annab teile isikliku, \u00fclemaailmse, mitteloovutatava, kasutustasuta ja mitteeksklusiivse litsentsi kasutada veebisaiti ainult selleks, et v\u00f5imaldada teil kasutada veebisaiti ja materjale ning nautida neist saadavat kasu k\u00e4esolevate kasutustingimustega lubatud viisil. Te ei tohi (ega tohi lubada kellelgi teisel) kopeerida, p\u00f6\u00f6rdprojekteerida, luua tuletatud teost v\u00f5i dekompileerida v\u00f5i muul viisil \u00fcritada eraldada veebisaidi v\u00f5i selle mis tahes osa l\u00e4htekoodi, v\u00e4lja arvatud juhul, kui see on seadusega s\u00f5naselgelt lubatud v\u00f5i n\u00f5utav v\u00f5i kui veebisaidi haldur on teile selleks konkreetselt loa andnud. Kui veebisaidi haldur ei ole teile selleks kirjalikku luba andnud, ei tohi te seda teha.<\/p><ul><li>loovutada (v\u00f5i anda all-litsentse) oma \u00f5igusi kasutada Veebilehte v\u00f5i Materjale;<\/li><li>anda turvalisuse huvides v\u00f5i \u00fcle oma \u00f5igusi kasutada veebisaiti v\u00f5i materjale, v\u00f5i muul viisil \u00fcle mis tahes oma \u00f5igusi kasutada neid.<\/li><\/ul>\t\t\t\t\t\t\t\t<\/div>\n\t\t\t\t<\/div>\n\t\t\t\t<div class=\"elementor-element elementor-element-1251413 elementor-widget elementor-widget-heading\" data-id=\"1251413\" data-element_type=\"widget\" data-e-type=\"widget\" data-widget_type=\"heading.default\">\n\t\t\t\t<div class=\"elementor-widget-container\">\n\t\t\t\t\t<h4 class=\"elementor-heading-title elementor-size-default\">7. Liinid teistele Interneti-kohtadele<\/h4>\t\t\t\t<\/div>\n\t\t\t\t<\/div>\n\t\t\t\t<div class=\"elementor-element elementor-element-b5adf43 elementor-widget elementor-widget-text-editor\" data-id=\"b5adf43\" data-element_type=\"widget\" data-e-type=\"widget\" data-widget_type=\"text-editor.default\">\n\t\t\t\t<div class=\"elementor-widget-container\">\n\t\t\t\t\t\t\t\t\tVeebisait v\u00f5ib sisaldada linke teistele veebisaitidele ja teenustele, mida k\u00e4itavad ja haldavad kolmandad isikud v\u00f5i nende sidusettev\u00f5tted. Te tunnistate, m\u00f5istate ja n\u00f5ustute, et Veebisaidi Haldaja ei vastuta otseselt ega kaudselt mis tahes kahjude v\u00f5i kaotuste eest, mis on p\u00f5hjustatud v\u00f5i v\u00e4idetavalt p\u00f5hjustatud sellise sisu, toodete v\u00f5i teenuste kasutamisest v\u00f5i nende kasutamisega seoses, mis on k\u00e4ttesaadavad sellistel muudel saitidel.\n\t\t\t\t\t\t\t\t<\/div>\n\t\t\t\t<\/div>\n\t\t\t\t<div class=\"elementor-element elementor-element-61d5e43 elementor-widget elementor-widget-heading\" data-id=\"61d5e43\" data-element_type=\"widget\" data-e-type=\"widget\" data-widget_type=\"heading.default\">\n\t\t\t\t<div class=\"elementor-widget-container\">\n\t\t\t\t\t<h4 class=\"elementor-heading-title elementor-size-default\">8. Muutused<\/h4>\t\t\t\t<\/div>\n\t\t\t\t<\/div>\n\t\t\t\t<div class=\"elementor-element elementor-element-e547e4a elementor-widget elementor-widget-text-editor\" data-id=\"e547e4a\" data-element_type=\"widget\" data-e-type=\"widget\" data-widget_type=\"text-editor.default\">\n\t\t\t\t<div class=\"elementor-widget-container\">\n\t\t\t\t\t\t\t\t\tVeebisaidi haldur j\u00e4tab endale \u00f5iguse muuta, peatada v\u00f5i l\u00f5petada veebisaidi ja materjalide mis tahes osa igal ajal, ette teatades v\u00f5i ette teatamata. Veebisaidi haldur j\u00e4tab endale \u00f5iguse k\u00e4esolevate kasutustingimuste mis tahes osa igal ajal muuta. K\u00f5ik muudatused j\u00f5ustuvad veebilehele postitamisel. N\u00f5ustute k\u00e4esolevaid kasutustingimusi perioodiliselt \u00fcle vaatama, et oleksite sellistest muudatustest teadlik. Kui j\u00e4tkate veebisaidi kasutamist p\u00e4rast selliste muudatuste postitamist, loetakse, et n\u00f5ustute kasutustingimuste muudatustega. Kui kasutustingimused ei ole teile mingil ajal vastuv\u00f5etavad, peate veebisaidi kasutamise kohe l\u00f5petama. N\u00f5ustute, et \u00fclaltoodud standard muudatuste teatamiseks on m\u00f5istlik.\n\t\t\t\t\t\t\t\t<\/div>\n\t\t\t\t<\/div>\n\t\t\t\t<div class=\"elementor-element elementor-element-638682a elementor-widget elementor-widget-heading\" data-id=\"638682a\" data-element_type=\"widget\" data-e-type=\"widget\" data-widget_type=\"heading.default\">\n\t\t\t\t<div class=\"elementor-widget-container\">\n\t\t\t\t\t<h4 class=\"elementor-heading-title elementor-size-default\">9. Vastutuse piiramine<\/h4>\t\t\t\t<\/div>\n\t\t\t\t<\/div>\n\t\t\t\t<div class=\"elementor-element elementor-element-c2a7c6a elementor-widget elementor-widget-text-editor\" data-id=\"c2a7c6a\" data-element_type=\"widget\" data-e-type=\"widget\" data-widget_type=\"text-editor.default\">\n\t\t\t\t<div class=\"elementor-widget-container\">\n\t\t\t\t\t\t\t\t\tVeebisaidi haldur ei vastuta otseste, kaudsete, juhuslike v\u00f5i kaudsete kahjude eest, mis v\u00f5ivad olla tingitud veebisaidi eba\u00f5igest kasutamisest kasutajate poolt v\u00f5i vigadest, riketest, defektidest v\u00f5i viivitustest veebisaidi toimimisel v\u00f5i teabe edastamisel Internetis selle veebisaidi kaudu.\n\t\t\t\t\t\t\t\t<\/div>\n\t\t\t\t<\/div>\n\t\t\t\t<div class=\"elementor-element elementor-element-f4d303c elementor-widget elementor-widget-heading\" data-id=\"f4d303c\" data-element_type=\"widget\" data-e-type=\"widget\" data-widget_type=\"heading.default\">\n\t\t\t\t<div class=\"elementor-widget-container\">\n\t\t\t\t\t<h4 class=\"elementor-heading-title elementor-size-default\">10. Kohtualluvus<\/h4>\t\t\t\t<\/div>\n\t\t\t\t<\/div>\n\t\t\t\t<div class=\"elementor-element elementor-element-c70fafa elementor-widget elementor-widget-text-editor\" data-id=\"c70fafa\" data-element_type=\"widget\" data-e-type=\"widget\" data-widget_type=\"text-editor.default\">\n\t\t\t\t<div class=\"elementor-widget-container\">\n\t\t\t\t\t\t\t\t\tSellele veebisaidile ja materjalidele juurdep\u00e4\u00e4suga n\u00f5ustute, et k\u00f5iki k\u00fcsimusi, mis on seotud teie juurdep\u00e4\u00e4suga neile v\u00f5i nende kasutamisega, reguleerivad Iirimaa ja Euroopa Liidu p\u00f5hikirjad ja seadused, austades nende seaduste kollisioonip\u00f5him\u00f5tteid. K\u00f5ik selle veebisaidi kasutamisest tulenevad vaidlused kuuluvad Iirimaa Dublini kohtute ainup\u00e4devusse.\n\t\t\t\t\t\t\t\t<\/div>\n\t\t\t\t<\/div>\n\t\t\t\t<div class=\"elementor-element elementor-element-6f17ea8 elementor-widget elementor-widget-heading\" data-id=\"6f17ea8\" data-element_type=\"widget\" data-e-type=\"widget\" data-widget_type=\"heading.default\">\n\t\t\t\t<div class=\"elementor-widget-container\">\n\t\t\t\t\t<h4 class=\"elementor-heading-title elementor-size-default\">11. \u00dcLDKOHUS<\/h4>\t\t\t\t<\/div>\n\t\t\t\t<\/div>\n\t\t\t\t<div class=\"elementor-element elementor-element-4d1604d elementor-widget elementor-widget-text-editor\" data-id=\"4d1604d\" data-element_type=\"widget\" data-e-type=\"widget\" data-widget_type=\"text-editor.default\">\n\t\t\t\t<div class=\"elementor-widget-container\">\n\t\t\t\t\t\t\t\t\t<p>K\u00e4esolevaid kasutustingimusi reguleeritakse ja t\u00f5lgendatakse vastavalt Iirimaa seadustele, arvestamata selle kollisiooninorme. Veebisaidi Haldaja poolt k\u00e4esolevate Kasutustingimuste t\u00e4itmine allub kehtivatele seadustele ja \u00f5iguslikule protsessile ning miski nendes Kasutustingimustes ei piira koordinaatori \u00f5igust t\u00e4ita \u00f5iguskaitsen\u00f5udeid v\u00f5i n\u00f5udeid, mis on seotud Veebisaidi kasutamisega teie poolt v\u00f5i Veebisaidi Haldaja poolt esitatud v\u00f5i kogutud teabega sellise kasutamise kohta. Kui m\u00f5ni k\u00e4esolevate kasutustingimuste s\u00e4te on ebaseaduslik, t\u00fchine v\u00f5i mingil p\u00f5hjusel j\u00f5ustamatu, loetakse see s\u00e4te k\u00e4esolevatest kasutustingimustest eraldatavaks ning see ei m\u00f5juta \u00fclej\u00e4\u00e4nud s\u00e4tete kehtivust ja j\u00f5ustatavust. K\u00e4esolevad kasutustingimused moodustavad pooltevahelise kogu kokkuleppe, mis on seotud k\u00e4esoleva lepingu sisuga, ning asendavad k\u00f5ik eelnevad v\u00f5i samaaegsed suulised v\u00f5i kirjalikud teated.<\/p>\t\t\t\t\t\t\t\t<\/div>\n\t\t\t\t<\/div>\n\t\t\t\t\t<\/div>\n\t\t\t\t<\/div>\n\t\t\t\t<\/div>","protected":false},"excerpt":{"rendered":"<p>Kasutustingimused Tere tulemast meie veebisaidile.Teie juurdep\u00e4\u00e4s sellele veebisaidile ja selle kasutamine s\u00f5ltub k\u00e4esolevatest veebisaidi kasutustingimustest. Palun lugege need enne veebilehele sisenemist v\u00f5i selle kasutamist hoolikalt l\u00e4bi. 1. AI4Debunk (Participative Assistive AI-powered Tools for Supporting Trustworthy Online Activity of Citizens and Debunking Disinformation \u2013 osalusp\u00f5hised tehisintellektil p\u00f5hinevad vahendid kodanike usaldusv\u00e4\u00e4rse veebitegevuse toetamiseks ja desinformatsiooni \u00fcmberl\u00fckkamiseks), edaspidi \u201eprojekt\u201c, on [\u2026]<\/p>","protected":false},"author":6,"featured_media":0,"parent":0,"menu_order":0,"comment_status":"closed","ping_status":"closed","template":"","meta":{"_acf_changed":false,"footnotes":""},"class_list":["post-209","page","type-page","status-publish","hentry"],"acf":[],"_links":{"self":[{"href":"https:\/\/ai4debunk.eu\/et\/wp-json\/wp\/v2\/pages\/209","targetHints":{"allow":["GET"]}}],"collection":[{"href":"https:\/\/ai4debunk.eu\/et\/wp-json\/wp\/v2\/pages"}],"about":[{"href":"https:\/\/ai4debunk.eu\/et\/wp-json\/wp\/v2\/types\/page"}],"author":[{"embeddable":true,"href":"https:\/\/ai4debunk.eu\/et\/wp-json\/wp\/v2\/users\/6"}],"replies":[{"embeddable":true,"href":"https:\/\/ai4debunk.eu\/et\/wp-json\/wp\/v2\/comments?post=209"}],"version-history":[{"count":5,"href":"https:\/\/ai4debunk.eu\/et\/wp-json\/wp\/v2\/pages\/209\/revisions"}],"predecessor-version":[{"id":2187,"href":"https:\/\/ai4debunk.eu\/et\/wp-json\/wp\/v2\/pages\/209\/revisions\/2187"}],"wp:attachment":[{"href":"https:\/\/ai4debunk.eu\/et\/wp-json\/wp\/v2\/media?parent=209"}],"curies":[{"name":"wp","href":"https:\/\/api.w.org\/{rel}","templated":true}]}}