{"id":1336,"date":"2024-03-11T16:12:18","date_gmt":"2024-03-11T16:12:18","guid":{"rendered":"https:\/\/ai4debunk.eu\/?page_id=1336"},"modified":"2024-04-11T10:07:05","modified_gmt":"2024-04-11T10:07:05","slug":"cookie-policy","status":"publish","type":"page","link":"https:\/\/ai4debunk.eu\/fi\/cookie-policy\/","title":{"rendered":"Ev\u00e4stek\u00e4yt\u00e4nt\u00f6"},"content":{"rendered":"<div data-elementor-type=\"wp-page\" data-elementor-id=\"1336\" class=\"elementor elementor-1336\" data-elementor-post-type=\"page\">\n\t\t\t\t<div class=\"elementor-element elementor-element-372ece9 e-flex e-con-boxed e-con e-parent\" data-id=\"372ece9\" data-element_type=\"container\" data-e-type=\"container\">\n\t\t\t\t\t<div class=\"e-con-inner\">\n\t\t\t\t<div class=\"elementor-element elementor-element-af6f42a elementor-widget elementor-widget-heading\" data-id=\"af6f42a\" data-element_type=\"widget\" data-e-type=\"widget\" data-widget_type=\"heading.default\">\n\t\t\t\t<div class=\"elementor-widget-container\">\n\t\t\t\t\t<h1 class=\"elementor-heading-title elementor-size-default\">Ev\u00e4stek\u00e4yt\u00e4nt\u00f6<\/h1>\t\t\t\t<\/div>\n\t\t\t\t<\/div>\n\t\t\t\t<div class=\"elementor-element elementor-element-2b13c41 elementor-widget elementor-widget-text-editor\" data-id=\"2b13c41\" data-element_type=\"widget\" data-e-type=\"widget\" data-widget_type=\"text-editor.default\">\n\t\t\t\t<div class=\"elementor-widget-container\">\n\t\t\t\t\t\t\t\t\t<p>T\u00e4m\u00e4 sivusto k\u00e4ytt\u00e4\u00e4 ev\u00e4steit\u00e4. K\u00e4yt\u00e4mme ev\u00e4steit\u00e4 varmistaaksemme, ett\u00e4 voimme tarjota sinulle parhaan mahdollisen k\u00e4ytt\u00f6kokemuksen sivustollamme. Lue my\u00f6s meid\u00e4n <a href=\"https:\/\/ai4debunk.eu\/fi\/terms-of-use\/\">K\u00e4ytt\u00f6ehdot<\/a> &amp; <a href=\"https:\/\/ai4debunk.eu\/fi\/privacy-policy\/\">Tietosuojak\u00e4yt\u00e4nt\u00f6<\/a> joka s\u00e4\u00e4telee t\u00e4m\u00e4n sivuston k\u00e4ytt\u00f6\u00e4. Ev\u00e4steet ovat pieni\u00e4 tekstitiedostoja, joita verkkosivustot voivat k\u00e4ytt\u00e4\u00e4 k\u00e4ytt\u00e4j\u00e4kokemuksen tehostamiseksi. Lain mukaan voimme tallentaa ev\u00e4steit\u00e4 laitteellesi, jos ne ovat ehdottoman v\u00e4ltt\u00e4m\u00e4tt\u00f6mi\u00e4 t\u00e4m\u00e4n sivuston toiminnan kannalta.<br \/>Kaikille muille ev\u00e4stetyypeille tarvitsemme suostumuksesi. T\u00e4m\u00e4 sivusto k\u00e4ytt\u00e4\u00e4 erityyppisi\u00e4 ev\u00e4steit\u00e4. Jotkut ev\u00e4steet ovat kolmannen osapuolen palveluiden asettamia, jotka n\u00e4kyv\u00e4t sivuillamme. Voit milloin tahansa muuttaa tai peruuttaa suostumuksesi ev\u00e4steilmoitukseen verkkosivustollamme. Lue lis\u00e4\u00e4 siit\u00e4, keit\u00e4 olemme, miten voit ottaa meihin yhteytt\u00e4 ja miten k\u00e4sittelemme henkil\u00f6tietoja. <a href=\"https:\/\/ai4debunk.eu\/fi\/privacy-policy\/\">Tietosuojak\u00e4yt\u00e4nt\u00f6<\/a>.<\/p>\t\t\t\t\t\t\t\t<\/div>\n\t\t\t\t<\/div>\n\t\t\t\t<div class=\"elementor-element elementor-element-fd7345b elementor-widget elementor-widget-html\" data-id=\"fd7345b\" data-element_type=\"widget\" data-e-type=\"widget\" data-widget_type=\"html.default\">\n\t\t\t\t<div class=\"elementor-widget-container\">\n\t\t\t\t\t<div class=\"cky-audit-table-element\"><\/div>\t\t\t\t<\/div>\n\t\t\t\t<\/div>\n\t\t\t\t\t<\/div>\n\t\t\t\t<\/div>\n\t\t\t\t<\/div>","protected":false},"excerpt":{"rendered":"<p>T\u00e4m\u00e4 sivusto k\u00e4ytt\u00e4\u00e4 ev\u00e4steit\u00e4. K\u00e4yt\u00e4mme ev\u00e4steit\u00e4 varmistaaksemme, ett\u00e4 voimme tarjota sinulle parhaan mahdollisen k\u00e4ytt\u00f6kokemuksen sivustollamme. Lue my\u00f6s k\u00e4ytt\u00f6ehtomme &amp; Tietosuojak\u00e4yt\u00e4nt\u00f6, joka ohjaa t\u00e4m\u00e4n sivuston k\u00e4ytt\u00f6\u00e4. Ev\u00e4steet ovat pieni\u00e4 tekstitiedostoja, joita verkkosivustot voivat k\u00e4ytt\u00e4\u00e4 k\u00e4ytt\u00e4j\u00e4kokemuksen parantamiseksi [\u2026]<\/p>","protected":false},"author":6,"featured_media":0,"parent":0,"menu_order":0,"comment_status":"closed","ping_status":"closed","template":"","meta":{"_acf_changed":false,"footnotes":""},"class_list":["post-1336","page","type-page","status-publish","hentry"],"acf":[],"_links":{"self":[{"href":"https:\/\/ai4debunk.eu\/fi\/wp-json\/wp\/v2\/pages\/1336","targetHints":{"allow":["GET"]}}],"collection":[{"href":"https:\/\/ai4debunk.eu\/fi\/wp-json\/wp\/v2\/pages"}],"about":[{"href":"https:\/\/ai4debunk.eu\/fi\/wp-json\/wp\/v2\/types\/page"}],"author":[{"embeddable":true,"href":"https:\/\/ai4debunk.eu\/fi\/wp-json\/wp\/v2\/users\/6"}],"replies":[{"embeddable":true,"href":"https:\/\/ai4debunk.eu\/fi\/wp-json\/wp\/v2\/comments?post=1336"}],"version-history":[{"count":5,"href":"https:\/\/ai4debunk.eu\/fi\/wp-json\/wp\/v2\/pages\/1336\/revisions"}],"predecessor-version":[{"id":1469,"href":"https:\/\/ai4debunk.eu\/fi\/wp-json\/wp\/v2\/pages\/1336\/revisions\/1469"}],"wp:attachment":[{"href":"https:\/\/ai4debunk.eu\/fi\/wp-json\/wp\/v2\/media?parent=1336"}],"curies":[{"name":"wp","href":"https:\/\/api.w.org\/{rel}","templated":true}]}}