{"id":209,"date":"2024-03-05T16:33:00","date_gmt":"2024-03-05T16:33:00","guid":{"rendered":"https:\/\/ai4debunk.eu\/?page_id=209"},"modified":"2024-09-19T15:01:38","modified_gmt":"2024-09-19T15:01:38","slug":"terms-of-use","status":"publish","type":"page","link":"https:\/\/ai4debunk.eu\/fi\/terms-of-use\/","title":{"rendered":"K\u00e4ytt\u00f6ehdot"},"content":{"rendered":"<div data-elementor-type=\"wp-page\" data-elementor-id=\"209\" class=\"elementor elementor-209\" data-elementor-post-type=\"page\">\n\t\t\t\t<div class=\"elementor-element elementor-element-89ce4c8 e-flex e-con-boxed e-con e-parent\" data-id=\"89ce4c8\" data-element_type=\"container\" data-e-type=\"container\">\n\t\t\t\t\t<div class=\"e-con-inner\">\n\t\t\t\t<div class=\"elementor-element elementor-element-c470af8 elementor-widget elementor-widget-heading\" data-id=\"c470af8\" data-element_type=\"widget\" data-e-type=\"widget\" data-widget_type=\"heading.default\">\n\t\t\t\t<div class=\"elementor-widget-container\">\n\t\t\t\t\t<h1 class=\"elementor-heading-title elementor-size-default\">K\u00e4ytt\u00f6ehdot\n<\/h1>\t\t\t\t<\/div>\n\t\t\t\t<\/div>\n\t\t\t\t<div class=\"elementor-element elementor-element-9834e64 elementor-widget elementor-widget-text-editor\" data-id=\"9834e64\" data-element_type=\"widget\" data-e-type=\"widget\" data-widget_type=\"text-editor.default\">\n\t\t\t\t<div class=\"elementor-widget-container\">\n\t\t\t\t\t\t\t\t\t<p>Tervetuloa verkkosivuillemme.<br \/>P\u00e4\u00e4sysi t\u00e4lle verkkosivustolle ja sen k\u00e4ytt\u00f6 on n\u00e4iden verkkosivuston k\u00e4ytt\u00f6ehtojen alaista. Lue ne huolellisesti ennen t\u00e4m\u00e4n verkkosivuston avaamista tai k\u00e4ytt\u00e4mist\u00e4.<\/p>\t\t\t\t\t\t\t\t<\/div>\n\t\t\t\t<\/div>\n\t\t\t\t<div class=\"elementor-element elementor-element-112fa17 elementor-widget elementor-widget-heading\" data-id=\"112fa17\" data-element_type=\"widget\" data-e-type=\"widget\" data-widget_type=\"heading.default\">\n\t\t\t\t<div class=\"elementor-widget-container\">\n\t\t\t\t\t<h4 class=\"elementor-heading-title elementor-size-default\">1. M\u00c4\u00c4RITELM\u00c4T<\/h4>\t\t\t\t<\/div>\n\t\t\t\t<\/div>\n\t\t\t\t<div class=\"elementor-element elementor-element-e1cdef7 elementor-widget elementor-widget-text-editor\" data-id=\"e1cdef7\" data-element_type=\"widget\" data-e-type=\"widget\" data-widget_type=\"text-editor.default\">\n\t\t\t\t<div class=\"elementor-widget-container\">\n\t\t\t\t\t\t\t\t\t<p>AI4Debunk (osallistuvat teko\u00e4lyyn perustuvat ty\u00f6kalut kansalaisten luotettavan verkkotoiminnan tukemiseksi ja disinformaation kumoamiseksi), j\u00e4ljemp\u00e4n\u00e4 \u2019hanke\u2019, on 48 kuukauden mittainen vaikutustenarviointihanke, jossa k\u00e4sitell\u00e4\u00e4n aihetta HORIZON-CL4-2023-HUMAN-01-CNECT.<\/p><p>Termill\u00e4 \u2019konsortio\u2019 tarkoitetaan kaikkia avustussopimuksen 101135757 allekirjoittajia Euroopan komissiota lukuun ottamatta, joilla voi olla hankkeen tuloksiin liittyvi\u00e4 yksitt\u00e4isi\u00e4 tai yhteisi\u00e4 teollis- ja tekij\u00e4noikeuksia.<\/p><p>Termill\u00e4 \u2019materiaalit\u2019 tarkoitetaan kaikkea tietoa, sis\u00e4lt\u00f6\u00e4, dataa, asiakirjoja (esim. valkoisia papereita, esitteit\u00e4, tietolomakkeita, usein kysyttyj\u00e4 kysymyksi\u00e4, malleja, lehdist\u00f6tiedotteita jne.), latauksia, tiedostoja, teksti\u00e4, kuvia, valokuvia, grafiikkaa, videoita, verkkol\u00e4hetyksi\u00e4, julkaisuja, ty\u00f6kaluja, resursseja, ohjelmistoja, koodia, ohjelmia, sovelluksia ja tuotteita, jotka asetetaan saataville tai otetaan k\u00e4ytt\u00f6\u00f6n verkkosivuston kautta.<\/p><p>\u2019Verkkosivuston hallinnoijalla\u2019 tarkoitetaan tahoa, joka vastaa verkkosivuston luomisesta ja hallinnoinnista. <a href=\"https:\/\/ai4debunk.eu\/fi\/\"><span style=\"color: #ae46ff;\">https:\/\/ai4debunk.eu<\/span><\/a> (j\u00e4ljemp\u00e4n\u00e4 yhdess\u00e4 \u2019verkkosivusto\u2019) tietojen antamiseksi k\u00e4ytt\u00e4jilleen.Avustussopimus 101135757 koskee F6S Network Ireland Limited -yhti\u00f6t\u00e4 (<span style=\"color: #ae46ff;\"><a style=\"color: #ae46ff;\" href=\"http:\/\/www.f6s.com\" target=\"_blank\" rel=\"noopener\">www.f6s.com<\/a><\/span>) verkkosivuston hallinnoijan rooli, joten F6S Network Ireland Limited on verkkosivuston rekisterinpit\u00e4j\u00e4.<\/p><p>Termi \u201dsin\u00e4\u201d viittaa verkkosivustomme k\u00e4vij\u00e4\u00e4n.<\/p>\t\t\t\t\t\t\t\t<\/div>\n\t\t\t\t<\/div>\n\t\t\t\t<div class=\"elementor-element elementor-element-65a84db elementor-widget elementor-widget-heading\" data-id=\"65a84db\" data-element_type=\"widget\" data-e-type=\"widget\" data-widget_type=\"heading.default\">\n\t\t\t\t<div class=\"elementor-widget-container\">\n\t\t\t\t\t<h4 class=\"elementor-heading-title elementor-size-default\">2. SCOPE<\/h4>\t\t\t\t<\/div>\n\t\t\t\t<\/div>\n\t\t\t\t<div class=\"elementor-element elementor-element-b717931 elementor-widget elementor-widget-text-editor\" data-id=\"b717931\" data-element_type=\"widget\" data-e-type=\"widget\" data-widget_type=\"text-editor.default\">\n\t\t\t\t<div class=\"elementor-widget-container\">\n\t\t\t\t\t\t\t\t\tN\u00e4m\u00e4 verkkosivuston k\u00e4ytt\u00f6ehdot (n\u00e4m\u00e4 \"ehdot\" tai n\u00e4m\u00e4 \"verkkosivuston k\u00e4ytt\u00f6ehdot\"), jotka sis\u00e4ltyv\u00e4t t\u00e4h\u00e4n, ohjaavat t\u00e4m\u00e4n verkkosivuston k\u00e4ytt\u00f6\u00e4, mukaan lukien kaikki t\u00e4m\u00e4n verkkosivuston sivut. N\u00e4it\u00e4 ehtoja sovelletaan t\u00e4ysim\u00e4\u00e4r\u00e4isesti t\u00e4m\u00e4n verkkosivuston k\u00e4ytt\u00f6\u00f6n, ja k\u00e4ytt\u00e4m\u00e4ll\u00e4 t\u00e4t\u00e4 verkkosivustoa hyv\u00e4ksyt nimenomaisesti kaikki t\u00e4ss\u00e4 esitetyt ehdot kokonaisuudessaan. Et saa k\u00e4ytt\u00e4\u00e4 t\u00e4t\u00e4 verkkosivustoa, jos vastustat n\u00e4it\u00e4 verkkosivuston k\u00e4ytt\u00f6ehtoja.\n\t\t\t\t\t\t\t\t<\/div>\n\t\t\t\t<\/div>\n\t\t\t\t<div class=\"elementor-element elementor-element-827f9c4 elementor-widget elementor-widget-heading\" data-id=\"827f9c4\" data-element_type=\"widget\" data-e-type=\"widget\" data-widget_type=\"heading.default\">\n\t\t\t\t<div class=\"elementor-widget-container\">\n\t\t\t\t\t<h4 class=\"elementor-heading-title elementor-size-default\">3. Sivuston k\u00e4ytt\u00f6<\/h4>\t\t\t\t<\/div>\n\t\t\t\t<\/div>\n\t\t\t\t<div class=\"elementor-element elementor-element-ee7b3ce elementor-widget elementor-widget-text-editor\" data-id=\"ee7b3ce\" data-element_type=\"widget\" data-e-type=\"widget\" data-widget_type=\"text-editor.default\">\n\t\t\t\t<div class=\"elementor-widget-container\">\n\t\t\t\t\t\t\t\t\t<p>Sitoudut k\u00e4ytt\u00e4m\u00e4\u00e4n verkkosivustoa ja sen sis\u00e4lt\u00f6\u00e4 vain tarkoituksiin, jotka ovat sallittuja k\u00e4ytt\u00f6ehdoissa ja sovellettavissa laeissa, asetuksissa tai yleisesti hyv\u00e4ksytyiss\u00e4 k\u00e4yt\u00e4nn\u00f6iss\u00e4 tai ohjeissa asiaankuuluvilla laink\u00e4ytt\u00f6alueilla.<\/p><p>Suostut erityisesti olemaan k\u00e4ytt\u00e4m\u00e4tt\u00e4 (tai yritt\u00e4m\u00e4tt\u00e4 k\u00e4ytt\u00e4\u00e4) mit\u00e4\u00e4n Materiaalia mill\u00e4\u00e4n automatisoidulla tavalla (mukaan lukien skriptien tai web-indeksointirobottien k\u00e4ytt\u00f6) tai hakkeroimalla, salasanojen louhinnalla tai muilla keinoin. Hyv\u00e4ksyt, ett\u00e4 et osallistu mihink\u00e4\u00e4n toimintaan, joka h\u00e4iritsee tai h\u00e4iritsee verkkosivustoa (tai palvelimia ja verkkoja, jotka ovat yhteydess\u00e4 verkkosivustoon tai joihin p\u00e4\u00e4see sen kautta).<br \/>Sitoudut my\u00f6s k\u00e4ytt\u00e4m\u00e4\u00e4n verkkosivustolla olevia toimintoja vain materiaalien k\u00e4ytt\u00e4miseen, lataamiseen, k\u00e4ytt\u00e4miseen, julkaisemiseen, l\u00e4hett\u00e4miseen tai vastaanottamiseen asianmukaisella tavalla.<\/p><p>Voit tarkastella, ladata vain v\u00e4limuistiin tallentamista varten ja tulostaa materiaalia verkkosivustolta omaan henkil\u00f6kohtaiseen k\u00e4ytt\u00f6\u00f6si alla ja muualla n\u00e4iss\u00e4 ehdoissa esitettyjen rajoitusten mukaisesti.<\/p><p>Et saa k\u00e4ytt\u00e4\u00e4 t\u00e4t\u00e4 verkkosivustoa kopioimaan, tallentamaan, is\u00e4nn\u00f6im\u00e4\u00e4n, l\u00e4hett\u00e4m\u00e4\u00e4n, l\u00e4hett\u00e4m\u00e4\u00e4n, k\u00e4ytt\u00e4m\u00e4\u00e4n, julkaisemaan tai levitt\u00e4m\u00e4\u00e4n mit\u00e4\u00e4n materiaalia, joka koostuu (tai on linkitetty) vakoiluohjelmista, tietokoneviruksista, troijalaisesta hevosesta, madosta, n\u00e4pp\u00e4inpainallusloggerista, rootkitist\u00e4 tai muista haitallisista tietokoneohjelmista. Et saa suorittaa j\u00e4rjestelm\u00e4llisi\u00e4 tai automaattisia tiedonkeruutoimia (mukaan lukien rajoituksetta kaavinta, tiedonlouhinta, tietojen poiminta ja tietojen ker\u00e4\u00e4minen) t\u00e4ll\u00e4 verkkosivustolla tai siihen liittyen ilman verkkosivuston hallinnoijan nimenomaista kirjallista suostumusta. Sitoudut my\u00f6s olemaan k\u00e4ytt\u00e4m\u00e4tt\u00e4 mit\u00e4\u00e4n materiaalia tavalla, joka loukkaa mit\u00e4\u00e4n immateriaalioikeuksia tai mink\u00e4\u00e4n osapuolen oikeuksia, olemaan j\u00e4ljent\u00e4m\u00e4tt\u00e4 tai k\u00e4ytt\u00e4m\u00e4tt\u00e4 muissa s\u00e4hk\u00f6isiss\u00e4 tai painetuissa julkaisuissa. Graafinen ja tekninen suunnittelu sek\u00e4 kaikki yhteydenotot ja kuvat, joita k\u00e4ytet\u00e4\u00e4n t\u00e4ss\u00e4 verkkoesityksess\u00e4, ovat tekij\u00e4noikeudella suojattuja.<\/p><p>Sitoudut my\u00f6s olemaan k\u00e4ytt\u00e4m\u00e4tt\u00e4 verkkosivuston verkkotunnusta pseudonymisoituna palautuss\u00e4hk\u00f6postiosoitteena. olla h\u00e4iritsem\u00e4tt\u00e4, h\u00e4iritsem\u00e4tt\u00e4 tai est\u00e4m\u00e4tt\u00e4 muita k\u00e4ytt\u00e4ji\u00e4 k\u00e4ytt\u00e4m\u00e4st\u00e4 ja nauttimasta verkkosivustosta tai muista siihen liittyvist\u00e4 tai linkitetyist\u00e4 sivustoista tai materiaaleista; eik\u00e4 k\u00e4ytt\u00e4\u00e4 mit\u00e4\u00e4n materiaalia tavalla, joka loukkaa mit\u00e4\u00e4n immateriaalioikeuksia tai mink\u00e4\u00e4n osapuolen oikeuksia;<\/p>\t\t\t\t\t\t\t\t<\/div>\n\t\t\t\t<\/div>\n\t\t\t\t<div class=\"elementor-element elementor-element-94c704a elementor-widget elementor-widget-heading\" data-id=\"94c704a\" data-element_type=\"widget\" data-e-type=\"widget\" data-widget_type=\"heading.default\">\n\t\t\t\t<div class=\"elementor-widget-container\">\n\t\t\t\t\t<h4 class=\"elementor-heading-title elementor-size-default\">4. OIKEUDEN JA HENKIL\u00d6OIKEUDEN OIKEUDET<\/h4>\t\t\t\t<\/div>\n\t\t\t\t<\/div>\n\t\t\t\t<div class=\"elementor-element elementor-element-cbe98bf elementor-widget elementor-widget-text-editor\" data-id=\"cbe98bf\" data-element_type=\"widget\" data-e-type=\"widget\" data-widget_type=\"text-editor.default\">\n\t\t\t\t<div class=\"elementor-widget-container\">\n\t\t\t\t\t\t\t\t\t<p>Muu kuin omistamasi sis\u00e4lt\u00f6, jonka olet mahdollisesti sis\u00e4llytt\u00e4nyt t\u00e4lle verkkosivustolle, n\u00e4iden ehtojen mukaisesti yhteenliittym\u00e4 ja\/tai sen lisenssinantajat omistavat kaikki oikeudet t\u00e4m\u00e4n verkkosivuston sis\u00e4lt\u00e4m\u00e4\u00e4n henkiseen omaisuuteen, ja kaikki t\u00e4llaiset oikeudet pid\u00e4tet\u00e4\u00e4n. Konsortio antaa k\u00e4ytt\u00e4jille luvan kopioida ja tulostaa t\u00e4m\u00e4n verkkosivuston otteita tai asiakirjoja yksinomaan henkil\u00f6kohtaiseen, ei-kaupalliseen k\u00e4ytt\u00f6\u00f6n edellytt\u00e4en, ett\u00e4 kaikki kyseisten asiakirjojen tai sivujen kopiot tai otteet, jotka on saatu, s\u00e4ilytt\u00e4v\u00e4t kaikki immateriaalioikeudet tai muut omaisuusilmoitukset, mukaan lukien kaikki niihin sis\u00e4ltyv\u00e4t vastuuvapauslausekkeet. Hankkeen logoa ei saa k\u00e4ytt\u00e4\u00e4 tai j\u00e4ljent\u00e4\u00e4 ilman konsortion etuk\u00e4teen antamaa kirjallista suostumusta.<\/p><p>Ellei sovellettavassa tekij\u00e4noikeuslaissa toisin sallita, et saa j\u00e4ljent\u00e4\u00e4 tai v\u00e4litt\u00e4\u00e4 mit\u00e4\u00e4n t\u00e4m\u00e4n sivuston sis\u00e4lt\u00f6\u00e4, mukaan lukien t\u00e4lt\u00e4 sivustolta ladattavat tiedostot, ilman tekij\u00e4noikeuden omistajan kirjallista lupaa.<\/p>\t\t\t\t\t\t\t\t<\/div>\n\t\t\t\t<\/div>\n\t\t\t\t<div class=\"elementor-element elementor-element-21ba3cf elementor-widget elementor-widget-heading\" data-id=\"21ba3cf\" data-element_type=\"widget\" data-e-type=\"widget\" data-widget_type=\"heading.default\">\n\t\t\t\t<div class=\"elementor-widget-container\">\n\t\t\t\t\t<h4 class=\"elementor-heading-title elementor-size-default\">5. TRADEMARKS, TRADE NAMES JA LOGOS<\/h4>\t\t\t\t<\/div>\n\t\t\t\t<\/div>\n\t\t\t\t<div class=\"elementor-element elementor-element-71b6360 elementor-widget elementor-widget-text-editor\" data-id=\"71b6360\" data-element_type=\"widget\" data-e-type=\"widget\" data-widget_type=\"text-editor.default\">\n\t\t\t\t<div class=\"elementor-widget-container\">\n\t\t\t\t\t\t\t\t\tKaikki verkkosivustolla esiintyv\u00e4t tavaramerkit, kauppanimet ja logot ovat omistajiensa omaisuutta, ja niit\u00e4 suojaavat kansainv\u00e4liset tekij\u00e4noikeus- ja tavaramerkkilait. Sitoudut olemaan loukkaamatta tai halventamatta Projektia ja kaikkia tavaramerkkej\u00e4, kauppanimi\u00e4 tai logoja, jotka sis\u00e4ltyv\u00e4t Verkkosivustoon tai Materiaaliin. Kaikkien verkkosivustolla esiintyvien tavaramerkkien, kauppanimien ja logojen k\u00e4ytt\u00f6 ilman tavaramerkin tai nimen tai logon omistajan nimenomaista kirjallista suostumusta on ehdottomasti kielletty.\t\t\t\t\t\t\t\t<\/div>\n\t\t\t\t<\/div>\n\t\t\t\t<div class=\"elementor-element elementor-element-4ca326f elementor-widget elementor-widget-heading\" data-id=\"4ca326f\" data-element_type=\"widget\" data-e-type=\"widget\" data-widget_type=\"heading.default\">\n\t\t\t\t<div class=\"elementor-widget-container\">\n\t\t\t\t\t<h4 class=\"elementor-heading-title elementor-size-default\">6. Lisenssi sinulle<\/h4>\t\t\t\t<\/div>\n\t\t\t\t<\/div>\n\t\t\t\t<div class=\"elementor-element elementor-element-37a315c elementor-widget elementor-widget-text-editor\" data-id=\"37a315c\" data-element_type=\"widget\" data-e-type=\"widget\" data-widget_type=\"text-editor.default\">\n\t\t\t\t<div class=\"elementor-widget-container\">\n\t\t\t\t\t\t\t\t\t<p>Konsortio my\u00f6nt\u00e4\u00e4 sinulle henkil\u00f6kohtaisen, maailmanlaajuisen, ei-siirrett\u00e4v\u00e4n, rojaltivapaan ja ei-yksinomaisen lisenssin k\u00e4ytt\u00e4\u00e4 verkkosivustoa vain, jotta voit k\u00e4ytt\u00e4\u00e4 ja nauttia verkkosivuston ja materiaalien eduista n\u00e4iden k\u00e4ytt\u00f6ehtojen sallimalla tavalla. Et saa (etk\u00e4 saa sallia kenenk\u00e4\u00e4n muun) kopioida, takaisinmallintaa, luoda johdannaista ty\u00f6t\u00e4 tai purkaa tai muulla tavoin yritt\u00e4\u00e4 purkaa verkkosivuston tai sen osan l\u00e4hdekoodia, ellei laki nimenomaisesti salli tai vaadi sit\u00e4 tai ellei verkkosivuston hallinnoija ole nimenomaisesti sallinut sit\u00e4. Ellei sivuston yll\u00e4pit\u00e4j\u00e4 ole antanut sinulle kirjallista lupaa tehd\u00e4 niin, et saa<\/p><ul><li>luovuttaa (tai my\u00f6nt\u00e4\u00e4 alilisenssej\u00e4) oikeutesi k\u00e4ytt\u00e4\u00e4 verkkosivustoa tai materiaaleja,<\/li><li>my\u00f6nn\u00e4 turvallisuusetua tai oikeuksiasi k\u00e4ytt\u00e4\u00e4 verkkosivustoa tai materiaaleja tai muulla tavoin siirr\u00e4 mit\u00e4\u00e4n oikeuksiasi k\u00e4ytt\u00e4\u00e4 niit\u00e4.<\/li><\/ul>\t\t\t\t\t\t\t\t<\/div>\n\t\t\t\t<\/div>\n\t\t\t\t<div class=\"elementor-element elementor-element-1251413 elementor-widget elementor-widget-heading\" data-id=\"1251413\" data-element_type=\"widget\" data-e-type=\"widget\" data-widget_type=\"heading.default\">\n\t\t\t\t<div class=\"elementor-widget-container\">\n\t\t\t\t\t<h4 class=\"elementor-heading-title elementor-size-default\">7. Linkit muille Internet-sivustoille<\/h4>\t\t\t\t<\/div>\n\t\t\t\t<\/div>\n\t\t\t\t<div class=\"elementor-element elementor-element-b5adf43 elementor-widget elementor-widget-text-editor\" data-id=\"b5adf43\" data-element_type=\"widget\" data-e-type=\"widget\" data-widget_type=\"text-editor.default\">\n\t\t\t\t<div class=\"elementor-widget-container\">\n\t\t\t\t\t\t\t\t\tVerkkosivusto voi sis\u00e4lt\u00e4\u00e4 linkkej\u00e4 muille verkkosivustoille ja palveluihin, joita kolmannet osapuolet tai niiden tyt\u00e4ryhti\u00f6t yll\u00e4pit\u00e4v\u00e4t ja yll\u00e4pit\u00e4v\u00e4t. Ymm\u00e4rr\u00e4t ja hyv\u00e4ksyt, ett\u00e4 verkkosivuston hallinnoija ei ole suoraan tai v\u00e4lillisesti vastuussa mist\u00e4\u00e4n vahingoista tai menetyksist\u00e4, jotka aiheutuvat tai v\u00e4itet\u00e4\u00e4n aiheutuneen t\u00e4llaisten muiden sivustojen sis\u00e4ll\u00f6n, tuotteiden tai palvelujen k\u00e4yt\u00f6st\u00e4 tai niihin luottamisesta.\n\t\t\t\t\t\t\t\t<\/div>\n\t\t\t\t<\/div>\n\t\t\t\t<div class=\"elementor-element elementor-element-61d5e43 elementor-widget elementor-widget-heading\" data-id=\"61d5e43\" data-element_type=\"widget\" data-e-type=\"widget\" data-widget_type=\"heading.default\">\n\t\t\t\t<div class=\"elementor-widget-container\">\n\t\t\t\t\t<h4 class=\"elementor-heading-title elementor-size-default\">8. Muutokset<\/h4>\t\t\t\t<\/div>\n\t\t\t\t<\/div>\n\t\t\t\t<div class=\"elementor-element elementor-element-e547e4a elementor-widget elementor-widget-text-editor\" data-id=\"e547e4a\" data-element_type=\"widget\" data-e-type=\"widget\" data-widget_type=\"text-editor.default\">\n\t\t\t\t<div class=\"elementor-widget-container\">\n\t\t\t\t\t\t\t\t\tVerkkosivuston hallinnoija pid\u00e4tt\u00e4\u00e4 oikeuden muuttaa, keskeytt\u00e4\u00e4 tai lopettaa mink\u00e4 tahansa verkkosivuston ja materiaalien osan milloin tahansa, ilmoittamalla tai ilman ilmoitusta. Verkkosivuston hallinnoija pid\u00e4tt\u00e4\u00e4 oikeuden muuttaa mit\u00e4 tahansa n\u00e4iden k\u00e4ytt\u00f6ehtojen osaa milloin tahansa. Kaikki muutokset tulevat voimaan, kun ne julkaistaan verkkosivustolla. Sitoudut tarkistamaan n\u00e4m\u00e4 k\u00e4ytt\u00f6ehdot s\u00e4\u00e4nn\u00f6llisesti, jotta olet tietoinen t\u00e4llaisista muutoksista. Jos jatkat verkkosivuston k\u00e4ytt\u00f6\u00e4 sen j\u00e4lkeen, kun t\u00e4llaiset muutokset on julkaistu, katsotaan, ett\u00e4 hyv\u00e4ksyt kaikki k\u00e4ytt\u00f6ehtoihin tehdyt muutokset. Jos et hyv\u00e4ksy k\u00e4ytt\u00f6ehtoja, sinun on v\u00e4litt\u00f6m\u00e4sti lopetettava verkkosivuston k\u00e4ytt\u00f6. Hyv\u00e4ksyt, ett\u00e4 edell\u00e4 mainittu muutosilmoituksia koskeva standardi on kohtuullinen.\n\t\t\t\t\t\t\t\t<\/div>\n\t\t\t\t<\/div>\n\t\t\t\t<div class=\"elementor-element elementor-element-638682a elementor-widget elementor-widget-heading\" data-id=\"638682a\" data-element_type=\"widget\" data-e-type=\"widget\" data-widget_type=\"heading.default\">\n\t\t\t\t<div class=\"elementor-widget-container\">\n\t\t\t\t\t<h4 class=\"elementor-heading-title elementor-size-default\">9. Vastuun rajoittaminen<\/h4>\t\t\t\t<\/div>\n\t\t\t\t<\/div>\n\t\t\t\t<div class=\"elementor-element elementor-element-c2a7c6a elementor-widget elementor-widget-text-editor\" data-id=\"c2a7c6a\" data-element_type=\"widget\" data-e-type=\"widget\" data-widget_type=\"text-editor.default\">\n\t\t\t\t<div class=\"elementor-widget-container\">\n\t\t\t\t\t\t\t\t\tVerkkosivuston hallinnoija ei ole vastuussa mist\u00e4\u00e4n suorista, ep\u00e4suorista, satunnaisista tai v\u00e4lillisist\u00e4 vahingoista, jotka voivat johtua siit\u00e4, ett\u00e4 k\u00e4ytt\u00e4j\u00e4t k\u00e4ytt\u00e4v\u00e4t verkkosivustoa v\u00e4\u00e4rin, tai mist\u00e4\u00e4n virheist\u00e4, vioista, puutteista tai viiv\u00e4styksist\u00e4 verkkosivuston toiminnassa tai tietojen siirt\u00e4misess\u00e4 Internetiss\u00e4 t\u00e4m\u00e4n verkkosivuston kautta.\n\t\t\t\t\t\t\t\t<\/div>\n\t\t\t\t<\/div>\n\t\t\t\t<div class=\"elementor-element elementor-element-f4d303c elementor-widget elementor-widget-heading\" data-id=\"f4d303c\" data-element_type=\"widget\" data-e-type=\"widget\" data-widget_type=\"heading.default\">\n\t\t\t\t<div class=\"elementor-widget-container\">\n\t\t\t\t\t<h4 class=\"elementor-heading-title elementor-size-default\">10. Toimivalta<\/h4>\t\t\t\t<\/div>\n\t\t\t\t<\/div>\n\t\t\t\t<div class=\"elementor-element elementor-element-c70fafa elementor-widget elementor-widget-text-editor\" data-id=\"c70fafa\" data-element_type=\"widget\" data-e-type=\"widget\" data-widget_type=\"text-editor.default\">\n\t\t\t\t<div class=\"elementor-widget-container\">\n\t\t\t\t\t\t\t\t\tK\u00e4ytt\u00e4m\u00e4ll\u00e4 t\u00e4t\u00e4 verkkosivustoa ja Aineistoa hyv\u00e4ksyt, ett\u00e4 kaikkiin niihin p\u00e4\u00e4syyn tai niiden k\u00e4ytt\u00f6\u00f6n liittyviin asioihin sovelletaan Irlannin ja Euroopan unionin s\u00e4\u00e4d\u00f6ksi\u00e4 ja lakeja niiden lainvalintaperiaatteita kunnioittamatta. Kaikki t\u00e4m\u00e4n verkkosivuston k\u00e4yt\u00f6st\u00e4 aiheutuvat riidat kuuluvat Irlannin Dublinin tuomioistuinten yksinomaiseen toimivaltaan.\n\t\t\t\t\t\t\t\t<\/div>\n\t\t\t\t<\/div>\n\t\t\t\t<div class=\"elementor-element elementor-element-6f17ea8 elementor-widget elementor-widget-heading\" data-id=\"6f17ea8\" data-element_type=\"widget\" data-e-type=\"widget\" data-widget_type=\"heading.default\">\n\t\t\t\t<div class=\"elementor-widget-container\">\n\t\t\t\t\t<h4 class=\"elementor-heading-title elementor-size-default\">11. YLEIST\u00c4<\/h4>\t\t\t\t<\/div>\n\t\t\t\t<\/div>\n\t\t\t\t<div class=\"elementor-element elementor-element-4d1604d elementor-widget elementor-widget-text-editor\" data-id=\"4d1604d\" data-element_type=\"widget\" data-e-type=\"widget\" data-widget_type=\"text-editor.default\">\n\t\t\t\t<div class=\"elementor-widget-container\">\n\t\t\t\t\t\t\t\t\t<p>N\u00e4ihin k\u00e4ytt\u00f6ehtoihin sovelletaan ja niit\u00e4 tulkitaan Irlannin lakien mukaisesti ottamatta huomioon sen lainvalintaperiaatteita. Verkkosivuston hallinnoijan n\u00e4iden k\u00e4ytt\u00f6ehtojen noudattamiseen sovelletaan voimassa olevia lakeja ja oikeudellisia menettelyj\u00e4, eik\u00e4 mik\u00e4\u00e4n n\u00e4ihin k\u00e4ytt\u00f6ehtoihin sis\u00e4ltyv\u00e4 poikkea koordinaattorin oikeudesta noudattaa lainvalvontaviranomaisten pyynt\u00f6j\u00e4 tai vaatimuksia, jotka liittyv\u00e4t verkkosivuston k\u00e4ytt\u00f6\u00f6si tai verkkosivuston hallinnoijan toimittamiin tai ker\u00e4\u00e4miin tietoihin t\u00e4llaisesta k\u00e4yt\u00f6st\u00e4. Jos jokin n\u00e4iden k\u00e4ytt\u00f6ehtojen m\u00e4\u00e4r\u00e4ys on laiton, mit\u00e4t\u00f6n tai jostain syyst\u00e4 t\u00e4yt\u00e4nt\u00f6\u00f6npanokelvoton, kyseinen m\u00e4\u00e4r\u00e4ys katsotaan erotettavissa n\u00e4ist\u00e4 k\u00e4ytt\u00f6ehdoista, eik\u00e4 se vaikuta muiden m\u00e4\u00e4r\u00e4ysten p\u00e4tevyyteen ja t\u00e4yt\u00e4nt\u00f6\u00f6npanokelpoisuuteen. N\u00e4m\u00e4 k\u00e4ytt\u00f6ehdot muodostavat osapuolten v\u00e4lisen koko sopimuksen, joka liittyy t\u00e4h\u00e4n aiheeseen, ja korvaavat kaikki aiemmat tai samanaikaiset suulliset tai kirjalliset viestit.<\/p>\t\t\t\t\t\t\t\t<\/div>\n\t\t\t\t<\/div>\n\t\t\t\t\t<\/div>\n\t\t\t\t<\/div>\n\t\t\t\t<\/div>","protected":false},"excerpt":{"rendered":"<p>K\u00e4ytt\u00f6ehdot Tervetuloa verkkosivustollemme.K\u00e4ytt\u00f6\u00f6si ja t\u00e4m\u00e4n verkkosivuston k\u00e4ytt\u00f6\u00f6n sovelletaan n\u00e4it\u00e4 verkkosivuston k\u00e4ytt\u00f6ehtoja. Lue ne huolellisesti ennen t\u00e4m\u00e4n verkkosivuston avaamista tai k\u00e4ytt\u00e4mist\u00e4. 1. M\u00c4\u00c4RITELM\u00c4T AI4Debunk (osallistavat teko\u00e4lypohjaiset ty\u00f6kalut kansalaisten luotettavan verkkotoiminnan tukemiseksi ja disinformaation kumoamiseksi), j\u00e4ljemp\u00e4n\u00e4 \u2019hanke\u2019, on [\u2026]<\/p>","protected":false},"author":6,"featured_media":0,"parent":0,"menu_order":0,"comment_status":"closed","ping_status":"closed","template":"","meta":{"_acf_changed":false,"footnotes":""},"class_list":["post-209","page","type-page","status-publish","hentry"],"acf":[],"_links":{"self":[{"href":"https:\/\/ai4debunk.eu\/fi\/wp-json\/wp\/v2\/pages\/209","targetHints":{"allow":["GET"]}}],"collection":[{"href":"https:\/\/ai4debunk.eu\/fi\/wp-json\/wp\/v2\/pages"}],"about":[{"href":"https:\/\/ai4debunk.eu\/fi\/wp-json\/wp\/v2\/types\/page"}],"author":[{"embeddable":true,"href":"https:\/\/ai4debunk.eu\/fi\/wp-json\/wp\/v2\/users\/6"}],"replies":[{"embeddable":true,"href":"https:\/\/ai4debunk.eu\/fi\/wp-json\/wp\/v2\/comments?post=209"}],"version-history":[{"count":5,"href":"https:\/\/ai4debunk.eu\/fi\/wp-json\/wp\/v2\/pages\/209\/revisions"}],"predecessor-version":[{"id":2187,"href":"https:\/\/ai4debunk.eu\/fi\/wp-json\/wp\/v2\/pages\/209\/revisions\/2187"}],"wp:attachment":[{"href":"https:\/\/ai4debunk.eu\/fi\/wp-json\/wp\/v2\/media?parent=209"}],"curies":[{"name":"wp","href":"https:\/\/api.w.org\/{rel}","templated":true}]}}