{"id":209,"date":"2024-03-05T16:33:00","date_gmt":"2024-03-05T16:33:00","guid":{"rendered":"https:\/\/ai4debunk.eu\/?page_id=209"},"modified":"2024-09-19T15:01:38","modified_gmt":"2024-09-19T15:01:38","slug":"terms-of-use","status":"publish","type":"page","link":"https:\/\/ai4debunk.eu\/fr\/terms-of-use\/","title":{"rendered":"Conditions d'utilisation"},"content":{"rendered":"<div data-elementor-type=\"wp-page\" data-elementor-id=\"209\" class=\"elementor elementor-209\" data-elementor-post-type=\"page\">\n\t\t\t\t<div class=\"elementor-element elementor-element-89ce4c8 e-flex e-con-boxed e-con e-parent\" data-id=\"89ce4c8\" data-element_type=\"container\" data-e-type=\"container\">\n\t\t\t\t\t<div class=\"e-con-inner\">\n\t\t\t\t<div class=\"elementor-element elementor-element-c470af8 elementor-widget elementor-widget-heading\" data-id=\"c470af8\" data-element_type=\"widget\" data-e-type=\"widget\" data-widget_type=\"heading.default\">\n\t\t\t\t<div class=\"elementor-widget-container\">\n\t\t\t\t\t<h1 class=\"elementor-heading-title elementor-size-default\">Conditions d'utilisation\n<\/h1>\t\t\t\t<\/div>\n\t\t\t\t<\/div>\n\t\t\t\t<div class=\"elementor-element elementor-element-9834e64 elementor-widget elementor-widget-text-editor\" data-id=\"9834e64\" data-element_type=\"widget\" data-e-type=\"widget\" data-widget_type=\"text-editor.default\">\n\t\t\t\t<div class=\"elementor-widget-container\">\n\t\t\t\t\t\t\t\t\t<p>Bienvenue sur notre site Web.<br \/>Votre acc\u00e8s et votre utilisation de ce site Web sont soumis aux pr\u00e9sentes conditions d'utilisation du site Web. Veuillez les lire attentivement avant d'acc\u00e9der ou d'utiliser ce site Web.<\/p>\t\t\t\t\t\t\t\t<\/div>\n\t\t\t\t<\/div>\n\t\t\t\t<div class=\"elementor-element elementor-element-112fa17 elementor-widget elementor-widget-heading\" data-id=\"112fa17\" data-element_type=\"widget\" data-e-type=\"widget\" data-widget_type=\"heading.default\">\n\t\t\t\t<div class=\"elementor-widget-container\">\n\t\t\t\t\t<h4 class=\"elementor-heading-title elementor-size-default\">1. D\u00c9FINITIONS<\/h4>\t\t\t\t<\/div>\n\t\t\t\t<\/div>\n\t\t\t\t<div class=\"elementor-element elementor-element-e1cdef7 elementor-widget elementor-widget-text-editor\" data-id=\"e1cdef7\" data-element_type=\"widget\" data-e-type=\"widget\" data-widget_type=\"text-editor.default\">\n\t\t\t\t<div class=\"elementor-widget-container\">\n\t\t\t\t\t\t\t\t\t<p>AI4Debunk (Participative Assistive AI-powered Tools for Supporting Trustworthy Online Activity of Citizens and Debunking Disinformation), ci-apr\u00e8s d\u00e9nomm\u00e9 \u00abLe projet\u00bb, est un projet d\u2019analyse d\u2019impact de 48 mois qui aborde le sujet HORIZON-CL4-2023-HUMAN-01-CNECT.<\/p><p>Le terme \u00abconsortium\u00bb d\u00e9signe tous les signataires, autres que la Commission europ\u00e9enne, de la convention de subvention 101135757, qui peuvent d\u00e9tenir des droits de propri\u00e9t\u00e9 intellectuelle uniques ou conjoints en ce qui concerne les r\u00e9sultats du projet.<\/p><p>Le terme \u00abmat\u00e9riaux\u00bb d\u00e9signe l\u2019ensemble des informations, contenus, donn\u00e9es, documents (livres blancs, brochures, fiches techniques, FAQ, mod\u00e8les, communiqu\u00e9s de presse, etc.), t\u00e9l\u00e9chargements, fichiers, textes, images, photographies, graphiques, vid\u00e9os, webcasts, publications, outils, ressources, logiciels, codes, programmes, applications et produits mis \u00e0 disposition ou activ\u00e9s via le site web.<\/p><p>Le terme \u00abgestionnaire de site web\u00bb, autrement d\u00e9sign\u00e9 par \u00abnous\u00bb ou \u00abnous\u00bb, d\u00e9signe l\u2019entit\u00e9 responsable de la cr\u00e9ation et de la gestion du site web. <a href=\"https:\/\/ai4debunk.eu\/fr\/\"><span style=\"color: #ae46ff;\">https:\/\/ai4debunk.eu<\/span><\/a> (ci-apr\u00e8s d\u00e9nomm\u00e9s collectivement le \u00ab site Internet \u00bb), afin de fournir des informations \u00e0 ses utilisateurs. Le contrat de subvention 101135757 attribue \u00e0 F6S Network Ireland Limited (<span style=\"color: #ae46ff;\"><a style=\"color: #ae46ff;\" href=\"http:\/\/www.f6s.com\" target=\"_blank\" rel=\"noopener\">www.f6s.com<\/a><\/span>) le r\u00f4le de gestionnaire du site Web, donc F6S Network Ireland Limited est le responsable du traitement des donn\u00e9es du site Web.<\/p><p>Le terme \u00abvous\u00bb d\u00e9signe le visiteur de notre site web.<\/p>\t\t\t\t\t\t\t\t<\/div>\n\t\t\t\t<\/div>\n\t\t\t\t<div class=\"elementor-element elementor-element-65a84db elementor-widget elementor-widget-heading\" data-id=\"65a84db\" data-element_type=\"widget\" data-e-type=\"widget\" data-widget_type=\"heading.default\">\n\t\t\t\t<div class=\"elementor-widget-container\">\n\t\t\t\t\t<h4 class=\"elementor-heading-title elementor-size-default\">2. CHAMP D'APPLICATION<\/h4>\t\t\t\t<\/div>\n\t\t\t\t<\/div>\n\t\t\t\t<div class=\"elementor-element elementor-element-b717931 elementor-widget elementor-widget-text-editor\" data-id=\"b717931\" data-element_type=\"widget\" data-e-type=\"widget\" data-widget_type=\"text-editor.default\">\n\t\t\t\t<div class=\"elementor-widget-container\">\n\t\t\t\t\t\t\t\t\tLes pr\u00e9sentes conditions d\u2019utilisation du site web (ci-apr\u00e8s les \u00abconditions\u00bb ou les \u00abconditions d\u2019utilisation du site web\u00bb) r\u00e9gissent votre utilisation de ce site web, y compris toutes les pages de ce site web. Les pr\u00e9sentes Conditions s'appliquent de plein droit \u00e0 votre utilisation de ce Site Web et, en utilisant ce Site Web, vous acceptez express\u00e9ment l'ensemble des conditions contenues dans les pr\u00e9sentes. Vous ne devez pas utiliser ce site Web, si vous avez une objection \u00e0 l'un de ces Termes et Conditions du site Web.\n\t\t\t\t\t\t\t\t<\/div>\n\t\t\t\t<\/div>\n\t\t\t\t<div class=\"elementor-element elementor-element-827f9c4 elementor-widget elementor-widget-heading\" data-id=\"827f9c4\" data-element_type=\"widget\" data-e-type=\"widget\" data-widget_type=\"heading.default\">\n\t\t\t\t<div class=\"elementor-widget-container\">\n\t\t\t\t\t<h4 class=\"elementor-heading-title elementor-size-default\">3. VOTRE UTILISATION DU SITE WEB<\/h4>\t\t\t\t<\/div>\n\t\t\t\t<\/div>\n\t\t\t\t<div class=\"elementor-element elementor-element-ee7b3ce elementor-widget elementor-widget-text-editor\" data-id=\"ee7b3ce\" data-element_type=\"widget\" data-e-type=\"widget\" data-widget_type=\"text-editor.default\">\n\t\t\t\t<div class=\"elementor-widget-container\">\n\t\t\t\t\t\t\t\t\t<p>Vous acceptez d'utiliser le site Web et son contenu uniquement \u00e0 des fins autoris\u00e9es par les Conditions d'utilisation et toute loi, r\u00e9glementation ou pratique ou ligne directrice g\u00e9n\u00e9ralement accept\u00e9e dans les juridictions concern\u00e9es.<\/p><p>Vous acceptez sp\u00e9cifiquement de ne pas acc\u00e9der (ou tenter d'acc\u00e9der) \u00e0 l'un des Documents, par tout moyen automatis\u00e9 (y compris l'utilisation de scripts ou de robots d'exploration Web), ou par piratage, extraction de mots de passe ou d'autres moyens. Vous acceptez de ne pas vous engager dans une activit\u00e9 qui interf\u00e8re avec ou perturbe le site Web (ou les serveurs et les r\u00e9seaux, qui sont connect\u00e9s ou accessibles via le site Web).<br \/>Vous acceptez \u00e9galement d'utiliser les fonctionnalit\u00e9s disponibles sur le site Web uniquement pour acc\u00e9der, t\u00e9l\u00e9charger, utiliser, poster, envoyer ou recevoir du mat\u00e9riel d'une mani\u00e8re appropri\u00e9e.<\/p><p>Vous pouvez consulter, t\u00e9l\u00e9charger \u00e0 des fins de mise en cache uniquement et imprimer du mat\u00e9riel \u00e0 partir du site Web pour votre usage personnel, sous r\u00e9serve des restrictions \u00e9nonc\u00e9es ci-dessous et ailleurs dans les pr\u00e9sentes conditions g\u00e9n\u00e9rales.<\/p><p>Vous ne devez pas utiliser ce site Web pour copier, stocker, h\u00e9berger, transmettre, envoyer, utiliser, publier ou distribuer tout mat\u00e9riel, qui consiste en (ou est li\u00e9 \u00e0) tout logiciel espion, virus informatique, cheval de Troie, ver, enregistreur de frappe, rootkit ou autre logiciel informatique malveillant. Vous ne devez pas mener d\u2019activit\u00e9s de collecte de donn\u00e9es syst\u00e9matiques ou automatis\u00e9es (y compris, sans s\u2019y limiter, le grattage, l\u2019exploration de donn\u00e9es, l\u2019extraction de donn\u00e9es et la collecte de donn\u00e9es) sur ou en relation avec ce site web sans le consentement \u00e9crit expr\u00e8s du gestionnaire du site web. Vous acceptez \u00e9galement de ne pas utiliser tout mat\u00e9riel d'une mani\u00e8re qui enfreint les droits de propri\u00e9t\u00e9 intellectuelle ou les droits d'une partie, de ne pas reproduire ou utiliser dans d'autres publications \u00e9lectroniques ou imprim\u00e9es. Le graphisme ainsi que la conception technique et tous les contacts ainsi que les images utilis\u00e9s dans cette pr\u00e9sentation en ligne sont prot\u00e9g\u00e9s par le droit d'auteur.<\/p><p>Vous acceptez \u00e9galement de ne pas utiliser le nom de domaine du site web comme adresse \u00e9lectronique de retour pseudonyme; ne pas perturber, interf\u00e9rer ou emp\u00eacher tout autre utilisateur d'utiliser et de profiter du site Web ou d'autres sites affili\u00e9s ou li\u00e9s, ou du mat\u00e9riel; et de ne pas utiliser tout mat\u00e9riel d'une mani\u00e8re qui enfreint les droits de propri\u00e9t\u00e9 intellectuelle ou les droits d'une partie;<\/p>\t\t\t\t\t\t\t\t<\/div>\n\t\t\t\t<\/div>\n\t\t\t\t<div class=\"elementor-element elementor-element-94c704a elementor-widget elementor-widget-heading\" data-id=\"94c704a\" data-element_type=\"widget\" data-e-type=\"widget\" data-widget_type=\"heading.default\">\n\t\t\t\t<div class=\"elementor-widget-container\">\n\t\t\t\t\t<h4 class=\"elementor-heading-title elementor-size-default\">4. DROIT D'AUTEUR ET DROITS DE PROPRI\u00c9T\u00c9 INTELLECTUELLE<\/h4>\t\t\t\t<\/div>\n\t\t\t\t<\/div>\n\t\t\t\t<div class=\"elementor-element elementor-element-cbe98bf elementor-widget elementor-widget-text-editor\" data-id=\"cbe98bf\" data-element_type=\"widget\" data-e-type=\"widget\" data-widget_type=\"text-editor.default\">\n\t\t\t\t<div class=\"elementor-widget-container\">\n\t\t\t\t\t\t\t\t\t<p>Outre le contenu que vous poss\u00e9dez, que vous avez peut-\u00eatre choisi d'inclure sur ce site Web, en vertu des pr\u00e9sentes Conditions, le Consortium et \/ ou ses conc\u00e9dants de licence poss\u00e8dent tous les droits sur le mat\u00e9riel de propri\u00e9t\u00e9 intellectuelle contenu dans ce site Web, et tous ces droits sont r\u00e9serv\u00e9s. Le Consortium autorise les utilisateurs \u00e0 copier et imprimer des extraits ou des documents de ce site Web uniquement pour un usage personnel et non commercial, \u00e9tant entendu que toute copie ou tout extrait desdits documents ou pages obtenus conserve tous les droits de propri\u00e9t\u00e9 intellectuelle ou autres avis de propri\u00e9t\u00e9, y compris toutes les exclusions de responsabilit\u00e9 qu'ils contiennent. Le logo du projet ne peut \u00eatre utilis\u00e9 ou reproduit sans l\u2019accord \u00e9crit pr\u00e9alable du consortium.<\/p><p>Sauf dans la mesure permise par la loi sur le droit d'auteur applicable, vous ne pouvez pas reproduire ou communiquer le contenu de ce site, y compris les fichiers t\u00e9l\u00e9chargeables \u00e0 partir de ce site, sans l'autorisation \u00e9crite du titulaire du droit d'auteur.<\/p>\t\t\t\t\t\t\t\t<\/div>\n\t\t\t\t<\/div>\n\t\t\t\t<div class=\"elementor-element elementor-element-21ba3cf elementor-widget elementor-widget-heading\" data-id=\"21ba3cf\" data-element_type=\"widget\" data-e-type=\"widget\" data-widget_type=\"heading.default\">\n\t\t\t\t<div class=\"elementor-widget-container\">\n\t\t\t\t\t<h4 class=\"elementor-heading-title elementor-size-default\">5. MARQUES, NOMS ET LOGOS COMMERCIAUX<\/h4>\t\t\t\t<\/div>\n\t\t\t\t<\/div>\n\t\t\t\t<div class=\"elementor-element elementor-element-71b6360 elementor-widget elementor-widget-text-editor\" data-id=\"71b6360\" data-element_type=\"widget\" data-e-type=\"widget\" data-widget_type=\"text-editor.default\">\n\t\t\t\t<div class=\"elementor-widget-container\">\n\t\t\t\t\t\t\t\t\tToutes les marques de commerce, noms commerciaux et logos figurant sur le site Web sont la propri\u00e9t\u00e9 de leurs propri\u00e9taires respectifs et sont prot\u00e9g\u00e9s par les lois internationales sur les droits d'auteur et les marques de commerce. Vous acceptez de ne pas diffamer ou d\u00e9nigrer le projet et toutes les marques de commerce, noms commerciaux ou logos inclus dans le site Web ou dans le mat\u00e9riel. Toute utilisation des marques de commerce, des noms commerciaux et des logos apparaissant sur le site Web sans le consentement \u00e9crit expr\u00e8s du propri\u00e9taire de la marque de commerce ou du nom ou du logo, selon le cas, est strictement interdite.\t\t\t\t\t\t\t\t<\/div>\n\t\t\t\t<\/div>\n\t\t\t\t<div class=\"elementor-element elementor-element-4ca326f elementor-widget elementor-widget-heading\" data-id=\"4ca326f\" data-element_type=\"widget\" data-e-type=\"widget\" data-widget_type=\"heading.default\">\n\t\t\t\t<div class=\"elementor-widget-container\">\n\t\t\t\t\t<h4 class=\"elementor-heading-title elementor-size-default\">6. LICENCE \u00c0 VOUS<\/h4>\t\t\t\t<\/div>\n\t\t\t\t<\/div>\n\t\t\t\t<div class=\"elementor-element elementor-element-37a315c elementor-widget elementor-widget-text-editor\" data-id=\"37a315c\" data-element_type=\"widget\" data-e-type=\"widget\" data-widget_type=\"text-editor.default\">\n\t\t\t\t<div class=\"elementor-widget-container\">\n\t\t\t\t\t\t\t\t\t<p>Le Consortium vous accorde une licence personnelle, mondiale, non cessible, libre de redevance et non exclusive pour utiliser le site Web uniquement dans le but de vous permettre d'utiliser et de profiter du site Web et du mat\u00e9riel, de la mani\u00e8re permise par les pr\u00e9sentes conditions d'utilisation. Vous ne pouvez pas (et vous ne pouvez permettre \u00e0 personne d'autre) copier, d\u00e9sosser, cr\u00e9er une \u0153uvre d\u00e9riv\u00e9e, d\u00e9compiler ou tenter d'extraire le code source du site Web ou de toute partie de celui-ci, \u00e0 moins que cela ne soit express\u00e9ment autoris\u00e9 ou requis par la loi, ou \u00e0 moins que vous n'ayez \u00e9t\u00e9 sp\u00e9cifiquement autoris\u00e9 \u00e0 le faire par le gestionnaire du site Web. \u00c0 moins que le gestionnaire du site Web ne vous ait donn\u00e9 l'autorisation \u00e9crite de le faire, vous ne pouvez pas<\/p><ul><li>c\u00e9der (ou conc\u00e9der une sous-licence de) vos droits d'utilisation du site Web ou du mat\u00e9riel,<\/li><li>accorder une s\u00fbret\u00e9 sur ou sur vos droits d'utiliser le site Web ou le mat\u00e9riel, ou autrement transf\u00e9rer l'un de vos droits de les utiliser.<\/li><\/ul>\t\t\t\t\t\t\t\t<\/div>\n\t\t\t\t<\/div>\n\t\t\t\t<div class=\"elementor-element elementor-element-1251413 elementor-widget elementor-widget-heading\" data-id=\"1251413\" data-element_type=\"widget\" data-e-type=\"widget\" data-widget_type=\"heading.default\">\n\t\t\t\t<div class=\"elementor-widget-container\">\n\t\t\t\t\t<h4 class=\"elementor-heading-title elementor-size-default\">7. LIENS \u00c0 D'AUTRES SITES INTERNET<\/h4>\t\t\t\t<\/div>\n\t\t\t\t<\/div>\n\t\t\t\t<div class=\"elementor-element elementor-element-b5adf43 elementor-widget elementor-widget-text-editor\" data-id=\"b5adf43\" data-element_type=\"widget\" data-e-type=\"widget\" data-widget_type=\"text-editor.default\">\n\t\t\t\t<div class=\"elementor-widget-container\">\n\t\t\t\t\t\t\t\t\tLe site Web peut contenir des liens vers d'autres sites Internet et services exploit\u00e9s et maintenus par des tiers ou ses soci\u00e9t\u00e9s affili\u00e9es. Vous reconnaissez, comprenez et acceptez que le gestionnaire du site Web ne sera pas responsable, directement ou indirectement, de tout dommage ou perte caus\u00e9 ou pr\u00e9tendument caus\u00e9 par ou en relation avec l'utilisation ou le recours \u00e0 de tels contenus, produits ou services disponibles sur ces autres sites.\n\t\t\t\t\t\t\t\t<\/div>\n\t\t\t\t<\/div>\n\t\t\t\t<div class=\"elementor-element elementor-element-61d5e43 elementor-widget elementor-widget-heading\" data-id=\"61d5e43\" data-element_type=\"widget\" data-e-type=\"widget\" data-widget_type=\"heading.default\">\n\t\t\t\t<div class=\"elementor-widget-container\">\n\t\t\t\t\t<h4 class=\"elementor-heading-title elementor-size-default\">8. MODIFICATIONS<\/h4>\t\t\t\t<\/div>\n\t\t\t\t<\/div>\n\t\t\t\t<div class=\"elementor-element elementor-element-e547e4a elementor-widget elementor-widget-text-editor\" data-id=\"e547e4a\" data-element_type=\"widget\" data-e-type=\"widget\" data-widget_type=\"text-editor.default\">\n\t\t\t\t<div class=\"elementor-widget-container\">\n\t\t\t\t\t\t\t\t\tLe gestionnaire du site Web se r\u00e9serve le droit de modifier, suspendre ou interrompre toute partie du site Web et du mat\u00e9riel \u00e0 tout moment, avec ou sans pr\u00e9avis. Le gestionnaire du site Web se r\u00e9serve le droit de modifier toute partie des pr\u00e9sentes conditions d'utilisation \u00e0 tout moment. Toute modification entrera en vigueur d\u00e8s sa publication sur le site Web. Vous acceptez de consulter ces Conditions d'utilisation p\u00e9riodiquement afin d'\u00eatre au courant de ces modifications. Votre utilisation continue du site Web apr\u00e8s la publication de telles modifications sera consid\u00e9r\u00e9e comme votre acceptation de toute modification des conditions d'utilisation. Si, \u00e0 tout moment, les conditions d'utilisation ne vous sont pas acceptables, vous devez imm\u00e9diatement cesser d'utiliser le site Web. Vous convenez que la norme susmentionn\u00e9e relative \u00e0 l'avis de modification est raisonnable.\n\t\t\t\t\t\t\t\t<\/div>\n\t\t\t\t<\/div>\n\t\t\t\t<div class=\"elementor-element elementor-element-638682a elementor-widget elementor-widget-heading\" data-id=\"638682a\" data-element_type=\"widget\" data-e-type=\"widget\" data-widget_type=\"heading.default\">\n\t\t\t\t<div class=\"elementor-widget-container\">\n\t\t\t\t\t<h4 class=\"elementor-heading-title elementor-size-default\">9. LIMITATION DE RESPONSABILIT\u00c9<\/h4>\t\t\t\t<\/div>\n\t\t\t\t<\/div>\n\t\t\t\t<div class=\"elementor-element elementor-element-c2a7c6a elementor-widget elementor-widget-text-editor\" data-id=\"c2a7c6a\" data-element_type=\"widget\" data-e-type=\"widget\" data-widget_type=\"text-editor.default\">\n\t\t\t\t<div class=\"elementor-widget-container\">\n\t\t\t\t\t\t\t\t\tLe gestionnaire du site Web n'assume aucune responsabilit\u00e9 pour les dommages directs, indirects, accessoires ou cons\u00e9cutifs qui pourraient \u00eatre dus \u00e0 l'utilisation incorrecte du site Web par les utilisateurs ou \u00e0 des erreurs, des d\u00e9faillances, des d\u00e9fauts ou des retards dans le fonctionnement du site Web ou dans la transmission d'informations sur Internet par le biais de ce site Web.\n\t\t\t\t\t\t\t\t<\/div>\n\t\t\t\t<\/div>\n\t\t\t\t<div class=\"elementor-element elementor-element-f4d303c elementor-widget elementor-widget-heading\" data-id=\"f4d303c\" data-element_type=\"widget\" data-e-type=\"widget\" data-widget_type=\"heading.default\">\n\t\t\t\t<div class=\"elementor-widget-container\">\n\t\t\t\t\t<h4 class=\"elementor-heading-title elementor-size-default\">10. COMP\u00c9TENCE<\/h4>\t\t\t\t<\/div>\n\t\t\t\t<\/div>\n\t\t\t\t<div class=\"elementor-element elementor-element-c70fafa elementor-widget elementor-widget-text-editor\" data-id=\"c70fafa\" data-element_type=\"widget\" data-e-type=\"widget\" data-widget_type=\"text-editor.default\">\n\t\t\t\t<div class=\"elementor-widget-container\">\n\t\t\t\t\t\t\t\t\tEn acc\u00e9dant \u00e0 ce site Web et aux documents, vous acceptez que toutes les questions relatives \u00e0 votre acc\u00e8s ou \u00e0 votre utilisation de ceux-ci soient r\u00e9gies par les statuts et les lois de l'Irlande et de l'Union europ\u00e9enne, sans \u00e9gard aux principes de conflits de lois. Tout litige d\u00e9coulant de l'utilisation de ce site Web sera soumis \u00e0 la comp\u00e9tence exclusive des tribunaux de Dublin, en Irlande.\n\t\t\t\t\t\t\t\t<\/div>\n\t\t\t\t<\/div>\n\t\t\t\t<div class=\"elementor-element elementor-element-6f17ea8 elementor-widget elementor-widget-heading\" data-id=\"6f17ea8\" data-element_type=\"widget\" data-e-type=\"widget\" data-widget_type=\"heading.default\">\n\t\t\t\t<div class=\"elementor-widget-container\">\n\t\t\t\t\t<h4 class=\"elementor-heading-title elementor-size-default\">11. G\u00c9N\u00c9RALES<\/h4>\t\t\t\t<\/div>\n\t\t\t\t<\/div>\n\t\t\t\t<div class=\"elementor-element elementor-element-4d1604d elementor-widget elementor-widget-text-editor\" data-id=\"4d1604d\" data-element_type=\"widget\" data-e-type=\"widget\" data-widget_type=\"text-editor.default\">\n\t\t\t\t<div class=\"elementor-widget-container\">\n\t\t\t\t\t\t\t\t\t<p>Ces conditions d'utilisation sont r\u00e9gies et interpr\u00e9t\u00e9es conform\u00e9ment aux lois de l'Irlande, sans \u00e9gard \u00e0 ses principes de conflits de lois. L\u2019ex\u00e9cution des pr\u00e9sentes conditions d\u2019utilisation par le gestionnaire du site web est soumise aux lois et proc\u00e9dures juridiques existantes, et rien dans les pr\u00e9sentes conditions d\u2019utilisation ne d\u00e9roge au droit du coordinateur de se conformer aux demandes ou exigences des services r\u00e9pressifs relatives \u00e0 votre utilisation du site web ou aux informations fournies ou recueillies par le gestionnaire du site web en ce qui concerne une telle utilisation. Si une disposition des pr\u00e9sentes Conditions d'utilisation est ill\u00e9gale, nulle ou, pour quelque raison que ce soit, inapplicable, cette disposition sera consid\u00e9r\u00e9e comme s\u00e9parable des pr\u00e9sentes Conditions d'utilisation et n'affectera pas la validit\u00e9 et l'applicabilit\u00e9 des autres dispositions. Les pr\u00e9sentes Conditions d'utilisation constituent l'int\u00e9gralit\u00e9 de l'accord entre les parties relatif \u00e0 l'objet des pr\u00e9sentes, et remplacent toutes les communications ant\u00e9rieures ou contemporaines, orales ou \u00e9crites.<\/p>\t\t\t\t\t\t\t\t<\/div>\n\t\t\t\t<\/div>\n\t\t\t\t\t<\/div>\n\t\t\t\t<\/div>\n\t\t\t\t<\/div>","protected":false},"excerpt":{"rendered":"<p>Conditions d'utilisation Bienvenue sur notre site Web.Votre acc\u00e8s et votre utilisation de ce site Web sont soumis aux pr\u00e9sentes Conditions d'utilisation du site Web. Veuillez les lire attentivement avant d'acc\u00e9der ou d'utiliser ce site Web. 1. D\u00c9FINITIONS AI4Debunk (Participative Assistive AI-powered Tools for Supporting Trustworthy Online Activity of Citizens and Debunking Disinformation), ci-apr\u00e8s d\u00e9nomm\u00e9 \u00abLe projet\u00bb, est [...]<\/p>","protected":false},"author":6,"featured_media":0,"parent":0,"menu_order":0,"comment_status":"closed","ping_status":"closed","template":"","meta":{"_acf_changed":false,"footnotes":""},"class_list":["post-209","page","type-page","status-publish","hentry"],"acf":[],"_links":{"self":[{"href":"https:\/\/ai4debunk.eu\/fr\/wp-json\/wp\/v2\/pages\/209","targetHints":{"allow":["GET"]}}],"collection":[{"href":"https:\/\/ai4debunk.eu\/fr\/wp-json\/wp\/v2\/pages"}],"about":[{"href":"https:\/\/ai4debunk.eu\/fr\/wp-json\/wp\/v2\/types\/page"}],"author":[{"embeddable":true,"href":"https:\/\/ai4debunk.eu\/fr\/wp-json\/wp\/v2\/users\/6"}],"replies":[{"embeddable":true,"href":"https:\/\/ai4debunk.eu\/fr\/wp-json\/wp\/v2\/comments?post=209"}],"version-history":[{"count":5,"href":"https:\/\/ai4debunk.eu\/fr\/wp-json\/wp\/v2\/pages\/209\/revisions"}],"predecessor-version":[{"id":2187,"href":"https:\/\/ai4debunk.eu\/fr\/wp-json\/wp\/v2\/pages\/209\/revisions\/2187"}],"wp:attachment":[{"href":"https:\/\/ai4debunk.eu\/fr\/wp-json\/wp\/v2\/media?parent=209"}],"curies":[{"name":"wp","href":"https:\/\/api.w.org\/{rel}","templated":true}]}}