{"id":1336,"date":"2024-03-11T16:12:18","date_gmt":"2024-03-11T16:12:18","guid":{"rendered":"https:\/\/ai4debunk.eu\/?page_id=1336"},"modified":"2024-04-11T10:07:05","modified_gmt":"2024-04-11T10:07:05","slug":"cookie-policy","status":"publish","type":"page","link":"https:\/\/ai4debunk.eu\/ga\/cookie-policy\/","title":{"rendered":"Beartas Fian\u00e1n"},"content":{"rendered":"<div data-elementor-type=\"wp-page\" data-elementor-id=\"1336\" class=\"elementor elementor-1336\" data-elementor-post-type=\"page\">\n\t\t\t\t<div class=\"elementor-element elementor-element-372ece9 e-flex e-con-boxed e-con e-parent\" data-id=\"372ece9\" data-element_type=\"container\" data-e-type=\"container\">\n\t\t\t\t\t<div class=\"e-con-inner\">\n\t\t\t\t<div class=\"elementor-element elementor-element-af6f42a elementor-widget elementor-widget-heading\" data-id=\"af6f42a\" data-element_type=\"widget\" data-e-type=\"widget\" data-widget_type=\"heading.default\">\n\t\t\t\t<div class=\"elementor-widget-container\">\n\t\t\t\t\t<h1 class=\"elementor-heading-title elementor-size-default\">Beartas Fian\u00e1n<\/h1>\t\t\t\t<\/div>\n\t\t\t\t<\/div>\n\t\t\t\t<div class=\"elementor-element elementor-element-2b13c41 elementor-widget elementor-widget-text-editor\" data-id=\"2b13c41\" data-element_type=\"widget\" data-e-type=\"widget\" data-widget_type=\"text-editor.default\">\n\t\t\t\t<div class=\"elementor-widget-container\">\n\t\t\t\t\t\t\t\t\t<p>\u00das\u00e1ideann an su\u00edomh gr\u00e9as\u00e1in seo fian\u00e1in. Bainimid \u00fas\u00e1id as fian\u00e1in chun a chinnti\u00fa go dtugann muid an taith\u00ed is fearr duit ar \u00e1r l\u00e1ithre\u00e1n gr\u00e9as\u00e1in. L\u00e9igh \u00e1r <a href=\"https:\/\/ai4debunk.eu\/ga\/terms-of-use\/\">T\u00e9arma\u00ed \u00das\u00e1ide<\/a> &amp; <a href=\"https:\/\/ai4debunk.eu\/ga\/privacy-policy\/\">Beartas Pr\u00edobh\u00e1ideachais<\/a> a riala\u00edonn \u00fas\u00e1id an l\u00e1ithre\u00e1in ghr\u00e9as\u00e1in seo. Is t\u00e9acschomhaid bheaga iad fian\u00e1in is f\u00e9idir le su\u00edomhanna gr\u00e9as\u00e1in a \u00fas\u00e1id chun eisp\u00e9ireas \u00fas\u00e1ideora a dh\u00e9anamh n\u00edos \u00e9ifeacht\u00fala. Deir an dl\u00ed gur f\u00e9idir linn fian\u00e1in a st\u00f3r\u00e1il ar do ghl\u00e9as m\u00e1 t\u00e1 siad f\u00edor-riachtanach chun an su\u00edomh seo a oibri\u00fa.<br \/>I gc\u00e1s gach cine\u00e1l eile fian\u00e1in, n\u00ed m\u00f3r d\u00fainn do chead a fh\u00e1il. \u00das\u00e1ideann an su\u00edomh seo cine\u00e1lacha \u00e9ags\u00fala fian\u00e1in. Cuireann seirbh\u00eds\u00ed tr\u00ed\u00fa p\u00e1irt\u00ed cuid de na fian\u00e1in at\u00e1 le feice\u00e1il ar \u00e1r leathanaigh. F\u00e9adfaidh t\u00fa do thoili\u00fa a athr\u00fa n\u00f3 a tharraingt siar tr\u00e1th ar bith \u00f3n Dearbh\u00fa Fian\u00e1n ar \u00e1r l\u00e1ithre\u00e1n gr\u00e9as\u00e1in. Faigh tuilleadh eolais faoi c\u00e9 muid f\u00e9in, conas is f\u00e9idir leat teagmh\u00e1il a dh\u00e9anamh linn agus conas a phr\u00f3ise\u00e1laimid sonra\u00ed pearsanta in\u00e1r <a href=\"https:\/\/ai4debunk.eu\/ga\/privacy-policy\/\">Beartas Pr\u00edobh\u00e1ideachais<\/a>.<\/p>\t\t\t\t\t\t\t\t<\/div>\n\t\t\t\t<\/div>\n\t\t\t\t<div class=\"elementor-element elementor-element-fd7345b elementor-widget elementor-widget-html\" data-id=\"fd7345b\" data-element_type=\"widget\" data-e-type=\"widget\" data-widget_type=\"html.default\">\n\t\t\t\t<div class=\"elementor-widget-container\">\n\t\t\t\t\t<div class=\"cky-audit-table-element\"><\/div>\t\t\t\t<\/div>\n\t\t\t\t<\/div>\n\t\t\t\t\t<\/div>\n\t\t\t\t<\/div>\n\t\t\t\t<\/div>","protected":false},"excerpt":{"rendered":"<p>Polasa\u00ed Fian\u00e1n \u00das\u00e1ideann an l\u00e1ithre\u00e1n gr\u00e9as\u00e1in seo fian\u00e1in. Bainimid \u00fas\u00e1id as fian\u00e1in chun a chinnti\u00fa go dtugann muid an taith\u00ed is fearr duit ar \u00e1r l\u00e1ithre\u00e1n gr\u00e9as\u00e1in. L\u00e9igh \u00e1r dT\u00e9arma\u00ed \u00das\u00e1ide &amp;ampa le do thoil; Polasa\u00ed Pr\u00edobh\u00e1ideachta a riala\u00edonn \u00fas\u00e1id an l\u00e1ithre\u00e1in seo. * Is comhaid bheaga t\u00e9acs iad fian\u00e1in is f\u00e9idir le su\u00edomhanna gr\u00e9as\u00e1in a \u00fas\u00e1id chun eisp\u00e9ireas \u00fas\u00e1ideora a fheabhs\u00fa [\u2026]<\/p>","protected":false},"author":6,"featured_media":0,"parent":0,"menu_order":0,"comment_status":"closed","ping_status":"closed","template":"","meta":{"_acf_changed":false,"footnotes":""},"class_list":["post-1336","page","type-page","status-publish","hentry"],"acf":[],"_links":{"self":[{"href":"https:\/\/ai4debunk.eu\/ga\/wp-json\/wp\/v2\/pages\/1336","targetHints":{"allow":["GET"]}}],"collection":[{"href":"https:\/\/ai4debunk.eu\/ga\/wp-json\/wp\/v2\/pages"}],"about":[{"href":"https:\/\/ai4debunk.eu\/ga\/wp-json\/wp\/v2\/types\/page"}],"author":[{"embeddable":true,"href":"https:\/\/ai4debunk.eu\/ga\/wp-json\/wp\/v2\/users\/6"}],"replies":[{"embeddable":true,"href":"https:\/\/ai4debunk.eu\/ga\/wp-json\/wp\/v2\/comments?post=1336"}],"version-history":[{"count":5,"href":"https:\/\/ai4debunk.eu\/ga\/wp-json\/wp\/v2\/pages\/1336\/revisions"}],"predecessor-version":[{"id":1469,"href":"https:\/\/ai4debunk.eu\/ga\/wp-json\/wp\/v2\/pages\/1336\/revisions\/1469"}],"wp:attachment":[{"href":"https:\/\/ai4debunk.eu\/ga\/wp-json\/wp\/v2\/media?parent=1336"}],"curies":[{"name":"wp","href":"https:\/\/api.w.org\/{rel}","templated":true}]}}