{"id":1336,"date":"2024-03-11T16:12:18","date_gmt":"2024-03-11T16:12:18","guid":{"rendered":"https:\/\/ai4debunk.eu\/?page_id=1336"},"modified":"2024-04-11T10:07:05","modified_gmt":"2024-04-11T10:07:05","slug":"cookie-policy","status":"publish","type":"page","link":"https:\/\/ai4debunk.eu\/hr\/cookie-policy\/","title":{"rendered":"Pravila o kola\u010di\u0107ima"},"content":{"rendered":"<div data-elementor-type=\"wp-page\" data-elementor-id=\"1336\" class=\"elementor elementor-1336\" data-elementor-post-type=\"page\">\n\t\t\t\t<div class=\"elementor-element elementor-element-372ece9 e-flex e-con-boxed e-con e-parent\" data-id=\"372ece9\" data-element_type=\"container\" data-e-type=\"container\">\n\t\t\t\t\t<div class=\"e-con-inner\">\n\t\t\t\t<div class=\"elementor-element elementor-element-af6f42a elementor-widget elementor-widget-heading\" data-id=\"af6f42a\" data-element_type=\"widget\" data-e-type=\"widget\" data-widget_type=\"heading.default\">\n\t\t\t\t<div class=\"elementor-widget-container\">\n\t\t\t\t\t<h1 class=\"elementor-heading-title elementor-size-default\">Pravila o kola\u010di\u0107ima<\/h1>\t\t\t\t<\/div>\n\t\t\t\t<\/div>\n\t\t\t\t<div class=\"elementor-element elementor-element-2b13c41 elementor-widget elementor-widget-text-editor\" data-id=\"2b13c41\" data-element_type=\"widget\" data-e-type=\"widget\" data-widget_type=\"text-editor.default\">\n\t\t\t\t<div class=\"elementor-widget-container\">\n\t\t\t\t\t\t\t\t\t<p>Ova internetska stranica koristi kola\u010di\u0107e. Koristimo kola\u010di\u0107e kako bismo vam pru\u017eili najbolje iskustvo na na\u0161oj web stranici. Tako\u0111er pro\u010ditajte na\u0161 <a href=\"https:\/\/ai4debunk.eu\/hr\/terms-of-use\/\">Uvjeti kori\u0161tenja<\/a> &amp; <a href=\"https:\/\/ai4debunk.eu\/hr\/privacy-policy\/\">Pravila o za\u0161titi privatnosti<\/a> koji regulira kori\u0161tenje ove stranice. Kola\u010di\u0107i su male tekstualne datoteke koje internetske stranice mogu upotrebljavati za pove\u0107anje u\u010dinkovitosti korisni\u010dkog iskustva. Zakon navodi da mo\u017eemo pohraniti kola\u010di\u0107e na va\u0161 ure\u0111aj ako su strogo potrebni za rad ove stranice.<br \/>Za sve ostale vrste kola\u010di\u0107a potrebna nam je va\u0161a dozvola. Ova stranica koristi razli\u010dite vrste kola\u010di\u0107a. Neke kola\u010di\u0107e postavljaju usluge tre\u0107ih strana koje se pojavljuju na na\u0161im stranicama. U bilo kojem trenutku mo\u017eete promijeniti ili povu\u0107i svoj pristanak iz Izjave o kola\u010di\u0107ima na na\u0161oj web stranici. Saznajte vi\u0161e o tome tko smo, kako nas mo\u017eete kontaktirati i kako obra\u0111ujemo osobne podatke u na\u0161im <a href=\"https:\/\/ai4debunk.eu\/hr\/privacy-policy\/\">Pravila o za\u0161titi privatnosti<\/a>.<\/p>\t\t\t\t\t\t\t\t<\/div>\n\t\t\t\t<\/div>\n\t\t\t\t<div class=\"elementor-element elementor-element-fd7345b elementor-widget elementor-widget-html\" data-id=\"fd7345b\" data-element_type=\"widget\" data-e-type=\"widget\" data-widget_type=\"html.default\">\n\t\t\t\t<div class=\"elementor-widget-container\">\n\t\t\t\t\t<div class=\"cky-audit-table-element\"><\/div>\t\t\t\t<\/div>\n\t\t\t\t<\/div>\n\t\t\t\t\t<\/div>\n\t\t\t\t<\/div>\n\t\t\t\t<\/div>","protected":false},"excerpt":{"rendered":"<p>Ova internetska stranica koristi kola\u010di\u0107e (cookies). Koristimo kola\u010di\u0107e kako bismo vam pru\u017eili najbolje iskustvo na na\u0161oj web stranici. Tako\u0111er pro\u010ditajte na\u0161e Uvjete kori\u0161tenja &amp; Pravila o privatnosti koja reguliraju kori\u0161tenje ove stranice. Kola\u010di\u0107i su male tekstualne datoteke koje internetske stranice mogu upotrebljavati kako bi korisni\u010dko iskustvo u\u010dinile jo\u0161 boljim [\u2026]<\/p>","protected":false},"author":6,"featured_media":0,"parent":0,"menu_order":0,"comment_status":"closed","ping_status":"closed","template":"","meta":{"_acf_changed":false,"footnotes":""},"class_list":["post-1336","page","type-page","status-publish","hentry"],"acf":[],"_links":{"self":[{"href":"https:\/\/ai4debunk.eu\/hr\/wp-json\/wp\/v2\/pages\/1336","targetHints":{"allow":["GET"]}}],"collection":[{"href":"https:\/\/ai4debunk.eu\/hr\/wp-json\/wp\/v2\/pages"}],"about":[{"href":"https:\/\/ai4debunk.eu\/hr\/wp-json\/wp\/v2\/types\/page"}],"author":[{"embeddable":true,"href":"https:\/\/ai4debunk.eu\/hr\/wp-json\/wp\/v2\/users\/6"}],"replies":[{"embeddable":true,"href":"https:\/\/ai4debunk.eu\/hr\/wp-json\/wp\/v2\/comments?post=1336"}],"version-history":[{"count":5,"href":"https:\/\/ai4debunk.eu\/hr\/wp-json\/wp\/v2\/pages\/1336\/revisions"}],"predecessor-version":[{"id":1469,"href":"https:\/\/ai4debunk.eu\/hr\/wp-json\/wp\/v2\/pages\/1336\/revisions\/1469"}],"wp:attachment":[{"href":"https:\/\/ai4debunk.eu\/hr\/wp-json\/wp\/v2\/media?parent=1336"}],"curies":[{"name":"wp","href":"https:\/\/api.w.org\/{rel}","templated":true}]}}