{"id":209,"date":"2024-03-05T16:33:00","date_gmt":"2024-03-05T16:33:00","guid":{"rendered":"https:\/\/ai4debunk.eu\/?page_id=209"},"modified":"2024-09-19T15:01:38","modified_gmt":"2024-09-19T15:01:38","slug":"terms-of-use","status":"publish","type":"page","link":"https:\/\/ai4debunk.eu\/hr\/terms-of-use\/","title":{"rendered":"Uvjeti kori\u0161tenja"},"content":{"rendered":"<div data-elementor-type=\"wp-page\" data-elementor-id=\"209\" class=\"elementor elementor-209\" data-elementor-post-type=\"page\">\n\t\t\t\t<div class=\"elementor-element elementor-element-89ce4c8 e-flex e-con-boxed e-con e-parent\" data-id=\"89ce4c8\" data-element_type=\"container\" data-e-type=\"container\">\n\t\t\t\t\t<div class=\"e-con-inner\">\n\t\t\t\t<div class=\"elementor-element elementor-element-c470af8 elementor-widget elementor-widget-heading\" data-id=\"c470af8\" data-element_type=\"widget\" data-e-type=\"widget\" data-widget_type=\"heading.default\">\n\t\t\t\t<div class=\"elementor-widget-container\">\n\t\t\t\t\t<h1 class=\"elementor-heading-title elementor-size-default\">Uvjeti kori\u0161tenja\n<\/h1>\t\t\t\t<\/div>\n\t\t\t\t<\/div>\n\t\t\t\t<div class=\"elementor-element elementor-element-9834e64 elementor-widget elementor-widget-text-editor\" data-id=\"9834e64\" data-element_type=\"widget\" data-e-type=\"widget\" data-widget_type=\"text-editor.default\">\n\t\t\t\t<div class=\"elementor-widget-container\">\n\t\t\t\t\t\t\t\t\t<p>Dobro do\u0161li na na\u0161u web stranicu.<br \/>Va\u0161 pristup i kori\u0161tenje ove web stranice podlije\u017ee ovim Uvjetima kori\u0161tenja web stranice. Pa\u017eljivo ih pro\u010ditajte prije pristupa ili kori\u0161tenja ove web stranice.<\/p>\t\t\t\t\t\t\t\t<\/div>\n\t\t\t\t<\/div>\n\t\t\t\t<div class=\"elementor-element elementor-element-112fa17 elementor-widget elementor-widget-heading\" data-id=\"112fa17\" data-element_type=\"widget\" data-e-type=\"widget\" data-widget_type=\"heading.default\">\n\t\t\t\t<div class=\"elementor-widget-container\">\n\t\t\t\t\t<h4 class=\"elementor-heading-title elementor-size-default\">1. DEFINICIJE<\/h4>\t\t\t\t<\/div>\n\t\t\t\t<\/div>\n\t\t\t\t<div class=\"elementor-element elementor-element-e1cdef7 elementor-widget elementor-widget-text-editor\" data-id=\"e1cdef7\" data-element_type=\"widget\" data-e-type=\"widget\" data-widget_type=\"text-editor.default\">\n\t\t\t\t<div class=\"elementor-widget-container\">\n\t\t\t\t\t\t\t\t\t<p>AI4Debunk (Participative Assistive AI-powered Tools for Supporting Trustworthy Online Activity of Citizens and Debunking Disinformation), u daljnjem tekstu \u201eProjekt\u201d, 48-mjese\u010dni je projekt procjene u\u010dinka koji se bavi temom HORIZON-CL4-2023-HUMAN-01-CNECT.<\/p><p>Pojam \u201eKonzorcij\u201d odnosi se na sve potpisnike Sporazuma o dodjeli bespovratnih sredstava 101135757, osim Europske komisije, koji mogu imati jedinstvena ili zajedni\u010dka prava intelektualnog vlasni\u0161tva u odnosu na ishode projekta.<\/p><p>Pojam \u201ematerijali\u201d odnosi se na sve informacije, sadr\u017eaj, podatke, dokumente (npr. bijele knjige, bro\u0161ure, podatkovne tablice, naj\u010de\u0161\u0107a pitanja, predlo\u0161ke, priop\u0107enja za medije itd.), preuzimanja, datoteke, tekstove, slike, fotografije, grafike, videozapise, internetske prijenose, publikacije, alate, resurse, softver, kod, programe, aplikacije i proizvode koji su dostupni ili omogu\u0107eni na internetskoj stranici.<\/p><p>Pojam \u201eupravitelj web-mjesta\u201d, ina\u010de naveden kao \u201enas\u201d ili \u201emi\u201d, odnosi se na subjekt odgovoran za izradu web-mjesta i upravljanje njime. <a href=\"https:\/\/ai4debunk.eu\/hr\/\"><span style=\"color: #ae46ff;\">https:\/\/ai4debunk.eu<\/span><\/a> (dalje u tekstu pod zajedni\u010dkim nazivom \u201einternetska stranica\u201d) kako bi se pru\u017eile informacije njezinim korisnicima. Ugovorom o dodjeli bespovratnih sredstava 101135757 dodjeljuje se dru\u0161tvu F6S Network Ireland Limited (<span style=\"color: #ae46ff;\"><a style=\"color: #ae46ff;\" href=\"http:\/\/www.f6s.com\" target=\"_blank\" rel=\"noopener\">www.f6s.com<\/a><\/span>) uloga upravitelja web-mjesta, stoga je F6S Network Ireland Limited voditelj obrade podataka na web-mjestu.<\/p><p>Pojam \u201evi\u201d odnosi se na posjetitelja na\u0161e internetske stranice.<\/p>\t\t\t\t\t\t\t\t<\/div>\n\t\t\t\t<\/div>\n\t\t\t\t<div class=\"elementor-element elementor-element-65a84db elementor-widget elementor-widget-heading\" data-id=\"65a84db\" data-element_type=\"widget\" data-e-type=\"widget\" data-widget_type=\"heading.default\">\n\t\t\t\t<div class=\"elementor-widget-container\">\n\t\t\t\t\t<h4 class=\"elementor-heading-title elementor-size-default\">2. PODRU\u010cJE PRIMJENE<\/h4>\t\t\t\t<\/div>\n\t\t\t\t<\/div>\n\t\t\t\t<div class=\"elementor-element elementor-element-b717931 elementor-widget elementor-widget-text-editor\" data-id=\"b717931\" data-element_type=\"widget\" data-e-type=\"widget\" data-widget_type=\"text-editor.default\">\n\t\t\t\t<div class=\"elementor-widget-container\">\n\t\t\t\t\t\t\t\t\tOvi Uvjeti kori\u0161tenja internetske stranice (ovi \u201eUvjeti kori\u0161tenja\u201d ili ovi \u201eUvjeti kori\u0161tenja internetske stranice\u201d) koji se ovdje nalaze, reguliraju va\u0161e kori\u0161tenje ove internetske stranice, uklju\u010duju\u0107i sve stranice na ovoj internetskoj stranici. Ovi Uvjeti primjenjuju se u punoj snazi i u\u010dinku na va\u0161u upotrebu ove web stranice i, kori\u0161tenjem ove web stranice, izri\u010dito prihva\u0107ate sve ovdje sadr\u017eane uvjete i odredbe u cijelosti. Ne smijete koristiti ovu web stranicu, ako imate bilo kakav prigovor na bilo koji od ovih Uvjeta i odredbi web stranice.\n\t\t\t\t\t\t\t\t<\/div>\n\t\t\t\t<\/div>\n\t\t\t\t<div class=\"elementor-element elementor-element-827f9c4 elementor-widget elementor-widget-heading\" data-id=\"827f9c4\" data-element_type=\"widget\" data-e-type=\"widget\" data-widget_type=\"heading.default\">\n\t\t\t\t<div class=\"elementor-widget-container\">\n\t\t\t\t\t<h4 class=\"elementor-heading-title elementor-size-default\">3. Va\u0161e kori\u0161tenje web stranice<\/h4>\t\t\t\t<\/div>\n\t\t\t\t<\/div>\n\t\t\t\t<div class=\"elementor-element elementor-element-ee7b3ce elementor-widget elementor-widget-text-editor\" data-id=\"ee7b3ce\" data-element_type=\"widget\" data-e-type=\"widget\" data-widget_type=\"text-editor.default\">\n\t\t\t\t<div class=\"elementor-widget-container\">\n\t\t\t\t\t\t\t\t\t<p>Sla\u017eete se da \u0107ete koristiti web stranicu i njezin sadr\u017eaj samo u svrhe koje su dopu\u0161tene Uvjetima kori\u0161tenja i svim primjenjivim zakonima, propisima ili op\u0107eprihva\u0107enim praksama ili smjernicama u relevantnim jurisdikcijama.<\/p><p>Izri\u010dito se sla\u017eete da ne\u0107ete pristupiti (ili poku\u0161ati pristupiti) bilo kojem od Materijala, bilo kojim automatiziranim sredstvima (uklju\u010duju\u0107i kori\u0161tenje skripti ili web gusjenica), ili hakiranjem, rudarenjem lozinki ili drugim sredstvima. Sla\u017eete se da ne\u0107ete sudjelovati u aktivnostima koje ometaju ili ometaju web stranicu (ili poslu\u017eitelje i mre\u017ee koji su povezani ili dostupni putem web stranice).<br \/>Tako\u0111er pristajete koristiti funkcionalnosti dostupne na web stranici samo za pristup, preuzimanje, kori\u0161tenje, objavljivanje, slanje ili primanje Materijala na odgovaraju\u0107i na\u010din.<\/p><p>Mo\u017eete pregledavati, preuzimati samo u svrhu predmemoriranja i ispisivati Materijal s web stranice za svoju osobnu upotrebu, podlo\u017eno ograni\u010denjima navedenima u nastavku i drugdje u ovim Uvjetima i odredbama.<\/p><p>Ne smijete koristiti ovu web stranicu za kopiranje, pohranu, hostiranje, prijenos, slanje, kori\u0161tenje, objavljivanje ili distribuciju bilo kojeg materijala, koji se sastoji od (ili je povezan s) bilo kojeg \u0161pijunskog softvera, ra\u010dunalnog virusa, trojanskog konja, crva, klju\u010da\u010da, rootkita ili drugog zlonamjernog ra\u010dunalnog softvera. Ne smijete provoditi nikakve aktivnosti sustavnog ili automatiziranog prikupljanja podataka (uklju\u010duju\u0107i bez ograni\u010denja struganje, rudarenje podataka, va\u0111enje podataka i prikupljanje podataka) na ovoj internetskoj stranici ili u vezi s njom bez izri\u010ditog pisanog pristanka upravitelja internetske stranice. Tako\u0111er ste suglasni da ne\u0107ete koristiti materijale na na\u010din koji kr\u0161i bilo koja prava intelektualnog vlasni\u0161tva ili prava bilo koje strane, da ne\u0107ete reproducirati ili koristiti u drugim elektroni\u010dkim ili tiskanim publikacijama. Grafi\u010dki i tehni\u010dki dizajn te svi kontakti kao i slike kori\u0161tene u ovoj online prezentaciji za\u0161ti\u0107eni su autorskim pravom.<\/p><p>Tako\u0111er se sla\u017eete da ne\u0107ete koristiti naziv domene internetske stranice kao pseudonimnu povratnu adresu e-po\u0161te; ne ometati, ometati ili sprje\u010davati bilo kojeg drugog korisnika da koristi i u\u017eiva u Web-mjestu ili drugim povezanim ili povezanim web-mjestima ili Materijalima; i ne koristiti materijale na na\u010din kojim se kr\u0161e prava intelektualnog vlasni\u0161tva ili prava bilo koje strane;<\/p>\t\t\t\t\t\t\t\t<\/div>\n\t\t\t\t<\/div>\n\t\t\t\t<div class=\"elementor-element elementor-element-94c704a elementor-widget elementor-widget-heading\" data-id=\"94c704a\" data-element_type=\"widget\" data-e-type=\"widget\" data-widget_type=\"heading.default\">\n\t\t\t\t<div class=\"elementor-widget-container\">\n\t\t\t\t\t<h4 class=\"elementor-heading-title elementor-size-default\">4. POPUSTI I INTELEKTUALNA POSTUPKA<\/h4>\t\t\t\t<\/div>\n\t\t\t\t<\/div>\n\t\t\t\t<div class=\"elementor-element elementor-element-cbe98bf elementor-widget elementor-widget-text-editor\" data-id=\"cbe98bf\" data-element_type=\"widget\" data-e-type=\"widget\" data-widget_type=\"text-editor.default\">\n\t\t\t\t<div class=\"elementor-widget-container\">\n\t\t\t\t\t\t\t\t\t<p>Osim sadr\u017eaja koji posjedujete, a koji ste mo\u017eda odlu\u010dili uklju\u010diti na ovu web stranicu, prema ovim Uvjetima, Konzorcij i\/ili njegovi davatelji licence posjeduju sva prava na materijal intelektualnog vlasni\u0161tva sadr\u017ean na ovoj web stranici, a sva takva prava su pridr\u017eana. Konzorcij ovla\u0161\u0107uje korisnike da kopiraju i ispisuju izvatke ili dokumente s ove web stranice isklju\u010divo za osobnu, nekomercijalnu uporabu, pod uvjetom da bilo koja kopija ili izvadak navedenih dokumenata ili stranica, odr\u017eava sva prava intelektualnog vlasni\u0161tva ili druge obavijesti o vlasni\u0161tvu, uklju\u010duju\u0107i sve izjave o odricanju od odgovornosti sadr\u017eane u njima. Logotip projekta ne smije se upotrebljavati ni reproducirati bez prethodne pisane suglasnosti Konzorcija.<\/p><p>Osim ako je to dopu\u0161teno mjerodavnim zakonom o autorskim pravima, ne smijete reproducirati ili priop\u0107avati bilo koji sadr\u017eaj na ovoj web stranici, uklju\u010duju\u0107i datoteke koje se mogu preuzeti s ove web stranice, bez pismenog dopu\u0161tenja vlasnika autorskih prava.<\/p>\t\t\t\t\t\t\t\t<\/div>\n\t\t\t\t<\/div>\n\t\t\t\t<div class=\"elementor-element elementor-element-21ba3cf elementor-widget elementor-widget-heading\" data-id=\"21ba3cf\" data-element_type=\"widget\" data-e-type=\"widget\" data-widget_type=\"heading.default\">\n\t\t\t\t<div class=\"elementor-widget-container\">\n\t\t\t\t\t<h4 class=\"elementor-heading-title elementor-size-default\">5. TRGOVINSKE TRGOVINE, TRGOVINSKE NAMES I LOGOS<\/h4>\t\t\t\t<\/div>\n\t\t\t\t<\/div>\n\t\t\t\t<div class=\"elementor-element elementor-element-71b6360 elementor-widget elementor-widget-text-editor\" data-id=\"71b6360\" data-element_type=\"widget\" data-e-type=\"widget\" data-widget_type=\"text-editor.default\">\n\t\t\t\t<div class=\"elementor-widget-container\">\n\t\t\t\t\t\t\t\t\tSvi za\u0161titni znakovi, trgova\u010dki nazivi i logotipi koji se pojavljuju na web stranici vlasni\u0161tvo su njihovih vlasnika i za\u0161ti\u0107eni su me\u0111unarodnim zakonima o autorskim pravima i za\u0161titnim znakovima. Sla\u017eete se da ne\u0107ete klevetati ili omalova\u017eavati Projekt i sve za\u0161titne znakove, trgova\u010dka imena ili logotipe uklju\u010dene u web stranicu ili u Materijale. Svaka upotreba bilo kojeg za\u0161titnog znaka, trgova\u010dkih imena i logotipa koji se pojavljuju na web stranici bez izri\u010ditog pisanog pristanka vlasnika za\u0161titnog znaka ili imena ili logotipa, kako je primjenjivo, strogo je zabranjena.\t\t\t\t\t\t\t\t<\/div>\n\t\t\t\t<\/div>\n\t\t\t\t<div class=\"elementor-element elementor-element-4ca326f elementor-widget elementor-widget-heading\" data-id=\"4ca326f\" data-element_type=\"widget\" data-e-type=\"widget\" data-widget_type=\"heading.default\">\n\t\t\t\t<div class=\"elementor-widget-container\">\n\t\t\t\t\t<h4 class=\"elementor-heading-title elementor-size-default\">6. LICENCE ZA VA\u0160E<\/h4>\t\t\t\t<\/div>\n\t\t\t\t<\/div>\n\t\t\t\t<div class=\"elementor-element elementor-element-37a315c elementor-widget elementor-widget-text-editor\" data-id=\"37a315c\" data-element_type=\"widget\" data-e-type=\"widget\" data-widget_type=\"text-editor.default\">\n\t\t\t\t<div class=\"elementor-widget-container\">\n\t\t\t\t\t\t\t\t\t<p>Konzorcij vam daje osobnu, svjetsku, nedodjeljivu, besplatnu i neisklju\u010divu licencu za kori\u0161tenje web stranice isklju\u010divo u svrhu omogu\u0107avanja kori\u0161tenja i u\u017eivanja u koristima web stranice i materijala, na na\u010din dopu\u0161ten ovim Uvjetima kori\u0161tenja. Ne smijete (i ne smijete dopustiti nikome drugome) kopirati, obrnuti in\u017eenjering, stvoriti izvedeno djelo ili dekompilirati ili na drugi na\u010din poku\u0161ati izvu\u0107i izvorni kod web stranice ili bilo kojeg njezina dijela, osim ako je to izri\u010dito dopu\u0161teno ili propisano zakonom, ili osim ako vam je to izri\u010dito dopu\u0161teno od strane upravitelja web stranice. Osim ako vam je upravitelj web stranice dao pisano dopu\u0161tenje da to u\u010dinite, ne smijete<\/p><ul><li>dodijeliti (ili dati podlicencirati) svoja prava na kori\u0161tenje web stranice ili materijala,<\/li><li>dodijeliti sigurnosni interes za ili nad va\u0161im pravima na kori\u0161tenje web stranice ili materijala, ili na drugi na\u010din prenijeti bilo koje od va\u0161ih prava na njihovo kori\u0161tenje.<\/li><\/ul>\t\t\t\t\t\t\t\t<\/div>\n\t\t\t\t<\/div>\n\t\t\t\t<div class=\"elementor-element elementor-element-1251413 elementor-widget elementor-widget-heading\" data-id=\"1251413\" data-element_type=\"widget\" data-e-type=\"widget\" data-widget_type=\"heading.default\">\n\t\t\t\t<div class=\"elementor-widget-container\">\n\t\t\t\t\t<h4 class=\"elementor-heading-title elementor-size-default\">7. OGRANI\u010cENJE OSTALIH INTERNETSKIH MJESTA<\/h4>\t\t\t\t<\/div>\n\t\t\t\t<\/div>\n\t\t\t\t<div class=\"elementor-element elementor-element-b5adf43 elementor-widget elementor-widget-text-editor\" data-id=\"b5adf43\" data-element_type=\"widget\" data-e-type=\"widget\" data-widget_type=\"text-editor.default\">\n\t\t\t\t<div class=\"elementor-widget-container\">\n\t\t\t\t\t\t\t\t\tInternetska stranica mo\u017ee sadr\u017eavati poveznice na druge internetske stranice i usluge kojima upravljaju i koje odr\u017eavaju tre\u0107e strane ili njihova povezana dru\u0161tva. Prihva\u0107ate, razumijete i suglasni ste da upravitelj web stranice ne\u0107e biti odgovoran ili odgovoran, izravno ili neizravno, za bilo kakvu \u0161tetu ili gubitak uzrokovan ili navodno uzrokovan kori\u0161tenjem ili oslanjanjem na bilo koji takav sadr\u017eaj, proizvode ili usluge dostupne na takvim drugim web stranicama.\n\t\t\t\t\t\t\t\t<\/div>\n\t\t\t\t<\/div>\n\t\t\t\t<div class=\"elementor-element elementor-element-61d5e43 elementor-widget elementor-widget-heading\" data-id=\"61d5e43\" data-element_type=\"widget\" data-e-type=\"widget\" data-widget_type=\"heading.default\">\n\t\t\t\t<div class=\"elementor-widget-container\">\n\t\t\t\t\t<h4 class=\"elementor-heading-title elementor-size-default\">8. PROMJENE<\/h4>\t\t\t\t<\/div>\n\t\t\t\t<\/div>\n\t\t\t\t<div class=\"elementor-element elementor-element-e547e4a elementor-widget elementor-widget-text-editor\" data-id=\"e547e4a\" data-element_type=\"widget\" data-e-type=\"widget\" data-widget_type=\"text-editor.default\">\n\t\t\t\t<div class=\"elementor-widget-container\">\n\t\t\t\t\t\t\t\t\tUpravitelj web stranice zadr\u017eava pravo izmjene, obustave ili prekida bilo kojeg dijela web stranice i materijala u bilo kojem trenutku, sa ili bez prethodne obavijesti. Upravitelj web stranice zadr\u017eava pravo izmjene bilo kojeg dijela ovih Uvjeta kori\u0161tenja u bilo kojem trenutku. Sve izmjene stupaju na snagu nakon objavljivanja na web stranici. Sla\u017eete se da \u0107ete povremeno pregledavati ove Uvjete kori\u0161tenja kako biste bili svjesni takvih izmjena. Va\u0161e daljnje kori\u0161tenje web stranice nakon \u0161to su takve izmjene objavljene smatrat \u0107e se va\u0161im prihva\u0107anjem bilo kakvih izmjena Uvjeta kori\u0161tenja. Ako vam, u bilo kojem trenutku, Uvjeti kori\u0161tenja nisu prihvatljivi, trebali biste odmah prestati koristiti web stranicu. Sla\u017eete se da je gore navedeni standard za obavijest o izmjenama razuman.\n\t\t\t\t\t\t\t\t<\/div>\n\t\t\t\t<\/div>\n\t\t\t\t<div class=\"elementor-element elementor-element-638682a elementor-widget elementor-widget-heading\" data-id=\"638682a\" data-element_type=\"widget\" data-e-type=\"widget\" data-widget_type=\"heading.default\">\n\t\t\t\t<div class=\"elementor-widget-container\">\n\t\t\t\t\t<h4 class=\"elementor-heading-title elementor-size-default\">9. OGRANI\u010cENJE LIBILNOSTI<\/h4>\t\t\t\t<\/div>\n\t\t\t\t<\/div>\n\t\t\t\t<div class=\"elementor-element elementor-element-c2a7c6a elementor-widget elementor-widget-text-editor\" data-id=\"c2a7c6a\" data-element_type=\"widget\" data-e-type=\"widget\" data-widget_type=\"text-editor.default\">\n\t\t\t\t<div class=\"elementor-widget-container\">\n\t\t\t\t\t\t\t\t\tUpravitelj web stranice ne snosi nikakvu odgovornost za bilo kakvu izravnu, neizravnu, slu\u010dajnu ili posljedi\u010dnu \u0161tetu koja mo\u017ee biti uzrokovana nepravilnim kori\u0161tenjem web stranice od strane korisnika ili bilo kakvim pogre\u0161kama, kvarovima, nedostacima ili ka\u0161njenjima u radu web stranice ili u prijenosu informacija na Internetu putem ove web stranice.\n\t\t\t\t\t\t\t\t<\/div>\n\t\t\t\t<\/div>\n\t\t\t\t<div class=\"elementor-element elementor-element-f4d303c elementor-widget elementor-widget-heading\" data-id=\"f4d303c\" data-element_type=\"widget\" data-e-type=\"widget\" data-widget_type=\"heading.default\">\n\t\t\t\t<div class=\"elementor-widget-container\">\n\t\t\t\t\t<h4 class=\"elementor-heading-title elementor-size-default\">10. JURISDICTION<\/h4>\t\t\t\t<\/div>\n\t\t\t\t<\/div>\n\t\t\t\t<div class=\"elementor-element elementor-element-c70fafa elementor-widget elementor-widget-text-editor\" data-id=\"c70fafa\" data-element_type=\"widget\" data-e-type=\"widget\" data-widget_type=\"text-editor.default\">\n\t\t\t\t<div class=\"elementor-widget-container\">\n\t\t\t\t\t\t\t\t\tPristupanjem ovoj internetskoj stranici i materijalima sla\u017eete se da \u0107e sva pitanja koja se odnose na va\u0161 pristup ili kori\u0161tenje njima biti ure\u0111ena statutima i zakonima Irske i Europske unije, bez obzira na njihova na\u010dela sukoba zakona. Svi sporovi koji proizlaze iz kori\u0161tenja ove web stranice bit \u0107e pod isklju\u010divom nadle\u017eno\u0161\u0107u sudova u Dublinu, Irska.\n\t\t\t\t\t\t\t\t<\/div>\n\t\t\t\t<\/div>\n\t\t\t\t<div class=\"elementor-element elementor-element-6f17ea8 elementor-widget elementor-widget-heading\" data-id=\"6f17ea8\" data-element_type=\"widget\" data-e-type=\"widget\" data-widget_type=\"heading.default\">\n\t\t\t\t<div class=\"elementor-widget-container\">\n\t\t\t\t\t<h4 class=\"elementor-heading-title elementor-size-default\">11. OP\u0106I<\/h4>\t\t\t\t<\/div>\n\t\t\t\t<\/div>\n\t\t\t\t<div class=\"elementor-element elementor-element-4d1604d elementor-widget elementor-widget-text-editor\" data-id=\"4d1604d\" data-element_type=\"widget\" data-e-type=\"widget\" data-widget_type=\"text-editor.default\">\n\t\t\t\t<div class=\"elementor-widget-container\">\n\t\t\t\t\t\t\t\t\t<p>Ovi Uvjeti kori\u0161tenja bit \u0107e ure\u0111eni i tuma\u010deni u skladu sa zakonima Irske bez obzira na njezina na\u010dela sukoba zakona. Obavljanje ovih Uvjeta kori\u0161tenja od strane upravitelja internetske stranice podlije\u017ee postoje\u0107im zakonima i pravnim postupcima, a ni\u0161ta sadr\u017eano u ovim Uvjetima kori\u0161tenja ne smije odstupati od prava koordinatora da udovolji zahtjevima za provedbu zakona ili zahtjevima koji se odnose na va\u0161u upotrebu internetske stranice ili informacija koje su pru\u017eene upravitelju internetske stranice ili koje je upravitelj internetske stranice prikupio u vezi s takvom uporabom. Ako je bilo koja odredba ovih Uvjeta kori\u0161tenja nezakonita, neva\u017ee\u0107a ili iz bilo kojeg razloga neprovediva, tada \u0107e se ta odredba smatrati odvojivom od ovih Uvjeta kori\u0161tenja i ne\u0107e utjecati na valjanost i provedivost bilo kojih preostalih odredbi. Ovi Uvjeti kori\u0161tenja predstavljaju cjelokupni sporazum izme\u0111u stranaka koji se odnosi na predmet ovog Ugovora i zamjenjuju sve prethodne ili istovremene komunikacije, usmene ili pisane.<\/p>\t\t\t\t\t\t\t\t<\/div>\n\t\t\t\t<\/div>\n\t\t\t\t\t<\/div>\n\t\t\t\t<\/div>\n\t\t\t\t<\/div>","protected":false},"excerpt":{"rendered":"<p>Dobrodo\u0161li na na\u0161u web stranicu.Va\u0161 pristup i kori\u0161tenje ove web stranice podlije\u017ee ovim Uvjetima kori\u0161tenja web stranice. Pa\u017eljivo ih pro\u010ditajte prije pristupa ili kori\u0161tenja ove web stranice. 1. DEFINICIJE AI4Debunk (Participativni pomo\u0107ni alati utemeljeni na umjetnoj inteligenciji za potporu pouzdanoj internetskoj aktivnosti gra\u0111ana i razotkrivanju dezinformacija), u daljnjem tekstu \u201eprojekt\u201d, jest [\u2026]<\/p>","protected":false},"author":6,"featured_media":0,"parent":0,"menu_order":0,"comment_status":"closed","ping_status":"closed","template":"","meta":{"_acf_changed":false,"footnotes":""},"class_list":["post-209","page","type-page","status-publish","hentry"],"acf":[],"_links":{"self":[{"href":"https:\/\/ai4debunk.eu\/hr\/wp-json\/wp\/v2\/pages\/209","targetHints":{"allow":["GET"]}}],"collection":[{"href":"https:\/\/ai4debunk.eu\/hr\/wp-json\/wp\/v2\/pages"}],"about":[{"href":"https:\/\/ai4debunk.eu\/hr\/wp-json\/wp\/v2\/types\/page"}],"author":[{"embeddable":true,"href":"https:\/\/ai4debunk.eu\/hr\/wp-json\/wp\/v2\/users\/6"}],"replies":[{"embeddable":true,"href":"https:\/\/ai4debunk.eu\/hr\/wp-json\/wp\/v2\/comments?post=209"}],"version-history":[{"count":5,"href":"https:\/\/ai4debunk.eu\/hr\/wp-json\/wp\/v2\/pages\/209\/revisions"}],"predecessor-version":[{"id":2187,"href":"https:\/\/ai4debunk.eu\/hr\/wp-json\/wp\/v2\/pages\/209\/revisions\/2187"}],"wp:attachment":[{"href":"https:\/\/ai4debunk.eu\/hr\/wp-json\/wp\/v2\/media?parent=209"}],"curies":[{"name":"wp","href":"https:\/\/api.w.org\/{rel}","templated":true}]}}