{"id":1336,"date":"2024-03-11T16:12:18","date_gmt":"2024-03-11T16:12:18","guid":{"rendered":"https:\/\/ai4debunk.eu\/?page_id=1336"},"modified":"2024-04-11T10:07:05","modified_gmt":"2024-04-11T10:07:05","slug":"cookie-policy","status":"publish","type":"page","link":"https:\/\/ai4debunk.eu\/hu\/cookie-policy\/","title":{"rendered":"S\u00fctihaszn\u00e1lati szab\u00e1lyzat"},"content":{"rendered":"<div data-elementor-type=\"wp-page\" data-elementor-id=\"1336\" class=\"elementor elementor-1336\" data-elementor-post-type=\"page\">\n\t\t\t\t<div class=\"elementor-element elementor-element-372ece9 e-flex e-con-boxed e-con e-parent\" data-id=\"372ece9\" data-element_type=\"container\" data-e-type=\"container\">\n\t\t\t\t\t<div class=\"e-con-inner\">\n\t\t\t\t<div class=\"elementor-element elementor-element-af6f42a elementor-widget elementor-widget-heading\" data-id=\"af6f42a\" data-element_type=\"widget\" data-e-type=\"widget\" data-widget_type=\"heading.default\">\n\t\t\t\t<div class=\"elementor-widget-container\">\n\t\t\t\t\t<h1 class=\"elementor-heading-title elementor-size-default\">S\u00fctihaszn\u00e1lati szab\u00e1lyzat<\/h1>\t\t\t\t<\/div>\n\t\t\t\t<\/div>\n\t\t\t\t<div class=\"elementor-element elementor-element-2b13c41 elementor-widget elementor-widget-text-editor\" data-id=\"2b13c41\" data-element_type=\"widget\" data-e-type=\"widget\" data-widget_type=\"text-editor.default\">\n\t\t\t\t<div class=\"elementor-widget-container\">\n\t\t\t\t\t\t\t\t\t<p>Ez a weboldal cookie-kat haszn\u00e1l. Cookie-kat haszn\u00e1lunk annak \u00e9rdek\u00e9ben, hogy a legjobb \u00e9lm\u00e9nyt ny\u00fajtsuk \u00d6nnek a weboldalunkon. K\u00e9rj\u00fck, olvassa el a <a href=\"https:\/\/ai4debunk.eu\/hu\/terms-of-use\/\">Felhaszn\u00e1l\u00e1si felt\u00e9telek<\/a> &amp; <a href=\"https:\/\/ai4debunk.eu\/hu\/privacy-policy\/\">Adatkezel\u00e9si t\u00e1j\u00e9koztat\u00f3<\/a> amely szab\u00e1lyozza az oldal haszn\u00e1lat\u00e1t. A cookie-k olyan kism\u00e9ret\u0171 sz\u00f6veges f\u00e1jlok, amelyeket a weboldalak a felhaszn\u00e1l\u00f3i \u00e9lm\u00e9ny hat\u00e9konyabb\u00e1 t\u00e9tele \u00e9rdek\u00e9ben haszn\u00e1lhatnak. A t\u00f6rv\u00e9ny kimondja, hogy cookie-kat t\u00e1rolhatunk az \u00d6n eszk\u00f6z\u00e9n, ha azok felt\u00e9tlen\u00fcl sz\u00fcks\u00e9gesek a webhely m\u0171k\u00f6d\u00e9s\u00e9hez.<br \/>Minden m\u00e1s t\u00edpus\u00fa cookie-hoz sz\u00fcks\u00e9g\u00fcnk van az \u00d6n enged\u00e9ly\u00e9re. Ez az oldal k\u00fcl\u00f6nb\u00f6z\u0151 t\u00edpus\u00fa cookie-kat haszn\u00e1l. Egyes cookie-kat az oldalainkon megjelen\u0151 harmadik f\u00e9l szolg\u00e1ltat\u00e1sok helyeznek el. B\u00e1rmikor megv\u00e1ltoztathatja vagy visszavonhatja hozz\u00e1j\u00e1rul\u00e1s\u00e1t a weboldalunkon tal\u00e1lhat\u00f3 cookie-nyilatkozatb\u00f3l. Tudjon meg t\u00f6bbet arr\u00f3l, hogy kik vagyunk, hogyan l\u00e9phet kapcsolatba vel\u00fcnk, \u00e9s hogyan dolgozzuk fel a szem\u00e9lyes adatokat <a href=\"https:\/\/ai4debunk.eu\/hu\/privacy-policy\/\">Adatkezel\u00e9si t\u00e1j\u00e9koztat\u00f3<\/a>.<\/p>\t\t\t\t\t\t\t\t<\/div>\n\t\t\t\t<\/div>\n\t\t\t\t<div class=\"elementor-element elementor-element-fd7345b elementor-widget elementor-widget-html\" data-id=\"fd7345b\" data-element_type=\"widget\" data-e-type=\"widget\" data-widget_type=\"html.default\">\n\t\t\t\t<div class=\"elementor-widget-container\">\n\t\t\t\t\t<div class=\"cky-audit-table-element\"><\/div>\t\t\t\t<\/div>\n\t\t\t\t<\/div>\n\t\t\t\t\t<\/div>\n\t\t\t\t<\/div>\n\t\t\t\t<\/div>","protected":false},"excerpt":{"rendered":"<p>Ez a weboldal cookie-kat (s\u00fctiket) haszn\u00e1l. Cookie-kat haszn\u00e1lunk annak \u00e9rdek\u00e9ben, hogy a legjobb \u00e9lm\u00e9nyt ny\u00fajtsuk \u00d6nnek a weboldalunkon. K\u00e9rj\u00fck, olvassa el a Felhaszn\u00e1l\u00e1si felt\u00e9telek &amp; Adatv\u00e9delmi ir\u00e1nyelveket, amelyek szab\u00e1lyozz\u00e1k a webhely haszn\u00e1lat\u00e1t. A cookie-k olyan kism\u00e9ret\u0171 sz\u00f6veges f\u00e1jlok, amelyeket a weboldalak arra haszn\u00e1lhatnak, hogy a felhaszn\u00e1l\u00f3i \u00e9lm\u00e9nyt m\u00e9g jobb\u00e1 tegy\u00e9k [\u2026]<\/p>","protected":false},"author":6,"featured_media":0,"parent":0,"menu_order":0,"comment_status":"closed","ping_status":"closed","template":"","meta":{"_acf_changed":false,"footnotes":""},"class_list":["post-1336","page","type-page","status-publish","hentry"],"acf":[],"_links":{"self":[{"href":"https:\/\/ai4debunk.eu\/hu\/wp-json\/wp\/v2\/pages\/1336","targetHints":{"allow":["GET"]}}],"collection":[{"href":"https:\/\/ai4debunk.eu\/hu\/wp-json\/wp\/v2\/pages"}],"about":[{"href":"https:\/\/ai4debunk.eu\/hu\/wp-json\/wp\/v2\/types\/page"}],"author":[{"embeddable":true,"href":"https:\/\/ai4debunk.eu\/hu\/wp-json\/wp\/v2\/users\/6"}],"replies":[{"embeddable":true,"href":"https:\/\/ai4debunk.eu\/hu\/wp-json\/wp\/v2\/comments?post=1336"}],"version-history":[{"count":5,"href":"https:\/\/ai4debunk.eu\/hu\/wp-json\/wp\/v2\/pages\/1336\/revisions"}],"predecessor-version":[{"id":1469,"href":"https:\/\/ai4debunk.eu\/hu\/wp-json\/wp\/v2\/pages\/1336\/revisions\/1469"}],"wp:attachment":[{"href":"https:\/\/ai4debunk.eu\/hu\/wp-json\/wp\/v2\/media?parent=1336"}],"curies":[{"name":"wp","href":"https:\/\/api.w.org\/{rel}","templated":true}]}}