{"id":209,"date":"2024-03-05T16:33:00","date_gmt":"2024-03-05T16:33:00","guid":{"rendered":"https:\/\/ai4debunk.eu\/?page_id=209"},"modified":"2024-09-19T15:01:38","modified_gmt":"2024-09-19T15:01:38","slug":"terms-of-use","status":"publish","type":"page","link":"https:\/\/ai4debunk.eu\/hu\/terms-of-use\/","title":{"rendered":"Felhaszn\u00e1l\u00e1si felt\u00e9telek"},"content":{"rendered":"<div data-elementor-type=\"wp-page\" data-elementor-id=\"209\" class=\"elementor elementor-209\" data-elementor-post-type=\"page\">\n\t\t\t\t<div class=\"elementor-element elementor-element-89ce4c8 e-flex e-con-boxed e-con e-parent\" data-id=\"89ce4c8\" data-element_type=\"container\" data-e-type=\"container\">\n\t\t\t\t\t<div class=\"e-con-inner\">\n\t\t\t\t<div class=\"elementor-element elementor-element-c470af8 elementor-widget elementor-widget-heading\" data-id=\"c470af8\" data-element_type=\"widget\" data-e-type=\"widget\" data-widget_type=\"heading.default\">\n\t\t\t\t<div class=\"elementor-widget-container\">\n\t\t\t\t\t<h1 class=\"elementor-heading-title elementor-size-default\">Felhaszn\u00e1l\u00e1si felt\u00e9telek\n<\/h1>\t\t\t\t<\/div>\n\t\t\t\t<\/div>\n\t\t\t\t<div class=\"elementor-element elementor-element-9834e64 elementor-widget elementor-widget-text-editor\" data-id=\"9834e64\" data-element_type=\"widget\" data-e-type=\"widget\" data-widget_type=\"text-editor.default\">\n\t\t\t\t<div class=\"elementor-widget-container\">\n\t\t\t\t\t\t\t\t\t<p>\u00dcdv\u00f6z\u00f6lj\u00fck honlapunkon.<br \/>A jelen Weboldalhoz val\u00f3 hozz\u00e1f\u00e9r\u00e9sre \u00e9s annak haszn\u00e1lat\u00e1ra a jelen Weboldal Felhaszn\u00e1l\u00e1si Felt\u00e9telei vonatkoznak. K\u00e9rj\u00fck, figyelmesen olvassa el \u0151ket, miel\u0151tt bel\u00e9pne vagy haszn\u00e1ln\u00e1 ezt a weboldalt.<\/p>\t\t\t\t\t\t\t\t<\/div>\n\t\t\t\t<\/div>\n\t\t\t\t<div class=\"elementor-element elementor-element-112fa17 elementor-widget elementor-widget-heading\" data-id=\"112fa17\" data-element_type=\"widget\" data-e-type=\"widget\" data-widget_type=\"heading.default\">\n\t\t\t\t<div class=\"elementor-widget-container\">\n\t\t\t\t\t<h4 class=\"elementor-heading-title elementor-size-default\">1. FOGALOMMEGHAT\u00c1ROZ\u00c1SOK<\/h4>\t\t\t\t<\/div>\n\t\t\t\t<\/div>\n\t\t\t\t<div class=\"elementor-element elementor-element-e1cdef7 elementor-widget elementor-widget-text-editor\" data-id=\"e1cdef7\" data-element_type=\"widget\" data-e-type=\"widget\" data-widget_type=\"text-editor.default\">\n\t\t\t\t<div class=\"elementor-widget-container\">\n\t\t\t\t\t\t\t\t\t<p>Az AI4Debunk (Participative Assistive AI-powered Tools for Supporting Trustworthy Online Activity of Citizens and Debunking Disinformation, a tov\u00e1bbiakban: a projekt) egy 48 h\u00f3napos hat\u00e1svizsg\u00e1lati projekt, amely a HORIZON-CL4-2023-HUMAN-01-CNECT t\u00e9m\u00e1val foglalkozik.<\/p><p>A \u201ekonzorcium\u201d kifejez\u00e9s az Eur\u00f3pai Bizotts\u00e1g kiv\u00e9tel\u00e9vel a 101135757 sz. t\u00e1mogat\u00e1si meg\u00e1llapod\u00e1s minden olyan al\u00e1\u00edr\u00f3j\u00e1ra vonatkozik, amely a projekt eredm\u00e9nyeivel kapcsolatban egys\u00e9ges vagy k\u00f6z\u00f6s szellemitulajdon-jogokkal rendelkezhet.<\/p><p>Az \u201eAnyagok\u201d kifejez\u00e9s minden olyan inform\u00e1ci\u00f3ra, tartalomra, adatra, dokumentumra (pl. feh\u00e9r k\u00f6nyvek, bros\u00far\u00e1k, adatlapok, GYIK, sablonok, sajt\u00f3k\u00f6zlem\u00e9nyek stb.), let\u00f6lt\u00e9sre, f\u00e1jlra, sz\u00f6vegre, k\u00e9pre, f\u00e9nyk\u00e9pre, grafik\u00e1ra, vide\u00f3ra, webes k\u00f6zvet\u00edt\u00e9sre, kiadv\u00e1nyra, eszk\u00f6zre, er\u0151forr\u00e1sra, szoftverre, k\u00f3dra, programra, alkalmaz\u00e1sra \u00e9s term\u00e9kre vonatkozik, amelyet a Weboldalon el\u00e9rhet\u0151v\u00e9 tettek vagy enged\u00e9lyeztek.<\/p><p>A \u201eWeboldal kezel\u0151je\u201d kifejez\u00e9s, m\u00e1s n\u00e9ven \u201emi\u201d vagy \u201emi\u201d, a weboldal l\u00e9trehoz\u00e1s\u00e1\u00e9rt \u00e9s kezel\u00e9s\u00e9\u00e9rt felel\u0151s szervezetre utal. <a href=\"https:\/\/ai4debunk.eu\/hu\/\"><span style=\"color: #ae46ff;\">https:\/\/ai4debunk.eu<\/span><\/a> (a tov\u00e1bbiakban egy\u00fcttesen: a weboldal) a felhaszn\u00e1l\u00f3k t\u00e1j\u00e9koztat\u00e1sa \u00e9rdek\u00e9ben.A 101135757 t\u00e1mogat\u00e1si meg\u00e1llapod\u00e1s \u00e9rtelm\u00e9ben az F6S Network Ireland Limited (<span style=\"color: #ae46ff;\"><a style=\"color: #ae46ff;\" href=\"http:\/\/www.f6s.com\" target=\"_blank\" rel=\"noopener\">www.f6s.com<\/a><\/span>) a weboldal kezel\u0151je, \u00edgy az F6S Network Ireland Limited a weboldal adatkezel\u0151je.<\/p><p>Az \u201e\u00d6n\u201d kifejez\u00e9s weboldalunk l\u00e1togat\u00f3j\u00e1ra vonatkozik.<\/p>\t\t\t\t\t\t\t\t<\/div>\n\t\t\t\t<\/div>\n\t\t\t\t<div class=\"elementor-element elementor-element-65a84db elementor-widget elementor-widget-heading\" data-id=\"65a84db\" data-element_type=\"widget\" data-e-type=\"widget\" data-widget_type=\"heading.default\">\n\t\t\t\t<div class=\"elementor-widget-container\">\n\t\t\t\t\t<h4 class=\"elementor-heading-title elementor-size-default\">2. HAT\u00c1LY<\/h4>\t\t\t\t<\/div>\n\t\t\t\t<\/div>\n\t\t\t\t<div class=\"elementor-element elementor-element-b717931 elementor-widget elementor-widget-text-editor\" data-id=\"b717931\" data-element_type=\"widget\" data-e-type=\"widget\" data-widget_type=\"text-editor.default\">\n\t\t\t\t<div class=\"elementor-widget-container\">\n\t\t\t\t\t\t\t\t\tA Honlap jelen Felhaszn\u00e1l\u00e1si Felt\u00e9telei (a tov\u00e1bbiakban: \"Felt\u00e9telek\" vagy \"Weboldal Felhaszn\u00e1l\u00e1si Felt\u00e9telei\") szab\u00e1lyozz\u00e1k a Honlap haszn\u00e1lat\u00e1t, bele\u00e9rtve a Honlap \u00f6sszes oldal\u00e1t. Ezek a felt\u00e9telek teljes m\u00e9rt\u00e9kben \u00e9rv\u00e9nyesek \u00e9s \u00e9rv\u00e9nyesek a weboldal haszn\u00e1lat\u00e1ra, \u00e9s a weboldal haszn\u00e1lat\u00e1val kifejezetten elfogadja az itt szerepl\u0151 \u00f6sszes felt\u00e9telt. Nem haszn\u00e1lhatja ezt a Weboldalt, ha b\u00e1rmilyen kifog\u00e1sa van a jelen Weboldal Felhaszn\u00e1l\u00e1si Felt\u00e9teleivel szemben.\n\t\t\t\t\t\t\t\t<\/div>\n\t\t\t\t<\/div>\n\t\t\t\t<div class=\"elementor-element elementor-element-827f9c4 elementor-widget elementor-widget-heading\" data-id=\"827f9c4\" data-element_type=\"widget\" data-e-type=\"widget\" data-widget_type=\"heading.default\">\n\t\t\t\t<div class=\"elementor-widget-container\">\n\t\t\t\t\t<h4 class=\"elementor-heading-title elementor-size-default\">3. A WEBOLDAL HASZN\u00c1LATA<\/h4>\t\t\t\t<\/div>\n\t\t\t\t<\/div>\n\t\t\t\t<div class=\"elementor-element elementor-element-ee7b3ce elementor-widget elementor-widget-text-editor\" data-id=\"ee7b3ce\" data-element_type=\"widget\" data-e-type=\"widget\" data-widget_type=\"text-editor.default\">\n\t\t\t\t<div class=\"elementor-widget-container\">\n\t\t\t\t\t\t\t\t\t<p>\u00d6n v\u00e1llalja, hogy a Weboldalt \u00e9s annak tartalm\u00e1t kiz\u00e1r\u00f3lag a Felhaszn\u00e1l\u00e1si felt\u00e9telek \u00e9s a vonatkoz\u00f3 joghat\u00f3s\u00e1gokban alkalmazand\u00f3 jogszab\u00e1lyok, szab\u00e1lyoz\u00e1sok vagy \u00e1ltal\u00e1nosan elfogadott gyakorlatok vagy ir\u00e1nymutat\u00e1sok \u00e1ltal megengedett c\u00e9lokra haszn\u00e1lja.<\/p><p>\u00d6n kifejezetten beleegyezik abba, hogy nem f\u00e9r hozz\u00e1 (vagy nem k\u00eds\u00e9rel meg hozz\u00e1f\u00e9rni) az Anyagokhoz semmilyen automatiz\u00e1lt m\u00f3don (bele\u00e9rtve a szkriptek vagy webes robotok haszn\u00e1lat\u00e1t), vagy hackel\u00e9s, jelsz\u00f3b\u00e1ny\u00e1szat vagy m\u00e1s m\u00f3don. \u00d6n elfogadja, hogy nem folytat olyan tev\u00e9kenys\u00e9get, amely zavarja vagy megzavarja a Weboldalt (vagy a Weboldalhoz kapcsol\u00f3d\u00f3 vagy azon kereszt\u00fcl el\u00e9rhet\u0151 szervereket \u00e9s h\u00e1l\u00f3zatokat).<br \/>\u00d6n beleegyezik abba is, hogy a Weboldalon el\u00e9rhet\u0151 funkci\u00f3kat csak az Anyagok megfelel\u0151 m\u00f3don t\u00f6rt\u00e9n\u0151 el\u00e9r\u00e9s\u00e9re, let\u00f6lt\u00e9s\u00e9re, felhaszn\u00e1l\u00e1s\u00e1ra, k\u00f6zz\u00e9t\u00e9tel\u00e9re, k\u00fcld\u00e9s\u00e9re vagy fogad\u00e1s\u00e1ra haszn\u00e1lja.<\/p><p>\u00d6n megtekintheti, let\u00f6ltheti \u00e9s kinyomtathatja az Anyagokat a Weboldalr\u00f3l saj\u00e1t szem\u00e9lyes haszn\u00e1lat\u00e1ra, az al\u00e1bbiakban \u00e9s a jelen \u00c1ltal\u00e1nos Szerz\u0151d\u00e9si Felt\u00e9telekben m\u00e1sutt meghat\u00e1rozott korl\u00e1toz\u00e1sok mellett.<\/p><p>\u00d6n nem haszn\u00e1lhatja ezt a weboldalt olyan anyagok m\u00e1sol\u00e1s\u00e1ra, t\u00e1rol\u00e1s\u00e1ra, t\u00e1rol\u00e1s\u00e1ra, t\u00e1rol\u00e1s\u00e1ra, tov\u00e1bb\u00edt\u00e1s\u00e1ra, k\u00fcld\u00e9s\u00e9re, haszn\u00e1lat\u00e1ra, k\u00f6zz\u00e9t\u00e9tel\u00e9re vagy terjeszt\u00e9s\u00e9re, amelyek k\u00e9mprogramb\u00f3l, sz\u00e1m\u00edt\u00f3g\u00e9pes v\u00edrusb\u00f3l, tr\u00f3jai fal\u00f3b\u00f3l, f\u00e9regb\u0151l, billenty\u0171le\u00fct\u00e9s-napl\u00f3z\u00f3b\u00f3l, rootkitb\u0151l vagy m\u00e1s rosszindulat\u00fa sz\u00e1m\u00edt\u00f3g\u00e9pes szoftverb\u0151l \u00e1llnak (vagy azokhoz kapcsol\u00f3dnak). \u00d6n nem folytathat szisztematikus vagy automatiz\u00e1lt adatgy\u0171jt\u00e9si tev\u00e9kenys\u00e9get (bele\u00e9rtve t\u00f6bbek k\u00f6z\u00f6tt a kapar\u00e1st, az adatb\u00e1ny\u00e1szatot, az adatkinyer\u00e9st \u00e9s az adatbegy\u0171jt\u00e9st) ezen a weboldalon vagy azzal kapcsolatban a Weboldal kezel\u0151j\u00e9nek kifejezett \u00edr\u00e1sbeli hozz\u00e1j\u00e1rul\u00e1sa n\u00e9lk\u00fcl. \u00d6n v\u00e1llalja tov\u00e1bb\u00e1, hogy nem haszn\u00e1l fel semmilyen Anyagot olyan m\u00f3don, amely s\u00e9rti a szellemi tulajdonjogokat vagy b\u00e1rmely f\u00e9l jogait, \u00e9s nem reproduk\u00e1lja vagy hasznos\u00edtja m\u00e1s elektronikus vagy nyomtatott kiadv\u00e1nyokban. A grafika, valamint a m\u0171szaki tervez\u00e9s \u00e9s minden kapcsolat, valamint az online prezent\u00e1ci\u00f3ban haszn\u00e1lt k\u00e9pek szerz\u0151i jogi v\u00e9delem alatt \u00e1llnak.<\/p><p>\u00d6n v\u00e1llalja tov\u00e1bb\u00e1, hogy a Weboldal domainnev\u00e9t nem haszn\u00e1lja \u00e1lneves\u00edtett v\u00e1lasz-e-mail c\u00edmk\u00e9nt; nem zavarni, zavarni vagy akad\u00e1lyozni m\u00e1s felhaszn\u00e1l\u00f3kat abban, hogy haszn\u00e1lj\u00e1k \u00e9s \u00e9lvezz\u00e9k a Weboldalt vagy m\u00e1s kapcsol\u00f3d\u00f3 vagy linkelt oldalakat, vagy az Anyagokat; \u00e9s nem haszn\u00e1l fel semmilyen Anyagot olyan m\u00f3don, amely s\u00e9rti b\u00e1rmely f\u00e9l szellemi tulajdonjogait vagy jogait;<\/p>\t\t\t\t\t\t\t\t<\/div>\n\t\t\t\t<\/div>\n\t\t\t\t<div class=\"elementor-element elementor-element-94c704a elementor-widget elementor-widget-heading\" data-id=\"94c704a\" data-element_type=\"widget\" data-e-type=\"widget\" data-widget_type=\"heading.default\">\n\t\t\t\t<div class=\"elementor-widget-container\">\n\t\t\t\t\t<h4 class=\"elementor-heading-title elementor-size-default\">4. SZERZ\u0150I JOGOK \u00c9S SZELLEMI TULAJDONJOGOK<\/h4>\t\t\t\t<\/div>\n\t\t\t\t<\/div>\n\t\t\t\t<div class=\"elementor-element elementor-element-cbe98bf elementor-widget elementor-widget-text-editor\" data-id=\"cbe98bf\" data-element_type=\"widget\" data-e-type=\"widget\" data-widget_type=\"text-editor.default\">\n\t\t\t\t<div class=\"elementor-widget-container\">\n\t\t\t\t\t\t\t\t\t<p>Az \u00d6n tulajdon\u00e1ban l\u00e9v\u0151 tartalomt\u00f3l eltekintve, amelyet \u00d6n esetleg \u00fagy d\u00f6nt\u00f6tt, hogy a jelen Webhelyen szerepel, a jelen Felt\u00e9telek \u00e9rtelm\u00e9ben a Konzorcium \u00e9s \/ vagy licencad\u00f3i birtokolj\u00e1k a jelen Webhelyen tal\u00e1lhat\u00f3 szellemi tulajdonra vonatkoz\u00f3 \u00f6sszes jogot, \u00e9s minden ilyen jog fenntartva. A Konzorcium felhatalmazza a felhaszn\u00e1l\u00f3kat, hogy a Weboldalr\u00f3l kivonatokat vagy dokumentumokat m\u00e1soljanak \u00e9s nyomtassanak ki kiz\u00e1r\u00f3lag szem\u00e9lyes, nem kereskedelmi haszn\u00e1latra, azzal a felt\u00e9tellel, hogy az eml\u00edtett dokumentumok vagy oldalak b\u00e1rmely m\u00e1solata vagy kivonata fenntartja az \u00f6sszes szellemi tulajdonjogot vagy egy\u00e9b tulajdonjogi nyilatkozatot, bele\u00e9rtve az azokban foglalt \u00f6sszes felel\u0151ss\u00e9gkiz\u00e1r\u00f3 nyilatkozatot. A projekt log\u00f3ja a konzorcium el\u0151zetes \u00edr\u00e1sbeli hozz\u00e1j\u00e1rul\u00e1sa n\u00e9lk\u00fcl nem haszn\u00e1lhat\u00f3 vagy reproduk\u00e1lhat\u00f3.<\/p><p>A vonatkoz\u00f3 szerz\u0151i jogi jogszab\u00e1lyok \u00e1ltal megengedett esetek kiv\u00e9tel\u00e9vel a szerz\u0151i jog tulajdonos\u00e1nak \u00edr\u00e1sbeli enged\u00e9lye n\u00e9lk\u00fcl nem reproduk\u00e1lhatja vagy k\u00f6z\u00f6lheti a webhelyen tal\u00e1lhat\u00f3 tartalmakat, bele\u00e9rtve a webhelyr\u0151l let\u00f6lthet\u0151 f\u00e1jlokat is.<\/p>\t\t\t\t\t\t\t\t<\/div>\n\t\t\t\t<\/div>\n\t\t\t\t<div class=\"elementor-element elementor-element-21ba3cf elementor-widget elementor-widget-heading\" data-id=\"21ba3cf\" data-element_type=\"widget\" data-e-type=\"widget\" data-widget_type=\"heading.default\">\n\t\t\t\t<div class=\"elementor-widget-container\">\n\t\t\t\t\t<h4 class=\"elementor-heading-title elementor-size-default\">5. V\u00c9DJEGYEK, KERESKEDELMI NEVEK \u00c9S LOG\u00d3K<\/h4>\t\t\t\t<\/div>\n\t\t\t\t<\/div>\n\t\t\t\t<div class=\"elementor-element elementor-element-71b6360 elementor-widget elementor-widget-text-editor\" data-id=\"71b6360\" data-element_type=\"widget\" data-e-type=\"widget\" data-widget_type=\"text-editor.default\">\n\t\t\t\t<div class=\"elementor-widget-container\">\n\t\t\t\t\t\t\t\t\tA Weboldalon megjelen\u0151 minden v\u00e9djegy, kereskedelmi n\u00e9v \u00e9s log\u00f3 a megfelel\u0151 tulajdonosok tulajdon\u00e1t k\u00e9pezi, \u00e9s a nemzetk\u00f6zi szerz\u0151i jogi \u00e9s v\u00e9djegyt\u00f6rv\u00e9nyek v\u00e9delme alatt \u00e1ll. \u00d6n v\u00e1llalja, hogy nem becsm\u00e9rli vagy becsm\u00e9rli a Projektet \u00e9s a Webhelyen vagy az Anyagokban szerepl\u0151 \u00f6sszes v\u00e9djegyet, kereskedelmi nevet vagy log\u00f3t. Szigor\u00faan tilos a Weboldalon megjelen\u0151 b\u00e1rmely v\u00e9djegy, kereskedelmi n\u00e9v \u00e9s log\u00f3 haszn\u00e1lata a v\u00e9djegy, n\u00e9v vagy log\u00f3 tulajdonos\u00e1nak kifejezett \u00edr\u00e1sbeli hozz\u00e1j\u00e1rul\u00e1sa n\u00e9lk\u00fcl.\t\t\t\t\t\t\t\t<\/div>\n\t\t\t\t<\/div>\n\t\t\t\t<div class=\"elementor-element elementor-element-4ca326f elementor-widget elementor-widget-heading\" data-id=\"4ca326f\" data-element_type=\"widget\" data-e-type=\"widget\" data-widget_type=\"heading.default\">\n\t\t\t\t<div class=\"elementor-widget-container\">\n\t\t\t\t\t<h4 class=\"elementor-heading-title elementor-size-default\">6. ENGED\u00c9LY AZ \u00d6N SZ\u00c1M\u00c1RA<\/h4>\t\t\t\t<\/div>\n\t\t\t\t<\/div>\n\t\t\t\t<div class=\"elementor-element elementor-element-37a315c elementor-widget elementor-widget-text-editor\" data-id=\"37a315c\" data-element_type=\"widget\" data-e-type=\"widget\" data-widget_type=\"text-editor.default\">\n\t\t\t\t<div class=\"elementor-widget-container\">\n\t\t\t\t\t\t\t\t\t<p>A Konzorcium szem\u00e9lyes, az eg\u00e9sz vil\u00e1gra kiterjed\u0151, nem \u00e1truh\u00e1zhat\u00f3, jogd\u00edjmentes \u00e9s nem kiz\u00e1r\u00f3lagos enged\u00e9lyt ad \u00d6nnek a Weboldal haszn\u00e1lat\u00e1ra kiz\u00e1r\u00f3lag abb\u00f3l a c\u00e9lb\u00f3l, hogy lehet\u0151v\u00e9 tegye a Weboldal \u00e9s az Anyagok haszn\u00e1lat\u00e1t \u00e9s el\u0151nyeit, a jelen Felhaszn\u00e1l\u00e1si Felt\u00e9telek \u00e1ltal megengedett m\u00f3don. \u00d6n nem m\u00e1solhatja le, nem ford\u00edthatja vissza, nem hozhat l\u00e9tre sz\u00e1rmaz\u00e9kos m\u0171vet, nem fejtheti vissza vagy m\u00e1s m\u00f3don nem k\u00eds\u00e9relheti meg a Weboldal vagy annak b\u00e1rmely r\u00e9sze forr\u00e1sk\u00f3dj\u00e1nak kinyer\u00e9s\u00e9t, kiv\u00e9ve, ha ezt a t\u00f6rv\u00e9ny kifejezetten megengedi vagy el\u0151\u00edrja, vagy ha erre a Weboldal kezel\u0151je kifejezetten felhatalmazta. Hacsak a Weboldal kezel\u0151je erre \u00edr\u00e1sos enged\u00e9lyt nem adott, \u00d6n nem<\/p><ul><li>\u00e1truh\u00e1zhatja (vagy allicencbe adhatja) a Honlap vagy az Anyagok haszn\u00e1lat\u00e1ra vonatkoz\u00f3 jogait,<\/li><li>biztons\u00e1gi \u00e9rdeket biztos\u00edt a Weboldal vagy az Anyagok haszn\u00e1lat\u00e1ra vonatkoz\u00f3 jogaiban vagy azok felett, vagy m\u00e1s m\u00f3don \u00e1truh\u00e1zza az azok haszn\u00e1lat\u00e1ra vonatkoz\u00f3 jogait.<\/li><\/ul>\t\t\t\t\t\t\t\t<\/div>\n\t\t\t\t<\/div>\n\t\t\t\t<div class=\"elementor-element elementor-element-1251413 elementor-widget elementor-widget-heading\" data-id=\"1251413\" data-element_type=\"widget\" data-e-type=\"widget\" data-widget_type=\"heading.default\">\n\t\t\t\t<div class=\"elementor-widget-container\">\n\t\t\t\t\t<h4 class=\"elementor-heading-title elementor-size-default\">7. KAPCSOLATOK M\u00c1S INTERNETES HELYSZ\u00cdNEKKEL<\/h4>\t\t\t\t<\/div>\n\t\t\t\t<\/div>\n\t\t\t\t<div class=\"elementor-element elementor-element-b5adf43 elementor-widget elementor-widget-text-editor\" data-id=\"b5adf43\" data-element_type=\"widget\" data-e-type=\"widget\" data-widget_type=\"text-editor.default\">\n\t\t\t\t<div class=\"elementor-widget-container\">\n\t\t\t\t\t\t\t\t\tA Weboldal tartalmazhat linkeket m\u00e1s weboldalakhoz \u00e9s szolg\u00e1ltat\u00e1sokhoz, amelyeket harmadik felek vagy le\u00e1nyv\u00e1llalatai \u00fczemeltetnek \u00e9s tartanak fenn. \u00d6n tudom\u00e1sul veszi, meg\u00e9rti \u00e9s elfogadja, hogy a Weboldal kezel\u0151je sem k\u00f6zvetlen\u00fcl, sem k\u00f6zvetve nem felel\u0151s semmilyen k\u00e1r\u00e9rt vagy vesztes\u00e9g\u00e9rt, amelyet az ilyen m\u00e1s webhelyeken el\u00e9rhet\u0151 tartalom, term\u00e9kek vagy szolg\u00e1ltat\u00e1sok haszn\u00e1lat\u00e1val vagy az azokra val\u00f3 hagyatkoz\u00e1ssal kapcsolatban okozott vagy \u00e1ll\u00edt\u00f3lagosan okozott.\n\t\t\t\t\t\t\t\t<\/div>\n\t\t\t\t<\/div>\n\t\t\t\t<div class=\"elementor-element elementor-element-61d5e43 elementor-widget elementor-widget-heading\" data-id=\"61d5e43\" data-element_type=\"widget\" data-e-type=\"widget\" data-widget_type=\"heading.default\">\n\t\t\t\t<div class=\"elementor-widget-container\">\n\t\t\t\t\t<h4 class=\"elementor-heading-title elementor-size-default\">8. V\u00c1LTOZ\u00c1SOK<\/h4>\t\t\t\t<\/div>\n\t\t\t\t<\/div>\n\t\t\t\t<div class=\"elementor-element elementor-element-e547e4a elementor-widget elementor-widget-text-editor\" data-id=\"e547e4a\" data-element_type=\"widget\" data-e-type=\"widget\" data-widget_type=\"text-editor.default\">\n\t\t\t\t<div class=\"elementor-widget-container\">\n\t\t\t\t\t\t\t\t\tA Weboldal kezel\u0151je fenntartja mag\u00e1nak a jogot, hogy b\u00e1rmikor, el\u0151zetes \u00e9rtes\u00edt\u00e9ssel vagy an\u00e9lk\u00fcl m\u00f3dos\u00edtsa, felf\u00fcggessze vagy megsz\u00fcntesse a Weboldal \u00e9s az Anyagok b\u00e1rmely r\u00e9sz\u00e9t. A Weboldal kezel\u0151je fenntartja mag\u00e1nak a jogot, hogy a jelen Felhaszn\u00e1l\u00e1si felt\u00e9telek b\u00e1rmely r\u00e9sz\u00e9t b\u00e1rmikor m\u00f3dos\u00edtsa. Minden m\u00f3dos\u00edt\u00e1s a Weboldalon t\u00f6rt\u00e9n\u0151 k\u00f6zz\u00e9t\u00e9tellel l\u00e9p hat\u00e1lyba. \u00d6n v\u00e1llalja, hogy rendszeresen fel\u00fclvizsg\u00e1lja ezeket a Felhaszn\u00e1l\u00e1si felt\u00e9teleket, hogy tiszt\u00e1ban legyen az ilyen m\u00f3dos\u00edt\u00e1sokkal. A Weboldal tov\u00e1bbi haszn\u00e1lata az ilyen m\u00f3dos\u00edt\u00e1sok k\u00f6zz\u00e9t\u00e9tel\u00e9t k\u00f6vet\u0151en \u00fagy tekintend\u0151, hogy \u00d6n elfogadja a Felhaszn\u00e1l\u00e1si felt\u00e9telek b\u00e1rmely m\u00f3dos\u00edt\u00e1s\u00e1t. Ha b\u00e1rmikor a Felhaszn\u00e1l\u00e1si felt\u00e9telek nem elfogadhat\u00f3k az \u00d6n sz\u00e1m\u00e1ra, akkor azonnal meg kell sz\u00fcntetnie a Weboldal haszn\u00e1lat\u00e1t. \u00d6n egyet\u00e9rt azzal, hogy a fent eml\u00edtett, a m\u00f3dos\u00edt\u00e1sok bejelent\u00e9s\u00e9re vonatkoz\u00f3 szabv\u00e1ny \u00e9sszer\u0171.\n\t\t\t\t\t\t\t\t<\/div>\n\t\t\t\t<\/div>\n\t\t\t\t<div class=\"elementor-element elementor-element-638682a elementor-widget elementor-widget-heading\" data-id=\"638682a\" data-element_type=\"widget\" data-e-type=\"widget\" data-widget_type=\"heading.default\">\n\t\t\t\t<div class=\"elementor-widget-container\">\n\t\t\t\t\t<h4 class=\"elementor-heading-title elementor-size-default\">9. FELEL\u0150SS\u00c9G KORL\u00c1TOZ\u00c1SA<\/h4>\t\t\t\t<\/div>\n\t\t\t\t<\/div>\n\t\t\t\t<div class=\"elementor-element elementor-element-c2a7c6a elementor-widget elementor-widget-text-editor\" data-id=\"c2a7c6a\" data-element_type=\"widget\" data-e-type=\"widget\" data-widget_type=\"text-editor.default\">\n\t\t\t\t<div class=\"elementor-widget-container\">\n\t\t\t\t\t\t\t\t\tA Weboldal kezel\u0151je nem v\u00e1llal felel\u0151ss\u00e9get semmilyen k\u00f6zvetlen, k\u00f6zvetett, v\u00e9letlen vagy k\u00f6vetkezm\u00e9nyes k\u00e1r\u00e9rt, amely a Weboldal Felhaszn\u00e1l\u00f3k \u00e1ltali helytelen haszn\u00e1lat\u00e1b\u00f3l, illetve a Weboldal m\u0171k\u00f6d\u00e9s\u00e9ben vagy a Weboldalon kereszt\u00fcl az interneten t\u00f6rt\u00e9n\u0151 inform\u00e1ci\u00f3tov\u00e1bb\u00edt\u00e1sban bek\u00f6vetkez\u0151 hib\u00e1kb\u00f3l, hib\u00e1kb\u00f3l, hib\u00e1kb\u00f3l vagy k\u00e9sedelmekb\u0151l eredhet.\n\t\t\t\t\t\t\t\t<\/div>\n\t\t\t\t<\/div>\n\t\t\t\t<div class=\"elementor-element elementor-element-f4d303c elementor-widget elementor-widget-heading\" data-id=\"f4d303c\" data-element_type=\"widget\" data-e-type=\"widget\" data-widget_type=\"heading.default\">\n\t\t\t\t<div class=\"elementor-widget-container\">\n\t\t\t\t\t<h4 class=\"elementor-heading-title elementor-size-default\">10. JOGHAT\u00d3S\u00c1G<\/h4>\t\t\t\t<\/div>\n\t\t\t\t<\/div>\n\t\t\t\t<div class=\"elementor-element elementor-element-c70fafa elementor-widget elementor-widget-text-editor\" data-id=\"c70fafa\" data-element_type=\"widget\" data-e-type=\"widget\" data-widget_type=\"text-editor.default\">\n\t\t\t\t<div class=\"elementor-widget-container\">\n\t\t\t\t\t\t\t\t\tA weboldalhoz \u00e9s az anyagokhoz val\u00f3 hozz\u00e1f\u00e9r\u00e9ssel \u00d6n elfogadja, hogy az azokhoz val\u00f3 hozz\u00e1f\u00e9r\u00e9ssel vagy azok haszn\u00e1lat\u00e1val kapcsolatos valamennyi k\u00e9rd\u00e9sre \u00cdrorsz\u00e1g \u00e9s az Eur\u00f3pai Uni\u00f3 t\u00f6rv\u00e9nyei \u00e9s t\u00f6rv\u00e9nyei az ir\u00e1nyad\u00f3k, tekintet n\u00e9lk\u00fcl a koll\u00edzi\u00f3s elvekre. A weboldal haszn\u00e1lat\u00e1b\u00f3l ered\u0151 vit\u00e1k a dublini b\u00edr\u00f3s\u00e1gok kiz\u00e1r\u00f3lagos joghat\u00f3s\u00e1ga al\u00e1 tartoznak.\n\t\t\t\t\t\t\t\t<\/div>\n\t\t\t\t<\/div>\n\t\t\t\t<div class=\"elementor-element elementor-element-6f17ea8 elementor-widget elementor-widget-heading\" data-id=\"6f17ea8\" data-element_type=\"widget\" data-e-type=\"widget\" data-widget_type=\"heading.default\">\n\t\t\t\t<div class=\"elementor-widget-container\">\n\t\t\t\t\t<h4 class=\"elementor-heading-title elementor-size-default\">11. \u00c1LTAL\u00c1NOS RENDELKEZ\u00c9SEK<\/h4>\t\t\t\t<\/div>\n\t\t\t\t<\/div>\n\t\t\t\t<div class=\"elementor-element elementor-element-4d1604d elementor-widget elementor-widget-text-editor\" data-id=\"4d1604d\" data-element_type=\"widget\" data-e-type=\"widget\" data-widget_type=\"text-editor.default\">\n\t\t\t\t<div class=\"elementor-widget-container\">\n\t\t\t\t\t\t\t\t\t<p>A jelen Felhaszn\u00e1l\u00e1si felt\u00e9telekre \u00e9s azok \u00e9rtelmez\u00e9s\u00e9re \u00cdrorsz\u00e1g t\u00f6rv\u00e9nyei az ir\u00e1nyad\u00f3k, tekintet n\u00e9lk\u00fcl annak koll\u00edzi\u00f3s elveire. A Weboldal kezel\u0151je \u00e1ltal a jelen Felhaszn\u00e1l\u00e1si felt\u00e9telek teljes\u00edt\u00e9se a hat\u00e1lyos jogszab\u00e1lyok \u00e9s jogi elj\u00e1r\u00e1sok hat\u00e1lya al\u00e1 tartozik, \u00e9s a jelen Felhaszn\u00e1l\u00e1si felt\u00e9telekben foglaltak nem csorb\u00edthatj\u00e1k a Koordin\u00e1tor azon jog\u00e1t, hogy eleget tegyen a Weboldal haszn\u00e1lat\u00e1val kapcsolatos b\u0171n\u00fcld\u00f6z\u00e9si k\u00e9r\u00e9seknek vagy k\u00f6vetelm\u00e9nyeknek, illetve a Weboldal kezel\u0151je \u00e1ltal az ilyen felhaszn\u00e1l\u00e1ssal kapcsolatban megadott vagy \u00f6sszegy\u0171jt\u00f6tt inform\u00e1ci\u00f3knak. Ha a jelen Felhaszn\u00e1l\u00e1si felt\u00e9telek b\u00e1rmely rendelkez\u00e9se jogellenes, semmis vagy b\u00e1rmilyen okb\u00f3l v\u00e9grehajthatatlan, akkor ez a rendelkez\u00e9s elv\u00e1laszthat\u00f3nak tekintend\u0151 a jelen Felhaszn\u00e1l\u00e1si felt\u00e9telekt\u0151l, \u00e9s nem \u00e9rinti a fennmarad\u00f3 rendelkez\u00e9sek \u00e9rv\u00e9nyess\u00e9g\u00e9t \u00e9s v\u00e9grehajthat\u00f3s\u00e1g\u00e1t. A jelen Felhaszn\u00e1l\u00e1si felt\u00e9telek k\u00e9pezik a felek k\u00f6z\u00f6tt l\u00e9trej\u00f6tt, az itt t\u00e1rgyalt t\u00e1rgyra vonatkoz\u00f3 teljes meg\u00e1llapod\u00e1st, \u00e9s helyettes\u00edtenek minden kor\u00e1bbi vagy egyidej\u0171 sz\u00f3beli vagy \u00edr\u00e1sbeli kommunik\u00e1ci\u00f3t.<\/p>\t\t\t\t\t\t\t\t<\/div>\n\t\t\t\t<\/div>\n\t\t\t\t\t<\/div>\n\t\t\t\t<\/div>\n\t\t\t\t<\/div>","protected":false},"excerpt":{"rendered":"<p>Felhaszn\u00e1l\u00e1si felt\u00e9telek \u00dcdv\u00f6z\u00f6lj\u00fck a Honlapunkon.A Honlaphoz val\u00f3 hozz\u00e1f\u00e9r\u00e9sre \u00e9s annak haszn\u00e1lat\u00e1ra a jelen Felhaszn\u00e1l\u00e1si felt\u00e9telek vonatkoznak. K\u00e9rj\u00fck, figyelmesen olvassa el \u0151ket, miel\u0151tt bel\u00e9pne vagy haszn\u00e1ln\u00e1 ezt a weboldalt. 1. MEGHAT\u00c1ROZ\u00c1SOK AI4Debunk (r\u00e9szv\u00e9telen alapul\u00f3, mesters\u00e9ges intelligenci\u00e1n alapul\u00f3 eszk\u00f6z\u00f6k a polg\u00e1rok megb\u00edzhat\u00f3 online tev\u00e9kenys\u00e9g\u00e9nek t\u00e1mogat\u00e1s\u00e1ra \u00e9s a f\u00e9lret\u00e1j\u00e9koztat\u00e1s leleplez\u00e9s\u00e9re), a tov\u00e1bbiakban: \u201ea projekt\u201d [\u2026]<\/p>","protected":false},"author":6,"featured_media":0,"parent":0,"menu_order":0,"comment_status":"closed","ping_status":"closed","template":"","meta":{"_acf_changed":false,"footnotes":""},"class_list":["post-209","page","type-page","status-publish","hentry"],"acf":[],"_links":{"self":[{"href":"https:\/\/ai4debunk.eu\/hu\/wp-json\/wp\/v2\/pages\/209","targetHints":{"allow":["GET"]}}],"collection":[{"href":"https:\/\/ai4debunk.eu\/hu\/wp-json\/wp\/v2\/pages"}],"about":[{"href":"https:\/\/ai4debunk.eu\/hu\/wp-json\/wp\/v2\/types\/page"}],"author":[{"embeddable":true,"href":"https:\/\/ai4debunk.eu\/hu\/wp-json\/wp\/v2\/users\/6"}],"replies":[{"embeddable":true,"href":"https:\/\/ai4debunk.eu\/hu\/wp-json\/wp\/v2\/comments?post=209"}],"version-history":[{"count":5,"href":"https:\/\/ai4debunk.eu\/hu\/wp-json\/wp\/v2\/pages\/209\/revisions"}],"predecessor-version":[{"id":2187,"href":"https:\/\/ai4debunk.eu\/hu\/wp-json\/wp\/v2\/pages\/209\/revisions\/2187"}],"wp:attachment":[{"href":"https:\/\/ai4debunk.eu\/hu\/wp-json\/wp\/v2\/media?parent=209"}],"curies":[{"name":"wp","href":"https:\/\/api.w.org\/{rel}","templated":true}]}}