{"id":209,"date":"2024-03-05T16:33:00","date_gmt":"2024-03-05T16:33:00","guid":{"rendered":"https:\/\/ai4debunk.eu\/?page_id=209"},"modified":"2024-09-19T15:01:38","modified_gmt":"2024-09-19T15:01:38","slug":"terms-of-use","status":"publish","type":"page","link":"https:\/\/ai4debunk.eu\/it\/terms-of-use\/","title":{"rendered":"Condizioni d'uso"},"content":{"rendered":"<div data-elementor-type=\"wp-page\" data-elementor-id=\"209\" class=\"elementor elementor-209\" data-elementor-post-type=\"page\">\n\t\t\t\t<div class=\"elementor-element elementor-element-89ce4c8 e-flex e-con-boxed e-con e-parent\" data-id=\"89ce4c8\" data-element_type=\"container\" data-e-type=\"container\">\n\t\t\t\t\t<div class=\"e-con-inner\">\n\t\t\t\t<div class=\"elementor-element elementor-element-c470af8 elementor-widget elementor-widget-heading\" data-id=\"c470af8\" data-element_type=\"widget\" data-e-type=\"widget\" data-widget_type=\"heading.default\">\n\t\t\t\t<div class=\"elementor-widget-container\">\n\t\t\t\t\t<h1 class=\"elementor-heading-title elementor-size-default\">Condizioni d'uso\n<\/h1>\t\t\t\t<\/div>\n\t\t\t\t<\/div>\n\t\t\t\t<div class=\"elementor-element elementor-element-9834e64 elementor-widget elementor-widget-text-editor\" data-id=\"9834e64\" data-element_type=\"widget\" data-e-type=\"widget\" data-widget_type=\"text-editor.default\">\n\t\t\t\t<div class=\"elementor-widget-container\">\n\t\t\t\t\t\t\t\t\t<p>Benvenuti nel nostro sito web.<br \/>L'accesso e l'utilizzo di questo sito Web sono soggetti alle presenti Condizioni d'uso del sito Web. Si prega di leggerli attentamente prima di accedere o utilizzare questo sito web.<\/p>\t\t\t\t\t\t\t\t<\/div>\n\t\t\t\t<\/div>\n\t\t\t\t<div class=\"elementor-element elementor-element-112fa17 elementor-widget elementor-widget-heading\" data-id=\"112fa17\" data-element_type=\"widget\" data-e-type=\"widget\" data-widget_type=\"heading.default\">\n\t\t\t\t<div class=\"elementor-widget-container\">\n\t\t\t\t\t<h4 class=\"elementor-heading-title elementor-size-default\">1. DEFINIZIONI<\/h4>\t\t\t\t<\/div>\n\t\t\t\t<\/div>\n\t\t\t\t<div class=\"elementor-element elementor-element-e1cdef7 elementor-widget elementor-widget-text-editor\" data-id=\"e1cdef7\" data-element_type=\"widget\" data-e-type=\"widget\" data-widget_type=\"text-editor.default\">\n\t\t\t\t<div class=\"elementor-widget-container\">\n\t\t\t\t\t\t\t\t\t<p>AI4Debunk (Participative Assistive AI-powered Tools for Supporting Trustworthy Online Activity of Citizens and Debunking Disinformation), qui denominato \"The project\", \u00e8 un progetto di valutazione d'impatto della durata di 48 mesi che affronta il tema HORIZON-CL4-2023-HUMAN-01-CNECT.<\/p><p>Il termine \"consorzio\" si riferisce a tutti i firmatari, diversi dalla Commissione europea, della convenzione di sovvenzione 101135757, che possono avere diritti di propriet\u00e0 intellettuale singoli o congiunti in relazione ai risultati del progetto.<\/p><p>Per \"materiali\" si intendono tutte le informazioni, i contenuti, i dati, i documenti (ad esempio white paper, opuscoli, schede tecniche, domande frequenti, modelli, comunicati stampa, ecc.), i download, i file, i testi, le immagini, le fotografie, la grafica, i video, i webcast, le pubblicazioni, gli strumenti, le risorse, il software, il codice, i programmi, le applicazioni e i prodotti resi disponibili o abilitati tramite il sito web.<\/p><p>Il termine \"Website Manager\", altrimenti indicato come \"noi\" o \"noi\", si riferisce all'entit\u00e0 responsabile della creazione e della gestione del sito web. <a href=\"https:\/\/ai4debunk.eu\/it\/\"><span style=\"color: #ae46ff;\">https:\/\/ai4debunk.eu<\/span><\/a> (congiuntamente qui di seguito denominato \"Sito Web\"), al fine di fornire informazioni ai propri utenti.Contratto di sovvenzione 101135757 assegna a F6S Network Ireland Limited (<span style=\"color: #ae46ff;\"><a style=\"color: #ae46ff;\" href=\"http:\/\/www.f6s.com\" target=\"_blank\" rel=\"noopener\">www.f6s.com<\/a><\/span>) il ruolo di gestore del sito web, quindi F6S Network Ireland Limited \u00e8 il titolare del trattamento dei dati del sito web.<\/p><p>Il termine \"voi\" si riferisce al visitatore del nostro sito web.<\/p>\t\t\t\t\t\t\t\t<\/div>\n\t\t\t\t<\/div>\n\t\t\t\t<div class=\"elementor-element elementor-element-65a84db elementor-widget elementor-widget-heading\" data-id=\"65a84db\" data-element_type=\"widget\" data-e-type=\"widget\" data-widget_type=\"heading.default\">\n\t\t\t\t<div class=\"elementor-widget-container\">\n\t\t\t\t\t<h4 class=\"elementor-heading-title elementor-size-default\">2. AMBITO DI APPLICAZIONE<\/h4>\t\t\t\t<\/div>\n\t\t\t\t<\/div>\n\t\t\t\t<div class=\"elementor-element elementor-element-b717931 elementor-widget elementor-widget-text-editor\" data-id=\"b717931\" data-element_type=\"widget\" data-e-type=\"widget\" data-widget_type=\"text-editor.default\">\n\t\t\t\t<div class=\"elementor-widget-container\">\n\t\t\t\t\t\t\t\t\tI presenti Termini e condizioni del sito Web (i \"Termini\" o i \"Termini e condizioni del sito Web\") contenuti nel presente documento regolano l'utilizzo di questo sito Web, comprese tutte le pagine all'interno di questo sito Web. I presenti Termini si applicano in pieno vigore ed efficacia al tuo utilizzo di questo Sito Web e, utilizzando questo Sito Web, accetti espressamente tutti i termini e le condizioni contenute nel presente documento per intero. L'utente non deve utilizzare questo sito Web, se ha qualche obiezione a uno qualsiasi di questi Termini e condizioni del sito Web.\n\t\t\t\t\t\t\t\t<\/div>\n\t\t\t\t<\/div>\n\t\t\t\t<div class=\"elementor-element elementor-element-827f9c4 elementor-widget elementor-widget-heading\" data-id=\"827f9c4\" data-element_type=\"widget\" data-e-type=\"widget\" data-widget_type=\"heading.default\">\n\t\t\t\t<div class=\"elementor-widget-container\">\n\t\t\t\t\t<h4 class=\"elementor-heading-title elementor-size-default\">3. IL TUO UTILIZZO DEL SITO WEB<\/h4>\t\t\t\t<\/div>\n\t\t\t\t<\/div>\n\t\t\t\t<div class=\"elementor-element elementor-element-ee7b3ce elementor-widget elementor-widget-text-editor\" data-id=\"ee7b3ce\" data-element_type=\"widget\" data-e-type=\"widget\" data-widget_type=\"text-editor.default\">\n\t\t\t\t<div class=\"elementor-widget-container\">\n\t\t\t\t\t\t\t\t\t<p>L'utente accetta di utilizzare il sito Web e i suoi contenuti solo per gli scopi consentiti dalle Condizioni d'uso e da qualsiasi legge, regolamento o prassi o linee guida generalmente accettate nelle giurisdizioni pertinenti.<\/p><p>L'utente accetta espressamente di non accedere (o tentare di accedere) a nessuno dei Materiali, tramite qualsiasi mezzo automatizzato (incluso l'uso di script o crawler web), o tramite hacking, estrazione di password o altri mezzi. L'utente accetta di non impegnarsi in alcuna attivit\u00e0 che interferisca o interferisca con il Sito Web (o i server e le reti, che sono collegati o accessibili tramite il Sito Web).<br \/>L'utente accetta inoltre di utilizzare le funzionalit\u00e0 disponibili nel sito Web solo per accedere, scaricare, utilizzare, pubblicare, inviare o ricevere materiali in modo appropriato.<\/p><p>\u00c8 possibile visualizzare, scaricare solo a scopo di memorizzazione nella cache e stampare Materiale dal Sito Web per uso personale, fatte salve le restrizioni indicate di seguito e altrove in questi Termini e Condizioni.<\/p><p>L'utente non deve utilizzare questo Sito Web per copiare, archiviare, ospitare, trasmettere, inviare, utilizzare, pubblicare o distribuire qualsiasi Materiale, che consiste in (o \u00e8 collegato a) qualsiasi spyware, virus informatici, Trojan horse, worm, keystroke logger, rootkit o altro software informatico dannoso. L'utente non deve condurre alcuna attivit\u00e0 di raccolta dati sistematica o automatizzata (inclusi, a titolo esemplificativo ma non esaustivo, scraping, data mining, estrazione e raccolta dati) su o in relazione a questo sito Web senza l'espresso consenso scritto del Gestore del sito Web. Accetti inoltre di non utilizzare alcun Materiale in un modo che violi i Diritti di Propriet\u00e0 Intellettuale o i diritti di qualsiasi parte, di non riprodurre o utilizzare in altre pubblicazioni elettroniche o stampate. La grafica cos\u00ec come il design tecnico e tutti i contatti e le immagini utilizzate in questa presentazione online sono protetti da copyright.<\/p><p>L'utente accetta inoltre di non utilizzare il nome di dominio del sito web come indirizzo e-mail di ritorno pseudonimo; non interrompere, interferire o inibire qualsiasi altro utente dall'utilizzo e dal godimento del Sito Web o di altri siti affiliati o collegati, o dei Materiali; e di non utilizzare alcun Materiale in un modo che violi i Diritti di Propriet\u00e0 Intellettuale o i diritti di qualsiasi parte;<\/p>\t\t\t\t\t\t\t\t<\/div>\n\t\t\t\t<\/div>\n\t\t\t\t<div class=\"elementor-element elementor-element-94c704a elementor-widget elementor-widget-heading\" data-id=\"94c704a\" data-element_type=\"widget\" data-e-type=\"widget\" data-widget_type=\"heading.default\">\n\t\t\t\t<div class=\"elementor-widget-container\">\n\t\t\t\t\t<h4 class=\"elementor-heading-title elementor-size-default\">4. DIRITTI D'AUTORE E DIRITTI DI PROPRIET\u00c0 INTELLETTUALE<\/h4>\t\t\t\t<\/div>\n\t\t\t\t<\/div>\n\t\t\t\t<div class=\"elementor-element elementor-element-cbe98bf elementor-widget elementor-widget-text-editor\" data-id=\"cbe98bf\" data-element_type=\"widget\" data-e-type=\"widget\" data-widget_type=\"text-editor.default\">\n\t\t\t\t<div class=\"elementor-widget-container\">\n\t\t\t\t\t\t\t\t\t<p>Oltre ai contenuti che possiedi, che potresti aver scelto di includere su questo sito Web, ai sensi dei presenti Termini, il Consorzio e \/ o i suoi licenziatari detengono tutti i diritti sul Materiale di propriet\u00e0 intellettuale contenuto in questo sito Web e tutti questi diritti sono riservati. Il Consorzio autorizza gli utenti a copiare e stampare estratti o documenti da questo sito Web esclusivamente per uso personale e non commerciale, fermo restando che qualsiasi copia o estratto di tali documenti o pagine ottenuti, mantiene tutti i diritti di propriet\u00e0 intellettuale o altri avvisi di propriet\u00e0, comprese tutte le esclusioni di responsabilit\u00e0 in esso contenute. Il logo del progetto non pu\u00f2 essere utilizzato o riprodotto senza il preventivo consenso scritto del consorzio.<\/p><p>Ad eccezione di quanto consentito dalla legge sul copyright applicabile, l'utente non pu\u00f2 riprodurre o comunicare alcun contenuto di questo sito, inclusi i file scaricabili da questo sito Web, senza l'autorizzazione scritta del proprietario del copyright.<\/p>\t\t\t\t\t\t\t\t<\/div>\n\t\t\t\t<\/div>\n\t\t\t\t<div class=\"elementor-element elementor-element-21ba3cf elementor-widget elementor-widget-heading\" data-id=\"21ba3cf\" data-element_type=\"widget\" data-e-type=\"widget\" data-widget_type=\"heading.default\">\n\t\t\t\t<div class=\"elementor-widget-container\">\n\t\t\t\t\t<h4 class=\"elementor-heading-title elementor-size-default\">5. MARCHI, NOMI COMMERCIALI E LOGHI<\/h4>\t\t\t\t<\/div>\n\t\t\t\t<\/div>\n\t\t\t\t<div class=\"elementor-element elementor-element-71b6360 elementor-widget elementor-widget-text-editor\" data-id=\"71b6360\" data-element_type=\"widget\" data-e-type=\"widget\" data-widget_type=\"text-editor.default\">\n\t\t\t\t<div class=\"elementor-widget-container\">\n\t\t\t\t\t\t\t\t\tTutti i marchi, i nomi commerciali e i loghi che appaiono sul Sito sono di propriet\u00e0 dei rispettivi proprietari e sono protetti dalle leggi internazionali sul diritto d'autore e sui marchi. L'utente accetta di non diffamare o denigrare il Progetto e tutti i marchi, nomi commerciali o loghi inclusi nel Sito Web o nei Materiali. Qualsiasi uso di uno qualsiasi dei marchi, nomi commerciali e loghi che appaiono in tutto il sito Web senza l'espresso consenso scritto del proprietario del marchio o nome o logo, a seconda dei casi, \u00e8 severamente vietato.\t\t\t\t\t\t\t\t<\/div>\n\t\t\t\t<\/div>\n\t\t\t\t<div class=\"elementor-element elementor-element-4ca326f elementor-widget elementor-widget-heading\" data-id=\"4ca326f\" data-element_type=\"widget\" data-e-type=\"widget\" data-widget_type=\"heading.default\">\n\t\t\t\t<div class=\"elementor-widget-container\">\n\t\t\t\t\t<h4 class=\"elementor-heading-title elementor-size-default\">6. LICENZA A VOI<\/h4>\t\t\t\t<\/div>\n\t\t\t\t<\/div>\n\t\t\t\t<div class=\"elementor-element elementor-element-37a315c elementor-widget elementor-widget-text-editor\" data-id=\"37a315c\" data-element_type=\"widget\" data-e-type=\"widget\" data-widget_type=\"text-editor.default\">\n\t\t\t\t<div class=\"elementor-widget-container\">\n\t\t\t\t\t\t\t\t\t<p>Il Consorzio concede all'utente una licenza personale, mondiale, non cedibile, esente da royalty e non esclusiva per utilizzare il Sito Web esclusivamente allo scopo di consentire all'utente di utilizzare e godere dei vantaggi del Sito Web e dei Materiali, nel modo consentito dalle presenti Condizioni d'uso. L'utente non pu\u00f2 (e non pu\u00f2 consentire a nessun altro di) copiare, decodificare, creare un lavoro derivato o decompilare o tentare in altro modo di estrarre il codice sorgente del Sito Web o di qualsiasi parte di esso, a meno che ci\u00f2 non sia espressamente consentito o richiesto dalla legge, o a meno che non sia stato specificamente autorizzato a farlo dal Gestore del Sito Web. A meno che il gestore del sito Web non ti abbia dato il permesso scritto di farlo, non puoi<\/p><ul><li>cedere (o concedere in sublicenza) i diritti di utilizzo del Sito Web o dei Materiali,<\/li><li>concedere un interesse di sicurezza in o sopra i tuoi diritti di utilizzare il Sito Web o i Materiali, o altrimenti trasferire uno qualsiasi dei tuoi diritti di utilizzarli.<\/li><\/ul>\t\t\t\t\t\t\t\t<\/div>\n\t\t\t\t<\/div>\n\t\t\t\t<div class=\"elementor-element elementor-element-1251413 elementor-widget elementor-widget-heading\" data-id=\"1251413\" data-element_type=\"widget\" data-e-type=\"widget\" data-widget_type=\"heading.default\">\n\t\t\t\t<div class=\"elementor-widget-container\">\n\t\t\t\t\t<h4 class=\"elementor-heading-title elementor-size-default\">7. LINK AD ALTRI SITI INTERNET<\/h4>\t\t\t\t<\/div>\n\t\t\t\t<\/div>\n\t\t\t\t<div class=\"elementor-element elementor-element-b5adf43 elementor-widget elementor-widget-text-editor\" data-id=\"b5adf43\" data-element_type=\"widget\" data-e-type=\"widget\" data-widget_type=\"text-editor.default\">\n\t\t\t\t<div class=\"elementor-widget-container\">\n\t\t\t\t\t\t\t\t\tIl Sito Web pu\u00f2 contenere collegamenti ad altri siti Internet e servizi gestiti e mantenuti da terze parti o dalle sue affiliate. L'utente riconosce, comprende e accetta che il Gestore del Sito Web non sar\u00e0 responsabile, direttamente o indirettamente, per eventuali danni o perdite causati o presumibilmente causati da o in connessione con l'uso o l'affidamento su tali contenuti, prodotti o servizi disponibili su tali altri siti.\n\t\t\t\t\t\t\t\t<\/div>\n\t\t\t\t<\/div>\n\t\t\t\t<div class=\"elementor-element elementor-element-61d5e43 elementor-widget elementor-widget-heading\" data-id=\"61d5e43\" data-element_type=\"widget\" data-e-type=\"widget\" data-widget_type=\"heading.default\">\n\t\t\t\t<div class=\"elementor-widget-container\">\n\t\t\t\t\t<h4 class=\"elementor-heading-title elementor-size-default\">8. MODIFICHE<\/h4>\t\t\t\t<\/div>\n\t\t\t\t<\/div>\n\t\t\t\t<div class=\"elementor-element elementor-element-e547e4a elementor-widget elementor-widget-text-editor\" data-id=\"e547e4a\" data-element_type=\"widget\" data-e-type=\"widget\" data-widget_type=\"text-editor.default\">\n\t\t\t\t<div class=\"elementor-widget-container\">\n\t\t\t\t\t\t\t\t\tIl Gestore del Sito si riserva il diritto di modificare, sospendere o interrompere qualsiasi parte del Sito e dei Materiali in qualsiasi momento, con o senza preavviso. Il Gestore del Sito si riserva il diritto di modificare qualsiasi parte delle presenti Condizioni d'Uso in qualsiasi momento. Eventuali modifiche saranno efficaci al momento della pubblicazione sul sito web. L'utente accetta di rivedere periodicamente le presenti Condizioni d'uso in modo da essere a conoscenza di tali modifiche. L'uso continuato del sito Web dopo che tali modifiche sono state pubblicate sar\u00e0 considerato l'accettazione di eventuali modifiche alle Condizioni d'uso. Se, in qualsiasi momento, le Condizioni d'uso non sono accettabili per voi, si dovrebbe immediatamente cessare l'uso del sito web. L'utente accetta che lo standard sopra indicato per la notifica delle modifiche \u00e8 ragionevole.\n\t\t\t\t\t\t\t\t<\/div>\n\t\t\t\t<\/div>\n\t\t\t\t<div class=\"elementor-element elementor-element-638682a elementor-widget elementor-widget-heading\" data-id=\"638682a\" data-element_type=\"widget\" data-e-type=\"widget\" data-widget_type=\"heading.default\">\n\t\t\t\t<div class=\"elementor-widget-container\">\n\t\t\t\t\t<h4 class=\"elementor-heading-title elementor-size-default\">9. LIMITAZIONE DI RESPONSABILIT\u00c0<\/h4>\t\t\t\t<\/div>\n\t\t\t\t<\/div>\n\t\t\t\t<div class=\"elementor-element elementor-element-c2a7c6a elementor-widget elementor-widget-text-editor\" data-id=\"c2a7c6a\" data-element_type=\"widget\" data-e-type=\"widget\" data-widget_type=\"text-editor.default\">\n\t\t\t\t<div class=\"elementor-widget-container\">\n\t\t\t\t\t\t\t\t\tIl Gestore del Sito non si assume alcuna responsabilit\u00e0 per eventuali danni diretti, indiretti, incidentali o consequenziali che possano essere dovuti all'uso non corretto del Sito Web da parte degli Utenti o a eventuali errori, guasti, difetti o ritardi nel funzionamento del Sito Web o nella trasmissione di informazioni su Internet attraverso questo Sito Web.\n\t\t\t\t\t\t\t\t<\/div>\n\t\t\t\t<\/div>\n\t\t\t\t<div class=\"elementor-element elementor-element-f4d303c elementor-widget elementor-widget-heading\" data-id=\"f4d303c\" data-element_type=\"widget\" data-e-type=\"widget\" data-widget_type=\"heading.default\">\n\t\t\t\t<div class=\"elementor-widget-container\">\n\t\t\t\t\t<h4 class=\"elementor-heading-title elementor-size-default\">10. GIURISDIZIONE<\/h4>\t\t\t\t<\/div>\n\t\t\t\t<\/div>\n\t\t\t\t<div class=\"elementor-element elementor-element-c70fafa elementor-widget elementor-widget-text-editor\" data-id=\"c70fafa\" data-element_type=\"widget\" data-e-type=\"widget\" data-widget_type=\"text-editor.default\">\n\t\t\t\t<div class=\"elementor-widget-container\">\n\t\t\t\t\t\t\t\t\tAccedendo a questo sito Web e ai materiali, l'utente accetta che tutte le questioni relative all'accesso o all'utilizzo degli stessi siano disciplinate dagli statuti e dalle leggi dell'Irlanda e dell'Unione europea, senza rispettare i relativi principi di conflitto di leggi. Eventuali controversie derivanti dall'uso di questo sito Web saranno soggette alla giurisdizione esclusiva dei tribunali di Dublino, Irlanda.\n\t\t\t\t\t\t\t\t<\/div>\n\t\t\t\t<\/div>\n\t\t\t\t<div class=\"elementor-element elementor-element-6f17ea8 elementor-widget elementor-widget-heading\" data-id=\"6f17ea8\" data-element_type=\"widget\" data-e-type=\"widget\" data-widget_type=\"heading.default\">\n\t\t\t\t<div class=\"elementor-widget-container\">\n\t\t\t\t\t<h4 class=\"elementor-heading-title elementor-size-default\">11. GENERALE<\/h4>\t\t\t\t<\/div>\n\t\t\t\t<\/div>\n\t\t\t\t<div class=\"elementor-element elementor-element-4d1604d elementor-widget elementor-widget-text-editor\" data-id=\"4d1604d\" data-element_type=\"widget\" data-e-type=\"widget\" data-widget_type=\"text-editor.default\">\n\t\t\t\t<div class=\"elementor-widget-container\">\n\t\t\t\t\t\t\t\t\t<p>Le presenti Condizioni d'uso saranno regolate e interpretate in conformit\u00e0 con le leggi dell'Irlanda, indipendentemente dai suoi principi sui conflitti di legge. L'esecuzione delle presenti Condizioni d'uso da parte del Gestore del sito web \u00e8 soggetta alle leggi e ai procedimenti legali vigenti e nulla di quanto contenuto nelle presenti Condizioni d'uso deroga al diritto del Coordinatore di ottemperare alle richieste delle forze dell'ordine o ai requisiti relativi all'utilizzo del sito web da parte dell'utente o alle informazioni fornite o raccolte dal Gestore del sito web in relazione a tale utilizzo. Se una qualsiasi disposizione delle presenti Condizioni d'uso \u00e8 illegale, nulla o per qualsiasi motivo inapplicabile, tale disposizione sar\u00e0 ritenuta separabile dalle presenti Condizioni d'uso e non influir\u00e0 sulla validit\u00e0 e sull'applicabilit\u00e0 delle restanti disposizioni. Le presenti Condizioni d'uso costituiscono l'intero accordo tra le parti relativo all'oggetto del presente documento e sostituiscono tutte le comunicazioni precedenti o contemporanee, orali o scritte.<\/p>\t\t\t\t\t\t\t\t<\/div>\n\t\t\t\t<\/div>\n\t\t\t\t\t<\/div>\n\t\t\t\t<\/div>\n\t\t\t\t<\/div>","protected":false},"excerpt":{"rendered":"<p>Benvenuto sul nostro sito Web.Il tuo accesso e utilizzo di questo sito Web \u00e8 soggetto alle presenti Condizioni d'uso del sito Web. Si prega di leggerli attentamente prima di accedere o utilizzare questo sito web. 1. DEFINIZIONI AI4Debunk (strumenti partecipativi assistivi basati sull'IA per sostenere un'attivit\u00e0 online affidabile dei cittadini e sfatare la disinformazione), qui di seguito denominato \"Il progetto\", \u00e8 [...]<\/p>","protected":false},"author":6,"featured_media":0,"parent":0,"menu_order":0,"comment_status":"closed","ping_status":"closed","template":"","meta":{"_acf_changed":false,"footnotes":""},"class_list":["post-209","page","type-page","status-publish","hentry"],"acf":[],"_links":{"self":[{"href":"https:\/\/ai4debunk.eu\/it\/wp-json\/wp\/v2\/pages\/209","targetHints":{"allow":["GET"]}}],"collection":[{"href":"https:\/\/ai4debunk.eu\/it\/wp-json\/wp\/v2\/pages"}],"about":[{"href":"https:\/\/ai4debunk.eu\/it\/wp-json\/wp\/v2\/types\/page"}],"author":[{"embeddable":true,"href":"https:\/\/ai4debunk.eu\/it\/wp-json\/wp\/v2\/users\/6"}],"replies":[{"embeddable":true,"href":"https:\/\/ai4debunk.eu\/it\/wp-json\/wp\/v2\/comments?post=209"}],"version-history":[{"count":5,"href":"https:\/\/ai4debunk.eu\/it\/wp-json\/wp\/v2\/pages\/209\/revisions"}],"predecessor-version":[{"id":2187,"href":"https:\/\/ai4debunk.eu\/it\/wp-json\/wp\/v2\/pages\/209\/revisions\/2187"}],"wp:attachment":[{"href":"https:\/\/ai4debunk.eu\/it\/wp-json\/wp\/v2\/media?parent=209"}],"curies":[{"name":"wp","href":"https:\/\/api.w.org\/{rel}","templated":true}]}}