{"id":1336,"date":"2024-03-11T16:12:18","date_gmt":"2024-03-11T16:12:18","guid":{"rendered":"https:\/\/ai4debunk.eu\/?page_id=1336"},"modified":"2024-04-11T10:07:05","modified_gmt":"2024-04-11T10:07:05","slug":"cookie-policy","status":"publish","type":"page","link":"https:\/\/ai4debunk.eu\/lt\/cookie-policy\/","title":{"rendered":"Slapuk\u0173 politika"},"content":{"rendered":"<div data-elementor-type=\"wp-page\" data-elementor-id=\"1336\" class=\"elementor elementor-1336\" data-elementor-post-type=\"page\">\n\t\t\t\t<div class=\"elementor-element elementor-element-372ece9 e-flex e-con-boxed e-con e-parent\" data-id=\"372ece9\" data-element_type=\"container\" data-e-type=\"container\">\n\t\t\t\t\t<div class=\"e-con-inner\">\n\t\t\t\t<div class=\"elementor-element elementor-element-af6f42a elementor-widget elementor-widget-heading\" data-id=\"af6f42a\" data-element_type=\"widget\" data-e-type=\"widget\" data-widget_type=\"heading.default\">\n\t\t\t\t<div class=\"elementor-widget-container\">\n\t\t\t\t\t<h1 class=\"elementor-heading-title elementor-size-default\">Slapuk\u0173 politika<\/h1>\t\t\t\t<\/div>\n\t\t\t\t<\/div>\n\t\t\t\t<div class=\"elementor-element elementor-element-2b13c41 elementor-widget elementor-widget-text-editor\" data-id=\"2b13c41\" data-element_type=\"widget\" data-e-type=\"widget\" data-widget_type=\"text-editor.default\">\n\t\t\t\t<div class=\"elementor-widget-container\">\n\t\t\t\t\t\t\t\t\t<p>\u0160ioje svetain\u0117je naudojami slapukai (angl. cookies). Mes naudojame slapukus, kad u\u017etikrintume geriausi\u0105 patirt\u012f m\u016bs\u0173 svetain\u0117je. Taip pat skaitykite m\u016bs\u0173 <a href=\"https:\/\/ai4debunk.eu\/lt\/terms-of-use\/\">Naudojimo s\u0105lygos<\/a> &amp; <a href=\"https:\/\/ai4debunk.eu\/lt\/privacy-policy\/\">Privatumo politika<\/a> kuri reglamentuoja \u0161ios svetain\u0117s naudojim\u0105. Slapukai yra ma\u017ei tekstiniai failai, kuriuos interneto svetain\u0117s gali naudoti, kad naudotojo patirtis b\u016bt\u0173 veiksmingesn\u0117. \u012estatymas nurodo, kad mes galime saugoti slapukus j\u016bs\u0173 \u012frenginyje, jei jie yra grie\u017etai b\u016btini \u0161ios svetain\u0117s veikimui.<br \/>Visiems kitiems slapuk\u0173 tipams reikalingas j\u016bs\u0173 leidimas. \u0160i svetain\u0117 naudoja skirting\u0173 tip\u0173 slapukus. Kai kuriuos slapukus \u012fkelia tre\u010di\u0173j\u0173 \u0161ali\u0173 paslaugos, kurios rodomos m\u016bs\u0173 puslapiuose. J\u016bs galite bet kuriuo metu pakeisti arba at\u0161aukti savo sutikim\u0105 i\u0161 Slapuk\u0173 deklaracijos m\u016bs\u0173 svetain\u0117je. Su\u017einokite daugiau apie tai, kas mes esame, kaip galite susisiekti su mumis ir kaip mes tvarkome asmens duomenis <a href=\"https:\/\/ai4debunk.eu\/lt\/privacy-policy\/\">Privatumo politika<\/a>.<\/p>\t\t\t\t\t\t\t\t<\/div>\n\t\t\t\t<\/div>\n\t\t\t\t<div class=\"elementor-element elementor-element-fd7345b elementor-widget elementor-widget-html\" data-id=\"fd7345b\" data-element_type=\"widget\" data-e-type=\"widget\" data-widget_type=\"html.default\">\n\t\t\t\t<div class=\"elementor-widget-container\">\n\t\t\t\t\t<div class=\"cky-audit-table-element\"><\/div>\t\t\t\t<\/div>\n\t\t\t\t<\/div>\n\t\t\t\t\t<\/div>\n\t\t\t\t<\/div>\n\t\t\t\t<\/div>","protected":false},"excerpt":{"rendered":"<p>\u0160ioje svetain\u0117je naudojami slapukai (angl. cookies). Mes naudojame slapukus, kad u\u017etikrintume geriausi\u0105 patirt\u012f m\u016bs\u0173 svetain\u0117je. Taip pat perskaitykite m\u016bs\u0173 Naudojimosi s\u0105lygas &amp; Privatumo politika, kuri reglamentuoja \u0161ios svetain\u0117s naudojim\u0105. Slapukai yra ma\u017ei tekstiniai failai, kuriuos interneto svetain\u0117s gali naudoti, kad naudotojui b\u016bt\u0173 patogiau [\u2026]<\/p>","protected":false},"author":6,"featured_media":0,"parent":0,"menu_order":0,"comment_status":"closed","ping_status":"closed","template":"","meta":{"_acf_changed":false,"footnotes":""},"class_list":["post-1336","page","type-page","status-publish","hentry"],"acf":[],"_links":{"self":[{"href":"https:\/\/ai4debunk.eu\/lt\/wp-json\/wp\/v2\/pages\/1336","targetHints":{"allow":["GET"]}}],"collection":[{"href":"https:\/\/ai4debunk.eu\/lt\/wp-json\/wp\/v2\/pages"}],"about":[{"href":"https:\/\/ai4debunk.eu\/lt\/wp-json\/wp\/v2\/types\/page"}],"author":[{"embeddable":true,"href":"https:\/\/ai4debunk.eu\/lt\/wp-json\/wp\/v2\/users\/6"}],"replies":[{"embeddable":true,"href":"https:\/\/ai4debunk.eu\/lt\/wp-json\/wp\/v2\/comments?post=1336"}],"version-history":[{"count":5,"href":"https:\/\/ai4debunk.eu\/lt\/wp-json\/wp\/v2\/pages\/1336\/revisions"}],"predecessor-version":[{"id":1469,"href":"https:\/\/ai4debunk.eu\/lt\/wp-json\/wp\/v2\/pages\/1336\/revisions\/1469"}],"wp:attachment":[{"href":"https:\/\/ai4debunk.eu\/lt\/wp-json\/wp\/v2\/media?parent=1336"}],"curies":[{"name":"wp","href":"https:\/\/api.w.org\/{rel}","templated":true}]}}