{"id":209,"date":"2024-03-05T16:33:00","date_gmt":"2024-03-05T16:33:00","guid":{"rendered":"https:\/\/ai4debunk.eu\/?page_id=209"},"modified":"2024-09-19T15:01:38","modified_gmt":"2024-09-19T15:01:38","slug":"terms-of-use","status":"publish","type":"page","link":"https:\/\/ai4debunk.eu\/lt\/terms-of-use\/","title":{"rendered":"Naudojimo s\u0105lygos"},"content":{"rendered":"<div data-elementor-type=\"wp-page\" data-elementor-id=\"209\" class=\"elementor elementor-209\" data-elementor-post-type=\"page\">\n\t\t\t\t<div class=\"elementor-element elementor-element-89ce4c8 e-flex e-con-boxed e-con e-parent\" data-id=\"89ce4c8\" data-element_type=\"container\" data-e-type=\"container\">\n\t\t\t\t\t<div class=\"e-con-inner\">\n\t\t\t\t<div class=\"elementor-element elementor-element-c470af8 elementor-widget elementor-widget-heading\" data-id=\"c470af8\" data-element_type=\"widget\" data-e-type=\"widget\" data-widget_type=\"heading.default\">\n\t\t\t\t<div class=\"elementor-widget-container\">\n\t\t\t\t\t<h1 class=\"elementor-heading-title elementor-size-default\">Naudojimo s\u0105lygos\n<\/h1>\t\t\t\t<\/div>\n\t\t\t\t<\/div>\n\t\t\t\t<div class=\"elementor-element elementor-element-9834e64 elementor-widget elementor-widget-text-editor\" data-id=\"9834e64\" data-element_type=\"widget\" data-e-type=\"widget\" data-widget_type=\"text-editor.default\">\n\t\t\t\t<div class=\"elementor-widget-container\">\n\t\t\t\t\t\t\t\t\t<p>Sveiki atvyk\u0119 \u012f m\u016bs\u0173 svetain\u0119.<br \/>J\u016bs\u0173 prieigai prie \u0161ios Svetain\u0117s ir naudojimuisi ja taikomos \u0161ios Svetain\u0117s naudojimo s\u0105lygos. Atid\u017eiai perskaitykite juos prie\u0161 patekdami \u012f \u0161i\u0105 svetain\u0119 ar ja naudodamiesi.<\/p>\t\t\t\t\t\t\t\t<\/div>\n\t\t\t\t<\/div>\n\t\t\t\t<div class=\"elementor-element elementor-element-112fa17 elementor-widget elementor-widget-heading\" data-id=\"112fa17\" data-element_type=\"widget\" data-e-type=\"widget\" data-widget_type=\"heading.default\">\n\t\t\t\t<div class=\"elementor-widget-container\">\n\t\t\t\t\t<h4 class=\"elementor-heading-title elementor-size-default\">1. Apibr\u0117\u017etys<\/h4>\t\t\t\t<\/div>\n\t\t\t\t<\/div>\n\t\t\t\t<div class=\"elementor-element elementor-element-e1cdef7 elementor-widget elementor-widget-text-editor\" data-id=\"e1cdef7\" data-element_type=\"widget\" data-e-type=\"widget\" data-widget_type=\"text-editor.default\">\n\t\t\t\t<div class=\"elementor-widget-container\">\n\t\t\t\t\t\t\t\t\t<p>AI4Debunk (Dalyvaujamosios pagalbin\u0117s dirbtiniu intelektu grind\u017eiamos priemon\u0117s patikimai pilie\u010di\u0173 veiklai internete ir dezinformacijos demaskavimui remti), toliau \u2013 projektas, yra 48 m\u0117nesi\u0173 poveikio vertinimo projektas, skirtas temai HORIZON-CL4-2023-HUMAN-01-CNECT.<\/p><p>Terminas \u201ekonsorciumas\u201c rei\u0161kia visas dotacijos susitarim\u0105 101135757 pasira\u0161iusias \u0161alis, i\u0161skyrus Europos Komisij\u0105, kurios gali tur\u0117ti vien\u0105 ar bendras intelektin\u0117s nuosavyb\u0117s teises, susijusias su projekto rezultatais.<\/p><p>S\u0105voka \u201emed\u017eiagos\u201c rei\u0161kia vis\u0105 informacij\u0105, turin\u012f, duomenis, dokumentus (pvz., balt\u0105sias knygas, bro\u0161i\u016bras, duomen\u0173 lapus, DUK, \u0161ablonus, prane\u0161imus spaudai ir t. t.), atsisiuntimus, rinkmenas, tekst\u0105, vaizdus, nuotraukas, grafik\u0105, vaizdo \u012fra\u0161us, transliacijas internetu, leidinius, priemones, i\u0161teklius, programin\u0119 \u012frang\u0105, kod\u0105, programas, programas ir produktus, kurie pateikiami arba \u012fgalinami per svetain\u0119.<\/p><p>Terminas \u201eSvetain\u0117s valdytojas\u201c, kitaip vadinamas \u201emes\u201c arba \u201emes\u201c, rei\u0161kia subjekt\u0105, atsaking\u0105 u\u017e svetain\u0117s suk\u016brim\u0105 ir valdym\u0105. <a href=\"https:\/\/ai4debunk.eu\/lt\/\"><span style=\"color: #ae46ff;\">https:\/\/ai4debunk.eu<\/span><\/a> (toliau kartu \u2013 \u0161i svetain\u0117), kad gal\u0117t\u0173 teikti informacij\u0105 savo naudotojams.Grant Agreement 101135757 perleid\u017eia bendrovei \u201eF6S Network Ireland Limited\u201c (<span style=\"color: #ae46ff;\"><a style=\"color: #ae46ff;\" href=\"http:\/\/www.f6s.com\" target=\"_blank\" rel=\"noopener\">www.f6s.com<\/a><\/span>) svetain\u0117s valdytojo vaidmuo, tod\u0117l \"F6S Network Ireland Limited\" yra svetain\u0117s duomen\u0173 valdytoja.<\/p><p>Terminas \u201ej\u016bs\u201c rei\u0161kia m\u016bs\u0173 svetain\u0117s lankytoj\u0105.<\/p>\t\t\t\t\t\t\t\t<\/div>\n\t\t\t\t<\/div>\n\t\t\t\t<div class=\"elementor-element elementor-element-65a84db elementor-widget elementor-widget-heading\" data-id=\"65a84db\" data-element_type=\"widget\" data-e-type=\"widget\" data-widget_type=\"heading.default\">\n\t\t\t\t<div class=\"elementor-widget-container\">\n\t\t\t\t\t<h4 class=\"elementor-heading-title elementor-size-default\">2. SCOPE<\/h4>\t\t\t\t<\/div>\n\t\t\t\t<\/div>\n\t\t\t\t<div class=\"elementor-element elementor-element-b717931 elementor-widget elementor-widget-text-editor\" data-id=\"b717931\" data-element_type=\"widget\" data-e-type=\"widget\" data-widget_type=\"text-editor.default\">\n\t\t\t\t<div class=\"elementor-widget-container\">\n\t\t\t\t\t\t\t\t\t\u0160ios Svetain\u0117s s\u0105lygos (toliau \u2013 S\u0105lygos arba \u0161ios Svetain\u0117s s\u0105lygos) reglamentuoja j\u016bs\u0173 naudojim\u0105si \u0161ia Svetaine, \u012fskaitant visus \u0161ios Svetain\u0117s puslapius. \u0160ios S\u0105lygos visi\u0161kai galioja j\u016bs\u0173 naudojimuisi \u0161ia Svetaine ir, naudodamiesi \u0161ia Svetaine, j\u016bs ai\u0161kiai sutinkate su visomis \u010dia pateiktomis s\u0105lygomis. J\u016bs negalite naudotis \u0161ia Svetaine, jei turite koki\u0173 nors prie\u0161taravim\u0173 d\u0117l bet kurios i\u0161 \u0161i\u0173 Svetaini\u0173 s\u0105lyg\u0173.\n\t\t\t\t\t\t\t\t<\/div>\n\t\t\t\t<\/div>\n\t\t\t\t<div class=\"elementor-element elementor-element-827f9c4 elementor-widget elementor-widget-heading\" data-id=\"827f9c4\" data-element_type=\"widget\" data-e-type=\"widget\" data-widget_type=\"heading.default\">\n\t\t\t\t<div class=\"elementor-widget-container\">\n\t\t\t\t\t<h4 class=\"elementor-heading-title elementor-size-default\">3. J\u016bs\u0173 naudojimasis Svetaine<\/h4>\t\t\t\t<\/div>\n\t\t\t\t<\/div>\n\t\t\t\t<div class=\"elementor-element elementor-element-ee7b3ce elementor-widget elementor-widget-text-editor\" data-id=\"ee7b3ce\" data-element_type=\"widget\" data-e-type=\"widget\" data-widget_type=\"text-editor.default\">\n\t\t\t\t<div class=\"elementor-widget-container\">\n\t\t\t\t\t\t\t\t\t<p>J\u016bs sutinkate naudoti Svetain\u0119 ir jos turin\u012f tik tais tikslais, kurie leid\u017eiami pagal Naudojimo s\u0105lygas ir bet kokius galiojan\u010dius \u012fstatymus, reglamentus ar visuotinai pripa\u017eint\u0105 praktik\u0105 ar gaires atitinkamose jurisdikcijose.<\/p><p>J\u016bs konkre\u010diai sutinkate neprieiti (ar nebandyti prieiti) prie bet kurios Med\u017eiagos bet kokiomis automatizuotomis priemon\u0117mis (\u012fskaitant scenarij\u0173 ar interneto nar\u0161ykli\u0173 naudojim\u0105) arba \u012fsilau\u017eimo, slapta\u017eod\u017ei\u0173 gavybos ar kitomis priemon\u0117mis. J\u016bs sutinkate nedalyvauti jokioje veikloje, kuri trukdo ar trikdo Svetain\u0119 (ar serverius ir tinklus, kurie yra prijungti prie ar prieinami per Svetain\u0119).<br \/>J\u016bs taip pat sutinkate naudotis Svetain\u0117s funkcijomis tik tam, kad pasiektum\u0117te, atsisi\u0173stum\u0117te, naudotum\u0117te, skelbtum\u0117te, si\u0173stum\u0117te ar gautum\u0117te Med\u017eiag\u0105 tinkamu b\u016bdu.<\/p><p>Galite per\u017ei\u016br\u0117ti, atsisi\u0173sti tik spartinimo tikslais ir spausdinti med\u017eiag\u0105 i\u0161 svetain\u0117s savo asmeniniam naudojimui, laikydamiesi toliau ir kitose \u0161iose s\u0105lygose nustatyt\u0173 apribojim\u0173.<\/p><p>J\u016bs negalite naudoti \u0161ios svetain\u0117s kopijuoti, saugoti, talpinti, perduoti, si\u0173sti, naudoti, publikuoti ar platinti bet koki\u0105 med\u017eiag\u0105, kuri\u0105 sudaro (arba yra susijusi su) bet kokia \u0161nipin\u0117jimo programa, kompiuteriniu virusu, Trojos arkliu, kirminu, klavi\u0161\u0173 paspaudim\u0173 loggeriu, rootkit ar kita kenk\u0117ji\u0161ka kompiuterine programine \u012franga. J\u016bs negalite vykdyti jokios sistemingos ar automatizuotos duomen\u0173 rinkimo veiklos (\u012fskaitant, be apribojim\u0173, duomen\u0173 nuskaitym\u0105, duomen\u0173 gavyb\u0105, duomen\u0173 gavyb\u0105 ir duomen\u0173 rinkim\u0105) \u0161ioje Svetain\u0117je ar su ja susijusiose srityse be ai\u0161kaus ra\u0161ytinio Svetain\u0117s valdytojo sutikimo. J\u016bs taip pat sutinkate nenaudoti jokios med\u017eiagos tokiu b\u016bdu, kuris pa\u017eeid\u017eia bet kokias intelektin\u0117s nuosavyb\u0117s teises ar bet kurios \u0161alies teises, nekopijuoti ir nenaudoti kituose elektroniniuose ar spausdintuose leidiniuose. Grafinis ir techninis dizainas, visi kontaktai ir nuotraukos, naudojamos \u0161iame internetiniame pristatyme, yra saugomos autori\u0173 teisi\u0173.<\/p><p>J\u016bs taip pat sutinkate nenaudoti Svetain\u0117s domeno vardo kaip pseudoniminio gr\u0105\u017einimo e. pa\u0161to adreso; netrukdyti, netrukdyti ir netrukdyti bet kuriam kitam naudotojui naudotis ir m\u0117gautis Svetaine ar kitomis susijusiomis ar susietomis svetain\u0117mis ar Med\u017eiagomis; ir nenaudoti jokios med\u017eiagos tokiu b\u016bdu, kuris pa\u017eeist\u0173 intelektin\u0117s nuosavyb\u0117s teises ar bet kurios \u0161alies teises;<\/p>\t\t\t\t\t\t\t\t<\/div>\n\t\t\t\t<\/div>\n\t\t\t\t<div class=\"elementor-element elementor-element-94c704a elementor-widget elementor-widget-heading\" data-id=\"94c704a\" data-element_type=\"widget\" data-e-type=\"widget\" data-widget_type=\"heading.default\">\n\t\t\t\t<div class=\"elementor-widget-container\">\n\t\t\t\t\t<h4 class=\"elementor-heading-title elementor-size-default\">4. Kopijavimo ir intelektin\u0117s nuosavyb\u0117s teis\u0117s<\/h4>\t\t\t\t<\/div>\n\t\t\t\t<\/div>\n\t\t\t\t<div class=\"elementor-element elementor-element-cbe98bf elementor-widget elementor-widget-text-editor\" data-id=\"cbe98bf\" data-element_type=\"widget\" data-e-type=\"widget\" data-widget_type=\"text-editor.default\">\n\t\t\t\t<div class=\"elementor-widget-container\">\n\t\t\t\t\t\t\t\t\t<p>I\u0161skyrus jums priklausant\u012f turin\u012f, kur\u012f galb\u016bt pasirinkote \u012ftraukti \u012f \u0161i\u0105 svetain\u0119, pagal \u0161ias s\u0105lygas konsorciumas ir (arba) jo licenciarai turi visas teises \u012f intelektin\u0117s nuosavyb\u0117s med\u017eiag\u0105, esan\u010di\u0105 \u0161ioje svetain\u0117je, ir visos tokios teis\u0117s yra saugomos. Konsorciumas leid\u017eia naudotojams kopijuoti ir spausdinti i\u0161traukas ar dokumentus i\u0161 \u0161ios svetain\u0117s tik asmeniniam, nekomerciniam naudojimui, su s\u0105lyga, kad bet kokia gaut\u0173 min\u0117t\u0173 dokument\u0173 ar puslapi\u0173 kopija ar i\u0161trauka i\u0161laiko visas intelektin\u0117s nuosavyb\u0117s teises ar kitus nuosavyb\u0117s prane\u0161imus, \u012fskaitant visus juose esan\u010dius atsakomyb\u0117s ribojimo parei\u0161kimus. Projekto logotipas negali b\u016bti naudojamas ar atgaminamas be i\u0161ankstinio ra\u0161ytinio konsorciumo sutikimo.<\/p><p>I\u0161skyrus atvejus, kai tai leid\u017eiama pagal taikomus autori\u0173 teisi\u0173 \u012fstatymus, j\u016bs negalite atgaminti ar perduoti jokio \u0161ios svetain\u0117s turinio, \u012fskaitant failus, kuriuos galima atsisi\u0173sti i\u0161 \u0161ios svetain\u0117s, be ra\u0161ti\u0161ko autori\u0173 teisi\u0173 savininko leidimo.<\/p>\t\t\t\t\t\t\t\t<\/div>\n\t\t\t\t<\/div>\n\t\t\t\t<div class=\"elementor-element elementor-element-21ba3cf elementor-widget elementor-widget-heading\" data-id=\"21ba3cf\" data-element_type=\"widget\" data-e-type=\"widget\" data-widget_type=\"heading.default\">\n\t\t\t\t<div class=\"elementor-widget-container\">\n\t\t\t\t\t<h4 class=\"elementor-heading-title elementor-size-default\">5. PREKYBOS, PREKYBOS PAVADINIMAI IR \u017dENKLOS<\/h4>\t\t\t\t<\/div>\n\t\t\t\t<\/div>\n\t\t\t\t<div class=\"elementor-element elementor-element-71b6360 elementor-widget elementor-widget-text-editor\" data-id=\"71b6360\" data-element_type=\"widget\" data-e-type=\"widget\" data-widget_type=\"text-editor.default\">\n\t\t\t\t<div class=\"elementor-widget-container\">\n\t\t\t\t\t\t\t\t\tVisi Svetain\u0117je pateikiami preki\u0173 \u017eenklai, preki\u0173 pavadinimai ir logotipai yra j\u0173 atitinkam\u0173 savinink\u0173 nuosavyb\u0117 ir yra saugomi tarptautini\u0173 autori\u0173 teisi\u0173 ir preki\u0173 \u017eenkl\u0173 \u012fstatym\u0173. J\u016bs sutinkate ne\u0161mei\u017eti ir ne\u017eeminti Projekto ir vis\u0173 preki\u0173 \u017eenkl\u0173, prekini\u0173 pavadinim\u0173 ar logotip\u0173, esan\u010di\u0173 Tinklalapyje ar Med\u017eiagoje. Bet koks bet koki\u0173 preki\u0173 \u017eenkl\u0173, preki\u0173 pavadinim\u0173 ir logotip\u0173, esan\u010di\u0173 visoje svetain\u0117je, naudojimas be ai\u0161kaus ra\u0161ytinio preki\u0173 \u017eenklo savininko sutikimo, vardo ar logotipo, kaip taikoma, yra grie\u017etai draud\u017eiamas.\t\t\t\t\t\t\t\t<\/div>\n\t\t\t\t<\/div>\n\t\t\t\t<div class=\"elementor-element elementor-element-4ca326f elementor-widget elementor-widget-heading\" data-id=\"4ca326f\" data-element_type=\"widget\" data-e-type=\"widget\" data-widget_type=\"heading.default\">\n\t\t\t\t<div class=\"elementor-widget-container\">\n\t\t\t\t\t<h4 class=\"elementor-heading-title elementor-size-default\">6. I\u0160DAVIMAS J\u016aS\u0172<\/h4>\t\t\t\t<\/div>\n\t\t\t\t<\/div>\n\t\t\t\t<div class=\"elementor-element elementor-element-37a315c elementor-widget elementor-widget-text-editor\" data-id=\"37a315c\" data-element_type=\"widget\" data-e-type=\"widget\" data-widget_type=\"text-editor.default\">\n\t\t\t\t<div class=\"elementor-widget-container\">\n\t\t\t\t\t\t\t\t\t<p>Konsorciumas suteikia jums asmenin\u0119, visame pasaulyje galiojan\u010di\u0105, neperleid\u017eiam\u0105, nemokam\u0105 ir nei\u0161imtin\u0119 licencij\u0105 naudotis Svetaine tik tam, kad gal\u0117tum\u0117te naudotis Svetaine ir Med\u017eiagomis \u0161i\u0173 Naudojimo s\u0105lyg\u0173 leid\u017eiamu b\u016bdu. J\u016bs negalite (ir negalite leisti niekam kitam) kopijuoti, apgr\u0105\u017eos in\u017einieriaus, kurti i\u0161vestin\u012f darb\u0105, dekompiliuoti ar kitaip bandyti i\u0161gauti Svetain\u0117s ar bet kurios jos dalies \u0161altinio kod\u0105, nebent tai ai\u0161kiai leid\u017eiama ar reikalaujama pagal \u012fstatymus arba nebent jums konkre\u010diai leido tai padaryti Svetain\u0117s valdytojas. Nebent tinklalapio valdytojas dav\u0117 jums ra\u0161ti\u0161k\u0105 leidim\u0105 tai padaryti, j\u016bs negalite<\/p><ul><li>perleisti (arba suteikti sublicencij\u0105) savo teises naudotis Svetaine arba Med\u017eiaga,<\/li><li>suteikti saugumo interes\u0105 d\u0117l j\u016bs\u0173 teisi\u0173 naudotis Svetaine ar Med\u017eiagomis arba kitaip perduoti bet kokias j\u016bs\u0173 teises jomis naudotis.<\/li><\/ul>\t\t\t\t\t\t\t\t<\/div>\n\t\t\t\t<\/div>\n\t\t\t\t<div class=\"elementor-element elementor-element-1251413 elementor-widget elementor-widget-heading\" data-id=\"1251413\" data-element_type=\"widget\" data-e-type=\"widget\" data-widget_type=\"heading.default\">\n\t\t\t\t<div class=\"elementor-widget-container\">\n\t\t\t\t\t<h4 class=\"elementor-heading-title elementor-size-default\">7. Nuorodos \u012f kitas interneto svetaines<\/h4>\t\t\t\t<\/div>\n\t\t\t\t<\/div>\n\t\t\t\t<div class=\"elementor-element elementor-element-b5adf43 elementor-widget elementor-widget-text-editor\" data-id=\"b5adf43\" data-element_type=\"widget\" data-e-type=\"widget\" data-widget_type=\"text-editor.default\">\n\t\t\t\t<div class=\"elementor-widget-container\">\n\t\t\t\t\t\t\t\t\tSvetain\u0117je gali b\u016bti nuorod\u0173 \u012f kitas interneto svetaines ir paslaugas, kurias valdo ir pri\u017ei\u016bri tre\u010diosios \u0161alys ar j\u0173 filialai. J\u016bs pripa\u017e\u012fstate, suprantate ir sutinkate, kad Svetain\u0117s valdytojas nebus tiesiogiai ar netiesiogiai atsakingas u\u017e bet koki\u0105 \u017eal\u0105 ar nuostolius, kuriuos suk\u0117l\u0117 ar tariamai suk\u0117l\u0117 tokio turinio, produkt\u0173 ar paslaug\u0173, prieinam\u0173 tokiose kitose svetain\u0117se, naudojimas ar r\u0117mimasis jais.\n\t\t\t\t\t\t\t\t<\/div>\n\t\t\t\t<\/div>\n\t\t\t\t<div class=\"elementor-element elementor-element-61d5e43 elementor-widget elementor-widget-heading\" data-id=\"61d5e43\" data-element_type=\"widget\" data-e-type=\"widget\" data-widget_type=\"heading.default\">\n\t\t\t\t<div class=\"elementor-widget-container\">\n\t\t\t\t\t<h4 class=\"elementor-heading-title elementor-size-default\">8. Poky\u010diai<\/h4>\t\t\t\t<\/div>\n\t\t\t\t<\/div>\n\t\t\t\t<div class=\"elementor-element elementor-element-e547e4a elementor-widget elementor-widget-text-editor\" data-id=\"e547e4a\" data-element_type=\"widget\" data-e-type=\"widget\" data-widget_type=\"text-editor.default\">\n\t\t\t\t<div class=\"elementor-widget-container\">\n\t\t\t\t\t\t\t\t\tSvetain\u0117s valdytojas pasilieka teis\u0119 keisti, laikinai sustabdyti ar nutraukti bet kuri\u0105 Svetain\u0117s ir Med\u017eiagos dal\u012f bet kuriuo metu, su \u012fsp\u0117jimu ar be jo. Svetain\u0117s valdytojas pasilieka teis\u0119 bet kuriuo metu keisti bet kuri\u0105 \u0161i\u0173 Naudojimo s\u0105lyg\u0173 dal\u012f. Bet kokie pakeitimai \u012fsigalioja po paskelbimo Svetain\u0117je. J\u016bs sutinkate periodi\u0161kai per\u017ei\u016br\u0117ti \u0161ias Naudojimo s\u0105lygas, kad \u017einotum\u0117te apie bet kokius tokius pakeitimus. J\u016bs\u0173 tolesnis naudojimasis Svetaine po to, kai buvo paskelbti tokie pakeitimai, laikomas j\u016bs\u0173 sutikimu su bet kokiais Naudojimo s\u0105lyg\u0173 pakeitimais. Jei bet kuriuo metu Naudojimo s\u0105lygos jums nepriimtinos, tur\u0117tum\u0117te nedelsdami nutraukti naudojim\u0105si Svetaine. J\u016bs sutinkate, kad auk\u0161\u010diau nurodytas prane\u0161imo apie pakeitimus standartas yra pagr\u012fstas.\n\t\t\t\t\t\t\t\t<\/div>\n\t\t\t\t<\/div>\n\t\t\t\t<div class=\"elementor-element elementor-element-638682a elementor-widget elementor-widget-heading\" data-id=\"638682a\" data-element_type=\"widget\" data-e-type=\"widget\" data-widget_type=\"heading.default\">\n\t\t\t\t<div class=\"elementor-widget-container\">\n\t\t\t\t\t<h4 class=\"elementor-heading-title elementor-size-default\">9. Atsakomyb\u0117s ribojimas<\/h4>\t\t\t\t<\/div>\n\t\t\t\t<\/div>\n\t\t\t\t<div class=\"elementor-element elementor-element-c2a7c6a elementor-widget elementor-widget-text-editor\" data-id=\"c2a7c6a\" data-element_type=\"widget\" data-e-type=\"widget\" data-widget_type=\"text-editor.default\">\n\t\t\t\t<div class=\"elementor-widget-container\">\n\t\t\t\t\t\t\t\t\tSvetain\u0117s valdytojas neatsako u\u017e jokius tiesioginius, netiesioginius, atsitiktinius ar pasekminius nuostolius, kurie gali atsirasti d\u0117l netinkamo Naudotoj\u0173 naudojimosi Svetaine arba d\u0117l bet koki\u0173 Svetain\u0117s veikimo ar informacijos perdavimo internetu per \u0161i\u0105 Svetain\u0119 klaid\u0173, gedim\u0173, defekt\u0173 ar v\u0117lavim\u0173.\n\t\t\t\t\t\t\t\t<\/div>\n\t\t\t\t<\/div>\n\t\t\t\t<div class=\"elementor-element elementor-element-f4d303c elementor-widget elementor-widget-heading\" data-id=\"f4d303c\" data-element_type=\"widget\" data-e-type=\"widget\" data-widget_type=\"heading.default\">\n\t\t\t\t<div class=\"elementor-widget-container\">\n\t\t\t\t\t<h4 class=\"elementor-heading-title elementor-size-default\">10. Jurisdikcija<\/h4>\t\t\t\t<\/div>\n\t\t\t\t<\/div>\n\t\t\t\t<div class=\"elementor-element elementor-element-c70fafa elementor-widget elementor-widget-text-editor\" data-id=\"c70fafa\" data-element_type=\"widget\" data-e-type=\"widget\" data-widget_type=\"text-editor.default\">\n\t\t\t\t<div class=\"elementor-widget-container\">\n\t\t\t\t\t\t\t\t\tPrisijungdami prie \u0161ios svetain\u0117s ir med\u017eiagos, j\u016bs sutinkate, kad visi klausimai, susij\u0119 su j\u016bs\u0173 prieiga prie j\u0173 ar j\u0173 naudojimu, bus reglamentuojami Airijos ir Europos S\u0105jungos \u012fstatymais ir \u012fstatymais, nepa\u017eeid\u017eiant \u012fstatym\u0173 kolizijos princip\u0173. Visi gin\u010dai, kylantys d\u0117l \u0161io tinklalapio naudojimo, priklauso i\u0161imtinei Dublino (Airija) teism\u0173 jurisdikcijai.\n\t\t\t\t\t\t\t\t<\/div>\n\t\t\t\t<\/div>\n\t\t\t\t<div class=\"elementor-element elementor-element-6f17ea8 elementor-widget elementor-widget-heading\" data-id=\"6f17ea8\" data-element_type=\"widget\" data-e-type=\"widget\" data-widget_type=\"heading.default\">\n\t\t\t\t<div class=\"elementor-widget-container\">\n\t\t\t\t\t<h4 class=\"elementor-heading-title elementor-size-default\">11. BENDROSIOS NUOSTATOS<\/h4>\t\t\t\t<\/div>\n\t\t\t\t<\/div>\n\t\t\t\t<div class=\"elementor-element elementor-element-4d1604d elementor-widget elementor-widget-text-editor\" data-id=\"4d1604d\" data-element_type=\"widget\" data-e-type=\"widget\" data-widget_type=\"text-editor.default\">\n\t\t\t\t<div class=\"elementor-widget-container\">\n\t\t\t\t\t\t\t\t\t<p>\u0160ios naudojimo s\u0105lygos yra reglamentuojamos ir ai\u0161kinamos pagal Airijos \u012fstatymus, neatsi\u017evelgiant \u012f \u012fstatym\u0173 kolizijos principus. Svetain\u0117s valdytojo \u0161i\u0173 naudojimo s\u0105lyg\u0173 vykdymui taikomi galiojantys \u012fstatymai ir teisinis procesas, o n\u0117 viena \u0161i\u0173 naudojimo s\u0105lyg\u0173 nuostata nenukrypsta nuo koordinatoriaus teis\u0117s laikytis teis\u0117saugos pra\u0161ym\u0173 ar reikalavim\u0173, susijusi\u0173 su j\u016bs\u0173 naudojimusi Svetaine, arba d\u0117l tokio naudojimo Svetain\u0117s valdytojui pateiktos ar jo surinktos informacijos. Jei kuri nors \u0161i\u0173 Naudojimo s\u0105lyg\u0173 nuostata yra neteis\u0117ta, negaliojanti ar d\u0117l kokios nors prie\u017easties ne\u012fgyvendinama, \u0161i nuostata laikoma atskirta nuo \u0161i\u0173 Naudojimo s\u0105lyg\u0173 ir neturi \u012ftakos likusi\u0173 nuostat\u0173 galiojimui ir vykdymui. \u0160ios Naudojimosi s\u0105lygos sudaro vis\u0105 \u0161ali\u0173 susitarim\u0105, susijus\u012f su \u010dia aptariamu dalyku, ir pakei\u010dia visus ankstesnius ar tuo pa\u010diu metu \u017eodinius ar ra\u0161ytinius prane\u0161imus.<\/p>\t\t\t\t\t\t\t\t<\/div>\n\t\t\t\t<\/div>\n\t\t\t\t\t<\/div>\n\t\t\t\t<\/div>\n\t\t\t\t<\/div>","protected":false},"excerpt":{"rendered":"<p>Sveiki atvyk\u0119 \u012f m\u016bs\u0173 svetain\u0119.J\u016bs\u0173 prieigai prie \u0161ios svetain\u0117s ir naudojimuisi ja taikomos \u0161ios svetain\u0117s naudojimo s\u0105lygos. Atid\u017eiai perskaitykite juos prie\u0161 patekdami \u012f \u0161i\u0105 svetain\u0119 ar ja naudodamiesi. 1. APIBR\u0116\u017dIMAI AI4Debunk (Dalyvaujamosios pagalbin\u0117s dirbtiniu intelektu grind\u017eiamos priemon\u0117s patikimai pilie\u010di\u0173 veiklai internete ir dezinformacijos demaskavimui remti), toliau \u2013 projektas, yra [\u2026]<\/p>","protected":false},"author":6,"featured_media":0,"parent":0,"menu_order":0,"comment_status":"closed","ping_status":"closed","template":"","meta":{"_acf_changed":false,"footnotes":""},"class_list":["post-209","page","type-page","status-publish","hentry"],"acf":[],"_links":{"self":[{"href":"https:\/\/ai4debunk.eu\/lt\/wp-json\/wp\/v2\/pages\/209","targetHints":{"allow":["GET"]}}],"collection":[{"href":"https:\/\/ai4debunk.eu\/lt\/wp-json\/wp\/v2\/pages"}],"about":[{"href":"https:\/\/ai4debunk.eu\/lt\/wp-json\/wp\/v2\/types\/page"}],"author":[{"embeddable":true,"href":"https:\/\/ai4debunk.eu\/lt\/wp-json\/wp\/v2\/users\/6"}],"replies":[{"embeddable":true,"href":"https:\/\/ai4debunk.eu\/lt\/wp-json\/wp\/v2\/comments?post=209"}],"version-history":[{"count":5,"href":"https:\/\/ai4debunk.eu\/lt\/wp-json\/wp\/v2\/pages\/209\/revisions"}],"predecessor-version":[{"id":2187,"href":"https:\/\/ai4debunk.eu\/lt\/wp-json\/wp\/v2\/pages\/209\/revisions\/2187"}],"wp:attachment":[{"href":"https:\/\/ai4debunk.eu\/lt\/wp-json\/wp\/v2\/media?parent=209"}],"curies":[{"name":"wp","href":"https:\/\/api.w.org\/{rel}","templated":true}]}}