{"id":1336,"date":"2024-03-11T16:12:18","date_gmt":"2024-03-11T16:12:18","guid":{"rendered":"https:\/\/ai4debunk.eu\/?page_id=1336"},"modified":"2024-04-11T10:07:05","modified_gmt":"2024-04-11T10:07:05","slug":"cookie-policy","status":"publish","type":"page","link":"https:\/\/ai4debunk.eu\/lv\/cookie-policy\/","title":{"rendered":"S\u012bkdat\u0146u politika"},"content":{"rendered":"<div data-elementor-type=\"wp-page\" data-elementor-id=\"1336\" class=\"elementor elementor-1336\" data-elementor-post-type=\"page\">\n\t\t\t\t<div class=\"elementor-element elementor-element-372ece9 e-flex e-con-boxed e-con e-parent\" data-id=\"372ece9\" data-element_type=\"container\" data-e-type=\"container\">\n\t\t\t\t\t<div class=\"e-con-inner\">\n\t\t\t\t<div class=\"elementor-element elementor-element-af6f42a elementor-widget elementor-widget-heading\" data-id=\"af6f42a\" data-element_type=\"widget\" data-e-type=\"widget\" data-widget_type=\"heading.default\">\n\t\t\t\t<div class=\"elementor-widget-container\">\n\t\t\t\t\t<h1 class=\"elementor-heading-title elementor-size-default\">S\u012bkdat\u0146u politika<\/h1>\t\t\t\t<\/div>\n\t\t\t\t<\/div>\n\t\t\t\t<div class=\"elementor-element elementor-element-2b13c41 elementor-widget elementor-widget-text-editor\" data-id=\"2b13c41\" data-element_type=\"widget\" data-e-type=\"widget\" data-widget_type=\"text-editor.default\">\n\t\t\t\t<div class=\"elementor-widget-container\">\n\t\t\t\t\t\t\t\t\t<p>\u0160\u012b vietne izmanto s\u012bkfailus. M\u0113s izmantojam s\u012bkdatnes, lai nodro\u0161in\u0101tu jums vislab\u0101ko pieredzi m\u016bsu t\u012bmek\u013ca vietn\u0113. L\u016bdzu, izlasiet ar\u012b m\u016bsu <a href=\"https:\/\/ai4debunk.eu\/lv\/terms-of-use\/\">Lieto\u0161anas noteikumi<\/a> &amp; <a href=\"https:\/\/ai4debunk.eu\/lv\/privacy-policy\/\">Priv\u0101tuma politika<\/a> kas regul\u0113 \u0161\u012bs vietnes izmanto\u0161anu. S\u012bkdatnes ir nelielas teksta datnes, ko t\u012bmek\u013ca vietnes var izmantot, lai uzlabotu lietot\u0101ja pieredzi. Likums nosaka, ka m\u0113s varam saglab\u0101t s\u012bkdatnes j\u016bsu ier\u012bc\u0113, ja t\u0101s ir absol\u016bti nepiecie\u0161amas \u0161\u012bs vietnes darb\u012bbai.<br \/>Visiem p\u0101r\u0113jiem s\u012bkdat\u0146u veidiem mums ir nepiecie\u0161ama j\u016bsu at\u013cauja. \u0160\u012b vietne izmanto da\u017e\u0101da veida s\u012bkdatnes. Da\u017eas s\u012bkdatnes izvieto tre\u0161o pu\u0161u pakalpojumi, kas par\u0101d\u0101s m\u016bsu lap\u0101s. J\u016bs jebkur\u0101 laik\u0101 varat main\u012bt vai atsaukt savu piekri\u0161anu S\u012bkdat\u0146u deklar\u0101cijai m\u016bsu t\u012bmek\u013ca vietn\u0113. Uzziniet vair\u0101k par to, kas m\u0113s esam, k\u0101 j\u016bs varat sazin\u0101ties ar mums un k\u0101 m\u0113s apstr\u0101d\u0101jam personas datus <a href=\"https:\/\/ai4debunk.eu\/lv\/privacy-policy\/\">Priv\u0101tuma politika<\/a>.<\/p>\t\t\t\t\t\t\t\t<\/div>\n\t\t\t\t<\/div>\n\t\t\t\t<div class=\"elementor-element elementor-element-fd7345b elementor-widget elementor-widget-html\" data-id=\"fd7345b\" data-element_type=\"widget\" data-e-type=\"widget\" data-widget_type=\"html.default\">\n\t\t\t\t<div class=\"elementor-widget-container\">\n\t\t\t\t\t<div class=\"cky-audit-table-element\"><\/div>\t\t\t\t<\/div>\n\t\t\t\t<\/div>\n\t\t\t\t\t<\/div>\n\t\t\t\t<\/div>\n\t\t\t\t<\/div>","protected":false},"excerpt":{"rendered":"<p>S\u012bkdat\u0146u politika \u0160aj\u0101 t\u012bmek\u013ca vietn\u0113 tiek izmantotas s\u012bkdatnes. M\u0113s izmantojam s\u012bkdatnes, lai nodro\u0161in\u0101tu jums vislab\u0101ko pieredzi m\u016bsu t\u012bmek\u013ca vietn\u0113. L\u016bdzu, izlasiet ar\u012b m\u016bsu Lieto\u0161anas noteikumus &amp; Priv\u0101tuma politika, kas regul\u0113 \u0161\u012bs vietnes izmanto\u0161anu. S\u012bkdatnes ir mazi teksta faili, kurus t\u012bmek\u013ca vietnes var izmantot, lai padar\u012btu lietot\u0101ja pieredzi [...]<\/p>","protected":false},"author":6,"featured_media":0,"parent":0,"menu_order":0,"comment_status":"closed","ping_status":"closed","template":"","meta":{"_acf_changed":false,"footnotes":""},"class_list":["post-1336","page","type-page","status-publish","hentry"],"acf":[],"_links":{"self":[{"href":"https:\/\/ai4debunk.eu\/lv\/wp-json\/wp\/v2\/pages\/1336","targetHints":{"allow":["GET"]}}],"collection":[{"href":"https:\/\/ai4debunk.eu\/lv\/wp-json\/wp\/v2\/pages"}],"about":[{"href":"https:\/\/ai4debunk.eu\/lv\/wp-json\/wp\/v2\/types\/page"}],"author":[{"embeddable":true,"href":"https:\/\/ai4debunk.eu\/lv\/wp-json\/wp\/v2\/users\/6"}],"replies":[{"embeddable":true,"href":"https:\/\/ai4debunk.eu\/lv\/wp-json\/wp\/v2\/comments?post=1336"}],"version-history":[{"count":5,"href":"https:\/\/ai4debunk.eu\/lv\/wp-json\/wp\/v2\/pages\/1336\/revisions"}],"predecessor-version":[{"id":1469,"href":"https:\/\/ai4debunk.eu\/lv\/wp-json\/wp\/v2\/pages\/1336\/revisions\/1469"}],"wp:attachment":[{"href":"https:\/\/ai4debunk.eu\/lv\/wp-json\/wp\/v2\/media?parent=1336"}],"curies":[{"name":"wp","href":"https:\/\/api.w.org\/{rel}","templated":true}]}}