{"id":209,"date":"2024-03-05T16:33:00","date_gmt":"2024-03-05T16:33:00","guid":{"rendered":"https:\/\/ai4debunk.eu\/?page_id=209"},"modified":"2024-09-19T15:01:38","modified_gmt":"2024-09-19T15:01:38","slug":"terms-of-use","status":"publish","type":"page","link":"https:\/\/ai4debunk.eu\/lv\/terms-of-use\/","title":{"rendered":"Lieto\u0161anas noteikumi"},"content":{"rendered":"<div data-elementor-type=\"wp-page\" data-elementor-id=\"209\" class=\"elementor elementor-209\" data-elementor-post-type=\"page\">\n\t\t\t\t<div class=\"elementor-element elementor-element-89ce4c8 e-flex e-con-boxed e-con e-parent\" data-id=\"89ce4c8\" data-element_type=\"container\" data-e-type=\"container\">\n\t\t\t\t\t<div class=\"e-con-inner\">\n\t\t\t\t<div class=\"elementor-element elementor-element-c470af8 elementor-widget elementor-widget-heading\" data-id=\"c470af8\" data-element_type=\"widget\" data-e-type=\"widget\" data-widget_type=\"heading.default\">\n\t\t\t\t<div class=\"elementor-widget-container\">\n\t\t\t\t\t<h1 class=\"elementor-heading-title elementor-size-default\">Lieto\u0161anas noteikumi\n<\/h1>\t\t\t\t<\/div>\n\t\t\t\t<\/div>\n\t\t\t\t<div class=\"elementor-element elementor-element-9834e64 elementor-widget elementor-widget-text-editor\" data-id=\"9834e64\" data-element_type=\"widget\" data-e-type=\"widget\" data-widget_type=\"text-editor.default\">\n\t\t\t\t<div class=\"elementor-widget-container\">\n\t\t\t\t\t\t\t\t\t<p>Laipni l\u016bgti m\u016bsu m\u0101jas lap\u0101.<br \/>Uz j\u016bsu piek\u013cuvi \u0161ai T\u012bmek\u013ca vietnei un t\u0101s izmanto\u0161anu attiecas \u0161ie T\u012bmek\u013ca vietnes lieto\u0161anas noteikumi. L\u016bdzu, r\u016bp\u012bgi izlasiet tos pirms piek\u013cuves \u0161ai t\u012bmek\u013ca vietnei vai t\u0101s izmanto\u0161anas.<\/p>\t\t\t\t\t\t\t\t<\/div>\n\t\t\t\t<\/div>\n\t\t\t\t<div class=\"elementor-element elementor-element-112fa17 elementor-widget elementor-widget-heading\" data-id=\"112fa17\" data-element_type=\"widget\" data-e-type=\"widget\" data-widget_type=\"heading.default\">\n\t\t\t\t<div class=\"elementor-widget-container\">\n\t\t\t\t\t<h4 class=\"elementor-heading-title elementor-size-default\">1. Defin\u012bcijas<\/h4>\t\t\t\t<\/div>\n\t\t\t\t<\/div>\n\t\t\t\t<div class=\"elementor-element elementor-element-e1cdef7 elementor-widget elementor-widget-text-editor\" data-id=\"e1cdef7\" data-element_type=\"widget\" data-e-type=\"widget\" data-widget_type=\"text-editor.default\">\n\t\t\t\t<div class=\"elementor-widget-container\">\n\t\t\t\t\t\t\t\t\t<p>AI4Debunk (Participative Assistive AI-powered Tools for Supporting Trustworthy Online Activity of Citizens and Debunk), turpm\u0101k \u201cprojekts\u201d, ir 48 m\u0113ne\u0161u ietekmes nov\u0113rt\u0113juma projekts, kas piev\u0113r\u0161as tematam HORIZON-CL4-2023-HUMAN-01-CNECT.<\/p><p>Termins \u201ckonsorcijs\u201d attiecas uz visiem dot\u0101cijas nol\u012bguma 101135757 parakst\u012bt\u0101jiem, iz\u0146emot Eiropas Komisiju, kuriem var b\u016bt vienotas vai kop\u012bgas intelektu\u0101l\u0101 \u012bpa\u0161uma ties\u012bbas attiec\u012bb\u0101 uz projekta rezult\u0101tiem.<\/p><p>Termins \u201cmateri\u0101li\u201d attiecas uz visu inform\u0101ciju, saturu, datiem, dokumentiem (piem\u0113ram, baltaj\u0101m gr\u0101mat\u0101m, bro\u0161\u016br\u0101m, datu lap\u0101m, bie\u017ei uzdotiem jaut\u0101jumiem, veidn\u0113m, pazi\u0146ojumiem presei utt.), lejupiel\u0101d\u0113m, failiem, tekstu, att\u0113liem, fotogr\u0101fij\u0101m, grafiku, videomateri\u0101liem, t\u012bmek\u013ca p\u0101rraid\u0113m, publik\u0101cij\u0101m, r\u012bkiem, resursiem, programmat\u016bru, kodu, programm\u0101m, lietojumprogramm\u0101m un produktiem, kas dar\u012bti pieejami vai iesp\u0113joti t\u012bmek\u013ca vietn\u0113.<\/p><p>Termins \u201ct\u012bmek\u013ca vietnes p\u0101rvaldnieks\u201d, kas cit\u0101di nor\u0101d\u012bts k\u0101 \u201cmums\u201d vai \u201cm\u0113s\u201d, attiecas uz vien\u012bbu, kas ir atbild\u012bga par t\u012bmek\u013ca vietnes izveidi un p\u0101rvald\u012bbu. <a href=\"https:\/\/ai4debunk.eu\/lv\/\"><span style=\"color: #ae46ff;\">https:\/\/ai4debunk.eu<\/span><\/a> (turpm\u0101k tekst\u0101 kop\u0101 saukti par \u201ct\u012bmek\u013ca vietni\u201d), lai sniegtu inform\u0101ciju t\u0101s lietot\u0101jiem.Dot\u0101cijas l\u012bgums 101135757 pie\u0161\u0137ir F6S Network Ireland Limited (<span style=\"color: #ae46ff;\"><a style=\"color: #ae46ff;\" href=\"http:\/\/www.f6s.com\" target=\"_blank\" rel=\"noopener\">www.f6s.com<\/a><\/span>) t\u012bmek\u013ca vietnes p\u0101rvald\u012bt\u0101ja loma, t\u0101d\u0113j\u0101di F6S Network Ireland Limited ir t\u012bmek\u013ca vietnes datu p\u0101rzinis.<\/p><p>Termins \u201cj\u016bs\u201d attiecas uz m\u016bsu t\u012bmek\u013ca vietnes apmekl\u0113t\u0101ju.<\/p>\t\t\t\t\t\t\t\t<\/div>\n\t\t\t\t<\/div>\n\t\t\t\t<div class=\"elementor-element elementor-element-65a84db elementor-widget elementor-widget-heading\" data-id=\"65a84db\" data-element_type=\"widget\" data-e-type=\"widget\" data-widget_type=\"heading.default\">\n\t\t\t\t<div class=\"elementor-widget-container\">\n\t\t\t\t\t<h4 class=\"elementor-heading-title elementor-size-default\">2. Darb\u012bbas joma<\/h4>\t\t\t\t<\/div>\n\t\t\t\t<\/div>\n\t\t\t\t<div class=\"elementor-element elementor-element-b717931 elementor-widget elementor-widget-text-editor\" data-id=\"b717931\" data-element_type=\"widget\" data-e-type=\"widget\" data-widget_type=\"text-editor.default\">\n\t\t\t\t<div class=\"elementor-widget-container\">\n\t\t\t\t\t\t\t\t\t\u0160ie T\u012bmek\u013ca vietnes noteikumi un nosac\u012bjumi (\u0161ie \u201cNoteikumi\u201d vai \u0161ie \u201cT\u012bmek\u013ca vietnes noteikumi un nosac\u012bjumi\u201d), kas ietverti \u0161eit, regul\u0113 to, k\u0101 j\u016bs izmantojat \u0161o T\u012bmek\u013ca vietni, tostarp visas \u0161\u012bs T\u012bmek\u013ca vietnes lapas. \u0160ie Noteikumi ir sp\u0113k\u0101 un piln\u012bb\u0101 attiecas uz to, k\u0101 j\u016bs izmantojat \u0161o T\u012bmek\u013ca vietni, un, izmantojot \u0161o T\u012bmek\u013ca vietni, j\u016bs piln\u012bb\u0101 piekr\u012btat visiem \u0161eit ietvertajiem noteikumiem un nosac\u012bjumiem. J\u016bs nedr\u012bkstat izmantot \u0161o t\u012bmek\u013ca vietni, ja jums ir k\u0101di iebildumi pret k\u0101du no \u0161iem t\u012bmek\u013ca vietnes noteikumiem un nosac\u012bjumiem.\n\t\t\t\t\t\t\t\t<\/div>\n\t\t\t\t<\/div>\n\t\t\t\t<div class=\"elementor-element elementor-element-827f9c4 elementor-widget elementor-widget-heading\" data-id=\"827f9c4\" data-element_type=\"widget\" data-e-type=\"widget\" data-widget_type=\"heading.default\">\n\t\t\t\t<div class=\"elementor-widget-container\">\n\t\t\t\t\t<h4 class=\"elementor-heading-title elementor-size-default\">3. M\u0101jas lapas lieto\u0161ana no J\u016bsu puses<\/h4>\t\t\t\t<\/div>\n\t\t\t\t<\/div>\n\t\t\t\t<div class=\"elementor-element elementor-element-ee7b3ce elementor-widget elementor-widget-text-editor\" data-id=\"ee7b3ce\" data-element_type=\"widget\" data-e-type=\"widget\" data-widget_type=\"text-editor.default\">\n\t\t\t\t<div class=\"elementor-widget-container\">\n\t\t\t\t\t\t\t\t\t<p>J\u016bs piekr\u012btat izmantot Vietni un t\u0101s saturu tikai t\u0101diem m\u0113r\u0137iem, kas ir at\u013cauti saska\u0146\u0101 ar Lieto\u0161anas noteikumiem un jebk\u0101diem piem\u0113rojamiem ties\u012bbu aktiem, noteikumiem vai visp\u0101rpie\u0146emtu praksi vai vadl\u012bnij\u0101m attiec\u012bgaj\u0101s jurisdikcij\u0101s.<\/p><p>J\u016bs \u012bpa\u0161i piekr\u012btat nepiek\u013c\u016bt (vai nem\u0113\u0123in\u0101t piek\u013c\u016bt) nevienam Materi\u0101lam, izmantojot jebk\u0101dus automatiz\u0113tus l\u012bdzek\u013cus (tostarp skriptus vai t\u012bmek\u013ca p\u0101rmekl\u0113t\u0101jus) vai uzlau\u017eot, ieg\u016bstot paroles vai citus l\u012bdzek\u013cus. J\u016bs piekr\u012btat, ka neiesaist\u012bsieties nek\u0101d\u0101s darb\u012bb\u0101s, kas trauc\u0113 vai trauc\u0113 T\u012bmek\u013ca vietni (vai serverus un t\u012bklus, kas ir savienoti vai pieejami, izmantojot T\u012bmek\u013ca vietni).<br \/>J\u016bs ar\u012b piekr\u012btat izmantot Vietn\u0113 pieejam\u0101s funkcijas tikai, lai atbilsto\u0161\u0101 veid\u0101 piek\u013c\u016btu, lejupiel\u0101d\u0113tu, izmantotu, public\u0113tu, nos\u016bt\u012btu vai sa\u0146emtu Materi\u0101lus.<\/p><p>J\u016bs varat apskat\u012bt, lejupiel\u0101d\u0113t tikai ke\u0161darbes nol\u016bkos un izdruk\u0101t Materi\u0101lu no T\u012bmek\u013ca vietnes savai personiskajai lieto\u0161anai, iev\u0113rojot ierobe\u017eojumus, kas izkl\u0101st\u012bti t\u0101l\u0101k un citur \u0161ajos Noteikumos un nosac\u012bjumos.<\/p><p>J\u016bs nedr\u012bkstat izmantot \u0161o t\u012bmek\u013ca vietni, lai kop\u0113tu, uzglab\u0101tu, mitin\u0101tu, p\u0101rs\u016bt\u012btu, nos\u016bt\u012btu, izmantotu, public\u0113tu vai izplat\u012btu jebkuru materi\u0101lu, kas sast\u0101v no (vai ir saist\u012bts ar) jebkuru spiegprogrammat\u016bru, datoru v\u012brusu, Trojas zirgu, t\u0101rpu, tausti\u0146sitienu re\u0123istr\u0113t\u0101ju, rootkit vai citu \u013caunpr\u0101t\u012bgu datoru programmat\u016bru. J\u016bs nedr\u012bkstat veikt nek\u0101das sistem\u0101tiskas vai automatiz\u0113tas datu v\u0101k\u0161anas darb\u012bbas (ieskaitot, bet neaprobe\u017eojoties ar rasmo\u0161anu, datizraci, datu ieguvi un datu v\u0101k\u0161anu) \u0161aj\u0101 T\u012bmek\u013ca vietn\u0113 vai saist\u012bb\u0101 ar to bez T\u012bmek\u013ca vietnes p\u0101rvaldnieka skaidras rakstiskas piekri\u0161anas. J\u016bs ar\u012b piekr\u012btat neizmantot Materi\u0101lus t\u0101d\u0101 veid\u0101, kas p\u0101rk\u0101pj jebk\u0101das Intelektu\u0101l\u0101 \u012bpa\u0161uma ties\u012bbas vai jebkuras puses ties\u012bbas, nepavairot vai neizmantot citos elektroniskos vai druk\u0101tos izdevumos. \u0160aj\u0101 tie\u0161saistes prezent\u0101cij\u0101 izmantotais grafiskais un tehniskais dizains un visa kontaktinform\u0101cija, k\u0101 ar\u012b att\u0113li ir aizsarg\u0101ti ar autorties\u012bb\u0101m.<\/p><p>J\u016bs ar\u012b piekr\u012btat neizmantot t\u012bmek\u013ca vietnes dom\u0113na nosaukumu k\u0101 pseidonimiz\u0113tu atpaka\u013c e-pasta adresi; netrauc\u0113t, netrauc\u0113t vai neliegt jebkuram citam lietot\u0101jam izmantot un baud\u012bt T\u012bmek\u013ca vietni vai citas saist\u012bt\u0101s vai saist\u012bt\u0101s vietnes, vai Materi\u0101lus; un neizmantot Materi\u0101lus t\u0101d\u0101 veid\u0101, kas p\u0101rk\u0101pj intelektu\u0101l\u0101 \u012bpa\u0161uma ties\u012bbas vai jebkuras puses ties\u012bbas;<\/p>\t\t\t\t\t\t\t\t<\/div>\n\t\t\t\t<\/div>\n\t\t\t\t<div class=\"elementor-element elementor-element-94c704a elementor-widget elementor-widget-heading\" data-id=\"94c704a\" data-element_type=\"widget\" data-e-type=\"widget\" data-widget_type=\"heading.default\">\n\t\t\t\t<div class=\"elementor-widget-container\">\n\t\t\t\t\t<h4 class=\"elementor-heading-title elementor-size-default\">4. Ties\u012bbas uz kop\u012bpa\u0161umu un intelektu\u0101l\u0101 \u012bpa\u0161uma ties\u012bbas<\/h4>\t\t\t\t<\/div>\n\t\t\t\t<\/div>\n\t\t\t\t<div class=\"elementor-element elementor-element-cbe98bf elementor-widget elementor-widget-text-editor\" data-id=\"cbe98bf\" data-element_type=\"widget\" data-e-type=\"widget\" data-widget_type=\"text-editor.default\">\n\t\t\t\t<div class=\"elementor-widget-container\">\n\t\t\t\t\t\t\t\t\t<p>Iz\u0146emot jums piedero\u0161o saturu, kuru j\u016bs, iesp\u0113jams, esat izv\u0113l\u0113jies iek\u013caut \u0161aj\u0101 T\u012bmek\u013ca vietn\u0113, saska\u0146\u0101 ar \u0161iem Noteikumiem Konsorcijam un\/vai t\u0101 licences dev\u0113jiem pieder visas ties\u012bbas uz intelektu\u0101l\u0101 \u012bpa\u0161uma materi\u0101lu, kas ietverts \u0161aj\u0101 T\u012bmek\u013ca vietn\u0113, un visas \u0161\u0101das ties\u012bbas ir aizsarg\u0101tas. Konsorcijs pilnvaro lietot\u0101jus kop\u0113t un izdruk\u0101t izvilkumus vai dokumentus no \u0161\u012bs t\u012bmek\u013ca vietnes tikai personiskai, nekomerci\u0101lai lieto\u0161anai, ar nosac\u012bjumu, ka jebkura ieg\u016bto dokumentu vai lapu kopija vai izvilkums saglab\u0101 visas intelektu\u0101l\u0101 \u012bpa\u0161uma ties\u012bbas vai citus pazi\u0146ojumus par \u012bpa\u0161umu, tostarp visas tajos ietvert\u0101s atrunas. Projekta logotipu nedr\u012bkst izmantot vai reproduc\u0113t bez konsorcija iepriek\u0161\u0113jas rakstiskas piekri\u0161anas.<\/p><p>Iz\u0146emot gad\u012bjumus, kad to at\u013cauj piem\u0113rojamie autorties\u012bbu likumi, j\u016bs nedr\u012bkstat reproduc\u0113t vai pazi\u0146ot jebk\u0101du saturu \u0161aj\u0101 vietn\u0113, tostarp failus, kas lejupiel\u0101d\u0113jami no \u0161\u012bs vietnes, bez autorties\u012bbu \u012bpa\u0161nieka rakstiskas at\u013caujas.<\/p>\t\t\t\t\t\t\t\t<\/div>\n\t\t\t\t<\/div>\n\t\t\t\t<div class=\"elementor-element elementor-element-21ba3cf elementor-widget elementor-widget-heading\" data-id=\"21ba3cf\" data-element_type=\"widget\" data-e-type=\"widget\" data-widget_type=\"heading.default\">\n\t\t\t\t<div class=\"elementor-widget-container\">\n\t\t\t\t\t<h4 class=\"elementor-heading-title elementor-size-default\">5. TRADEMARKS, tirdzniec\u012bbas NAMES un LOGOS<\/h4>\t\t\t\t<\/div>\n\t\t\t\t<\/div>\n\t\t\t\t<div class=\"elementor-element elementor-element-71b6360 elementor-widget elementor-widget-text-editor\" data-id=\"71b6360\" data-element_type=\"widget\" data-e-type=\"widget\" data-widget_type=\"text-editor.default\">\n\t\t\t\t<div class=\"elementor-widget-container\">\n\t\t\t\t\t\t\t\t\tVisas pre\u010du z\u012bmes, tirdzniec\u012bbas nosaukumi un logotipi, kas par\u0101d\u0101s T\u012bmek\u013ca vietn\u0113, ir to attiec\u012bgo \u012bpa\u0161nieku \u012bpa\u0161ums, un tos aizsarg\u0101 starptautiskie autorties\u012bbu un pre\u010du z\u012bmju likumi. J\u016bs piekr\u012btat nemelot vai nenomelnot Projektu un visas pre\u010du z\u012bmes, tirdzniec\u012bbas nosaukumus vai logotipus, kas iek\u013cauti T\u012bmek\u013ca vietn\u0113 vai Materi\u0101los. Jebk\u0101da pre\u010du z\u012bmju, tirdzniec\u012bbas nosaukumu un logotipu izmanto\u0161ana, kas par\u0101d\u0101s t\u012bmek\u013ca vietn\u0113 bez pre\u010du z\u012bmes vai attiec\u012bg\u0101 gad\u012bjum\u0101 nosaukuma vai logotipa \u012bpa\u0161nieka skaidras rakstiskas piekri\u0161anas, ir stingri aizliegta.\t\t\t\t\t\t\t\t<\/div>\n\t\t\t\t<\/div>\n\t\t\t\t<div class=\"elementor-element elementor-element-4ca326f elementor-widget elementor-widget-heading\" data-id=\"4ca326f\" data-element_type=\"widget\" data-e-type=\"widget\" data-widget_type=\"heading.default\">\n\t\t\t\t<div class=\"elementor-widget-container\">\n\t\t\t\t\t<h4 class=\"elementor-heading-title elementor-size-default\">6. Licenc\u0113\u0161ana jums<\/h4>\t\t\t\t<\/div>\n\t\t\t\t<\/div>\n\t\t\t\t<div class=\"elementor-element elementor-element-37a315c elementor-widget elementor-widget-text-editor\" data-id=\"37a315c\" data-element_type=\"widget\" data-e-type=\"widget\" data-widget_type=\"text-editor.default\">\n\t\t\t\t<div class=\"elementor-widget-container\">\n\t\t\t\t\t\t\t\t\t<p>Konsorcijs pie\u0161\u0137ir jums personisku, pasaules m\u0113roga, nenododamu, bezatl\u012bdz\u012bbas un neekskluz\u012bvu licenci izmantot T\u012bmek\u013ca vietni tikai ar m\u0113r\u0137i \u013caut jums izmantot un g\u016bt labumu no T\u012bmek\u013ca vietnes un Materi\u0101liem \u0161ajos Lieto\u0161anas noteikumos at\u013cautaj\u0101 veid\u0101. J\u016bs nedr\u012bkstat (un j\u016bs nedr\u012bkstat at\u013caut nevienam citam) kop\u0113t, dekonstru\u0113t, rad\u012bt atvasin\u0101tu darbu vai dekompil\u0113t vai cit\u0101di m\u0113\u0123in\u0101t ieg\u016bt T\u012bmek\u013ca vietnes vai jebkuras t\u0101s da\u013cas pirmkodu, ja vien tas nav skaidri at\u013cauts vai pras\u012bts ties\u012bbu aktos vai ja vien T\u012bmek\u013ca vietnes p\u0101rvaldnieks jums nav \u012bpa\u0161i at\u013c\u0101vis to dar\u012bt. Ja vien vietnes p\u0101rvaldnieks nav devis jums rakstisku at\u013cauju to dar\u012bt, j\u016bs nedr\u012bkstat<\/p><ul><li>pie\u0161\u0137irt (vai pie\u0161\u0137irt apak\u0161licenci) j\u016bsu ties\u012bb\u0101m izmantot T\u012bmek\u013ca vietni vai Materi\u0101lus,<\/li><li>pie\u0161\u0137irt dro\u0161\u012bbas intereses attiec\u012bb\u0101 uz j\u016bsu ties\u012bb\u0101m izmantot T\u012bmek\u013ca vietni vai Materi\u0101lus vai cit\u0101di nodot jebk\u0101das j\u016bsu ties\u012bbas tos izmantot.<\/li><\/ul>\t\t\t\t\t\t\t\t<\/div>\n\t\t\t\t<\/div>\n\t\t\t\t<div class=\"elementor-element elementor-element-1251413 elementor-widget elementor-widget-heading\" data-id=\"1251413\" data-element_type=\"widget\" data-e-type=\"widget\" data-widget_type=\"heading.default\">\n\t\t\t\t<div class=\"elementor-widget-container\">\n\t\t\t\t\t<h4 class=\"elementor-heading-title elementor-size-default\">7. Saites uz cit\u0101m interneta vietn\u0113m<\/h4>\t\t\t\t<\/div>\n\t\t\t\t<\/div>\n\t\t\t\t<div class=\"elementor-element elementor-element-b5adf43 elementor-widget elementor-widget-text-editor\" data-id=\"b5adf43\" data-element_type=\"widget\" data-e-type=\"widget\" data-widget_type=\"text-editor.default\">\n\t\t\t\t<div class=\"elementor-widget-container\">\n\t\t\t\t\t\t\t\t\tT\u012bmek\u013ca vietne var satur\u0113t saites uz cit\u0101m t\u012bmek\u013ca vietn\u0113m un pakalpojumiem, ko p\u0101rvalda un uztur tre\u0161\u0101s personas vai to saist\u012btie uz\u0146\u0113mumi. J\u016bs atz\u012bstat, saprotat un piekr\u012btat, ka Vietnes p\u0101rvaldnieks neb\u016bs tie\u0161i vai netie\u0161i atbild\u012bgs par jebk\u0101du kait\u0113jumu vai zaud\u0113jumiem, ko izrais\u012bjusi vai, iesp\u0113jams, izrais\u012bjusi \u0161\u0101da satura, produktu vai pakalpojumu, kas pieejami \u0161\u0101d\u0101s cit\u0101s vietn\u0113s, izmanto\u0161ana vai pa\u013cau\u0161an\u0101s uz tiem.\n\t\t\t\t\t\t\t\t<\/div>\n\t\t\t\t<\/div>\n\t\t\t\t<div class=\"elementor-element elementor-element-61d5e43 elementor-widget elementor-widget-heading\" data-id=\"61d5e43\" data-element_type=\"widget\" data-e-type=\"widget\" data-widget_type=\"heading.default\">\n\t\t\t\t<div class=\"elementor-widget-container\">\n\t\t\t\t\t<h4 class=\"elementor-heading-title elementor-size-default\">8. IZMAI\u0145AS<\/h4>\t\t\t\t<\/div>\n\t\t\t\t<\/div>\n\t\t\t\t<div class=\"elementor-element elementor-element-e547e4a elementor-widget elementor-widget-text-editor\" data-id=\"e547e4a\" data-element_type=\"widget\" data-e-type=\"widget\" data-widget_type=\"text-editor.default\">\n\t\t\t\t<div class=\"elementor-widget-container\">\n\t\t\t\t\t\t\t\t\tVietnes p\u0101rvaldnieks patur ties\u012bbas main\u012bt, aptur\u0113t vai p\u0101rtraukt jebkuru Vietnes da\u013cu un Materi\u0101lus jebkur\u0101 laik\u0101, ar vai bez iepriek\u0161\u0113ja br\u012bdin\u0101juma. Vietnes p\u0101rvaldnieks patur ties\u012bbas jebkur\u0101 laik\u0101 main\u012bt jebkuru \u0161o Lieto\u0161anas noteikumu da\u013cu. Jebk\u0101das izmai\u0146as st\u0101jas sp\u0113k\u0101, kad t\u0101s tiek public\u0113tas T\u012bmek\u013ca vietn\u0113. J\u016bs piekr\u012btat periodiski p\u0101rskat\u012bt \u0161os Lieto\u0161anas noteikumus, lai j\u016bs zin\u0101tu par jebk\u0101d\u0101m \u0161\u0101d\u0101m izmai\u0146\u0101m. Ja turpin\u0101siet izmantot T\u012bmek\u013ca vietni p\u0113c jebk\u0101du \u0161\u0101du izmai\u0146u public\u0113\u0161anas, tiks uzskat\u012bts, ka piekr\u012btat jebk\u0101d\u0101m izmai\u0146\u0101m Lieto\u0161anas noteikumos. Ja jebkur\u0101 laik\u0101 Lieto\u0161anas noteikumi jums nav pie\u0146emami, nekav\u0113joties p\u0101rtrauciet M\u0101jas lapas lieto\u0161anu. J\u016bs piekr\u012btat, ka iepriek\u0161 noteiktais standarts pazi\u0146o\u0161anai par izmai\u0146\u0101m ir pamatots.\n\t\t\t\t\t\t\t\t<\/div>\n\t\t\t\t<\/div>\n\t\t\t\t<div class=\"elementor-element elementor-element-638682a elementor-widget elementor-widget-heading\" data-id=\"638682a\" data-element_type=\"widget\" data-e-type=\"widget\" data-widget_type=\"heading.default\">\n\t\t\t\t<div class=\"elementor-widget-container\">\n\t\t\t\t\t<h4 class=\"elementor-heading-title elementor-size-default\">9. Atbild\u012bbas ierobe\u017eojums<\/h4>\t\t\t\t<\/div>\n\t\t\t\t<\/div>\n\t\t\t\t<div class=\"elementor-element elementor-element-c2a7c6a elementor-widget elementor-widget-text-editor\" data-id=\"c2a7c6a\" data-element_type=\"widget\" data-e-type=\"widget\" data-widget_type=\"text-editor.default\">\n\t\t\t\t<div class=\"elementor-widget-container\">\n\t\t\t\t\t\t\t\t\tT\u012bmek\u013ca vietnes p\u0101rvaldnieks neuz\u0146emas atbild\u012bbu par jebk\u0101diem tie\u0161iem, netie\u0161iem, nejau\u0161iem vai izrieto\u0161iem zaud\u0113jumiem, kas var rasties Lietot\u0101ju nepareizas t\u012bmek\u013ca vietnes izmanto\u0161anas d\u0113\u013c vai jebk\u0101du k\u013c\u016bdu, k\u013c\u016bmju, defektu vai kav\u0113jumu d\u0113\u013c t\u012bmek\u013ca vietnes darb\u012bb\u0101 vai inform\u0101cijas p\u0101rraid\u0113 internet\u0101, izmantojot \u0161o t\u012bmek\u013ca vietni.\n\t\t\t\t\t\t\t\t<\/div>\n\t\t\t\t<\/div>\n\t\t\t\t<div class=\"elementor-element elementor-element-f4d303c elementor-widget elementor-widget-heading\" data-id=\"f4d303c\" data-element_type=\"widget\" data-e-type=\"widget\" data-widget_type=\"heading.default\">\n\t\t\t\t<div class=\"elementor-widget-container\">\n\t\t\t\t\t<h4 class=\"elementor-heading-title elementor-size-default\">10. Jurisdikcija<\/h4>\t\t\t\t<\/div>\n\t\t\t\t<\/div>\n\t\t\t\t<div class=\"elementor-element elementor-element-c70fafa elementor-widget elementor-widget-text-editor\" data-id=\"c70fafa\" data-element_type=\"widget\" data-e-type=\"widget\" data-widget_type=\"text-editor.default\">\n\t\t\t\t<div class=\"elementor-widget-container\">\n\t\t\t\t\t\t\t\t\tPiek\u013c\u016bstot \u0161ai T\u012bmek\u013ca vietnei un Materi\u0101liem, j\u016bs piekr\u012btat, ka visus jaut\u0101jumus, kas saist\u012bti ar j\u016bsu piek\u013cuvi tiem vai to izmanto\u0161anu, reglament\u0113 \u012arijas un Eiropas Savien\u012bbas likumi un likumi, ne\u0146emot v\u0113r\u0101 likumu kol\u012bzijas principus. Jebkuri str\u012bdi, kas rodas saist\u012bb\u0101 ar \u0161\u012bs t\u012bmek\u013ca vietnes izmanto\u0161anu, b\u016bs \u012arijas Dublinas tiesu ekskluz\u012bv\u0101 jurisdikcij\u0101.\n\t\t\t\t\t\t\t\t<\/div>\n\t\t\t\t<\/div>\n\t\t\t\t<div class=\"elementor-element elementor-element-6f17ea8 elementor-widget elementor-widget-heading\" data-id=\"6f17ea8\" data-element_type=\"widget\" data-e-type=\"widget\" data-widget_type=\"heading.default\">\n\t\t\t\t<div class=\"elementor-widget-container\">\n\t\t\t\t\t<h4 class=\"elementor-heading-title elementor-size-default\">11. VISP\u0100R\u0112JAIS<\/h4>\t\t\t\t<\/div>\n\t\t\t\t<\/div>\n\t\t\t\t<div class=\"elementor-element elementor-element-4d1604d elementor-widget elementor-widget-text-editor\" data-id=\"4d1604d\" data-element_type=\"widget\" data-e-type=\"widget\" data-widget_type=\"text-editor.default\">\n\t\t\t\t<div class=\"elementor-widget-container\">\n\t\t\t\t\t\t\t\t\t<p>\u0160os Lieto\u0161anas noteikumus regul\u0113 un interpret\u0113 saska\u0146\u0101 ar \u012arijas ties\u012bbu aktiem, ne\u0146emot v\u0113r\u0101 t\u0101s ties\u012bbu principu kol\u012bzijas. Uz Vietnes p\u0101rvaldnieka veikto \u0161o Lieto\u0161anas noteikumu izpildi attiecas sp\u0113k\u0101 eso\u0161ie ties\u012bbu akti un juridiskais process, un nekas \u0161ajos Lieto\u0161anas noteikumos neatk\u0101pjas no koordinatora ties\u012bb\u0101m izpild\u012bt ties\u012bbaizsardz\u012bbas iest\u0101\u017eu piepras\u012bjumus vai pras\u012bbas, kas saist\u012btas ar to, k\u0101 j\u016bs izmantojat Vietni, vai inform\u0101ciju, kas sniegta Vietnes p\u0101rvaldniekam vai ko tas apkopojis attiec\u012bb\u0101 uz \u0161\u0101du izmanto\u0161anu. Ja k\u0101ds no \u0161iem Lieto\u0161anas noteikumiem ir nelikum\u012bgs, sp\u0113k\u0101 neeso\u0161s vai k\u0101da iemesla d\u0113\u013c neizpild\u0101ms, tad \u0161is noteikums tiek uzskat\u012bts par nodal\u0101mu no \u0161iem Lieto\u0161anas noteikumiem un neietekm\u0113 atliku\u0161o noteikumu sp\u0113k\u0101 esam\u012bbu un izpild\u0101m\u012bbu. \u0160ie Lieto\u0161anas noteikumi veido piln\u012bgu vieno\u0161anos starp pus\u0113m attiec\u012bb\u0101 uz \u0161eit min\u0113to priek\u0161metu un aizst\u0101j visus iepriek\u0161\u0113jos vai pa\u0161reiz\u0113jos mutiskos vai rakstiskos pazi\u0146ojumus.<\/p>\t\t\t\t\t\t\t\t<\/div>\n\t\t\t\t<\/div>\n\t\t\t\t\t<\/div>\n\t\t\t\t<\/div>\n\t\t\t\t<\/div>","protected":false},"excerpt":{"rendered":"<p>Lieto\u0161anas noteikumi Laipni l\u016bgti m\u016bsu m\u0101jas lap\u0101.J\u016bsu piek\u013cuve un izmanto\u0161ana \u0161aj\u0101 m\u0101jas lap\u0101 ir pak\u013cauta \u0161iem m\u0101jas lapas lieto\u0161anas noteikumiem. L\u016bdzu, r\u016bp\u012bgi izlasiet tos pirms piek\u013cuves \u0161ai t\u012bmek\u013ca vietnei vai t\u0101s izmanto\u0161anas. 1. DEFIN\u012aCIJAS AI4Debunk (l\u012bdzdal\u012bbas pal\u012bgmeh\u0101nismi ar MI darbin\u0101mi r\u012bki iedz\u012bvot\u0101ju uzticamas tie\u0161saistes darb\u012bbas atbalstam un dezinform\u0101cijas atsp\u0113ko\u0161anai), turpm\u0101k \u201cprojekts\u201d, ir [...]<\/p>","protected":false},"author":6,"featured_media":0,"parent":0,"menu_order":0,"comment_status":"closed","ping_status":"closed","template":"","meta":{"_acf_changed":false,"footnotes":""},"class_list":["post-209","page","type-page","status-publish","hentry"],"acf":[],"_links":{"self":[{"href":"https:\/\/ai4debunk.eu\/lv\/wp-json\/wp\/v2\/pages\/209","targetHints":{"allow":["GET"]}}],"collection":[{"href":"https:\/\/ai4debunk.eu\/lv\/wp-json\/wp\/v2\/pages"}],"about":[{"href":"https:\/\/ai4debunk.eu\/lv\/wp-json\/wp\/v2\/types\/page"}],"author":[{"embeddable":true,"href":"https:\/\/ai4debunk.eu\/lv\/wp-json\/wp\/v2\/users\/6"}],"replies":[{"embeddable":true,"href":"https:\/\/ai4debunk.eu\/lv\/wp-json\/wp\/v2\/comments?post=209"}],"version-history":[{"count":5,"href":"https:\/\/ai4debunk.eu\/lv\/wp-json\/wp\/v2\/pages\/209\/revisions"}],"predecessor-version":[{"id":2187,"href":"https:\/\/ai4debunk.eu\/lv\/wp-json\/wp\/v2\/pages\/209\/revisions\/2187"}],"wp:attachment":[{"href":"https:\/\/ai4debunk.eu\/lv\/wp-json\/wp\/v2\/media?parent=209"}],"curies":[{"name":"wp","href":"https:\/\/api.w.org\/{rel}","templated":true}]}}