{"id":1336,"date":"2024-03-11T16:12:18","date_gmt":"2024-03-11T16:12:18","guid":{"rendered":"https:\/\/ai4debunk.eu\/?page_id=1336"},"modified":"2024-04-11T10:07:05","modified_gmt":"2024-04-11T10:07:05","slug":"cookie-policy","status":"publish","type":"page","link":"https:\/\/ai4debunk.eu\/mt\/cookie-policy\/","title":{"rendered":"Politika dwar il-Cookies"},"content":{"rendered":"<div data-elementor-type=\"wp-page\" data-elementor-id=\"1336\" class=\"elementor elementor-1336\" data-elementor-post-type=\"page\">\n\t\t\t\t<div class=\"elementor-element elementor-element-372ece9 e-flex e-con-boxed e-con e-parent\" data-id=\"372ece9\" data-element_type=\"container\" data-e-type=\"container\">\n\t\t\t\t\t<div class=\"e-con-inner\">\n\t\t\t\t<div class=\"elementor-element elementor-element-af6f42a elementor-widget elementor-widget-heading\" data-id=\"af6f42a\" data-element_type=\"widget\" data-e-type=\"widget\" data-widget_type=\"heading.default\">\n\t\t\t\t<div class=\"elementor-widget-container\">\n\t\t\t\t\t<h1 class=\"elementor-heading-title elementor-size-default\">Politika dwar il-Cookies<\/h1>\t\t\t\t<\/div>\n\t\t\t\t<\/div>\n\t\t\t\t<div class=\"elementor-element elementor-element-2b13c41 elementor-widget elementor-widget-text-editor\" data-id=\"2b13c41\" data-element_type=\"widget\" data-e-type=\"widget\" data-widget_type=\"text-editor.default\">\n\t\t\t\t<div class=\"elementor-widget-container\">\n\t\t\t\t\t\t\t\t\t<p>Din il-websajt tu\u017ca cookies. A\u0127na nu\u017caw cookies biex ni\u017cguraw li nag\u0127tuk l-a\u0127jar esperjenza fuq il-websajt tag\u0127na. Jekk jog\u0127\u0121bok aqra wkoll tag\u0127na <a href=\"https:\/\/ai4debunk.eu\/mt\/terms-of-use\/\">Termini tal-U\u017cu<\/a> &amp; <a href=\"https:\/\/ai4debunk.eu\/mt\/privacy-policy\/\">Politika ta' Privatezza<\/a> Dan jirregola l-u\u017cu ta 'dan is-sit. Il-cookies huma fajls \u017cg\u0127ar ta\u2019 test li jistg\u0127u jintu\u017caw mis-siti web biex jag\u0127mlu l-esperjenza ta\u2019 utent aktar effi\u010bjenti. Il-li\u0121i tg\u0127id li nistg\u0127u na\u0127\u017cnu l-cookies fuq l-apparat tieg\u0127ek jekk ikunu strettament me\u0127tie\u0121a g\u0127at-t\u0127addim ta 'dan is-sit.<br \/>G\u0127at-tipi l-o\u0127ra kollha ta 'cookies g\u0127andna b\u017conn il-permess tieg\u0127ek. Dan is-sit ju\u017ca tipi differenti ta' cookies. Xi cookies jitqieg\u0127du minn servizzi ta 'partijiet terzi li jidhru fuq il-pa\u0121ni tag\u0127na. Fi kwalunkwe \u0127in tista 'tbiddel jew tirtira l-kunsens tieg\u0127ek mid-Dikjarazzjoni tal-Cookie fuq il-websajt tag\u0127na. Tg\u0127allem aktar dwar min a\u0127na, kif tista 'tikkuntattjana u kif nippro\u010bessaw id-dejta personali tag\u0127na <a href=\"https:\/\/ai4debunk.eu\/mt\/privacy-policy\/\">Politika ta' Privatezza<\/a>.<\/p>\t\t\t\t\t\t\t\t<\/div>\n\t\t\t\t<\/div>\n\t\t\t\t<div class=\"elementor-element elementor-element-fd7345b elementor-widget elementor-widget-html\" data-id=\"fd7345b\" data-element_type=\"widget\" data-e-type=\"widget\" data-widget_type=\"html.default\">\n\t\t\t\t<div class=\"elementor-widget-container\">\n\t\t\t\t\t<div class=\"cky-audit-table-element\"><\/div>\t\t\t\t<\/div>\n\t\t\t\t<\/div>\n\t\t\t\t\t<\/div>\n\t\t\t\t<\/div>\n\t\t\t\t<\/div>","protected":false},"excerpt":{"rendered":"<p>Politika dwar il-Cookies Dan is-sit web ju\u017ca l-cookies. A\u0127na nu\u017caw cookies biex ni\u017cguraw li nag\u0127tuk l-a\u0127jar esperjenza fuq il-websajt tag\u0127na. Jekk jog\u0127\u0121bok aqra wkoll it-Termini ta 'U\u017cu tag\u0127na u l-Politika ta' Privatezza li tirregola l-u\u017cu ta 'dan is-sit. Il-cookies huma fajls \u017cg\u0127ar ta' test li jistg\u0127u jintu\u017caw minn siti web biex l-esperjenza ta' utent issir aktar [\u2026]<\/p>","protected":false},"author":6,"featured_media":0,"parent":0,"menu_order":0,"comment_status":"closed","ping_status":"closed","template":"","meta":{"_acf_changed":false,"footnotes":""},"class_list":["post-1336","page","type-page","status-publish","hentry"],"acf":[],"_links":{"self":[{"href":"https:\/\/ai4debunk.eu\/mt\/wp-json\/wp\/v2\/pages\/1336","targetHints":{"allow":["GET"]}}],"collection":[{"href":"https:\/\/ai4debunk.eu\/mt\/wp-json\/wp\/v2\/pages"}],"about":[{"href":"https:\/\/ai4debunk.eu\/mt\/wp-json\/wp\/v2\/types\/page"}],"author":[{"embeddable":true,"href":"https:\/\/ai4debunk.eu\/mt\/wp-json\/wp\/v2\/users\/6"}],"replies":[{"embeddable":true,"href":"https:\/\/ai4debunk.eu\/mt\/wp-json\/wp\/v2\/comments?post=1336"}],"version-history":[{"count":5,"href":"https:\/\/ai4debunk.eu\/mt\/wp-json\/wp\/v2\/pages\/1336\/revisions"}],"predecessor-version":[{"id":1469,"href":"https:\/\/ai4debunk.eu\/mt\/wp-json\/wp\/v2\/pages\/1336\/revisions\/1469"}],"wp:attachment":[{"href":"https:\/\/ai4debunk.eu\/mt\/wp-json\/wp\/v2\/media?parent=1336"}],"curies":[{"name":"wp","href":"https:\/\/api.w.org\/{rel}","templated":true}]}}