{"id":209,"date":"2024-03-05T16:33:00","date_gmt":"2024-03-05T16:33:00","guid":{"rendered":"https:\/\/ai4debunk.eu\/?page_id=209"},"modified":"2024-09-19T15:01:38","modified_gmt":"2024-09-19T15:01:38","slug":"terms-of-use","status":"publish","type":"page","link":"https:\/\/ai4debunk.eu\/mt\/terms-of-use\/","title":{"rendered":"Termini tal-U\u017cu"},"content":{"rendered":"<div data-elementor-type=\"wp-page\" data-elementor-id=\"209\" class=\"elementor elementor-209\" data-elementor-post-type=\"page\">\n\t\t\t\t<div class=\"elementor-element elementor-element-89ce4c8 e-flex e-con-boxed e-con e-parent\" data-id=\"89ce4c8\" data-element_type=\"container\" data-e-type=\"container\">\n\t\t\t\t\t<div class=\"e-con-inner\">\n\t\t\t\t<div class=\"elementor-element elementor-element-c470af8 elementor-widget elementor-widget-heading\" data-id=\"c470af8\" data-element_type=\"widget\" data-e-type=\"widget\" data-widget_type=\"heading.default\">\n\t\t\t\t<div class=\"elementor-widget-container\">\n\t\t\t\t\t<h1 class=\"elementor-heading-title elementor-size-default\">Termini tal-U\u017cu\n<\/h1>\t\t\t\t<\/div>\n\t\t\t\t<\/div>\n\t\t\t\t<div class=\"elementor-element elementor-element-9834e64 elementor-widget elementor-widget-text-editor\" data-id=\"9834e64\" data-element_type=\"widget\" data-e-type=\"widget\" data-widget_type=\"text-editor.default\">\n\t\t\t\t<div class=\"elementor-widget-container\">\n\t\t\t\t\t\t\t\t\t<p>Mer\u0127ba g\u0127all-websajt tag\u0127na.<br \/>L-a\u010b\u010bess tieg\u0127ek g\u0127al u l-u\u017cu ta 'dan is-Sit huwa su\u0121\u0121ett g\u0127al dawn it-Termini ta' U\u017cu tas-Sit. Jekk jog\u0127\u0121bok aqrahom bir-reqqa qabel ma ta\u010b\u010bessa jew tu\u017ca din il-websajt.<\/p>\t\t\t\t\t\t\t\t<\/div>\n\t\t\t\t<\/div>\n\t\t\t\t<div class=\"elementor-element elementor-element-112fa17 elementor-widget elementor-widget-heading\" data-id=\"112fa17\" data-element_type=\"widget\" data-e-type=\"widget\" data-widget_type=\"heading.default\">\n\t\t\t\t<div class=\"elementor-widget-container\">\n\t\t\t\t\t<h4 class=\"elementor-heading-title elementor-size-default\">1. Definizzjonijiet<\/h4>\t\t\t\t<\/div>\n\t\t\t\t<\/div>\n\t\t\t\t<div class=\"elementor-element elementor-element-e1cdef7 elementor-widget elementor-widget-text-editor\" data-id=\"e1cdef7\" data-element_type=\"widget\" data-e-type=\"widget\" data-widget_type=\"text-editor.default\">\n\t\t\t\t<div class=\"elementor-widget-container\">\n\t\t\t\t\t\t\t\t\t<p>AI4Debunk (G\u0127odod Assistivi Parte\u010bipattivi li ja\u0127dmu bl-IA g\u0127all-Appo\u0121\u0121 ta\u2019 Attivit\u00e0 Online Affidabbli ta\u010b-\u010aittadini u l-Konfutazzjoni tad-Di\u017cinformazzjoni), minn hawn \u2019il quddiem imsejja\u0127 \u201cIl-pro\u0121ett\u201d, huwa pro\u0121ett tal-IA ta\u2019 48 xahar li jindirizza s-su\u0121\u0121ett HORIZON-CL4-2023-HUMAN-01-CNECT.<\/p><p>It-terminu \u201cKonsorzju\u201d jirreferi g\u0127all-firmatarji kollha, g\u0127ajr il-Kummissjoni Ewropea, tal-Ftehim ta\u2019 G\u0127otja 101135757, li jista\u2019 jkollhom drittijiet ta\u2019 proprjet\u00e0 intellettwali uni\u010bi jew kon\u0121unti fir-rigward tal-e\u017citi tal-pro\u0121ett.<\/p><p>It-terminu \u201cMaterjali\u201d jirreferi g\u0127all-informazzjoni, il-kontenut, id-data, id-dokumenti kollha (e\u017c. white papers, fuljetti, skedi tad-data, FAQs, mudelli, stqarrijiet g\u0127all-istampa, e\u010b\u010b.), tni\u017c\u017cil, fajls, test, imma\u0121nijiet, ritratti, grafika, filmati, webcasts, pubblikazzjonijiet, g\u0127odod, ri\u017corsi, software, kodi\u010bi, programmi, applikazzjonijiet u prodotti mag\u0127mula disponibbli jew attivati permezz tas-Sit web.<\/p><p>It-terminu \u201cMani\u0121er tas-Sit Elettroniku\u201d, iddikjarat mod ie\u0127or b\u0127ala \u201ca\u0127na\u201d jew \u201ca\u0127na\u201d, jirreferi g\u0127all-entit\u00e0 responsabbli g\u0127all-\u0127olqien u l-\u0121estjoni tas-Sit Elettroniku <a href=\"https:\/\/ai4debunk.eu\/mt\/\"><span style=\"color: #ae46ff;\">https:\/\/ai4debunk.eu<\/span><\/a> (kollettivament imsemmi hawn ta\u0127t b\u0127ala dan is-\u201csit web\u201d), sabiex jipprovdi informazzjoni lill-utenti tieg\u0127u.Il-Ftehim ta\u2019 G\u0127otja 101135757 jassenja lil F6S Network Ireland Limited (<span style=\"color: #ae46ff;\"><a style=\"color: #ae46ff;\" href=\"http:\/\/www.f6s.com\" target=\"_blank\" rel=\"noopener\">www.f6s.com<\/a><\/span>) ir-rwol tal-mani\u0121er tal-websajt, g\u0127alhekk F6S Network Ireland Limited huwa l-Kontrollur tad-Data tal-websajt.<\/p><p>It-terminu \u201cint\u201d jirreferi g\u0127all-vi\u017citatur tas-sit web tag\u0127na.<\/p>\t\t\t\t\t\t\t\t<\/div>\n\t\t\t\t<\/div>\n\t\t\t\t<div class=\"elementor-element elementor-element-65a84db elementor-widget elementor-widget-heading\" data-id=\"65a84db\" data-element_type=\"widget\" data-e-type=\"widget\" data-widget_type=\"heading.default\">\n\t\t\t\t<div class=\"elementor-widget-container\">\n\t\t\t\t\t<h4 class=\"elementor-heading-title elementor-size-default\">2. SCOPE<\/h4>\t\t\t\t<\/div>\n\t\t\t\t<\/div>\n\t\t\t\t<div class=\"elementor-element elementor-element-b717931 elementor-widget elementor-widget-text-editor\" data-id=\"b717931\" data-element_type=\"widget\" data-e-type=\"widget\" data-widget_type=\"text-editor.default\">\n\t\t\t\t<div class=\"elementor-widget-container\">\n\t\t\t\t\t\t\t\t\tDawn it-Termini u Kundizzjonijiet tas-Sit Elettroniku (dawn it-\u201cTermini\u201d jew dawn it-\u201cTermini u Kundizzjonijiet tas-Sit Elettroniku\u201d) li jinsabu hawnhekk, g\u0127andhom jirregolaw l-u\u017cu tieg\u0127ek ta\u2019 dan is-Sit Elettroniku, inklu\u017ci l-pa\u0121ni kollha f\u2019dan is-Sit Elettroniku. Dawn it-Termini japplikaw b'mod s\u0127i\u0127 u effettiv g\u0127all-u\u017cu tieg\u0127ek ta 'din il-Websajt u, billi tu\u017ca din il-Websajt, ta\u010b\u010betta espressament it-termini u l-kundizzjonijiet kollha li jinsabu hawnhekk b'mod s\u0127i\u0127. M'g\u0127andekx tu\u017ca din il-Websajt, jekk g\u0127andek xi o\u0121\u0121ezzjoni g\u0127al kwalunkwe minn dawn it-Termini u Kundizzjonijiet tal-Websajt.\n\t\t\t\t\t\t\t\t<\/div>\n\t\t\t\t<\/div>\n\t\t\t\t<div class=\"elementor-element elementor-element-827f9c4 elementor-widget elementor-widget-heading\" data-id=\"827f9c4\" data-element_type=\"widget\" data-e-type=\"widget\" data-widget_type=\"heading.default\">\n\t\t\t\t<div class=\"elementor-widget-container\">\n\t\t\t\t\t<h4 class=\"elementor-heading-title elementor-size-default\">3. L-u\u017cu tieg\u0127ek tal-WEBSITE<\/h4>\t\t\t\t<\/div>\n\t\t\t\t<\/div>\n\t\t\t\t<div class=\"elementor-element elementor-element-ee7b3ce elementor-widget elementor-widget-text-editor\" data-id=\"ee7b3ce\" data-element_type=\"widget\" data-e-type=\"widget\" data-widget_type=\"text-editor.default\">\n\t\t\t\t<div class=\"elementor-widget-container\">\n\t\t\t\t\t\t\t\t\t<p>Inti taqbel li tu\u017ca l-Websajt u l-kontenut tag\u0127ha biss g\u0127al skopijiet li huma permessi mit-Termini ta 'U\u017cu u kwalunkwe li\u0121i, regolament jew prattika jew linji gwida \u0121eneralment a\u010b\u010bettati fil-\u0121urisdizzjonijiet rilevanti.<\/p><p>Inti spe\u010bifikament taqbel li ma ta\u010b\u010bessa (jew tipprova ta\u010b\u010bessa) xi wie\u0127ed mill-Materjali, permezz ta 'kwalunkwe mezz awtomatizzat (inklu\u017c l-u\u017cu ta' skripts jew web crawlers), jew permezz ta 'hacking, t\u0127affir ta' passwords jew mezzi o\u0127ra. Inti taqbel li m'intix se tid\u0127ol f'xi attivit\u00e0 li tinterferixxi ma 'jew tfixkel il-Websajt (jew is-servers u n-netwerks, li huma konnessi ma' jew a\u010b\u010bessibbli permezz tal-Websajt).<br \/>Inti taqbel ukoll li tu\u017ca l-funzjonalitajiet disponibbli fil-Websajt biss biex ta\u010b\u010bessa, tni\u017c\u017cel, tu\u017ca, tippowstja, tibg\u0127at jew tir\u010bievi Materjali b'mod xieraq.<\/p><p>Tista 'tara, tni\u017c\u017cel g\u0127al skopijiet ta' caching biss, u tipprintja Materjal mill-Websajt g\u0127all-u\u017cu personali tieg\u0127ek, so\u0121\u0121ett g\u0127ar-restrizzjonijiet stabbiliti hawn ta\u0127t u x'imkien ie\u0127or f'dawn it-Termini u Kundizzjonijiet.<\/p><p>M'g\u0127andekx tu\u017ca din il-Websajt biex tikkopja, ta\u0127\u017cen, tospita, tittrasmetti, tibg\u0127at, tu\u017ca, tippubblika jew tiddistribwixxi kwalunkwe Materjal, li jikkonsisti minn (jew huwa marbut ma ') kwalunkwe spyware, virus tal-kompjuter, Trojan horse, dudu, keystroke logger, rootkit jew softwer malizzju\u017c ie\u0127or tal-kompjuter. Ma trid twettaq l-ebda attivit\u00e0 sistematika jew awtomatizzata ta\u2019 \u0121bir tad-data (inklu\u017c ming\u0127ajr limitazzjoni l-brix, l-estrazzjoni tad-data, l-estrazzjoni tad-data u l-\u0127sad tad-data) fuq jew b\u2019rabta ma\u2019 dan is-Sit web ming\u0127ajr il-kunsens espli\u010bitu bil-miktub tal-Mani\u0121er tas-Sit web. Inti taqbel ukoll li ma tu\u017ca l-ebda Materjal b'mod li jikser kwalunkwe Drittijiet ta 'Proprjet\u00e0 Intellettwali jew drittijiet ta' kwalunkwe parti, li ma tirriprodu\u010bix jew tu\u017ca f'pubblikazzjonijiet elettroni\u010bi jew stampati o\u0127ra. Il-grafika kif ukoll id-disinn tekniku u l-kuntatt kollu kif ukoll l-istampi u\u017cati f'din il-pre\u017centazzjoni onlajn huma protetti bid-drittijiet tal-awtur.<\/p><p>Taqbel ukoll li ma tu\u017cax l-isem tad-dominju tas-Sit web b\u0127ala indirizz tal-email ta\u2019 ritorn psewdonimu; ma jfixkilx, jinterferixxi jew jinibixxi lil kwalunkwe utent ie\u0127or milli ju\u017ca u jgawdi l-Websajt jew siti affiljati jew marbuta o\u0127ra, jew il-Materjali; u li ma ju\u017ca l-ebda Materjal b\u2019mod li jikser kwalunkwe Drittijiet ta\u2019 Proprjet\u00e0 Intellettwali jew drittijiet ta\u2019 kwalunkwe parti;<\/p>\t\t\t\t\t\t\t\t<\/div>\n\t\t\t\t<\/div>\n\t\t\t\t<div class=\"elementor-element elementor-element-94c704a elementor-widget elementor-widget-heading\" data-id=\"94c704a\" data-element_type=\"widget\" data-e-type=\"widget\" data-widget_type=\"heading.default\">\n\t\t\t\t<div class=\"elementor-widget-container\">\n\t\t\t\t\t<h4 class=\"elementor-heading-title elementor-size-default\">4. Drittijiet ta' proprjet\u00e0 intellettwali u intelletwali<\/h4>\t\t\t\t<\/div>\n\t\t\t\t<\/div>\n\t\t\t\t<div class=\"elementor-element elementor-element-cbe98bf elementor-widget elementor-widget-text-editor\" data-id=\"cbe98bf\" data-element_type=\"widget\" data-e-type=\"widget\" data-widget_type=\"text-editor.default\">\n\t\t\t\t<div class=\"elementor-widget-container\">\n\t\t\t\t\t\t\t\t\t<p>Minbarra l-kontenut li g\u0127andek, li tista 'tkun g\u0127a\u017cilt li tinkludi fuq dan is-Sit, ta\u0127t dawn it-Termini, il-Konsorzju u \/ jew il-li\u010benzjaturi tieg\u0127u g\u0127andhom id-drittijiet kollha g\u0127all-Materjal tal-proprjet\u00e0 intellettwali li jinsab f'dan is-Sit, u dawn id-drittijiet kollha huma ri\u017cervati. Il-Konsorzju jawtorizza lill-utenti biex jikkupjaw u jistampaw estratti jew dokumenti minn dan is-Sit Elettroniku biss g\u0127al u\u017cu personali u mhux kummer\u010bjali, bil-fehim li kwalunkwe kopja jew estratt ta' dawn id-dokumenti jew pa\u0121ni miksuba, i\u017commu d-drittijiet kollha ta' proprjet\u00e0 intellettwali jew avvi\u017ci o\u0127ra ta' proprjet\u00e0 inklu\u017ci d-dikjarazzjonijiet ta' \u010ba\u0127da ta' responsabbilt\u00e0 kollha li jinsabu fihom. Il-logo tal-Pro\u0121ett ma jistax jintu\u017ca jew ji\u0121i riprodott ming\u0127ajr il-kunsens bil-miktub minn qabel tal-Konsorzju.<\/p><p>\u0126lief kif permess mil-li\u0121i tad-drittijiet tal-awtur applikabbli, ma tistax tirriprodu\u010bi jew tikkomunika kwalunkwe kontenut fuq dan is-Sit, inklu\u017ci fajls li jistg\u0127u jitni\u017c\u017clu minn dan is-Sit, ming\u0127ajr il-permess bil-miktub tas-sid tad-drittijiet tal-awtur.<\/p>\t\t\t\t\t\t\t\t<\/div>\n\t\t\t\t<\/div>\n\t\t\t\t<div class=\"elementor-element elementor-element-21ba3cf elementor-widget elementor-widget-heading\" data-id=\"21ba3cf\" data-element_type=\"widget\" data-e-type=\"widget\" data-widget_type=\"heading.default\">\n\t\t\t\t<div class=\"elementor-widget-container\">\n\t\t\t\t\t<h4 class=\"elementor-heading-title elementor-size-default\">5. TRADEMARKS, NAMES tal-kummer\u010b u LOGOS<\/h4>\t\t\t\t<\/div>\n\t\t\t\t<\/div>\n\t\t\t\t<div class=\"elementor-element elementor-element-71b6360 elementor-widget elementor-widget-text-editor\" data-id=\"71b6360\" data-element_type=\"widget\" data-e-type=\"widget\" data-widget_type=\"text-editor.default\">\n\t\t\t\t<div class=\"elementor-widget-container\">\n\t\t\t\t\t\t\t\t\tIt-trademarks, l-ismijiet kummer\u010bjali u l-logos kollha li jidhru fil-Websajt huma l-proprjet\u00e0 tas-sidien rispettivi tag\u0127hom u huma protetti mil-li\u0121ijiet internazzjonali dwar id-drittijiet tal-awtur u t-trademarks. Inti taqbel li ma tiddeterjorax jew ma tiddisprezzax il-Pro\u0121ett u t-trademarks, l-ismijiet kummer\u010bjali jew il-logos kollha inklu\u017ci fil-Websajt jew fil-Materjali. Kwalunkwe u\u017cu ta 'kwalunkwe trademark, ismijiet kummer\u010bjali u logos li jidhru fuq il-Websajt ming\u0127ajr il-kunsens espress bil-miktub tas-sid tat-trademark jew l-isem jew il-logo, kif applikabbli, huwa strettament ipprojbit.\t\t\t\t\t\t\t\t<\/div>\n\t\t\t\t<\/div>\n\t\t\t\t<div class=\"elementor-element elementor-element-4ca326f elementor-widget elementor-widget-heading\" data-id=\"4ca326f\" data-element_type=\"widget\" data-e-type=\"widget\" data-widget_type=\"heading.default\">\n\t\t\t\t<div class=\"elementor-widget-container\">\n\t\t\t\t\t<h4 class=\"elementor-heading-title elementor-size-default\">6. Li\u010benzji g\u0127alik<\/h4>\t\t\t\t<\/div>\n\t\t\t\t<\/div>\n\t\t\t\t<div class=\"elementor-element elementor-element-37a315c elementor-widget elementor-widget-text-editor\" data-id=\"37a315c\" data-element_type=\"widget\" data-e-type=\"widget\" data-widget_type=\"text-editor.default\">\n\t\t\t\t<div class=\"elementor-widget-container\">\n\t\t\t\t\t\t\t\t\t<p>Il-Konsorzju jag\u0127tik li\u010benzja personali, dinjija, mhux assenjabbli, \u0127ielsa mir-royalties u mhux esklussiva biex tu\u017ca l-Websajt biss g\u0127all-iskop li tippermettilek tu\u017ca u tgawdi l-benefi\u010b\u010bju tal-Websajt u l-Materjali, bil-mod permess minn dawn it-Termini ta 'U\u017cu. Inti ma tistax (u ma tistax tippermetti lil xi \u0127add ie\u0127or) tikkopja, in\u0121inier invers, to\u0127loq xog\u0127ol derivattiv ta ', jew tiddekompila jew tipprova b'xi mod ie\u0127or ti\u0121bed il-kodi\u010bi tas-sors tal-Websajt jew kwalunkwe parti minnha, sakemm dan ma jkunx espressament permess jew me\u0127tie\u0121 mil-li\u0121i, jew sakemm ma tkunx ing\u0127atajt permess spe\u010bifiku biex tag\u0127mel dan mill-Mani\u0121er tal-Websajt. Sakemm il-Mani\u0121er tal-Websajt ma jkunx tak permess bil-miktub biex tag\u0127mel dan, ma tistax<\/p><ul><li>tassenja (jew tag\u0127ti subli\u010benzja ta') id-drittijiet tieg\u0127ek li tu\u017ca l-Websajt jew il-Materjali,<\/li><li>tag\u0127ti interess ta 'sigurt\u00e0 fi jew fuq id-drittijiet tieg\u0127ek li tu\u017ca l-Websajt jew il-Materjali, jew inkella tittrasferixxi kwalunkwe wie\u0127ed mid-drittijiet tieg\u0127ek biex tu\u017cahom.<\/li><\/ul>\t\t\t\t\t\t\t\t<\/div>\n\t\t\t\t<\/div>\n\t\t\t\t<div class=\"elementor-element elementor-element-1251413 elementor-widget elementor-widget-heading\" data-id=\"1251413\" data-element_type=\"widget\" data-e-type=\"widget\" data-widget_type=\"heading.default\">\n\t\t\t\t<div class=\"elementor-widget-container\">\n\t\t\t\t\t<h4 class=\"elementor-heading-title elementor-size-default\">7. LINJI G\u0126AS-SITIJIET INTERNET O\u0126RA<\/h4>\t\t\t\t<\/div>\n\t\t\t\t<\/div>\n\t\t\t\t<div class=\"elementor-element elementor-element-b5adf43 elementor-widget elementor-widget-text-editor\" data-id=\"b5adf43\" data-element_type=\"widget\" data-e-type=\"widget\" data-widget_type=\"text-editor.default\">\n\t\t\t\t<div class=\"elementor-widget-container\">\n\t\t\t\t\t\t\t\t\tIl-websajt jista 'jkun fiha links g\u0127al siti u servizzi o\u0127ra tal-internet li huma operati u mi\u017cmuma minn partijiet terzi jew l-affiljati tag\u0127ha. Inti tirrikonoxxi, tifhem u taqbel li l-Mani\u0121er tal-Websajt mhux se jkun responsabbli, direttament jew indirettament, g\u0127al kwalunkwe \u0127sara jew telf ikkaw\u017cat jew allegat li jkun ikkaw\u017cat minn jew b'konnessjoni ma 'l-u\u017cu ta' jew id-dipendenza fuq kwalunkwe kontenut, prodotti jew servizzi b\u0127al dawn disponibbli fuq siti o\u0127ra b\u0127al dawn.\n\t\t\t\t\t\t\t\t<\/div>\n\t\t\t\t<\/div>\n\t\t\t\t<div class=\"elementor-element elementor-element-61d5e43 elementor-widget elementor-widget-heading\" data-id=\"61d5e43\" data-element_type=\"widget\" data-e-type=\"widget\" data-widget_type=\"heading.default\">\n\t\t\t\t<div class=\"elementor-widget-container\">\n\t\t\t\t\t<h4 class=\"elementor-heading-title elementor-size-default\">8. CHANGES<\/h4>\t\t\t\t<\/div>\n\t\t\t\t<\/div>\n\t\t\t\t<div class=\"elementor-element elementor-element-e547e4a elementor-widget elementor-widget-text-editor\" data-id=\"e547e4a\" data-element_type=\"widget\" data-e-type=\"widget\" data-widget_type=\"text-editor.default\">\n\t\t\t\t<div class=\"elementor-widget-container\">\n\t\t\t\t\t\t\t\t\tIl-Mani\u0121er tal-Websajt jirri\u017cerva d-dritt li jimmodifika, jissospendi, jew iwaqqaf kwalunkwe porzjon tal-Websajt u l-Materjali fi kwalunkwe \u0127in, b'avvi\u017c jew ming\u0127ajru. Il-Mani\u0121er tal-Websajt jirri\u017cerva d-dritt li jimmodifika kwalunkwe parti minn dawn it-Termini ta 'U\u017cu fi kwalunkwe \u0127in. Kwalunkwe modifika g\u0127andha tkun effettiva mal-istazzjonar fuq il-Websajt. Inti taqbel li tirrevedi dawn it-Termini ta 'U\u017cu perjodikament sabiex tkun konxju ta' kwalunkwe modifika b\u0127al din. L-u\u017cu kontinwu tieg\u0127ek tal-Websajt wara li jkunu \u0121ew stazzjonati kwalunkwe modifiki b\u0127al dawn g\u0127andu jitqies b\u0127ala l-a\u010b\u010bettazzjoni tieg\u0127ek ta 'kwalunkwe modifika g\u0127at-Termini ta' U\u017cu. Jekk, fi kwalunkwe \u0127in, it-Termini ta 'U\u017cu mhumiex a\u010b\u010bettabbli g\u0127alik, g\u0127andek twaqqaf immedjatament l-u\u017cu tal-Websajt. Inti taqbel li l-istandard iddikjarat hawn fuq g\u0127all-avvi\u017c ta 'modifiki huwa ra\u0121onevoli.\n\t\t\t\t\t\t\t\t<\/div>\n\t\t\t\t<\/div>\n\t\t\t\t<div class=\"elementor-element elementor-element-638682a elementor-widget elementor-widget-heading\" data-id=\"638682a\" data-element_type=\"widget\" data-e-type=\"widget\" data-widget_type=\"heading.default\">\n\t\t\t\t<div class=\"elementor-widget-container\">\n\t\t\t\t\t<h4 class=\"elementor-heading-title elementor-size-default\">9. Limitazzjoni tal-legalit\u00e0<\/h4>\t\t\t\t<\/div>\n\t\t\t\t<\/div>\n\t\t\t\t<div class=\"elementor-element elementor-element-c2a7c6a elementor-widget elementor-widget-text-editor\" data-id=\"c2a7c6a\" data-element_type=\"widget\" data-e-type=\"widget\" data-widget_type=\"text-editor.default\">\n\t\t\t\t<div class=\"elementor-widget-container\">\n\t\t\t\t\t\t\t\t\tIl-Mani\u0121er tal-Websajt m'g\u0127andu j\u0121orr l-ebda responsabbilt\u00e0 g\u0127al kwalunkwe \u0127sara diretta, indiretta, in\u010bidentali jew konsegwenzjali li tista 'tkun dovuta g\u0127all-u\u017cu \u0127a\u017cin tal-Websajt mill-Utenti jew g\u0127al kwalunkwe \u017cball, nuqqas, difetti jew dewmien fl-operat tal-Websajt jew fit-trasmissjoni ta' informazzjoni fuq l-Internet permezz ta 'dan il-Websajt.\n\t\t\t\t\t\t\t\t<\/div>\n\t\t\t\t<\/div>\n\t\t\t\t<div class=\"elementor-element elementor-element-f4d303c elementor-widget elementor-widget-heading\" data-id=\"f4d303c\" data-element_type=\"widget\" data-e-type=\"widget\" data-widget_type=\"heading.default\">\n\t\t\t\t<div class=\"elementor-widget-container\">\n\t\t\t\t\t<h4 class=\"elementor-heading-title elementor-size-default\">10. \u0120URISDIKAZZJONI<\/h4>\t\t\t\t<\/div>\n\t\t\t\t<\/div>\n\t\t\t\t<div class=\"elementor-element elementor-element-c70fafa elementor-widget elementor-widget-text-editor\" data-id=\"c70fafa\" data-element_type=\"widget\" data-e-type=\"widget\" data-widget_type=\"text-editor.default\">\n\t\t\t\t<div class=\"elementor-widget-container\">\n\t\t\t\t\t\t\t\t\tBilli ta\u010b\u010bessa din il-Websajt, u l-Materjali, taqbel li l-kwistjonijiet kollha relatati mal-a\u010b\u010bess tieg\u0127ek g\u0127alihom, jew l-u\u017cu tag\u0127hom, g\u0127andhom ikunu rregolati mill-istatuti u l-li\u0121ijiet tal-Irlanda u l-Unjoni Ewropea, ming\u0127ajr rispett g\u0127all-prin\u010bipji tal-kunflitti tal-li\u0121ijiet tag\u0127hom. Kwalunkwe tilwim li jinqala 'mill-u\u017cu ta' din il-websajt se jkun so\u0121\u0121ett g\u0127all-\u0121urisdizzjoni esklussiva tal-Qrati ta 'Dublin, l-Irlanda.\n\t\t\t\t\t\t\t\t<\/div>\n\t\t\t\t<\/div>\n\t\t\t\t<div class=\"elementor-element elementor-element-6f17ea8 elementor-widget elementor-widget-heading\" data-id=\"6f17ea8\" data-element_type=\"widget\" data-e-type=\"widget\" data-widget_type=\"heading.default\">\n\t\t\t\t<div class=\"elementor-widget-container\">\n\t\t\t\t\t<h4 class=\"elementor-heading-title elementor-size-default\">11. \u0120ENERALI<\/h4>\t\t\t\t<\/div>\n\t\t\t\t<\/div>\n\t\t\t\t<div class=\"elementor-element elementor-element-4d1604d elementor-widget elementor-widget-text-editor\" data-id=\"4d1604d\" data-element_type=\"widget\" data-e-type=\"widget\" data-widget_type=\"text-editor.default\">\n\t\t\t\t<div class=\"elementor-widget-container\">\n\t\t\t\t\t\t\t\t\t<p>Dawn it-Termini ta 'U\u017cu g\u0127andhom ikunu rregolati minn, u interpretati skond, il-li\u0121ijiet ta' l-Irlanda ming\u0127ajr ma jitqiesu l-prin\u010bipji tal-kunflitti tal-li\u0121i tag\u0127ha. Il-prestazzjoni tal-Mani\u0121er tas-Sit Elettroniku ta\u2019 dawn it-Termini ta\u2019 U\u017cu hija so\u0121\u0121etta g\u0127al-li\u0121ijiet u l-pro\u010bess legali e\u017cistenti, u xejn f\u2019dawn it-Termini ta\u2019 U\u017cu ma g\u0127andu jidderoga mid-dritt tal-Koordinatur li jikkonforma mat-talbiet jew ir-rekwi\u017citi tal-infurzar tal-li\u0121i relatati mal-u\u017cu tieg\u0127ek tas-Sit Elettroniku jew l-informazzjoni pprovduta lil jew mi\u0121bura mill-Mani\u0121er tas-Sit Elettroniku fir-rigward ta\u2019 tali u\u017cu. Jekk xi dispo\u017cizzjoni ta 'dawn it-Termini ta' U\u017cu tkun illegali, nulla, jew g\u0127al kwalunkwe ra\u0121uni mhux infurzabbli, allura dik id-dispo\u017cizzjoni g\u0127andha titqies separabbli minn dawn it-Termini ta 'U\u017cu u m'g\u0127andhiex taffettwa l-validit\u00e0 u l-infurzabbilt\u00e0 ta' kwalunkwe dispo\u017cizzjoni li jifdal. Dawn it-Termini ta 'U\u017cu jikkostitwixxu l-ftehim kollu bejn il-partijiet dwar is-su\u0121\u0121ett hawnhekk, u jissostitwixxu l-komunikazzjonijiet kollha pre\u010bedenti jew kontemporanji, orali jew bil-miktub.<\/p>\t\t\t\t\t\t\t\t<\/div>\n\t\t\t\t<\/div>\n\t\t\t\t\t<\/div>\n\t\t\t\t<\/div>\n\t\t\t\t<\/div>","protected":false},"excerpt":{"rendered":"<p>Termini ta 'U\u017cu Mer\u0127ba lill-Websajt tag\u0127na.L-a\u010b\u010bess tieg\u0127ek g\u0127al u l-u\u017cu ta 'dan il-Websajt huwa so\u0121\u0121ett g\u0127al dawn it-Termini ta' U\u017cu tal-Websajt. Jekk jog\u0127\u0121bok aqrahom bir-reqqa qabel ma ta\u010b\u010bessa jew tu\u017ca din il-websajt. 1. DEFINIZZJONIJIET AI4Debunk (G\u0127odod Assistivi Parte\u010bipattivi li ja\u0127dmu bl-IA g\u0127all-Appo\u0121\u0121 ta' Attivit\u00e0 Online Affidabbli ta\u010b-\u010aittadini u l-Konfutazzjoni tad-Di\u017cinformazzjoni), minn hawn 'il quddiem imsejja\u0127 \"Il-pro\u0121ett\", huwa [\u2026]<\/p>","protected":false},"author":6,"featured_media":0,"parent":0,"menu_order":0,"comment_status":"closed","ping_status":"closed","template":"","meta":{"_acf_changed":false,"footnotes":""},"class_list":["post-209","page","type-page","status-publish","hentry"],"acf":[],"_links":{"self":[{"href":"https:\/\/ai4debunk.eu\/mt\/wp-json\/wp\/v2\/pages\/209","targetHints":{"allow":["GET"]}}],"collection":[{"href":"https:\/\/ai4debunk.eu\/mt\/wp-json\/wp\/v2\/pages"}],"about":[{"href":"https:\/\/ai4debunk.eu\/mt\/wp-json\/wp\/v2\/types\/page"}],"author":[{"embeddable":true,"href":"https:\/\/ai4debunk.eu\/mt\/wp-json\/wp\/v2\/users\/6"}],"replies":[{"embeddable":true,"href":"https:\/\/ai4debunk.eu\/mt\/wp-json\/wp\/v2\/comments?post=209"}],"version-history":[{"count":5,"href":"https:\/\/ai4debunk.eu\/mt\/wp-json\/wp\/v2\/pages\/209\/revisions"}],"predecessor-version":[{"id":2187,"href":"https:\/\/ai4debunk.eu\/mt\/wp-json\/wp\/v2\/pages\/209\/revisions\/2187"}],"wp:attachment":[{"href":"https:\/\/ai4debunk.eu\/mt\/wp-json\/wp\/v2\/media?parent=209"}],"curies":[{"name":"wp","href":"https:\/\/api.w.org\/{rel}","templated":true}]}}