{"id":1336,"date":"2024-03-11T16:12:18","date_gmt":"2024-03-11T16:12:18","guid":{"rendered":"https:\/\/ai4debunk.eu\/?page_id=1336"},"modified":"2024-04-11T10:07:05","modified_gmt":"2024-04-11T10:07:05","slug":"cookie-policy","status":"publish","type":"page","link":"https:\/\/ai4debunk.eu\/pl\/cookie-policy\/","title":{"rendered":"Polityka plik\u00f3w cookie"},"content":{"rendered":"<div data-elementor-type=\"wp-page\" data-elementor-id=\"1336\" class=\"elementor elementor-1336\" data-elementor-post-type=\"page\">\n\t\t\t\t<div class=\"elementor-element elementor-element-372ece9 e-flex e-con-boxed e-con e-parent\" data-id=\"372ece9\" data-element_type=\"container\" data-e-type=\"container\">\n\t\t\t\t\t<div class=\"e-con-inner\">\n\t\t\t\t<div class=\"elementor-element elementor-element-af6f42a elementor-widget elementor-widget-heading\" data-id=\"af6f42a\" data-element_type=\"widget\" data-e-type=\"widget\" data-widget_type=\"heading.default\">\n\t\t\t\t<div class=\"elementor-widget-container\">\n\t\t\t\t\t<h1 class=\"elementor-heading-title elementor-size-default\">Polityka plik\u00f3w cookie<\/h1>\t\t\t\t<\/div>\n\t\t\t\t<\/div>\n\t\t\t\t<div class=\"elementor-element elementor-element-2b13c41 elementor-widget elementor-widget-text-editor\" data-id=\"2b13c41\" data-element_type=\"widget\" data-e-type=\"widget\" data-widget_type=\"text-editor.default\">\n\t\t\t\t<div class=\"elementor-widget-container\">\n\t\t\t\t\t\t\t\t\t<p>Ta strona u\u017cywa plik\u00f3w cookie. U\u017cywamy plik\u00f3w cookie, aby zapewni\u0107 najlepsz\u0105 obs\u0142ug\u0119 na naszej stronie internetowej. Zapraszamy r\u00f3wnie\u017c do zapoznania si\u0119 z nasz\u0105 <a href=\"https:\/\/ai4debunk.eu\/pl\/terms-of-use\/\">Warunki u\u017cytkowania<\/a> &amp; <a href=\"https:\/\/ai4debunk.eu\/pl\/privacy-policy\/\">Polityka prywatno\u015bci<\/a> kt\u00f3ry reguluje korzystanie z tej strony. Pliki cookie to ma\u0142e pliki tekstowe, kt\u00f3re mog\u0105 by\u0107 wykorzystywane przez strony internetowe w celu zwi\u0119kszenia efektywno\u015bci korzystania z nich przez u\u017cytkownika. Prawo stanowi, \u017ce mo\u017cemy przechowywa\u0107 pliki cookie na Twoim urz\u0105dzeniu, je\u015bli s\u0105 one absolutnie niezb\u0119dne do dzia\u0142ania tej witryny.<br \/>W przypadku wszystkich innych rodzaj\u00f3w plik\u00f3w cookie potrzebujemy Twojej zgody. Ta strona u\u017cywa r\u00f3\u017cnych rodzaj\u00f3w plik\u00f3w cookie. Niekt\u00f3re pliki cookie s\u0105 umieszczane przez us\u0142ugi stron trzecich, kt\u00f3re pojawiaj\u0105 si\u0119 na naszych stronach. Mo\u017cesz w ka\u017cdej chwili zmieni\u0107 lub wycofa\u0107 swoj\u0105 zgod\u0119 na o\u015bwiadczenie o plikach cookie na naszej stronie internetowej. Dowiedz si\u0119 wi\u0119cej o tym, kim jeste\u015bmy, jak mo\u017cesz si\u0119 z nami skontaktowa\u0107 i jak przetwarzamy dane osobowe <a href=\"https:\/\/ai4debunk.eu\/pl\/privacy-policy\/\">Polityka prywatno\u015bci<\/a>.<\/p>\t\t\t\t\t\t\t\t<\/div>\n\t\t\t\t<\/div>\n\t\t\t\t<div class=\"elementor-element elementor-element-fd7345b elementor-widget elementor-widget-html\" data-id=\"fd7345b\" data-element_type=\"widget\" data-e-type=\"widget\" data-widget_type=\"html.default\">\n\t\t\t\t<div class=\"elementor-widget-container\">\n\t\t\t\t\t<div class=\"cky-audit-table-element\"><\/div>\t\t\t\t<\/div>\n\t\t\t\t<\/div>\n\t\t\t\t\t<\/div>\n\t\t\t\t<\/div>\n\t\t\t\t<\/div>","protected":false},"excerpt":{"rendered":"<p>Polityka plik\u00f3w cookie Ta strona u\u017cywa plik\u00f3w cookie. U\u017cywamy plik\u00f3w cookie, aby zapewni\u0107 najlepsz\u0105 obs\u0142ug\u0119 na naszej stronie internetowej. Prosimy r\u00f3wnie\u017c o zapoznanie si\u0119 z naszymi Warunkami u\u017cytkowania &amp; Polityka prywatno\u015bci, kt\u00f3ra reguluje korzystanie z tej strony. Pliki cookie to ma\u0142e pliki tekstowe, kt\u00f3re mog\u0105 by\u0107 wykorzystywane przez strony internetowe w celu zwi\u0119kszenia wygody u\u017cytkownika [\u2026]<\/p>","protected":false},"author":6,"featured_media":0,"parent":0,"menu_order":0,"comment_status":"closed","ping_status":"closed","template":"","meta":{"_acf_changed":false,"footnotes":""},"class_list":["post-1336","page","type-page","status-publish","hentry"],"acf":[],"_links":{"self":[{"href":"https:\/\/ai4debunk.eu\/pl\/wp-json\/wp\/v2\/pages\/1336","targetHints":{"allow":["GET"]}}],"collection":[{"href":"https:\/\/ai4debunk.eu\/pl\/wp-json\/wp\/v2\/pages"}],"about":[{"href":"https:\/\/ai4debunk.eu\/pl\/wp-json\/wp\/v2\/types\/page"}],"author":[{"embeddable":true,"href":"https:\/\/ai4debunk.eu\/pl\/wp-json\/wp\/v2\/users\/6"}],"replies":[{"embeddable":true,"href":"https:\/\/ai4debunk.eu\/pl\/wp-json\/wp\/v2\/comments?post=1336"}],"version-history":[{"count":5,"href":"https:\/\/ai4debunk.eu\/pl\/wp-json\/wp\/v2\/pages\/1336\/revisions"}],"predecessor-version":[{"id":1469,"href":"https:\/\/ai4debunk.eu\/pl\/wp-json\/wp\/v2\/pages\/1336\/revisions\/1469"}],"wp:attachment":[{"href":"https:\/\/ai4debunk.eu\/pl\/wp-json\/wp\/v2\/media?parent=1336"}],"curies":[{"name":"wp","href":"https:\/\/api.w.org\/{rel}","templated":true}]}}