{"id":209,"date":"2024-03-05T16:33:00","date_gmt":"2024-03-05T16:33:00","guid":{"rendered":"https:\/\/ai4debunk.eu\/?page_id=209"},"modified":"2024-09-19T15:01:38","modified_gmt":"2024-09-19T15:01:38","slug":"terms-of-use","status":"publish","type":"page","link":"https:\/\/ai4debunk.eu\/pl\/terms-of-use\/","title":{"rendered":"Warunki u\u017cytkowania"},"content":{"rendered":"<div data-elementor-type=\"wp-page\" data-elementor-id=\"209\" class=\"elementor elementor-209\" data-elementor-post-type=\"page\">\n\t\t\t\t<div class=\"elementor-element elementor-element-89ce4c8 e-flex e-con-boxed e-con e-parent\" data-id=\"89ce4c8\" data-element_type=\"container\" data-e-type=\"container\">\n\t\t\t\t\t<div class=\"e-con-inner\">\n\t\t\t\t<div class=\"elementor-element elementor-element-c470af8 elementor-widget elementor-widget-heading\" data-id=\"c470af8\" data-element_type=\"widget\" data-e-type=\"widget\" data-widget_type=\"heading.default\">\n\t\t\t\t<div class=\"elementor-widget-container\">\n\t\t\t\t\t<h1 class=\"elementor-heading-title elementor-size-default\">Warunki u\u017cytkowania\n<\/h1>\t\t\t\t<\/div>\n\t\t\t\t<\/div>\n\t\t\t\t<div class=\"elementor-element elementor-element-9834e64 elementor-widget elementor-widget-text-editor\" data-id=\"9834e64\" data-element_type=\"widget\" data-e-type=\"widget\" data-widget_type=\"text-editor.default\">\n\t\t\t\t<div class=\"elementor-widget-container\">\n\t\t\t\t\t\t\t\t\t<p>Witamy na naszej stronie internetowej.<br \/>Dost\u0119p i korzystanie z tej strony internetowej podlega niniejszym Warunkom korzystania z witryny. Przeczytaj je uwa\u017cnie przed uzyskaniem dost\u0119pu lub korzystaniem z tej strony internetowej.<\/p>\t\t\t\t\t\t\t\t<\/div>\n\t\t\t\t<\/div>\n\t\t\t\t<div class=\"elementor-element elementor-element-112fa17 elementor-widget elementor-widget-heading\" data-id=\"112fa17\" data-element_type=\"widget\" data-e-type=\"widget\" data-widget_type=\"heading.default\">\n\t\t\t\t<div class=\"elementor-widget-container\">\n\t\t\t\t\t<h4 class=\"elementor-heading-title elementor-size-default\">1. DEFINICJE<\/h4>\t\t\t\t<\/div>\n\t\t\t\t<\/div>\n\t\t\t\t<div class=\"elementor-element elementor-element-e1cdef7 elementor-widget elementor-widget-text-editor\" data-id=\"e1cdef7\" data-element_type=\"widget\" data-e-type=\"widget\" data-widget_type=\"text-editor.default\">\n\t\t\t\t<div class=\"elementor-widget-container\">\n\t\t\t\t\t\t\t\t\t<p>AI4Debunk (Participative Assistive AI-powered Tools for Supporting Trustworthy Online Activity of Citizens and Debunking Disinformation), zwany dalej \u201eprojektem\u201d, jest 48-miesi\u0119cznym projektem oceny skutk\u00f3w, kt\u00f3ry dotyczy tematu HORIZON-CL4-2023-HUMAN-01-CNECT.<\/p><p>Termin \u201ekonsorcjum\u201d odnosi si\u0119 do wszystkich sygnatariuszy, innych ni\u017c Komisja Europejska, umowy o udzielenie dotacji 101135757, kt\u00f3rzy mog\u0105 mie\u0107 pojedyncze lub wsp\u00f3lne prawa w\u0142asno\u015bci intelektualnej w odniesieniu do wynik\u00f3w projektu.<\/p><p>Termin \u201emateria\u0142y\u201d odnosi si\u0119 do wszystkich informacji, tre\u015bci, danych, dokument\u00f3w (np. bia\u0142ych ksi\u0105g, broszur, arkuszy danych, najcz\u0119\u015bciej zadawanych pyta\u0144, szablon\u00f3w, komunikat\u00f3w prasowych itp.), plik\u00f3w do pobrania, plik\u00f3w, tekst\u00f3w, obraz\u00f3w, fotografii, grafik, film\u00f3w, webcast\u00f3w, publikacji, narz\u0119dzi, zasob\u00f3w, oprogramowania, kodu, program\u00f3w, aplikacji i produkt\u00f3w udost\u0119pnionych lub w\u0142\u0105czonych za po\u015brednictwem strony internetowej.<\/p><p>Termin \u00bbWebsite Manager\u00ab, inaczej okre\u015blony jako \u00bbnas\u00ab lub \u00bbmy\u00ab, odnosi si\u0119 do podmiotu odpowiedzialnego za tworzenie strony internetowej i zarz\u0105dzanie ni\u0105. <a href=\"https:\/\/ai4debunk.eu\/pl\/\"><span style=\"color: #ae46ff;\">https:\/\/ai4debunk.eu<\/span><\/a> (zwanych dalej \u0142\u0105cznie \u201estron\u0105 internetow\u0105\u201d) w celu dostarczenia informacji swoim u\u017cytkownikom.Umowa o udzielenie dotacji 101135757 przypisuje F6S Network Ireland Limited (<span style=\"color: #ae46ff;\"><a style=\"color: #ae46ff;\" href=\"http:\/\/www.f6s.com\" target=\"_blank\" rel=\"noopener\">www.f6s.com<\/a><\/span>) rola kierownika strony internetowej, a zatem F6S Network Ireland Limited jest administratorem danych strony internetowej.<\/p><p>Termin \u201eu\u017cytkownik\u201d odnosi si\u0119 do osoby odwiedzaj\u0105cej nasz\u0105 stron\u0119 internetow\u0105.<\/p>\t\t\t\t\t\t\t\t<\/div>\n\t\t\t\t<\/div>\n\t\t\t\t<div class=\"elementor-element elementor-element-65a84db elementor-widget elementor-widget-heading\" data-id=\"65a84db\" data-element_type=\"widget\" data-e-type=\"widget\" data-widget_type=\"heading.default\">\n\t\t\t\t<div class=\"elementor-widget-container\">\n\t\t\t\t\t<h4 class=\"elementor-heading-title elementor-size-default\">2. ZAKRES<\/h4>\t\t\t\t<\/div>\n\t\t\t\t<\/div>\n\t\t\t\t<div class=\"elementor-element elementor-element-b717931 elementor-widget elementor-widget-text-editor\" data-id=\"b717931\" data-element_type=\"widget\" data-e-type=\"widget\" data-widget_type=\"text-editor.default\">\n\t\t\t\t<div class=\"elementor-widget-container\">\n\t\t\t\t\t\t\t\t\tNiniejsze Warunki korzystania ze Strony Internetowej (zwane dalej \u201eWarunkami\u201d lub \u201eWarunkami korzystania ze Strony Internetowej\u201d) zawarte w niniejszym dokumencie reguluj\u0105 korzystanie z tej Strony Internetowej, w tym wszystkich stron w ramach tej Strony Internetowej. Niniejsze Warunki maj\u0105 zastosowanie w pe\u0142nej mocy i skutku do korzystania z tej Witryny, a korzystaj\u0105c z tej Witryny, wyra\u017anie akceptujesz wszystkie warunki zawarte w niej w ca\u0142o\u015bci. Nie wolno korzysta\u0107 z tej strony internetowej, je\u015bli masz jakiekolwiek zastrze\u017cenia do kt\u00f3regokolwiek z niniejszych Warunk\u00f3w korzystania z witryny.\n\t\t\t\t\t\t\t\t<\/div>\n\t\t\t\t<\/div>\n\t\t\t\t<div class=\"elementor-element elementor-element-827f9c4 elementor-widget elementor-widget-heading\" data-id=\"827f9c4\" data-element_type=\"widget\" data-e-type=\"widget\" data-widget_type=\"heading.default\">\n\t\t\t\t<div class=\"elementor-widget-container\">\n\t\t\t\t\t<h4 class=\"elementor-heading-title elementor-size-default\">3. KORZYSTANIE Z WITRYNY INTERNETOWEJ PRZEZ U\u017bYTKOWNIKA<\/h4>\t\t\t\t<\/div>\n\t\t\t\t<\/div>\n\t\t\t\t<div class=\"elementor-element elementor-element-ee7b3ce elementor-widget elementor-widget-text-editor\" data-id=\"ee7b3ce\" data-element_type=\"widget\" data-e-type=\"widget\" data-widget_type=\"text-editor.default\">\n\t\t\t\t<div class=\"elementor-widget-container\">\n\t\t\t\t\t\t\t\t\t<p>U\u017cytkownik zgadza si\u0119 korzysta\u0107 z Witryny i jej zawarto\u015bci wy\u0142\u0105cznie w celach dozwolonych przez Warunki u\u017cytkowania i wszelkie obowi\u0105zuj\u0105ce przepisy prawa, regulacje lub og\u00f3lnie przyj\u0119te praktyki lub wytyczne w odpowiednich jurysdykcjach.<\/p><p>U\u017cytkownik wyra\u017anie zgadza si\u0119 nie uzyskiwa\u0107 dost\u0119pu (ani nie pr\u00f3bowa\u0107 uzyskiwa\u0107 dost\u0119pu) do \u017cadnego z Materia\u0142\u00f3w za pomoc\u0105 jakichkolwiek zautomatyzowanych \u015brodk\u00f3w (w tym za pomoc\u0105 skrypt\u00f3w lub robot\u00f3w indeksuj\u0105cych) lub poprzez hakowanie, eksploracj\u0119 hase\u0142 lub w inny spos\u00f3b. Zgadzasz si\u0119, \u017ce nie b\u0119dziesz anga\u017cowa\u0107 si\u0119 w \u017cadn\u0105 dzia\u0142alno\u015b\u0107, kt\u00f3ra zak\u0142\u00f3ca lub zak\u0142\u00f3ca dzia\u0142anie Witryny (lub serwer\u00f3w i sieci, kt\u00f3re s\u0105 po\u0142\u0105czone z Witryn\u0105 lub dost\u0119pne za jej po\u015brednictwem).<br \/>U\u017cytkownik wyra\u017ca r\u00f3wnie\u017c zgod\u0119 na korzystanie z funkcjonalno\u015bci dost\u0119pnych w Serwisie wy\u0142\u0105cznie w celu uzyskiwania dost\u0119pu, pobierania, wykorzystywania, publikowania, wysy\u0142ania lub otrzymywania Materia\u0142\u00f3w w odpowiedni spos\u00f3b.<\/p><p>Mo\u017cesz przegl\u0105da\u0107, pobiera\u0107 wy\u0142\u0105cznie do cel\u00f3w buforowania i drukowa\u0107 Materia\u0142y z Witryny na w\u0142asny u\u017cytek, z zastrze\u017ceniem ogranicze\u0144 okre\u015blonych poni\u017cej i gdzie indziej w niniejszych Warunkach.<\/p><p>Nie wolno u\u017cywa\u0107 tej Witryny do kopiowania, przechowywania, hostowania, przesy\u0142ania, wysy\u0142ania, u\u017cywania, publikowania lub rozpowszechniania jakichkolwiek Materia\u0142\u00f3w, kt\u00f3re sk\u0142adaj\u0105 si\u0119 z (lub s\u0105 powi\u0105zane z) jakimkolwiek oprogramowaniem szpieguj\u0105cym, wirusem komputerowym, koniem troja\u0144skim, robakiem, rejestratorem naci\u015bni\u0119\u0107 klawiszy, rootkitem lub innym z\u0142o\u015bliwym oprogramowaniem komputerowym. U\u017cytkownik nie mo\u017ce prowadzi\u0107 \u017cadnych systematycznych ani zautomatyzowanych dzia\u0142a\u0144 zwi\u0105zanych z gromadzeniem danych (w tym mi\u0119dzy innymi skrobania, eksploracji danych, ekstrakcji danych i zbierania danych) na tej stronie internetowej lub w zwi\u0105zku z ni\u0105 bez wyra\u017anej pisemnej zgody kierownika strony internetowej. Zgadzasz si\u0119 r\u00f3wnie\u017c nie wykorzystywa\u0107 \u017cadnych Materia\u0142\u00f3w w spos\u00f3b, kt\u00f3ry narusza jakiekolwiek Prawa W\u0142asno\u015bci Intelektualnej lub prawa jakiejkolwiek strony, nie powiela\u0107 ani nie wykorzystywa\u0107 w innych publikacjach elektronicznych lub drukowanych. Grafika i projekt techniczny oraz wszystkie kontakty, a tak\u017ce zdj\u0119cia u\u017cyte w tej prezentacji online s\u0105 chronione prawem autorskim.<\/p><p>U\u017cytkownik zgadza si\u0119 r\u00f3wnie\u017c nie u\u017cywa\u0107 nazwy domeny Witryny jako pseudonimowego adresu e-mail zwrotnego; nie zak\u0142\u00f3ca\u0107, nie ingerowa\u0107 ani nie utrudnia\u0107 \u017cadnemu innemu u\u017cytkownikowi korzystania z Witryny lub innych powi\u0105zanych lub powi\u0105zanych witryn lub Materia\u0142\u00f3w; i nie u\u017cywa\u0107 \u017cadnych Materia\u0142\u00f3w w spos\u00f3b, kt\u00f3ry narusza jakiekolwiek Prawa W\u0142asno\u015bci Intelektualnej lub prawa jakiejkolwiek strony;<\/p>\t\t\t\t\t\t\t\t<\/div>\n\t\t\t\t<\/div>\n\t\t\t\t<div class=\"elementor-element elementor-element-94c704a elementor-widget elementor-widget-heading\" data-id=\"94c704a\" data-element_type=\"widget\" data-e-type=\"widget\" data-widget_type=\"heading.default\">\n\t\t\t\t<div class=\"elementor-widget-container\">\n\t\t\t\t\t<h4 class=\"elementor-heading-title elementor-size-default\">4. Prawa autorskie i prawa w\u0142asno\u015bci intelektualnej<\/h4>\t\t\t\t<\/div>\n\t\t\t\t<\/div>\n\t\t\t\t<div class=\"elementor-element elementor-element-cbe98bf elementor-widget elementor-widget-text-editor\" data-id=\"cbe98bf\" data-element_type=\"widget\" data-e-type=\"widget\" data-widget_type=\"text-editor.default\">\n\t\t\t\t<div class=\"elementor-widget-container\">\n\t\t\t\t\t\t\t\t\t<p>Inne ni\u017c tre\u015bci, kt\u00f3re posiadasz, kt\u00f3re by\u0107 mo\u017ce zdecydowa\u0142e\u015b si\u0119 umie\u015bci\u0107 w tej Witrynie, zgodnie z niniejszymi Warunkami, Konsorcjum i \/ lub jego licencjodawcy s\u0105 w\u0142a\u015bcicielami wszystkich praw do w\u0142asno\u015bci intelektualnej Materia\u0142\u00f3w zawartych w tej Witrynie, a wszystkie takie prawa s\u0105 zastrze\u017cone. Konsorcjum upowa\u017cnia u\u017cytkownik\u00f3w do kopiowania i drukowania fragment\u00f3w lub dokument\u00f3w z niniejszej Witryny wy\u0142\u0105cznie do u\u017cytku osobistego, niekomercyjnego, przy za\u0142o\u017ceniu, \u017ce wszelkie kopie lub wyci\u0105gi z tych dokument\u00f3w lub stron, zachowuj\u0105 wszystkie prawa w\u0142asno\u015bci intelektualnej lub inne informacje o w\u0142asno\u015bci, w tym wszystkie zawarte w nich zastrze\u017cenia. Logo Projektu nie mo\u017ce by\u0107 wykorzystywane ani powielane bez uprzedniej pisemnej zgody Konsorcjum.<\/p><p>Z wyj\u0105tkiem przypadk\u00f3w dozwolonych przez obowi\u0105zuj\u0105ce prawo autorskie, u\u017cytkownik nie mo\u017ce powiela\u0107 ani przekazywa\u0107 \u017cadnych tre\u015bci na tej stronie, w tym plik\u00f3w do pobrania z tej strony internetowej, bez pisemnej zgody w\u0142a\u015bciciela praw autorskich.<\/p>\t\t\t\t\t\t\t\t<\/div>\n\t\t\t\t<\/div>\n\t\t\t\t<div class=\"elementor-element elementor-element-21ba3cf elementor-widget elementor-widget-heading\" data-id=\"21ba3cf\" data-element_type=\"widget\" data-e-type=\"widget\" data-widget_type=\"heading.default\">\n\t\t\t\t<div class=\"elementor-widget-container\">\n\t\t\t\t\t<h4 class=\"elementor-heading-title elementor-size-default\">5. TRADEMARKS, NAZWY HANDLOWE I LOGOS<\/h4>\t\t\t\t<\/div>\n\t\t\t\t<\/div>\n\t\t\t\t<div class=\"elementor-element elementor-element-71b6360 elementor-widget elementor-widget-text-editor\" data-id=\"71b6360\" data-element_type=\"widget\" data-e-type=\"widget\" data-widget_type=\"text-editor.default\">\n\t\t\t\t<div class=\"elementor-widget-container\">\n\t\t\t\t\t\t\t\t\tWszystkie znaki towarowe, nazwy handlowe i logo pojawiaj\u0105ce si\u0119 w Witrynie s\u0105 w\u0142asno\u015bci\u0105 ich odpowiednich w\u0142a\u015bcicieli i s\u0105 chronione mi\u0119dzynarodowymi prawami autorskimi i znakami towarowymi. Zgadzasz si\u0119 nie znies\u0142awia\u0107 ani nie dyskredytowa\u0107 Projektu i wszystkich znak\u00f3w towarowych, nazw handlowych lub logotyp\u00f3w zawartych w Witrynie lub w Materia\u0142ach. Jakiekolwiek wykorzystanie znak\u00f3w towarowych, nazw handlowych i logo pojawiaj\u0105cych si\u0119 w Witrynie bez wyra\u017anej pisemnej zgody w\u0142a\u015bciciela znaku towarowego lub nazwy lub logo, w zale\u017cno\u015bci od przypadku, jest surowo zabronione.\t\t\t\t\t\t\t\t<\/div>\n\t\t\t\t<\/div>\n\t\t\t\t<div class=\"elementor-element elementor-element-4ca326f elementor-widget elementor-widget-heading\" data-id=\"4ca326f\" data-element_type=\"widget\" data-e-type=\"widget\" data-widget_type=\"heading.default\">\n\t\t\t\t<div class=\"elementor-widget-container\">\n\t\t\t\t\t<h4 class=\"elementor-heading-title elementor-size-default\">6. Licencja dla Ciebie<\/h4>\t\t\t\t<\/div>\n\t\t\t\t<\/div>\n\t\t\t\t<div class=\"elementor-element elementor-element-37a315c elementor-widget elementor-widget-text-editor\" data-id=\"37a315c\" data-element_type=\"widget\" data-e-type=\"widget\" data-widget_type=\"text-editor.default\">\n\t\t\t\t<div class=\"elementor-widget-container\">\n\t\t\t\t\t\t\t\t\t<p>Konsorcjum udziela U\u017cytkownikowi osobistej, og\u00f3lno\u015bwiatowej, nieprzenoszalnej, wolnej od op\u0142at licencyjnych i niewy\u0142\u0105cznej licencji na korzystanie z Witryny wy\u0142\u0105cznie w celu umo\u017cliwienia U\u017cytkownikowi korzystania z Witryny i Materia\u0142\u00f3w oraz czerpania z nich korzy\u015bci w spos\u00f3b dozwolony niniejszymi Warunkami u\u017cytkowania. Nie mo\u017cesz (i nie mo\u017cesz pozwoli\u0107 nikomu innemu) kopiowa\u0107, odtwarza\u0107, tworzy\u0107 dzie\u0142 pochodnych lub dekompilowa\u0107 lub w inny spos\u00f3b pr\u00f3bowa\u0107 wyodr\u0119bni\u0107 kodu \u017ar\u00f3d\u0142owego Witryny lub jakiejkolwiek jej cz\u0119\u015bci, chyba \u017ce jest to wyra\u017anie dozwolone lub wymagane przez prawo, lub chyba \u017ce zosta\u0142e\u015b do tego wyra\u017anie upowa\u017cniony przez Mened\u017cera Witryny. O ile Mened\u017cer Witryny nie udzieli\u0142 Ci na to pisemnej zgody, nie mo\u017cesz<\/p><ul><li>c) cedowa\u0107 (lub udziela\u0107 sublicencji) swoich praw do korzystania z Serwisu lub Materia\u0142\u00f3w,<\/li><li>udzieli\u0107 zabezpieczenia na swoich prawach do korzystania z Witryny lub Materia\u0142\u00f3w lub nad nimi, lub w inny spos\u00f3b przenie\u015b\u0107 jakiekolwiek swoje prawa do korzystania z nich.<\/li><\/ul>\t\t\t\t\t\t\t\t<\/div>\n\t\t\t\t<\/div>\n\t\t\t\t<div class=\"elementor-element elementor-element-1251413 elementor-widget elementor-widget-heading\" data-id=\"1251413\" data-element_type=\"widget\" data-e-type=\"widget\" data-widget_type=\"heading.default\">\n\t\t\t\t<div class=\"elementor-widget-container\">\n\t\t\t\t\t<h4 class=\"elementor-heading-title elementor-size-default\">7. LINKI DO INNYCH WITRYN INTERNETOWYCH<\/h4>\t\t\t\t<\/div>\n\t\t\t\t<\/div>\n\t\t\t\t<div class=\"elementor-element elementor-element-b5adf43 elementor-widget elementor-widget-text-editor\" data-id=\"b5adf43\" data-element_type=\"widget\" data-e-type=\"widget\" data-widget_type=\"text-editor.default\">\n\t\t\t\t<div class=\"elementor-widget-container\">\n\t\t\t\t\t\t\t\t\tWitryna mo\u017ce zawiera\u0107 linki do innych stron internetowych i us\u0142ug, kt\u00f3re s\u0105 obs\u0142ugiwane i utrzymywane przez osoby trzecie lub podmioty stowarzyszone. U\u017cytkownik przyjmuje do wiadomo\u015bci, rozumie i zgadza si\u0119, \u017ce Mened\u017cer Witryny nie ponosi odpowiedzialno\u015bci, bezpo\u015brednio lub po\u015brednio, za jakiekolwiek szkody lub straty spowodowane lub rzekomo spowodowane przez lub w zwi\u0105zku z wykorzystaniem lub poleganiem na takich tre\u015bciach, produktach lub us\u0142ugach dost\u0119pnych na takich innych stronach.\n\t\t\t\t\t\t\t\t<\/div>\n\t\t\t\t<\/div>\n\t\t\t\t<div class=\"elementor-element elementor-element-61d5e43 elementor-widget elementor-widget-heading\" data-id=\"61d5e43\" data-element_type=\"widget\" data-e-type=\"widget\" data-widget_type=\"heading.default\">\n\t\t\t\t<div class=\"elementor-widget-container\">\n\t\t\t\t\t<h4 class=\"elementor-heading-title elementor-size-default\">8. ZMIANY<\/h4>\t\t\t\t<\/div>\n\t\t\t\t<\/div>\n\t\t\t\t<div class=\"elementor-element elementor-element-e547e4a elementor-widget elementor-widget-text-editor\" data-id=\"e547e4a\" data-element_type=\"widget\" data-e-type=\"widget\" data-widget_type=\"text-editor.default\">\n\t\t\t\t<div class=\"elementor-widget-container\">\n\t\t\t\t\t\t\t\t\tMened\u017cer Witryny zastrzega sobie prawo do modyfikacji, zawieszenia lub zaprzestania dowolnej cz\u0119\u015bci Witryny i Materia\u0142\u00f3w w dowolnym momencie, z powiadomieniem lub bez powiadomienia. Mened\u017cer Witryny zastrzega sobie prawo do zmiany dowolnej cz\u0119\u015bci niniejszych Warunk\u00f3w u\u017cytkowania w dowolnym momencie. Wszelkie modyfikacje wchodz\u0105 w \u017cycie z chwil\u0105 zamieszczenia ich na Stronie internetowej. Zgadzasz si\u0119 okresowo przegl\u0105da\u0107 niniejsze Warunki u\u017cytkowania, aby by\u0107 \u015bwiadomym wszelkich takich modyfikacji. Dalsze korzystanie z Witryny po opublikowaniu takich zmian b\u0119dzie uwa\u017cane za akceptacj\u0119 wszelkich zmian Warunk\u00f3w u\u017cytkowania. Je\u015bli w dowolnym momencie Warunki U\u017cytkowania nie b\u0119d\u0105 dla Ciebie akceptowalne, powiniene\u015b natychmiast zaprzesta\u0107 korzystania ze Strony Internetowej. Zgadzasz si\u0119, \u017ce wy\u017cej wymieniony standard powiadamiania o zmianach jest rozs\u0105dny.\n\t\t\t\t\t\t\t\t<\/div>\n\t\t\t\t<\/div>\n\t\t\t\t<div class=\"elementor-element elementor-element-638682a elementor-widget elementor-widget-heading\" data-id=\"638682a\" data-element_type=\"widget\" data-e-type=\"widget\" data-widget_type=\"heading.default\">\n\t\t\t\t<div class=\"elementor-widget-container\">\n\t\t\t\t\t<h4 class=\"elementor-heading-title elementor-size-default\">9. OGRANICZENIE ODPOWIEDZIALNO\u015aCI<\/h4>\t\t\t\t<\/div>\n\t\t\t\t<\/div>\n\t\t\t\t<div class=\"elementor-element elementor-element-c2a7c6a elementor-widget elementor-widget-text-editor\" data-id=\"c2a7c6a\" data-element_type=\"widget\" data-e-type=\"widget\" data-widget_type=\"text-editor.default\">\n\t\t\t\t<div class=\"elementor-widget-container\">\n\t\t\t\t\t\t\t\t\tMened\u017cer Witryny nie ponosi odpowiedzialno\u015bci za jakiekolwiek bezpo\u015brednie, po\u015brednie, przypadkowe lub wt\u00f3rne szkody, kt\u00f3re mog\u0105 by\u0107 spowodowane nieprawid\u0142owym korzystaniem z Witryny przez U\u017cytkownik\u00f3w lub jakimikolwiek b\u0142\u0119dami, awariami, wadami lub op\u00f3\u017anieniami w dzia\u0142aniu Witryny lub w przekazywaniu informacji w Internecie za po\u015brednictwem tej Witryny.\n\t\t\t\t\t\t\t\t<\/div>\n\t\t\t\t<\/div>\n\t\t\t\t<div class=\"elementor-element elementor-element-f4d303c elementor-widget elementor-widget-heading\" data-id=\"f4d303c\" data-element_type=\"widget\" data-e-type=\"widget\" data-widget_type=\"heading.default\">\n\t\t\t\t<div class=\"elementor-widget-container\">\n\t\t\t\t\t<h4 class=\"elementor-heading-title elementor-size-default\">10. JURYSDYKCJA<\/h4>\t\t\t\t<\/div>\n\t\t\t\t<\/div>\n\t\t\t\t<div class=\"elementor-element elementor-element-c70fafa elementor-widget elementor-widget-text-editor\" data-id=\"c70fafa\" data-element_type=\"widget\" data-e-type=\"widget\" data-widget_type=\"text-editor.default\">\n\t\t\t\t<div class=\"elementor-widget-container\">\n\t\t\t\t\t\t\t\t\tUzyskuj\u0105c dost\u0119p do tej Witryny i Materia\u0142\u00f3w, zgadzasz si\u0119, \u017ce wszystkie sprawy zwi\u0105zane z Twoim dost\u0119pem do nich lub korzystaniem z nich b\u0119d\u0105 regulowane przez statuty i prawa Irlandii i Unii Europejskiej, bez wzgl\u0119du na ich zasady kolizyjne. Wszelkie spory wynikaj\u0105ce z korzystania z tej strony internetowej b\u0119d\u0105 podlega\u0107 wy\u0142\u0105cznej jurysdykcji s\u0105d\u00f3w w Dublinie w Irlandii.\n\t\t\t\t\t\t\t\t<\/div>\n\t\t\t\t<\/div>\n\t\t\t\t<div class=\"elementor-element elementor-element-6f17ea8 elementor-widget elementor-widget-heading\" data-id=\"6f17ea8\" data-element_type=\"widget\" data-e-type=\"widget\" data-widget_type=\"heading.default\">\n\t\t\t\t<div class=\"elementor-widget-container\">\n\t\t\t\t\t<h4 class=\"elementor-heading-title elementor-size-default\">11. OG\u00d3LNE<\/h4>\t\t\t\t<\/div>\n\t\t\t\t<\/div>\n\t\t\t\t<div class=\"elementor-element elementor-element-4d1604d elementor-widget elementor-widget-text-editor\" data-id=\"4d1604d\" data-element_type=\"widget\" data-e-type=\"widget\" data-widget_type=\"text-editor.default\">\n\t\t\t\t<div class=\"elementor-widget-container\">\n\t\t\t\t\t\t\t\t\t<p>Niniejsze Warunki u\u017cytkowania s\u0105 regulowane i interpretowane zgodnie z prawem irlandzkim bez wzgl\u0119du na jego zasady kolizyjne. Wykonanie przez kierownika strony internetowej niniejszych warunk\u00f3w korzystania podlega obowi\u0105zuj\u0105cym przepisom i procedurom prawnym, a \u017cadne z postanowie\u0144 niniejszych warunk\u00f3w korzystania nie stanowi odst\u0119pstwa od prawa koordynatora do zastosowania si\u0119 do wniosk\u00f3w lub wymog\u00f3w organ\u00f3w \u015bcigania zwi\u0105zanych z korzystaniem przez u\u017cytkownika ze strony internetowej lub informacji dostarczonych kierownikowi strony internetowej lub zebranych przez niego w zwi\u0105zku z takim korzystaniem. Je\u015bli kt\u00f3rekolwiek z postanowie\u0144 niniejszych Warunk\u00f3w u\u017cytkowania b\u0119dzie niezgodne z prawem, niewa\u017cne lub z jakiegokolwiek powodu niewykonalne, postanowienie to zostanie uznane za mo\u017cliwe do oddzielenia od niniejszych Warunk\u00f3w u\u017cytkowania i nie b\u0119dzie mia\u0142o wp\u0142ywu na wa\u017cno\u015b\u0107 i wykonalno\u015b\u0107 pozosta\u0142ych postanowie\u0144. Niniejsze Warunki U\u017cytkowania stanowi\u0105 ca\u0142o\u015b\u0107 porozumienia mi\u0119dzy stronami w odniesieniu do przedmiotu niniejszego dokumentu i zast\u0119puj\u0105 wszystkie wcze\u015bniejsze lub r\u00f3wnoczesne komunikaty, ustne lub pisemne.<\/p>\t\t\t\t\t\t\t\t<\/div>\n\t\t\t\t<\/div>\n\t\t\t\t\t<\/div>\n\t\t\t\t<\/div>\n\t\t\t\t<\/div>","protected":false},"excerpt":{"rendered":"<p>Warunki u\u017cytkowania Witamy na naszej stronie internetowej.Tw\u00f3j dost\u0119p do tej witryny i korzystanie z niej podlega niniejszym Warunkom u\u017cytkowania witryny. Przeczytaj je uwa\u017cnie przed uzyskaniem dost\u0119pu lub korzystaniem z tej strony internetowej. 1. DEFINICJE AI4Debunk (Participative Assistive AI-powered Tools for Supporting Trustworthy Online Activity of Citizens and Debunking Disinformation), zwane dalej \u201eProjektem\u201d, to [\u2026]<\/p>","protected":false},"author":6,"featured_media":0,"parent":0,"menu_order":0,"comment_status":"closed","ping_status":"closed","template":"","meta":{"_acf_changed":false,"footnotes":""},"class_list":["post-209","page","type-page","status-publish","hentry"],"acf":[],"_links":{"self":[{"href":"https:\/\/ai4debunk.eu\/pl\/wp-json\/wp\/v2\/pages\/209","targetHints":{"allow":["GET"]}}],"collection":[{"href":"https:\/\/ai4debunk.eu\/pl\/wp-json\/wp\/v2\/pages"}],"about":[{"href":"https:\/\/ai4debunk.eu\/pl\/wp-json\/wp\/v2\/types\/page"}],"author":[{"embeddable":true,"href":"https:\/\/ai4debunk.eu\/pl\/wp-json\/wp\/v2\/users\/6"}],"replies":[{"embeddable":true,"href":"https:\/\/ai4debunk.eu\/pl\/wp-json\/wp\/v2\/comments?post=209"}],"version-history":[{"count":5,"href":"https:\/\/ai4debunk.eu\/pl\/wp-json\/wp\/v2\/pages\/209\/revisions"}],"predecessor-version":[{"id":2187,"href":"https:\/\/ai4debunk.eu\/pl\/wp-json\/wp\/v2\/pages\/209\/revisions\/2187"}],"wp:attachment":[{"href":"https:\/\/ai4debunk.eu\/pl\/wp-json\/wp\/v2\/media?parent=209"}],"curies":[{"name":"wp","href":"https:\/\/api.w.org\/{rel}","templated":true}]}}