{"id":1336,"date":"2024-03-11T16:12:18","date_gmt":"2024-03-11T16:12:18","guid":{"rendered":"https:\/\/ai4debunk.eu\/?page_id=1336"},"modified":"2024-04-11T10:07:05","modified_gmt":"2024-04-11T10:07:05","slug":"cookie-policy","status":"publish","type":"page","link":"https:\/\/ai4debunk.eu\/pt\/cookie-policy\/","title":{"rendered":"Pol\u00edtica de Cookies"},"content":{"rendered":"<div data-elementor-type=\"wp-page\" data-elementor-id=\"1336\" class=\"elementor elementor-1336\" data-elementor-post-type=\"page\">\n\t\t\t\t<div class=\"elementor-element elementor-element-372ece9 e-flex e-con-boxed e-con e-parent\" data-id=\"372ece9\" data-element_type=\"container\" data-e-type=\"container\">\n\t\t\t\t\t<div class=\"e-con-inner\">\n\t\t\t\t<div class=\"elementor-element elementor-element-af6f42a elementor-widget elementor-widget-heading\" data-id=\"af6f42a\" data-element_type=\"widget\" data-e-type=\"widget\" data-widget_type=\"heading.default\">\n\t\t\t\t<div class=\"elementor-widget-container\">\n\t\t\t\t\t<h1 class=\"elementor-heading-title elementor-size-default\">Pol\u00edtica de Cookies<\/h1>\t\t\t\t<\/div>\n\t\t\t\t<\/div>\n\t\t\t\t<div class=\"elementor-element elementor-element-2b13c41 elementor-widget elementor-widget-text-editor\" data-id=\"2b13c41\" data-element_type=\"widget\" data-e-type=\"widget\" data-widget_type=\"text-editor.default\">\n\t\t\t\t<div class=\"elementor-widget-container\">\n\t\t\t\t\t\t\t\t\t<p>Este website utiliza cookies. Utilizamos cookies para garantir que lhe proporcionamos a melhor experi\u00eancia no nosso website. Leia tamb\u00e9m o nosso <a href=\"https:\/\/ai4debunk.eu\/pt\/terms-of-use\/\">Termos de Uso<\/a> &amp; <a href=\"https:\/\/ai4debunk.eu\/pt\/privacy-policy\/\">Pol\u00edtica de Privacidade<\/a> que rege a utiliza\u00e7\u00e3o deste site. Os cookies s\u00e3o pequenos ficheiros de texto que podem ser utilizados pelos s\u00edtios Web para tornar a experi\u00eancia de um utilizador mais eficiente. A lei estabelece que podemos armazenar cookies no seu dispositivo se estes forem estritamente necess\u00e1rios para o funcionamento deste site.<br \/>Para todos os outros tipos de cookies, necessitamos da sua autoriza\u00e7\u00e3o. Este s\u00edtio utiliza diferentes tipos de cookies. Alguns cookies s\u00e3o colocados por servi\u00e7os de terceiros que aparecem nas nossas p\u00e1ginas. Pode, a qualquer momento, alterar ou retirar o seu consentimento da Declara\u00e7\u00e3o de Cookies no nosso website. Saiba mais sobre quem somos, como pode contactar-nos e como tratamos os dados pessoais no nosso website. <a href=\"https:\/\/ai4debunk.eu\/pt\/privacy-policy\/\">Pol\u00edtica de Privacidade<\/a>.<\/p>\t\t\t\t\t\t\t\t<\/div>\n\t\t\t\t<\/div>\n\t\t\t\t<div class=\"elementor-element elementor-element-fd7345b elementor-widget elementor-widget-html\" data-id=\"fd7345b\" data-element_type=\"widget\" data-e-type=\"widget\" data-widget_type=\"html.default\">\n\t\t\t\t<div class=\"elementor-widget-container\">\n\t\t\t\t\t<div class=\"cky-audit-table-element\"><\/div>\t\t\t\t<\/div>\n\t\t\t\t<\/div>\n\t\t\t\t\t<\/div>\n\t\t\t\t<\/div>\n\t\t\t\t<\/div>","protected":false},"excerpt":{"rendered":"<p>Pol\u00edtica de Cookies Este website utiliza cookies. Utilizamos cookies para garantir que lhe proporcionamos a melhor experi\u00eancia no nosso website. Leia tamb\u00e9m os nossos Termos de Utiliza\u00e7\u00e3o &amp; Pol\u00edtica de Privacidade que rege a utiliza\u00e7\u00e3o deste site. Os cookies s\u00e3o pequenos ficheiros de texto que podem ser utilizados pelos s\u00edtios Web para tornar a experi\u00eancia de um utilizador mais [...]<\/p>","protected":false},"author":6,"featured_media":0,"parent":0,"menu_order":0,"comment_status":"closed","ping_status":"closed","template":"","meta":{"_acf_changed":false,"footnotes":""},"class_list":["post-1336","page","type-page","status-publish","hentry"],"acf":[],"_links":{"self":[{"href":"https:\/\/ai4debunk.eu\/pt\/wp-json\/wp\/v2\/pages\/1336","targetHints":{"allow":["GET"]}}],"collection":[{"href":"https:\/\/ai4debunk.eu\/pt\/wp-json\/wp\/v2\/pages"}],"about":[{"href":"https:\/\/ai4debunk.eu\/pt\/wp-json\/wp\/v2\/types\/page"}],"author":[{"embeddable":true,"href":"https:\/\/ai4debunk.eu\/pt\/wp-json\/wp\/v2\/users\/6"}],"replies":[{"embeddable":true,"href":"https:\/\/ai4debunk.eu\/pt\/wp-json\/wp\/v2\/comments?post=1336"}],"version-history":[{"count":5,"href":"https:\/\/ai4debunk.eu\/pt\/wp-json\/wp\/v2\/pages\/1336\/revisions"}],"predecessor-version":[{"id":1469,"href":"https:\/\/ai4debunk.eu\/pt\/wp-json\/wp\/v2\/pages\/1336\/revisions\/1469"}],"wp:attachment":[{"href":"https:\/\/ai4debunk.eu\/pt\/wp-json\/wp\/v2\/media?parent=1336"}],"curies":[{"name":"wp","href":"https:\/\/api.w.org\/{rel}","templated":true}]}}