{"id":209,"date":"2024-03-05T16:33:00","date_gmt":"2024-03-05T16:33:00","guid":{"rendered":"https:\/\/ai4debunk.eu\/?page_id=209"},"modified":"2024-09-19T15:01:38","modified_gmt":"2024-09-19T15:01:38","slug":"terms-of-use","status":"publish","type":"page","link":"https:\/\/ai4debunk.eu\/pt\/terms-of-use\/","title":{"rendered":"Termos de Uso"},"content":{"rendered":"<div data-elementor-type=\"wp-page\" data-elementor-id=\"209\" class=\"elementor elementor-209\" data-elementor-post-type=\"page\">\n\t\t\t\t<div class=\"elementor-element elementor-element-89ce4c8 e-flex e-con-boxed e-con e-parent\" data-id=\"89ce4c8\" data-element_type=\"container\" data-e-type=\"container\">\n\t\t\t\t\t<div class=\"e-con-inner\">\n\t\t\t\t<div class=\"elementor-element elementor-element-c470af8 elementor-widget elementor-widget-heading\" data-id=\"c470af8\" data-element_type=\"widget\" data-e-type=\"widget\" data-widget_type=\"heading.default\">\n\t\t\t\t<div class=\"elementor-widget-container\">\n\t\t\t\t\t<h1 class=\"elementor-heading-title elementor-size-default\">Termos de Uso\n<\/h1>\t\t\t\t<\/div>\n\t\t\t\t<\/div>\n\t\t\t\t<div class=\"elementor-element elementor-element-9834e64 elementor-widget elementor-widget-text-editor\" data-id=\"9834e64\" data-element_type=\"widget\" data-e-type=\"widget\" data-widget_type=\"text-editor.default\">\n\t\t\t\t<div class=\"elementor-widget-container\">\n\t\t\t\t\t\t\t\t\t<p>Bem-vindo ao nosso s\u00edtio Web.<br \/>O seu acesso e uso deste site est\u00e1 sujeito a estes Termos de Uso do site. Por favor, leia-os cuidadosamente antes de acessar ou usar este site.<\/p>\t\t\t\t\t\t\t\t<\/div>\n\t\t\t\t<\/div>\n\t\t\t\t<div class=\"elementor-element elementor-element-112fa17 elementor-widget elementor-widget-heading\" data-id=\"112fa17\" data-element_type=\"widget\" data-e-type=\"widget\" data-widget_type=\"heading.default\">\n\t\t\t\t<div class=\"elementor-widget-container\">\n\t\t\t\t\t<h4 class=\"elementor-heading-title elementor-size-default\">1. DEFINI\u00c7\u00d5ES<\/h4>\t\t\t\t<\/div>\n\t\t\t\t<\/div>\n\t\t\t\t<div class=\"elementor-element elementor-element-e1cdef7 elementor-widget elementor-widget-text-editor\" data-id=\"e1cdef7\" data-element_type=\"widget\" data-e-type=\"widget\" data-widget_type=\"text-editor.default\">\n\t\t\t\t<div class=\"elementor-widget-container\">\n\t\t\t\t\t\t\t\t\t<p>O AI4Debunk (Ferramentas Participativas Assistidas por IA para Apoiar uma Atividade Em Linha de Confian\u00e7a dos Cidad\u00e3os e Desmistificar a Desinforma\u00e7\u00e3o), a seguir designado por \u00abO projeto\u00bb, \u00e9 um projeto de AI de 48 meses que aborda o tema HORIZON-CL4-2023-HUMAN-01-CNECT.<\/p><p>O termo \u00abcons\u00f3rcio\u00bb refere-se a todos os signat\u00e1rios, com exce\u00e7\u00e3o da Comiss\u00e3o Europeia, da conven\u00e7\u00e3o de subven\u00e7\u00e3o 101135757, que podem ter direitos de propriedade intelectual \u00fanicos ou conjuntos em rela\u00e7\u00e3o aos resultados do projeto.<\/p><p>O termo \u00abmateriais\u00bb refere-se a todas as informa\u00e7\u00f5es, conte\u00fados, dados, documentos (por exemplo, livros brancos, brochuras, fichas t\u00e9cnicas, perguntas frequentes, modelos, comunicados de imprensa, etc.), descarregamentos, ficheiros, texto, imagens, fotografias, gr\u00e1ficos, v\u00eddeos, webcasts, publica\u00e7\u00f5es, ferramentas, recursos, software, c\u00f3digo, programas, aplica\u00e7\u00f5es e produtos disponibilizados ou ativados atrav\u00e9s do s\u00edtio Web.<\/p><p>O termo \u00abgestor do s\u00edtio Web\u00bb, indicado como \u00abn\u00f3s\u00bb ou \u00abn\u00f3s\u00bb, refere-se \u00e0 entidade respons\u00e1vel pela cria\u00e7\u00e3o e gest\u00e3o do s\u00edtio Web. <a href=\"https:\/\/ai4debunk.eu\/pt\/\"><span style=\"color: #ae46ff;\">https:\/\/ai4debunk.eu<\/span><\/a> (coletivamente referidos abaixo como este \u00abSite\u00bb), a fim de fornecer informa\u00e7\u00f5es aos seus utilizadores.O Contrato de Subven\u00e7\u00e3o 101135757 atribui \u00e0 F6S Network Ireland Limited (<span style=\"color: #ae46ff;\"><a style=\"color: #ae46ff;\" href=\"http:\/\/www.f6s.com\" target=\"_blank\" rel=\"noopener\">www.f6s.com<\/a><\/span>) a fun\u00e7\u00e3o de gestor do s\u00edtio Web, pelo que a F6S Network Ireland Limited \u00e9 o respons\u00e1vel pelo tratamento dos dados do s\u00edtio Web.<\/p><p>O termo \u00abvoc\u00ea\u00bb refere-se ao visitante do nosso s\u00edtio Web.<\/p>\t\t\t\t\t\t\t\t<\/div>\n\t\t\t\t<\/div>\n\t\t\t\t<div class=\"elementor-element elementor-element-65a84db elementor-widget elementor-widget-heading\" data-id=\"65a84db\" data-element_type=\"widget\" data-e-type=\"widget\" data-widget_type=\"heading.default\">\n\t\t\t\t<div class=\"elementor-widget-container\">\n\t\t\t\t\t<h4 class=\"elementor-heading-title elementor-size-default\">2. \u00c2MBITO DE APLICA\u00c7\u00c3O<\/h4>\t\t\t\t<\/div>\n\t\t\t\t<\/div>\n\t\t\t\t<div class=\"elementor-element elementor-element-b717931 elementor-widget elementor-widget-text-editor\" data-id=\"b717931\" data-element_type=\"widget\" data-e-type=\"widget\" data-widget_type=\"text-editor.default\">\n\t\t\t\t<div class=\"elementor-widget-container\">\n\t\t\t\t\t\t\t\t\tEstes Termos e Condi\u00e7\u00f5es do Website (estes \"Termos\" ou estes \"Termos e Condi\u00e7\u00f5es do Website\") aqui contidos, reger\u00e3o a sua utiliza\u00e7\u00e3o deste Website, incluindo todas as p\u00e1ginas deste Website. Estes Termos aplicam-se em pleno vigor e efeito \u00e0 sua utiliza\u00e7\u00e3o deste Website e, ao utilizar este Website, aceita expressamente todos os termos e condi\u00e7\u00f5es aqui contidos na \u00edntegra. N\u00e3o deve utilizar este Website se tiver qualquer obje\u00e7\u00e3o a qualquer um destes Termos e Condi\u00e7\u00f5es do Website.\n\t\t\t\t\t\t\t\t<\/div>\n\t\t\t\t<\/div>\n\t\t\t\t<div class=\"elementor-element elementor-element-827f9c4 elementor-widget elementor-widget-heading\" data-id=\"827f9c4\" data-element_type=\"widget\" data-e-type=\"widget\" data-widget_type=\"heading.default\">\n\t\t\t\t<div class=\"elementor-widget-container\">\n\t\t\t\t\t<h4 class=\"elementor-heading-title elementor-size-default\">3. A SUA UTILIZA\u00c7\u00c3O DO SITE<\/h4>\t\t\t\t<\/div>\n\t\t\t\t<\/div>\n\t\t\t\t<div class=\"elementor-element elementor-element-ee7b3ce elementor-widget elementor-widget-text-editor\" data-id=\"ee7b3ce\" data-element_type=\"widget\" data-e-type=\"widget\" data-widget_type=\"text-editor.default\">\n\t\t\t\t<div class=\"elementor-widget-container\">\n\t\t\t\t\t\t\t\t\t<p>Concorda em utilizar o Website e os seus conte\u00fados apenas para os fins permitidos pelos Termos de Utiliza\u00e7\u00e3o e por qualquer lei, regulamento ou pr\u00e1ticas ou diretrizes geralmente aceites nas jurisdi\u00e7\u00f5es relevantes.<\/p><p>Concorda especificamente em n\u00e3o aceder (ou tentar aceder) a qualquer um dos Materiais, atrav\u00e9s de quaisquer meios automatizados (incluindo a utiliza\u00e7\u00e3o de scripts ou web crawlers), ou atrav\u00e9s de pirataria inform\u00e1tica, minera\u00e7\u00e3o por palavra-passe ou outros meios. Concorda que n\u00e3o se envolver\u00e1 em qualquer atividade que interfira ou perturbe o Website (ou os servidores e redes, que est\u00e3o ligados ou acess\u00edveis atrav\u00e9s do Website).<br \/>Concorda tamb\u00e9m em utilizar as funcionalidades dispon\u00edveis no Website apenas para aceder, descarregar, utilizar, publicar, enviar ou receber Materiais de forma adequada.<\/p><p>Pode visualizar, transferir apenas para fins de cache e imprimir Material do Website para seu uso pessoal, sujeito \u00e0s restri\u00e7\u00f5es estabelecidas abaixo e noutros pontos destes Termos e Condi\u00e7\u00f5es.<\/p><p>N\u00e3o deve utilizar este Website para copiar, armazenar, alojar, transmitir, enviar, utilizar, publicar ou distribuir qualquer Material que consista em (ou esteja ligado a) qualquer spyware, v\u00edrus inform\u00e1ticos, cavalo de Tr\u00f3ia, worm, keystroke logger, rootkit ou outro software inform\u00e1tico malicioso. N\u00e3o deve realizar quaisquer atividades de recolha de dados sistem\u00e1ticas ou automatizadas (incluindo, sem limita\u00e7\u00e3o, raspagem, prospe\u00e7\u00e3o de dados, extra\u00e7\u00e3o de dados e recolha de dados) neste Website ou em rela\u00e7\u00e3o a este sem o consentimento expresso por escrito do Gestor do Website. Voc\u00ea tamb\u00e9m concorda em n\u00e3o usar quaisquer Materiais de uma forma que infrinja quaisquer Direitos de Propriedade Intelectual ou direitos de qualquer parte, n\u00e3o reproduzir ou utilizar em outras publica\u00e7\u00f5es eletr\u00f3nicas ou impressas. O design gr\u00e1fico e t\u00e9cnico e todos os contactos e imagens utilizados nesta apresenta\u00e7\u00e3o online est\u00e3o protegidos por direitos de autor.<\/p><p>Concorda igualmente em n\u00e3o utilizar o nome de dom\u00ednio do s\u00edtio Web como endere\u00e7o de correio eletr\u00f3nico de devolu\u00e7\u00e3o sob pseud\u00f3nimo; n\u00e3o perturbar, interferir ou inibir qualquer outro utilizador de utilizar e desfrutar do Site ou de outros sites afiliados ou ligados, ou dos Materiais; e n\u00e3o usar quaisquer Materiais de uma forma que infrinja quaisquer Direitos de Propriedade Intelectual ou direitos de qualquer parte;<\/p>\t\t\t\t\t\t\t\t<\/div>\n\t\t\t\t<\/div>\n\t\t\t\t<div class=\"elementor-element elementor-element-94c704a elementor-widget elementor-widget-heading\" data-id=\"94c704a\" data-element_type=\"widget\" data-e-type=\"widget\" data-widget_type=\"heading.default\">\n\t\t\t\t<div class=\"elementor-widget-container\">\n\t\t\t\t\t<h4 class=\"elementor-heading-title elementor-size-default\">4. DIREITO DE C\u00d3PIA E DIREITOS DE PROPRIEDADE INTELECTUAL<\/h4>\t\t\t\t<\/div>\n\t\t\t\t<\/div>\n\t\t\t\t<div class=\"elementor-element elementor-element-cbe98bf elementor-widget elementor-widget-text-editor\" data-id=\"cbe98bf\" data-element_type=\"widget\" data-e-type=\"widget\" data-widget_type=\"text-editor.default\">\n\t\t\t\t<div class=\"elementor-widget-container\">\n\t\t\t\t\t\t\t\t\t<p>Al\u00e9m do conte\u00fado que possui, que pode ter optado por incluir neste Website, sob estes Termos, o Cons\u00f3rcio e\/ou seus licenciadores possuem todos os direitos sobre o Material de propriedade intelectual contido neste Website, e todos esses direitos s\u00e3o reservados. O Cons\u00f3rcio autoriza os utilizadores a copiar e imprimir extratos ou documentos deste Website apenas para uso pessoal e n\u00e3o comercial, no entendimento de que qualquer c\u00f3pia ou extrato dos referidos documentos ou p\u00e1ginas obtidos, mant\u00eam todos os direitos de propriedade intelectual ou outros avisos de propriedade, incluindo todas as declara\u00e7\u00f5es de exonera\u00e7\u00e3o de responsabilidade nele contidas. O log\u00f3tipo do projeto n\u00e3o pode ser utilizado nem reproduzido sem o consentimento pr\u00e9vio, por escrito, do Cons\u00f3rcio.<\/p><p>Exceto conforme permitido pela lei de direitos de autor aplic\u00e1vel, o utilizador n\u00e3o pode reproduzir ou comunicar qualquer conte\u00fado deste Site, incluindo ficheiros transfer\u00edveis a partir deste website, sem a autoriza\u00e7\u00e3o por escrito do propriet\u00e1rio dos direitos de autor.<\/p>\t\t\t\t\t\t\t\t<\/div>\n\t\t\t\t<\/div>\n\t\t\t\t<div class=\"elementor-element elementor-element-21ba3cf elementor-widget elementor-widget-heading\" data-id=\"21ba3cf\" data-element_type=\"widget\" data-e-type=\"widget\" data-widget_type=\"heading.default\">\n\t\t\t\t<div class=\"elementor-widget-container\">\n\t\t\t\t\t<h4 class=\"elementor-heading-title elementor-size-default\">5. MARCAS COMERCIAIS, DENOMINA\u00c7\u00d5ES COMERCIAIS E LOGOS<\/h4>\t\t\t\t<\/div>\n\t\t\t\t<\/div>\n\t\t\t\t<div class=\"elementor-element elementor-element-71b6360 elementor-widget elementor-widget-text-editor\" data-id=\"71b6360\" data-element_type=\"widget\" data-e-type=\"widget\" data-widget_type=\"text-editor.default\">\n\t\t\t\t<div class=\"elementor-widget-container\">\n\t\t\t\t\t\t\t\t\tTodas as marcas comerciais, nomes comerciais e log\u00f3tipos que aparecem no Website s\u00e3o propriedade dos respetivos propriet\u00e1rios e est\u00e3o protegidos pelas leis internacionais de direitos de autor e marcas comerciais. Concorda em n\u00e3o difamar ou depreciar o Projeto e todas as marcas comerciais, nomes comerciais ou log\u00f3tipos inclu\u00eddos no Site ou nos Materiais. Qualquer uso de qualquer uma das marcas, nomes comerciais e logotipos que aparecem em todo o site sem o consentimento expresso por escrito do propriet\u00e1rio da marca ou nome ou logotipo, conforme aplic\u00e1vel, \u00e9 estritamente proibido.\t\t\t\t\t\t\t\t<\/div>\n\t\t\t\t<\/div>\n\t\t\t\t<div class=\"elementor-element elementor-element-4ca326f elementor-widget elementor-widget-heading\" data-id=\"4ca326f\" data-element_type=\"widget\" data-e-type=\"widget\" data-widget_type=\"heading.default\">\n\t\t\t\t<div class=\"elementor-widget-container\">\n\t\t\t\t\t<h4 class=\"elementor-heading-title elementor-size-default\">6. LICEN\u00c7A A VOC\u00ca<\/h4>\t\t\t\t<\/div>\n\t\t\t\t<\/div>\n\t\t\t\t<div class=\"elementor-element elementor-element-37a315c elementor-widget elementor-widget-text-editor\" data-id=\"37a315c\" data-element_type=\"widget\" data-e-type=\"widget\" data-widget_type=\"text-editor.default\">\n\t\t\t\t<div class=\"elementor-widget-container\">\n\t\t\t\t\t\t\t\t\t<p>O Cons\u00f3rcio concede-lhe uma licen\u00e7a pessoal, mundial, n\u00e3o atribu\u00edvel, isenta de royalties e n\u00e3o exclusiva para utilizar o Website unicamente com o objetivo de lhe permitir utilizar e usufruir do benef\u00edcio do Website e dos Materiais, da forma permitida por estes Termos de Utiliza\u00e7\u00e3o. N\u00e3o pode (e n\u00e3o pode permitir que mais ningu\u00e9m) copiar, fazer engenharia reversa, criar um trabalho derivado de, ou descompilar ou de outra forma tentar extrair o c\u00f3digo-fonte do Website ou qualquer parte do mesmo, a menos que tal seja expressamente permitido ou exigido por lei, ou a menos que tenha sido especificamente autorizado a faz\u00ea-lo pelo Gestor do Website. A menos que o Gestor do Website lhe tenha dado permiss\u00e3o por escrito para o fazer, n\u00e3o poder\u00e1<\/p><ul><li>atribuir (ou conceder uma sublicen\u00e7a de) seus direitos de usar o Site ou os Materiais,<\/li><li>conceder um interesse de seguran\u00e7a em ou sobre os seus direitos de utiliza\u00e7\u00e3o do Site ou dos Materiais, ou de outra forma transferir qualquer um dos seus direitos de utiliza\u00e7\u00e3o dos mesmos.<\/li><\/ul>\t\t\t\t\t\t\t\t<\/div>\n\t\t\t\t<\/div>\n\t\t\t\t<div class=\"elementor-element elementor-element-1251413 elementor-widget elementor-widget-heading\" data-id=\"1251413\" data-element_type=\"widget\" data-e-type=\"widget\" data-widget_type=\"heading.default\">\n\t\t\t\t<div class=\"elementor-widget-container\">\n\t\t\t\t\t<h4 class=\"elementor-heading-title elementor-size-default\">7. LIGA\u00c7\u00d5ES A OUTROS S\u00cdTIOS DA INTERNET<\/h4>\t\t\t\t<\/div>\n\t\t\t\t<\/div>\n\t\t\t\t<div class=\"elementor-element elementor-element-b5adf43 elementor-widget elementor-widget-text-editor\" data-id=\"b5adf43\" data-element_type=\"widget\" data-e-type=\"widget\" data-widget_type=\"text-editor.default\">\n\t\t\t\t<div class=\"elementor-widget-container\">\n\t\t\t\t\t\t\t\t\tO Site pode conter liga\u00e7\u00f5es para outros sites e servi\u00e7os da Internet que s\u00e3o operados e mantidos por terceiros ou suas afiliadas. O utilizador reconhece, compreende e concorda que o Gestor do Website n\u00e3o ser\u00e1 respons\u00e1vel, direta ou indiretamente, por quaisquer danos ou perdas causados ou alegadamente causados por ou relacionados com a utiliza\u00e7\u00e3o ou depend\u00eancia de qualquer conte\u00fado, produtos ou servi\u00e7os dispon\u00edveis nesses outros sites.\n\t\t\t\t\t\t\t\t<\/div>\n\t\t\t\t<\/div>\n\t\t\t\t<div class=\"elementor-element elementor-element-61d5e43 elementor-widget elementor-widget-heading\" data-id=\"61d5e43\" data-element_type=\"widget\" data-e-type=\"widget\" data-widget_type=\"heading.default\">\n\t\t\t\t<div class=\"elementor-widget-container\">\n\t\t\t\t\t<h4 class=\"elementor-heading-title elementor-size-default\">8. ALTERA\u00c7\u00d5ES<\/h4>\t\t\t\t<\/div>\n\t\t\t\t<\/div>\n\t\t\t\t<div class=\"elementor-element elementor-element-e547e4a elementor-widget elementor-widget-text-editor\" data-id=\"e547e4a\" data-element_type=\"widget\" data-e-type=\"widget\" data-widget_type=\"text-editor.default\">\n\t\t\t\t<div class=\"elementor-widget-container\">\n\t\t\t\t\t\t\t\t\tO Gerente do Site reserva-se o direito de modificar, suspender ou descontinuar qualquer parte do Site e Materiais a qualquer momento, com ou sem aviso pr\u00e9vio. O Gerente do Site reserva-se o direito de modificar qualquer parte destes Termos de Uso a qualquer momento. Quaisquer modifica\u00e7\u00f5es entrar\u00e3o em vigor ap\u00f3s a publica\u00e7\u00e3o no Site. Concorda em rever estes Termos de Uso periodicamente para que tenha conhecimento de tais modifica\u00e7\u00f5es. O uso continuado do Site ap\u00f3s tais modifica\u00e7\u00f5es terem sido publicadas ser\u00e1 considerado como sua aceita\u00e7\u00e3o de quaisquer modifica\u00e7\u00f5es aos Termos de Uso. Se, a qualquer momento, os Termos de Utiliza\u00e7\u00e3o n\u00e3o forem aceit\u00e1veis para si, dever\u00e1 cessar imediatamente a utiliza\u00e7\u00e3o do Website. Concorda que a norma acima referida para notifica\u00e7\u00e3o de altera\u00e7\u00f5es \u00e9 razo\u00e1vel.\n\t\t\t\t\t\t\t\t<\/div>\n\t\t\t\t<\/div>\n\t\t\t\t<div class=\"elementor-element elementor-element-638682a elementor-widget elementor-widget-heading\" data-id=\"638682a\" data-element_type=\"widget\" data-e-type=\"widget\" data-widget_type=\"heading.default\">\n\t\t\t\t<div class=\"elementor-widget-container\">\n\t\t\t\t\t<h4 class=\"elementor-heading-title elementor-size-default\">9. LIMITA\u00c7\u00c3O DA RESPONSABILIDADE<\/h4>\t\t\t\t<\/div>\n\t\t\t\t<\/div>\n\t\t\t\t<div class=\"elementor-element elementor-element-c2a7c6a elementor-widget elementor-widget-text-editor\" data-id=\"c2a7c6a\" data-element_type=\"widget\" data-e-type=\"widget\" data-widget_type=\"text-editor.default\">\n\t\t\t\t<div class=\"elementor-widget-container\">\n\t\t\t\t\t\t\t\t\tO Gestor do Website n\u00e3o assume qualquer responsabilidade por quaisquer danos diretos, indiretos, incidentais ou consequenciais que possam ser devidos ao uso incorreto do Website pelos Utilizadores ou a quaisquer erros, falhas, defeitos ou atrasos no funcionamento do Website ou na transmiss\u00e3o de informa\u00e7\u00f5es na Internet atrav\u00e9s deste Website.\n\t\t\t\t\t\t\t\t<\/div>\n\t\t\t\t<\/div>\n\t\t\t\t<div class=\"elementor-element elementor-element-f4d303c elementor-widget elementor-widget-heading\" data-id=\"f4d303c\" data-element_type=\"widget\" data-e-type=\"widget\" data-widget_type=\"heading.default\">\n\t\t\t\t<div class=\"elementor-widget-container\">\n\t\t\t\t\t<h4 class=\"elementor-heading-title elementor-size-default\">10. JURISDI\u00c7\u00c3O<\/h4>\t\t\t\t<\/div>\n\t\t\t\t<\/div>\n\t\t\t\t<div class=\"elementor-element elementor-element-c70fafa elementor-widget elementor-widget-text-editor\" data-id=\"c70fafa\" data-element_type=\"widget\" data-e-type=\"widget\" data-widget_type=\"text-editor.default\">\n\t\t\t\t<div class=\"elementor-widget-container\">\n\t\t\t\t\t\t\t\t\tAo aceder a este Website e aos Materiais, concorda que todos os assuntos relacionados com o seu acesso ou utiliza\u00e7\u00e3o dos mesmos ser\u00e3o regidos pelos estatutos e leis da Irlanda e da Uni\u00e3o Europeia, sem respeito pelos conflitos de princ\u00edpios legais dos mesmos. Quaisquer lit\u00edgios decorrentes da utiliza\u00e7\u00e3o deste Website estar\u00e3o sujeitos \u00e0 jurisdi\u00e7\u00e3o exclusiva dos Tribunais de Dublin, Irlanda.\n\t\t\t\t\t\t\t\t<\/div>\n\t\t\t\t<\/div>\n\t\t\t\t<div class=\"elementor-element elementor-element-6f17ea8 elementor-widget elementor-widget-heading\" data-id=\"6f17ea8\" data-element_type=\"widget\" data-e-type=\"widget\" data-widget_type=\"heading.default\">\n\t\t\t\t<div class=\"elementor-widget-container\">\n\t\t\t\t\t<h4 class=\"elementor-heading-title elementor-size-default\">11. DESIGNA\u00c7\u00c3O GERAL<\/h4>\t\t\t\t<\/div>\n\t\t\t\t<\/div>\n\t\t\t\t<div class=\"elementor-element elementor-element-4d1604d elementor-widget elementor-widget-text-editor\" data-id=\"4d1604d\" data-element_type=\"widget\" data-e-type=\"widget\" data-widget_type=\"text-editor.default\">\n\t\t\t\t<div class=\"elementor-widget-container\">\n\t\t\t\t\t\t\t\t\t<p>Estes Termos de Uso ser\u00e3o regidos e interpretados de acordo com as leis da Irlanda, sem levar em conta seus conflitos de princ\u00edpios legais. O desempenho do gestor do s\u00edtio Web destes Termos de Utiliza\u00e7\u00e3o est\u00e1 sujeito \u00e0s leis e aos processos legais em vigor, e nada contido nestes Termos de Utiliza\u00e7\u00e3o derroga o direito do coordenador de cumprir os pedidos ou requisitos de aplica\u00e7\u00e3o da lei relacionados com a sua utiliza\u00e7\u00e3o do s\u00edtio Web ou as informa\u00e7\u00f5es fornecidas ou recolhidas pelo gestor do s\u00edtio Web no que diz respeito a essa utiliza\u00e7\u00e3o. Se qualquer disposi\u00e7\u00e3o destes Termos de Uso for ilegal, nula ou, por qualquer motivo, inexequ\u00edvel, essa disposi\u00e7\u00e3o ser\u00e1 considerada separ\u00e1vel destes Termos de Uso e n\u00e3o afetar\u00e1 a validade e aplicabilidade de quaisquer disposi\u00e7\u00f5es restantes. Estes Termos de Uso constituem o acordo integral entre as partes em rela\u00e7\u00e3o ao assunto aqui tratado, e substituem todas as comunica\u00e7\u00f5es anteriores ou contempor\u00e2neas, orais ou escritas.<\/p>\t\t\t\t\t\t\t\t<\/div>\n\t\t\t\t<\/div>\n\t\t\t\t\t<\/div>\n\t\t\t\t<\/div>\n\t\t\t\t<\/div>","protected":false},"excerpt":{"rendered":"<p>Bem-vindo ao nosso site.O seu acesso e uso deste site est\u00e1 sujeito a estes Termos de Uso do site. Por favor, leia-os cuidadosamente antes de acessar ou usar este site. 1. DEFINI\u00c7\u00d5ES AI4Debunk (Ferramentas Participativas de Apoio \u00e0 Atividade em Linha de Confian\u00e7a dos Cidad\u00e3os e de Desmistifica\u00e7\u00e3o da Desinforma\u00e7\u00e3o), a seguir designado por \u00abO projeto\u00bb, \u00e9 [...]<\/p>","protected":false},"author":6,"featured_media":0,"parent":0,"menu_order":0,"comment_status":"closed","ping_status":"closed","template":"","meta":{"_acf_changed":false,"footnotes":""},"class_list":["post-209","page","type-page","status-publish","hentry"],"acf":[],"_links":{"self":[{"href":"https:\/\/ai4debunk.eu\/pt\/wp-json\/wp\/v2\/pages\/209","targetHints":{"allow":["GET"]}}],"collection":[{"href":"https:\/\/ai4debunk.eu\/pt\/wp-json\/wp\/v2\/pages"}],"about":[{"href":"https:\/\/ai4debunk.eu\/pt\/wp-json\/wp\/v2\/types\/page"}],"author":[{"embeddable":true,"href":"https:\/\/ai4debunk.eu\/pt\/wp-json\/wp\/v2\/users\/6"}],"replies":[{"embeddable":true,"href":"https:\/\/ai4debunk.eu\/pt\/wp-json\/wp\/v2\/comments?post=209"}],"version-history":[{"count":5,"href":"https:\/\/ai4debunk.eu\/pt\/wp-json\/wp\/v2\/pages\/209\/revisions"}],"predecessor-version":[{"id":2187,"href":"https:\/\/ai4debunk.eu\/pt\/wp-json\/wp\/v2\/pages\/209\/revisions\/2187"}],"wp:attachment":[{"href":"https:\/\/ai4debunk.eu\/pt\/wp-json\/wp\/v2\/media?parent=209"}],"curies":[{"name":"wp","href":"https:\/\/api.w.org\/{rel}","templated":true}]}}