{"id":1336,"date":"2024-03-11T16:12:18","date_gmt":"2024-03-11T16:12:18","guid":{"rendered":"https:\/\/ai4debunk.eu\/?page_id=1336"},"modified":"2024-04-11T10:07:05","modified_gmt":"2024-04-11T10:07:05","slug":"cookie-policy","status":"publish","type":"page","link":"https:\/\/ai4debunk.eu\/ro\/cookie-policy\/","title":{"rendered":"Politica privind cookie-urile"},"content":{"rendered":"<div data-elementor-type=\"wp-page\" data-elementor-id=\"1336\" class=\"elementor elementor-1336\" data-elementor-post-type=\"page\">\n\t\t\t\t<div class=\"elementor-element elementor-element-372ece9 e-flex e-con-boxed e-con e-parent\" data-id=\"372ece9\" data-element_type=\"container\" data-e-type=\"container\">\n\t\t\t\t\t<div class=\"e-con-inner\">\n\t\t\t\t<div class=\"elementor-element elementor-element-af6f42a elementor-widget elementor-widget-heading\" data-id=\"af6f42a\" data-element_type=\"widget\" data-e-type=\"widget\" data-widget_type=\"heading.default\">\n\t\t\t\t<div class=\"elementor-widget-container\">\n\t\t\t\t\t<h1 class=\"elementor-heading-title elementor-size-default\">Politica privind cookie-urile<\/h1>\t\t\t\t<\/div>\n\t\t\t\t<\/div>\n\t\t\t\t<div class=\"elementor-element elementor-element-2b13c41 elementor-widget elementor-widget-text-editor\" data-id=\"2b13c41\" data-element_type=\"widget\" data-e-type=\"widget\" data-widget_type=\"text-editor.default\">\n\t\t\t\t<div class=\"elementor-widget-container\">\n\t\t\t\t\t\t\t\t\t<p>Acest site utilizeaz\u0103 cookie-uri. Utiliz\u0103m cookie-uri pentru a ne asigura c\u0103 v\u0103 oferim cea mai bun\u0103 experien\u021b\u0103 pe site-ul nostru. V\u0103 rug\u0103m s\u0103 citi\u021bi \u0219i <a href=\"https:\/\/ai4debunk.eu\/ro\/terms-of-use\/\">Condi\u021bii de utilizare<\/a> &amp; <a href=\"https:\/\/ai4debunk.eu\/ro\/privacy-policy\/\">Politica de confiden\u021bialitate<\/a> care guverneaz\u0103 utilizarea acestui site. Cookie-urile sunt mici fi\u0219iere text care pot fi utilizate de site-uri web pentru a eficientiza experien\u021ba utilizatorului. Legea prevede c\u0103 putem stoca cookie-uri pe dispozitivul dvs. dac\u0103 acestea sunt strict necesare pentru func\u021bionarea acestui site.<br \/>Pentru toate celelalte tipuri de cookie-uri avem nevoie de permisiunea dvs. Acest site utilizeaz\u0103 diferite tipuri de cookie-uri. Unele cookie-uri sunt plasate de servicii ter\u021be care apar pe paginile noastre. Pute\u021bi \u00een orice moment s\u0103 modifica\u021bi sau s\u0103 retrage\u021bi consim\u021b\u0103m\u00e2ntul dvs. din Declara\u021bia privind cookie-urile de pe site-ul nostru. Afla\u021bi mai multe despre cine suntem, cum ne pute\u021bi contacta \u0219i cum proces\u0103m datele personale \u00een site-ul nostru. <a href=\"https:\/\/ai4debunk.eu\/ro\/privacy-policy\/\">Politica de confiden\u021bialitate<\/a>.<\/p>\t\t\t\t\t\t\t\t<\/div>\n\t\t\t\t<\/div>\n\t\t\t\t<div class=\"elementor-element elementor-element-fd7345b elementor-widget elementor-widget-html\" data-id=\"fd7345b\" data-element_type=\"widget\" data-e-type=\"widget\" data-widget_type=\"html.default\">\n\t\t\t\t<div class=\"elementor-widget-container\">\n\t\t\t\t\t<div class=\"cky-audit-table-element\"><\/div>\t\t\t\t<\/div>\n\t\t\t\t<\/div>\n\t\t\t\t\t<\/div>\n\t\t\t\t<\/div>\n\t\t\t\t<\/div>","protected":false},"excerpt":{"rendered":"<p>Politica de cookie-uri Acest site utilizeaz\u0103 cookie-uri. Utiliz\u0103m cookie-uri pentru a ne asigura c\u0103 v\u0103 oferim cea mai bun\u0103 experien\u021b\u0103 pe site-ul nostru. De asemenea, v\u0103 rug\u0103m s\u0103 citi\u021bi Termenii de utilizare &amp; Politica de confiden\u021bialitate care guverneaz\u0103 utilizarea acestui site. Cookie-urile sunt mici fi\u0219iere text care pot fi utilizate de site-uri web pentru a \u00eembun\u0103t\u0103\u021bi experien\u021ba unui utilizator [\u2026]<\/p>","protected":false},"author":6,"featured_media":0,"parent":0,"menu_order":0,"comment_status":"closed","ping_status":"closed","template":"","meta":{"_acf_changed":false,"footnotes":""},"class_list":["post-1336","page","type-page","status-publish","hentry"],"acf":[],"_links":{"self":[{"href":"https:\/\/ai4debunk.eu\/ro\/wp-json\/wp\/v2\/pages\/1336","targetHints":{"allow":["GET"]}}],"collection":[{"href":"https:\/\/ai4debunk.eu\/ro\/wp-json\/wp\/v2\/pages"}],"about":[{"href":"https:\/\/ai4debunk.eu\/ro\/wp-json\/wp\/v2\/types\/page"}],"author":[{"embeddable":true,"href":"https:\/\/ai4debunk.eu\/ro\/wp-json\/wp\/v2\/users\/6"}],"replies":[{"embeddable":true,"href":"https:\/\/ai4debunk.eu\/ro\/wp-json\/wp\/v2\/comments?post=1336"}],"version-history":[{"count":5,"href":"https:\/\/ai4debunk.eu\/ro\/wp-json\/wp\/v2\/pages\/1336\/revisions"}],"predecessor-version":[{"id":1469,"href":"https:\/\/ai4debunk.eu\/ro\/wp-json\/wp\/v2\/pages\/1336\/revisions\/1469"}],"wp:attachment":[{"href":"https:\/\/ai4debunk.eu\/ro\/wp-json\/wp\/v2\/media?parent=1336"}],"curies":[{"name":"wp","href":"https:\/\/api.w.org\/{rel}","templated":true}]}}