{"id":209,"date":"2024-03-05T16:33:00","date_gmt":"2024-03-05T16:33:00","guid":{"rendered":"https:\/\/ai4debunk.eu\/?page_id=209"},"modified":"2024-09-19T15:01:38","modified_gmt":"2024-09-19T15:01:38","slug":"terms-of-use","status":"publish","type":"page","link":"https:\/\/ai4debunk.eu\/ro\/terms-of-use\/","title":{"rendered":"Condi\u021bii de utilizare"},"content":{"rendered":"<div data-elementor-type=\"wp-page\" data-elementor-id=\"209\" class=\"elementor elementor-209\" data-elementor-post-type=\"page\">\n\t\t\t\t<div class=\"elementor-element elementor-element-89ce4c8 e-flex e-con-boxed e-con e-parent\" data-id=\"89ce4c8\" data-element_type=\"container\" data-e-type=\"container\">\n\t\t\t\t\t<div class=\"e-con-inner\">\n\t\t\t\t<div class=\"elementor-element elementor-element-c470af8 elementor-widget elementor-widget-heading\" data-id=\"c470af8\" data-element_type=\"widget\" data-e-type=\"widget\" data-widget_type=\"heading.default\">\n\t\t\t\t<div class=\"elementor-widget-container\">\n\t\t\t\t\t<h1 class=\"elementor-heading-title elementor-size-default\">Condi\u021bii de utilizare\n<\/h1>\t\t\t\t<\/div>\n\t\t\t\t<\/div>\n\t\t\t\t<div class=\"elementor-element elementor-element-9834e64 elementor-widget elementor-widget-text-editor\" data-id=\"9834e64\" data-element_type=\"widget\" data-e-type=\"widget\" data-widget_type=\"text-editor.default\">\n\t\t\t\t<div class=\"elementor-widget-container\">\n\t\t\t\t\t\t\t\t\t<p>Bine a\u021bi venit pe site-ul nostru.<br \/>Accesul \u0219i utilizarea acestui site web sunt supuse acestor Termeni de utilizare a site-ului web. V\u0103 rug\u0103m s\u0103 le citi\u021bi cu aten\u021bie \u00eenainte de a accesa sau utiliza acest site.<\/p>\t\t\t\t\t\t\t\t<\/div>\n\t\t\t\t<\/div>\n\t\t\t\t<div class=\"elementor-element elementor-element-112fa17 elementor-widget elementor-widget-heading\" data-id=\"112fa17\" data-element_type=\"widget\" data-e-type=\"widget\" data-widget_type=\"heading.default\">\n\t\t\t\t<div class=\"elementor-widget-container\">\n\t\t\t\t\t<h4 class=\"elementor-heading-title elementor-size-default\">1. Defini\u021bii<\/h4>\t\t\t\t<\/div>\n\t\t\t\t<\/div>\n\t\t\t\t<div class=\"elementor-element elementor-element-e1cdef7 elementor-widget elementor-widget-text-editor\" data-id=\"e1cdef7\" data-element_type=\"widget\" data-e-type=\"widget\" data-widget_type=\"text-editor.default\">\n\t\t\t\t<div class=\"elementor-widget-container\">\n\t\t\t\t\t\t\t\t\t<p>AI4Debunk (Instrumente participative asistate bazate pe IA pentru sprijinirea activit\u0103\u021bii online fiabile a cet\u0103\u021benilor \u0219i demascarea dezinform\u0103rii), denumit \u00een continuare \u201eproiectul\u201d, este un proiect de evaluare a impactului cu o durat\u0103 de 48 de luni care abordeaz\u0103 subiectul HORIZON-CL4-2023-HUMAN-01-CNECT.<\/p><p>Termenul \u201econsor\u021biu\u201d se refer\u0103 la to\u021bi semnatarii, al\u021bii dec\u00e2t Comisia European\u0103, ai Acordului de grant 101135757, care pot avea drepturi de proprietate intelectual\u0103 unice sau comune \u00een ceea ce prive\u0219te rezultatele proiectului.<\/p><p>Termenul \u201emateriale\u201d se refer\u0103 la toate informa\u021biile, con\u021binutul, datele, documentele (de exemplu, c\u0103r\u021bi albe, bro\u0219uri, fi\u0219e tehnice, \u00eentreb\u0103ri frecvente, \u0219abloane, comunicate de pres\u0103 etc.), desc\u0103rc\u0103rile, fi\u0219ierele, textul, imaginile, fotografiile, graficele, materialele video, transmisiunile web, publica\u021biile, instrumentele, resursele, software-ul, codul, programele, aplica\u021biile \u0219i produsele puse la dispozi\u021bie sau activate prin intermediul site-ului web.<\/p><p>Termenul \u201eadministrator al site-ului web\u201d, altfel men\u021bionat ca \u201enoi\u201d sau \u201enoi\u201d, se refer\u0103 la entitatea responsabil\u0103 cu crearea \u0219i gestionarea site-ului web. <a href=\"https:\/\/ai4debunk.eu\/ro\/\"><span style=\"color: #ae46ff;\">https:\/\/ai4debunk.eu<\/span><\/a> (denumite \u00een continuare \u00een mod colectiv \u201esite-ul web\u201d), pentru a furniza informa\u021bii utilizatorilor s\u0103i.Contractul de grant 101135757 atribuie F6S Network Ireland Limited (<span style=\"color: #ae46ff;\"><a style=\"color: #ae46ff;\" href=\"http:\/\/www.f6s.com\" target=\"_blank\" rel=\"noopener\">www.f6s.com<\/a><\/span>) rolul de administrator al site-ului web, astfel \u00eenc\u00e2t F6S Network Ireland Limited este operatorul de date al site-ului web.<\/p><p>Termenul \u201edumneavoastr\u0103\u201d se refer\u0103 la vizitatorul site-ului nostru web.<\/p>\t\t\t\t\t\t\t\t<\/div>\n\t\t\t\t<\/div>\n\t\t\t\t<div class=\"elementor-element elementor-element-65a84db elementor-widget elementor-widget-heading\" data-id=\"65a84db\" data-element_type=\"widget\" data-e-type=\"widget\" data-widget_type=\"heading.default\">\n\t\t\t\t<div class=\"elementor-widget-container\">\n\t\t\t\t\t<h4 class=\"elementor-heading-title elementor-size-default\">2. Domeniul de aplicare<\/h4>\t\t\t\t<\/div>\n\t\t\t\t<\/div>\n\t\t\t\t<div class=\"elementor-element elementor-element-b717931 elementor-widget elementor-widget-text-editor\" data-id=\"b717931\" data-element_type=\"widget\" data-e-type=\"widget\" data-widget_type=\"text-editor.default\">\n\t\t\t\t<div class=\"elementor-widget-container\">\n\t\t\t\t\t\t\t\t\tAce\u0219ti Termeni \u0219i condi\u021bii de utilizare a site-ului web (ace\u0219ti \u201eTermeni\u201d sau ace\u0219ti \u201eTermeni \u0219i condi\u021bii de utilizare a site-ului web\u201d) con\u021binu\u021bi \u00een prezentul document vor guverna utilizarea de c\u0103tre dvs. a acestui site web, inclusiv a tuturor paginilor din cadrul acestui site web. Ace\u0219ti Termeni se aplic\u0103 \u00een vigoare \u0219i au efect deplin asupra utiliz\u0103rii de c\u0103tre dvs. a acestui site web \u0219i, prin utilizarea acestui site web, accepta\u021bi \u00een mod expres to\u021bi termenii \u0219i condi\u021biile con\u021binute aici \u00een \u00eentregime. Nu trebuie s\u0103 utiliza\u021bi acest site dac\u0103 ave\u021bi obiec\u021bii la oricare dintre ace\u0219ti Termeni \u0219i condi\u021bii.\n\t\t\t\t\t\t\t\t<\/div>\n\t\t\t\t<\/div>\n\t\t\t\t<div class=\"elementor-element elementor-element-827f9c4 elementor-widget elementor-widget-heading\" data-id=\"827f9c4\" data-element_type=\"widget\" data-e-type=\"widget\" data-widget_type=\"heading.default\">\n\t\t\t\t<div class=\"elementor-widget-container\">\n\t\t\t\t\t<h4 class=\"elementor-heading-title elementor-size-default\">3. Utilizarea de c\u0103tre dvs. a site-ului<\/h4>\t\t\t\t<\/div>\n\t\t\t\t<\/div>\n\t\t\t\t<div class=\"elementor-element elementor-element-ee7b3ce elementor-widget elementor-widget-text-editor\" data-id=\"ee7b3ce\" data-element_type=\"widget\" data-e-type=\"widget\" data-widget_type=\"text-editor.default\">\n\t\t\t\t<div class=\"elementor-widget-container\">\n\t\t\t\t\t\t\t\t\t<p>Sunte\u021bi de acord s\u0103 utiliza\u021bi site-ul \u0219i con\u021binutul acestuia numai \u00een scopurile permise de Termenii de utilizare \u0219i de orice lege, reglementare sau practici sau orient\u0103ri general acceptate \u00een jurisdic\u021biile relevante.<\/p><p>Sunte\u021bi de acord \u00een mod specific s\u0103 nu accesa\u021bi (sau s\u0103 \u00eencerca\u021bi s\u0103 accesa\u021bi) niciunul dintre Materiale, prin orice mijloace automate (inclusiv utilizarea scripturilor sau a crawlerelor web) sau prin hacking, extragerea parolelor sau alte mijloace. Sunte\u021bi de acord c\u0103 nu v\u0103 ve\u021bi angaja \u00een nicio activitate care interfereaz\u0103 sau perturb\u0103 site-ul web (sau serverele \u0219i re\u021belele care sunt conectate sau accesibile prin intermediul site-ului web).<br \/>De asemenea, sunte\u021bi de acord s\u0103 utiliza\u021bi func\u021bionalit\u0103\u021bile disponibile pe site-ul web numai pentru a accesa, desc\u0103rca, utiliza, posta, trimite sau primi materiale \u00eentr-un mod adecvat.<\/p><p>Pute\u021bi vizualiza, desc\u0103rca numai \u00een scopuri de cache \u0219i imprima materiale de pe site pentru uz personal, sub rezerva restric\u021biilor stabilite mai jos \u0219i \u00een alt\u0103 parte \u00een ace\u0219ti Termeni \u0219i condi\u021bii.<\/p><p>Nu trebuie s\u0103 utiliza\u021bi acest site pentru a copia, stoca, g\u0103zdui, transmite, trimite, utiliza, publica sau distribui orice material, care const\u0103 din (sau este legat de) orice spyware, virus de calculator, cal troian, vierme, logger ap\u0103sare de tast\u0103, rootkit sau alt software de calculator r\u0103u inten\u021bionat. Nu trebuie s\u0103 desf\u0103\u0219ura\u021bi activit\u0103\u021bi sistematice sau automatizate de colectare a datelor (inclusiv, dar f\u0103r\u0103 a se limita la extragerea de date, extragerea de date \u0219i recoltarea de date) pe sau \u00een leg\u0103tur\u0103 cu acest site web f\u0103r\u0103 consim\u021b\u0103m\u00e2ntul scris expres al administratorului site-ului web. De asemenea, sunte\u021bi de acord s\u0103 nu utiliza\u021bi niciun material \u00eentr-un mod care \u00eencalc\u0103 orice drepturi de proprietate intelectual\u0103 sau drepturi ale oric\u0103rei p\u0103r\u021bi, s\u0103 nu reproduce\u021bi sau s\u0103 nu utiliza\u021bi \u00een alte publica\u021bii electronice sau tip\u0103rite. Designul grafic \u0219i tehnic \u0219i toate contactele, precum \u0219i imaginile utilizate \u00een aceast\u0103 prezentare online sunt protejate prin drepturi de autor.<\/p><p>De asemenea, sunte\u021bi de acord s\u0103 nu utiliza\u021bi numele de domeniu al site-ului web ca adres\u0103 de e-mail de returnare pseudonim\u0103; s\u0103 nu perturbe, s\u0103 interfereze sau s\u0103 \u00eempiedice orice alt utilizator s\u0103 utilizeze \u0219i s\u0103 se bucure de Site-ul web sau de alte site-uri afiliate sau legate sau de Materiale; \u0219i s\u0103 nu utilizeze niciun material \u00eentr-un mod care \u00eencalc\u0103 orice drepturi de proprietate intelectual\u0103 sau drepturi ale oric\u0103rei p\u0103r\u021bi;<\/p>\t\t\t\t\t\t\t\t<\/div>\n\t\t\t\t<\/div>\n\t\t\t\t<div class=\"elementor-element elementor-element-94c704a elementor-widget elementor-widget-heading\" data-id=\"94c704a\" data-element_type=\"widget\" data-e-type=\"widget\" data-widget_type=\"heading.default\">\n\t\t\t\t<div class=\"elementor-widget-container\">\n\t\t\t\t\t<h4 class=\"elementor-heading-title elementor-size-default\">4. DREPTURILE DE COPYRIGHT \u0218I DREPTURILE DE PROPRIETATE INTELECTUAL\u0102<\/h4>\t\t\t\t<\/div>\n\t\t\t\t<\/div>\n\t\t\t\t<div class=\"elementor-element elementor-element-cbe98bf elementor-widget elementor-widget-text-editor\" data-id=\"cbe98bf\" data-element_type=\"widget\" data-e-type=\"widget\" data-widget_type=\"text-editor.default\">\n\t\t\t\t<div class=\"elementor-widget-container\">\n\t\t\t\t\t\t\t\t\t<p>\u00cen afar\u0103 de con\u021binutul pe care \u00eel de\u021bine\u021bi, pe care este posibil s\u0103 fi optat s\u0103 \u00eel include\u021bi pe acest site, \u00een conformitate cu ace\u0219ti Termeni, Consor\u021biul \u0219i \/ sau licen\u021biatorii s\u0103i de\u021bin toate drepturile asupra materialelor de proprietate intelectual\u0103 con\u021binute \u00een acest site \u0219i toate aceste drepturi sunt rezervate. Consor\u021biul autorizeaz\u0103 utilizatorii s\u0103 copieze \u0219i s\u0103 imprime extrase sau documente de pe acest site numai pentru uz personal, necomercial, cu condi\u021bia ca orice copie sau extras din documentele sau paginile respective ob\u021binute s\u0103 men\u021bin\u0103 toate drepturile de proprietate intelectual\u0103 sau alte notific\u0103ri de proprietate, inclusiv toate clauzele de declinare a responsabilit\u0103\u021bii con\u021binute \u00een acestea. Logoul proiectului nu poate fi utilizat sau reprodus f\u0103r\u0103 acordul prealabil scris al consor\u021biului.<\/p><p>Cu excep\u021bia cazurilor permise de legea drepturilor de autor aplicabil\u0103, nu pute\u021bi reproduce sau comunica niciun con\u021binut de pe acest site, inclusiv fi\u0219ierele care pot fi desc\u0103rcate de pe acest site, f\u0103r\u0103 permisiunea scris\u0103 a proprietarului drepturilor de autor.<\/p>\t\t\t\t\t\t\t\t<\/div>\n\t\t\t\t<\/div>\n\t\t\t\t<div class=\"elementor-element elementor-element-21ba3cf elementor-widget elementor-widget-heading\" data-id=\"21ba3cf\" data-element_type=\"widget\" data-e-type=\"widget\" data-widget_type=\"heading.default\">\n\t\t\t\t<div class=\"elementor-widget-container\">\n\t\t\t\t\t<h4 class=\"elementor-heading-title elementor-size-default\">5. COMERCIALE, NUMELE COMERCIALE \u0218I LOGOS<\/h4>\t\t\t\t<\/div>\n\t\t\t\t<\/div>\n\t\t\t\t<div class=\"elementor-element elementor-element-71b6360 elementor-widget elementor-widget-text-editor\" data-id=\"71b6360\" data-element_type=\"widget\" data-e-type=\"widget\" data-widget_type=\"text-editor.default\">\n\t\t\t\t<div class=\"elementor-widget-container\">\n\t\t\t\t\t\t\t\t\tToate m\u0103rcile comerciale, denumirile comerciale \u0219i logo-urile care apar pe site sunt proprietatea respectivilor proprietari \u0219i sunt protejate de legile interna\u021bionale privind drepturile de autor \u0219i m\u0103rcile comerciale. Sunte\u021bi de acord s\u0103 nu def\u0103ima\u021bi sau s\u0103 def\u0103ima\u021bi Proiectul \u0219i toate m\u0103rcile comerciale, denumirile comerciale sau logo-urile incluse pe Site sau \u00een Materiale. Orice utilizare a oric\u0103reia dintre m\u0103rcile comerciale, denumirile comerciale \u0219i logo-urile care apar pe site f\u0103r\u0103 consim\u021b\u0103m\u00e2ntul scris expres al proprietarului m\u0103rcii comerciale sau al numelui sau logo-ului, dup\u0103 caz, este strict interzis\u0103.\t\t\t\t\t\t\t\t<\/div>\n\t\t\t\t<\/div>\n\t\t\t\t<div class=\"elementor-element elementor-element-4ca326f elementor-widget elementor-widget-heading\" data-id=\"4ca326f\" data-element_type=\"widget\" data-e-type=\"widget\" data-widget_type=\"heading.default\">\n\t\t\t\t<div class=\"elementor-widget-container\">\n\t\t\t\t\t<h4 class=\"elementor-heading-title elementor-size-default\">6. LICEN\u021a\u0102 PENTRU DUMNEAVOASTR\u0102<\/h4>\t\t\t\t<\/div>\n\t\t\t\t<\/div>\n\t\t\t\t<div class=\"elementor-element elementor-element-37a315c elementor-widget elementor-widget-text-editor\" data-id=\"37a315c\" data-element_type=\"widget\" data-e-type=\"widget\" data-widget_type=\"text-editor.default\">\n\t\t\t\t<div class=\"elementor-widget-container\">\n\t\t\t\t\t\t\t\t\t<p>Consor\u021biul v\u0103 acord\u0103 o licen\u021b\u0103 personal\u0103, global\u0103, netransferabil\u0103, scutit\u0103 de redeven\u021be \u0219i neexclusiv\u0103 de a utiliza Site-ul web exclusiv \u00een scopul de a v\u0103 permite s\u0103 utiliza\u021bi \u0219i s\u0103 v\u0103 bucura\u021bi de beneficiile Site-ului web \u0219i ale Materialelor, \u00een modul permis de ace\u0219ti Termeni de utilizare. Nu ave\u021bi dreptul (\u0219i nu ave\u021bi dreptul s\u0103 permite\u021bi nim\u0103nui altcuiva) s\u0103 copieze, s\u0103 aplice ingineria invers\u0103, s\u0103 creeze o lucrare derivat\u0103 sau s\u0103 decompileze sau s\u0103 \u00eencerce \u00een alt mod s\u0103 extrag\u0103 codul surs\u0103 al site-ului web sau orice parte a acestuia, cu excep\u021bia cazului \u00een care acest lucru este permis sau impus \u00een mod expres de lege sau cu excep\u021bia cazului \u00een care vi s-a permis \u00een mod expres s\u0103 face\u021bi acest lucru de c\u0103tre administratorul site-ului web. Cu excep\u021bia cazului \u00een care administratorul site-ului v-a dat permisiunea scris\u0103 de a face acest lucru, nu pute\u021bi<\/p><ul><li>s\u0103 atribui\u021bi (sau s\u0103 acorda\u021bi o sublicen\u021b\u0103) drepturilor dvs. de a utiliza Site-ul web sau Materialele,<\/li><li>acorda\u021bi un interes de securitate asupra sau asupra drepturilor dvs. de utilizare a site-ului web sau a materialelor sau transfera\u021bi \u00een alt mod oricare dintre drepturile dvs. de utilizare a acestora.<\/li><\/ul>\t\t\t\t\t\t\t\t<\/div>\n\t\t\t\t<\/div>\n\t\t\t\t<div class=\"elementor-element elementor-element-1251413 elementor-widget elementor-widget-heading\" data-id=\"1251413\" data-element_type=\"widget\" data-e-type=\"widget\" data-widget_type=\"heading.default\">\n\t\t\t\t<div class=\"elementor-widget-container\">\n\t\t\t\t\t<h4 class=\"elementor-heading-title elementor-size-default\">7. Link-uri c\u0103tre alte site-uri de internet<\/h4>\t\t\t\t<\/div>\n\t\t\t\t<\/div>\n\t\t\t\t<div class=\"elementor-element elementor-element-b5adf43 elementor-widget elementor-widget-text-editor\" data-id=\"b5adf43\" data-element_type=\"widget\" data-e-type=\"widget\" data-widget_type=\"text-editor.default\">\n\t\t\t\t<div class=\"elementor-widget-container\">\n\t\t\t\t\t\t\t\t\tSite-ul poate con\u021bine link-uri c\u0103tre alte site-uri \u0219i servicii de internet care sunt operate \u0219i \u00eentre\u021binute de ter\u021be p\u0103r\u021bi sau de afilia\u021bii s\u0103i. Recunoa\u0219te\u021bi, \u00een\u021belege\u021bi \u0219i sunte\u021bi de acord c\u0103 Administratorul site-ului nu va fi responsabil sau r\u0103spunz\u0103tor, direct sau indirect, pentru orice pagub\u0103 sau pierdere cauzat\u0103 sau presupus\u0103 a fi cauzat\u0103 de sau \u00een leg\u0103tur\u0103 cu utilizarea sau dependen\u021ba de orice astfel de con\u021binut, produse sau servicii disponibile pe astfel de alte site-uri.\n\t\t\t\t\t\t\t\t<\/div>\n\t\t\t\t<\/div>\n\t\t\t\t<div class=\"elementor-element elementor-element-61d5e43 elementor-widget elementor-widget-heading\" data-id=\"61d5e43\" data-element_type=\"widget\" data-e-type=\"widget\" data-widget_type=\"heading.default\">\n\t\t\t\t<div class=\"elementor-widget-container\">\n\t\t\t\t\t<h4 class=\"elementor-heading-title elementor-size-default\">8. Modific\u0103ri<\/h4>\t\t\t\t<\/div>\n\t\t\t\t<\/div>\n\t\t\t\t<div class=\"elementor-element elementor-element-e547e4a elementor-widget elementor-widget-text-editor\" data-id=\"e547e4a\" data-element_type=\"widget\" data-e-type=\"widget\" data-widget_type=\"text-editor.default\">\n\t\t\t\t<div class=\"elementor-widget-container\">\n\t\t\t\t\t\t\t\t\tAdministratorul Site-ului \u00ee\u0219i rezerv\u0103 dreptul de a modifica, suspenda sau \u00eentrerupe orice parte a Site-ului \u0219i a Materialelor \u00een orice moment, cu sau f\u0103r\u0103 notificare. Administratorul site-ului \u00ee\u0219i rezerv\u0103 dreptul de a modifica orice parte a acestor Termeni de utilizare \u00een orice moment. Orice modific\u0103ri vor intra \u00een vigoare la postarea pe site. Sunte\u021bi de acord s\u0103 revizui\u021bi periodic ace\u0219ti Termeni de utilizare, astfel \u00eenc\u00e2t s\u0103 fi\u021bi con\u0219tien\u021bi de orice astfel de modific\u0103ri. Utilizarea \u00een continuare a site-ului dup\u0103 ce orice astfel de modific\u0103ri au fost postate va fi considerat\u0103 acceptarea de c\u0103tre dvs. a oric\u0103ror modific\u0103ri ale Termenilor de utilizare. Dac\u0103, \u00een orice moment, Termenii de utilizare nu sunt acceptabili pentru dvs., trebuie s\u0103 \u00eenceta\u021bi imediat utilizarea site-ului web. Sunte\u021bi de acord c\u0103 standardul men\u021bionat mai sus pentru notificarea modific\u0103rilor este rezonabil.\n\t\t\t\t\t\t\t\t<\/div>\n\t\t\t\t<\/div>\n\t\t\t\t<div class=\"elementor-element elementor-element-638682a elementor-widget elementor-widget-heading\" data-id=\"638682a\" data-element_type=\"widget\" data-e-type=\"widget\" data-widget_type=\"heading.default\">\n\t\t\t\t<div class=\"elementor-widget-container\">\n\t\t\t\t\t<h4 class=\"elementor-heading-title elementor-size-default\">9. Limitarea r\u0103spunderii<\/h4>\t\t\t\t<\/div>\n\t\t\t\t<\/div>\n\t\t\t\t<div class=\"elementor-element elementor-element-c2a7c6a elementor-widget elementor-widget-text-editor\" data-id=\"c2a7c6a\" data-element_type=\"widget\" data-e-type=\"widget\" data-widget_type=\"text-editor.default\">\n\t\t\t\t<div class=\"elementor-widget-container\">\n\t\t\t\t\t\t\t\t\tAdministratorul Site-ului nu \u00ee\u0219i asum\u0103 nicio r\u0103spundere pentru nicio daun\u0103 direct\u0103, indirect\u0103, incidental\u0103 sau subsecvent\u0103 care poate fi cauzat\u0103 de utilizarea incorect\u0103 a Site-ului de c\u0103tre Utilizatori sau de orice erori, e\u0219ecuri, defecte sau \u00eent\u00e2rzieri \u00een func\u021bionarea Site-ului sau \u00een transmiterea informa\u021biilor pe Internet prin intermediul acestui Site.\n\t\t\t\t\t\t\t\t<\/div>\n\t\t\t\t<\/div>\n\t\t\t\t<div class=\"elementor-element elementor-element-f4d303c elementor-widget elementor-widget-heading\" data-id=\"f4d303c\" data-element_type=\"widget\" data-e-type=\"widget\" data-widget_type=\"heading.default\">\n\t\t\t\t<div class=\"elementor-widget-container\">\n\t\t\t\t\t<h4 class=\"elementor-heading-title elementor-size-default\">10. JURISDIC\u021aIE<\/h4>\t\t\t\t<\/div>\n\t\t\t\t<\/div>\n\t\t\t\t<div class=\"elementor-element elementor-element-c70fafa elementor-widget elementor-widget-text-editor\" data-id=\"c70fafa\" data-element_type=\"widget\" data-e-type=\"widget\" data-widget_type=\"text-editor.default\">\n\t\t\t\t<div class=\"elementor-widget-container\">\n\t\t\t\t\t\t\t\t\tPrin accesarea acestui site \u0219i a materialelor, sunte\u021bi de acord c\u0103 toate aspectele legate de accesul sau utilizarea acestora vor fi guvernate de statutele \u0219i legile din Irlanda \u0219i Uniunea European\u0103, f\u0103r\u0103 a respecta principiile conflictelor de legi. Orice litigii care decurg din utilizarea acestui site vor fi supuse jurisdic\u021biei exclusive a instan\u021belor din Dublin, Irlanda.\n\t\t\t\t\t\t\t\t<\/div>\n\t\t\t\t<\/div>\n\t\t\t\t<div class=\"elementor-element elementor-element-6f17ea8 elementor-widget elementor-widget-heading\" data-id=\"6f17ea8\" data-element_type=\"widget\" data-e-type=\"widget\" data-widget_type=\"heading.default\">\n\t\t\t\t<div class=\"elementor-widget-container\">\n\t\t\t\t\t<h4 class=\"elementor-heading-title elementor-size-default\">11. Generalit\u0103\u021bi<\/h4>\t\t\t\t<\/div>\n\t\t\t\t<\/div>\n\t\t\t\t<div class=\"elementor-element elementor-element-4d1604d elementor-widget elementor-widget-text-editor\" data-id=\"4d1604d\" data-element_type=\"widget\" data-e-type=\"widget\" data-widget_type=\"text-editor.default\">\n\t\t\t\t<div class=\"elementor-widget-container\">\n\t\t\t\t\t\t\t\t\t<p>Ace\u0219ti Termeni de utilizare vor fi guverna\u021bi \u0219i interpreta\u021bi \u00een conformitate cu legile din Rom\u00e2nia, f\u0103r\u0103 a \u021bine seama de principiile sale de conflict de legi. Performan\u021ba administratorului site-ului web \u00een ceea ce prive\u0219te ace\u0219ti termeni de utilizare face obiectul legilor \u0219i procedurilor legale existente \u0219i nimic din ace\u0219ti termeni de utilizare nu derog\u0103 de la dreptul coordonatorului de a se conforma cererilor autorit\u0103\u021bilor de aplicare a legii sau cerin\u021belor referitoare la utilizarea de c\u0103tre dvs. a site-ului web sau a informa\u021biilor furnizate sau colectate de administratorul site-ului web cu privire la o astfel de utilizare. Dac\u0103 orice prevedere a acestor Termeni de utilizare va fi ilegal\u0103, nul\u0103 sau inaplicabil\u0103 din orice motiv, atunci acea prevedere va fi considerat\u0103 separabil\u0103 de ace\u0219ti Termeni de utilizare \u0219i nu va afecta valabilitatea \u0219i aplicabilitatea oric\u0103ror prevederi r\u0103mase. Ace\u0219ti Termeni de utilizare constituie \u00eentregul acord \u00eentre p\u0103r\u021bi cu privire la obiectul prezentului document \u0219i \u00eenlocuiesc toate comunic\u0103rile anterioare sau contemporane, orale sau scrise.<\/p>\t\t\t\t\t\t\t\t<\/div>\n\t\t\t\t<\/div>\n\t\t\t\t\t<\/div>\n\t\t\t\t<\/div>\n\t\t\t\t<\/div>","protected":false},"excerpt":{"rendered":"<p>Bine a\u021bi venit pe site-ul nostru.Accesul \u0219i utilizarea acestui site se supun acestor Termeni de utilizare a site-ului. V\u0103 rug\u0103m s\u0103 le citi\u021bi cu aten\u021bie \u00eenainte de a accesa sau utiliza acest site. 1. DEFINI\u021aII AI4Debunk (Instrumente participative asistate bazate pe IA pentru sprijinirea activit\u0103\u021bii online fiabile a cet\u0103\u021benilor \u0219i demascarea dezinform\u0103rii), denumit \u00een continuare \u201eproiectul\u201d, este [\u2026]<\/p>","protected":false},"author":6,"featured_media":0,"parent":0,"menu_order":0,"comment_status":"closed","ping_status":"closed","template":"","meta":{"_acf_changed":false,"footnotes":""},"class_list":["post-209","page","type-page","status-publish","hentry"],"acf":[],"_links":{"self":[{"href":"https:\/\/ai4debunk.eu\/ro\/wp-json\/wp\/v2\/pages\/209","targetHints":{"allow":["GET"]}}],"collection":[{"href":"https:\/\/ai4debunk.eu\/ro\/wp-json\/wp\/v2\/pages"}],"about":[{"href":"https:\/\/ai4debunk.eu\/ro\/wp-json\/wp\/v2\/types\/page"}],"author":[{"embeddable":true,"href":"https:\/\/ai4debunk.eu\/ro\/wp-json\/wp\/v2\/users\/6"}],"replies":[{"embeddable":true,"href":"https:\/\/ai4debunk.eu\/ro\/wp-json\/wp\/v2\/comments?post=209"}],"version-history":[{"count":5,"href":"https:\/\/ai4debunk.eu\/ro\/wp-json\/wp\/v2\/pages\/209\/revisions"}],"predecessor-version":[{"id":2187,"href":"https:\/\/ai4debunk.eu\/ro\/wp-json\/wp\/v2\/pages\/209\/revisions\/2187"}],"wp:attachment":[{"href":"https:\/\/ai4debunk.eu\/ro\/wp-json\/wp\/v2\/media?parent=209"}],"curies":[{"name":"wp","href":"https:\/\/api.w.org\/{rel}","templated":true}]}}