{"id":1336,"date":"2024-03-11T16:12:18","date_gmt":"2024-03-11T16:12:18","guid":{"rendered":"https:\/\/ai4debunk.eu\/?page_id=1336"},"modified":"2024-04-11T10:07:05","modified_gmt":"2024-04-11T10:07:05","slug":"cookie-policy","status":"publish","type":"page","link":"https:\/\/ai4debunk.eu\/sk\/cookie-policy\/","title":{"rendered":"Z\u00e1sady pou\u017e\u00edvania s\u00faborov cookie"},"content":{"rendered":"<div data-elementor-type=\"wp-page\" data-elementor-id=\"1336\" class=\"elementor elementor-1336\" data-elementor-post-type=\"page\">\n\t\t\t\t<div class=\"elementor-element elementor-element-372ece9 e-flex e-con-boxed e-con e-parent\" data-id=\"372ece9\" data-element_type=\"container\" data-e-type=\"container\">\n\t\t\t\t\t<div class=\"e-con-inner\">\n\t\t\t\t<div class=\"elementor-element elementor-element-af6f42a elementor-widget elementor-widget-heading\" data-id=\"af6f42a\" data-element_type=\"widget\" data-e-type=\"widget\" data-widget_type=\"heading.default\">\n\t\t\t\t<div class=\"elementor-widget-container\">\n\t\t\t\t\t<h1 class=\"elementor-heading-title elementor-size-default\">Z\u00e1sady pou\u017e\u00edvania s\u00faborov cookie<\/h1>\t\t\t\t<\/div>\n\t\t\t\t<\/div>\n\t\t\t\t<div class=\"elementor-element elementor-element-2b13c41 elementor-widget elementor-widget-text-editor\" data-id=\"2b13c41\" data-element_type=\"widget\" data-e-type=\"widget\" data-widget_type=\"text-editor.default\">\n\t\t\t\t<div class=\"elementor-widget-container\">\n\t\t\t\t\t\t\t\t\t<p>T\u00e1to webov\u00e1 str\u00e1nka pou\u017e\u00edva cookies. Pou\u017e\u00edvame cookies, aby sme zabezpe\u010dili, \u017ee v\u00e1m poskytneme najlep\u0161ie sk\u00fasenosti na na\u0161ich webov\u00fdch str\u00e1nkach. Pre\u010d\u00edtajte si tie\u017e na\u0161e <a href=\"https:\/\/ai4debunk.eu\/sk\/terms-of-use\/\">Podmienky pou\u017e\u00edvania<\/a> &amp; <a href=\"https:\/\/ai4debunk.eu\/sk\/privacy-policy\/\">Z\u00e1sady ochrany osobn\u00fdch \u00fadajov<\/a> ktor\u00e1 upravuje pou\u017e\u00edvanie tejto str\u00e1nky. S\u00fabory cookie s\u00fa mal\u00e9 textov\u00e9 s\u00fabory, ktor\u00e9 m\u00f4\u017eu webov\u00e9 s\u00eddla pou\u017e\u00edva\u0165 na zefekt\u00edvnenie z\u00e1\u017eitku pou\u017e\u00edvate\u013ea. Z\u00e1kon stanovuje, \u017ee m\u00f4\u017eeme uklada\u0165 s\u00fabory cookie na va\u0161om zariaden\u00ed, ak s\u00fa nevyhnutne potrebn\u00e9 na prev\u00e1dzku tejto str\u00e1nky.<br \/>Pre v\u0161etky ostatn\u00e9 typy cookies potrebujeme v\u00e1\u0161 s\u00fahlas. T\u00e1to str\u00e1nka pou\u017e\u00edva r\u00f4zne typy cookies. Niektor\u00e9 s\u00fabory cookie s\u00fa umiestnen\u00e9 slu\u017ebami tret\u00edch str\u00e1n, ktor\u00e9 sa zobrazuj\u00fa na na\u0161ich str\u00e1nkach. Svoj s\u00fahlas m\u00f4\u017eete kedyko\u013evek zmeni\u0165 alebo odvola\u0165 z Vyhl\u00e1senia o pou\u017e\u00edvan\u00ed s\u00faborov cookie na na\u0161ej webovej str\u00e1nke. Pre\u010d\u00edtajte si viac o tom, kto sme, ako n\u00e1s m\u00f4\u017eete kontaktova\u0165 a ako sprac\u00favame osobn\u00e9 \u00fadaje v na\u0161ej spolo\u010dnosti. <a href=\"https:\/\/ai4debunk.eu\/sk\/privacy-policy\/\">Z\u00e1sady ochrany osobn\u00fdch \u00fadajov<\/a>.<\/p>\t\t\t\t\t\t\t\t<\/div>\n\t\t\t\t<\/div>\n\t\t\t\t<div class=\"elementor-element elementor-element-fd7345b elementor-widget elementor-widget-html\" data-id=\"fd7345b\" data-element_type=\"widget\" data-e-type=\"widget\" data-widget_type=\"html.default\">\n\t\t\t\t<div class=\"elementor-widget-container\">\n\t\t\t\t\t<div class=\"cky-audit-table-element\"><\/div>\t\t\t\t<\/div>\n\t\t\t\t<\/div>\n\t\t\t\t\t<\/div>\n\t\t\t\t<\/div>\n\t\t\t\t<\/div>","protected":false},"excerpt":{"rendered":"<p>Z\u00e1sady pou\u017e\u00edvania s\u00faborov cookie T\u00e1to webov\u00e1 str\u00e1nka pou\u017e\u00edva s\u00fabory cookie. Pou\u017e\u00edvame cookies, aby sme zabezpe\u010dili, \u017ee v\u00e1m poskytneme najlep\u0161ie sk\u00fasenosti na na\u0161ich webov\u00fdch str\u00e1nkach. Pre\u010d\u00edtajte si tie\u017e na\u0161e Podmienky pou\u017e\u00edvania &amp; Z\u00e1sady ochrany osobn\u00fdch \u00fadajov, ktor\u00e9 upravuj\u00fa pou\u017e\u00edvanie tejto str\u00e1nky. S\u00fabory cookie s\u00fa mal\u00e9 textov\u00e9 s\u00fabory, ktor\u00e9 m\u00f4\u017eu webov\u00e9 str\u00e1nky pou\u017e\u00edva\u0165 na zlep\u0161enie z\u00e1\u017eitku pou\u017e\u00edvate\u013ea [\u2026]<\/p>","protected":false},"author":6,"featured_media":0,"parent":0,"menu_order":0,"comment_status":"closed","ping_status":"closed","template":"","meta":{"_acf_changed":false,"footnotes":""},"class_list":["post-1336","page","type-page","status-publish","hentry"],"acf":[],"_links":{"self":[{"href":"https:\/\/ai4debunk.eu\/sk\/wp-json\/wp\/v2\/pages\/1336","targetHints":{"allow":["GET"]}}],"collection":[{"href":"https:\/\/ai4debunk.eu\/sk\/wp-json\/wp\/v2\/pages"}],"about":[{"href":"https:\/\/ai4debunk.eu\/sk\/wp-json\/wp\/v2\/types\/page"}],"author":[{"embeddable":true,"href":"https:\/\/ai4debunk.eu\/sk\/wp-json\/wp\/v2\/users\/6"}],"replies":[{"embeddable":true,"href":"https:\/\/ai4debunk.eu\/sk\/wp-json\/wp\/v2\/comments?post=1336"}],"version-history":[{"count":5,"href":"https:\/\/ai4debunk.eu\/sk\/wp-json\/wp\/v2\/pages\/1336\/revisions"}],"predecessor-version":[{"id":1469,"href":"https:\/\/ai4debunk.eu\/sk\/wp-json\/wp\/v2\/pages\/1336\/revisions\/1469"}],"wp:attachment":[{"href":"https:\/\/ai4debunk.eu\/sk\/wp-json\/wp\/v2\/media?parent=1336"}],"curies":[{"name":"wp","href":"https:\/\/api.w.org\/{rel}","templated":true}]}}