{"id":209,"date":"2024-03-05T16:33:00","date_gmt":"2024-03-05T16:33:00","guid":{"rendered":"https:\/\/ai4debunk.eu\/?page_id=209"},"modified":"2024-09-19T15:01:38","modified_gmt":"2024-09-19T15:01:38","slug":"terms-of-use","status":"publish","type":"page","link":"https:\/\/ai4debunk.eu\/sk\/terms-of-use\/","title":{"rendered":"Podmienky pou\u017e\u00edvania"},"content":{"rendered":"<div data-elementor-type=\"wp-page\" data-elementor-id=\"209\" class=\"elementor elementor-209\" data-elementor-post-type=\"page\">\n\t\t\t\t<div class=\"elementor-element elementor-element-89ce4c8 e-flex e-con-boxed e-con e-parent\" data-id=\"89ce4c8\" data-element_type=\"container\" data-e-type=\"container\">\n\t\t\t\t\t<div class=\"e-con-inner\">\n\t\t\t\t<div class=\"elementor-element elementor-element-c470af8 elementor-widget elementor-widget-heading\" data-id=\"c470af8\" data-element_type=\"widget\" data-e-type=\"widget\" data-widget_type=\"heading.default\">\n\t\t\t\t<div class=\"elementor-widget-container\">\n\t\t\t\t\t<h1 class=\"elementor-heading-title elementor-size-default\">Podmienky pou\u017e\u00edvania\n<\/h1>\t\t\t\t<\/div>\n\t\t\t\t<\/div>\n\t\t\t\t<div class=\"elementor-element elementor-element-9834e64 elementor-widget elementor-widget-text-editor\" data-id=\"9834e64\" data-element_type=\"widget\" data-e-type=\"widget\" data-widget_type=\"text-editor.default\">\n\t\t\t\t<div class=\"elementor-widget-container\">\n\t\t\t\t\t\t\t\t\t<p>Vitajte na na\u0161ej webovej str\u00e1nke.<br \/>V\u00e1\u0161 pr\u00edstup a pou\u017e\u00edvanie tejto webovej str\u00e1nky podlieha t\u00fdmto Podmienkam pou\u017e\u00edvania webovej str\u00e1nky. Pred pr\u00edstupom alebo pou\u017e\u00edvan\u00edm tejto webovej str\u00e1nky si ich pozorne pre\u010d\u00edtajte.<\/p>\t\t\t\t\t\t\t\t<\/div>\n\t\t\t\t<\/div>\n\t\t\t\t<div class=\"elementor-element elementor-element-112fa17 elementor-widget elementor-widget-heading\" data-id=\"112fa17\" data-element_type=\"widget\" data-e-type=\"widget\" data-widget_type=\"heading.default\">\n\t\t\t\t<div class=\"elementor-widget-container\">\n\t\t\t\t\t<h4 class=\"elementor-heading-title elementor-size-default\">1. VYMEDZENIE POJMOV<\/h4>\t\t\t\t<\/div>\n\t\t\t\t<\/div>\n\t\t\t\t<div class=\"elementor-element elementor-element-e1cdef7 elementor-widget elementor-widget-text-editor\" data-id=\"e1cdef7\" data-element_type=\"widget\" data-e-type=\"widget\" data-widget_type=\"text-editor.default\">\n\t\t\t\t<div class=\"elementor-widget-container\">\n\t\t\t\t\t\t\t\t\t<p>AI4Debunk (Participative Assistive AI-powered Tools for Supporting Trustworthy Online Activity of Citizens and Debunking Disinformation \u2013 participat\u00edvne asisten\u010dn\u00e9 n\u00e1stroje zalo\u017een\u00e9 na umelej inteligencii na podporu d\u00f4veryhodnej online aktivity ob\u010danov a odha\u013eovanie dezinform\u00e1ci\u00ed), \u010falej len \u201eprojekt\u201c, je 48-mesa\u010dn\u00fd projekt IA, ktor\u00fd sa zaober\u00e1 t\u00e9mou HORIZON-CL4-2023-HUMAN-01-CNECT.<\/p><p>Pojem \u201ekonzorcium\u201c sa vz\u0165ahuje na v\u0161etk\u00fdch signat\u00e1rov dohody o grante 101135757 s v\u00fdnimkou Eur\u00f3pskej komisie, ktor\u00ed m\u00f4\u017eu ma\u0165 jedin\u00e9 alebo spolo\u010dn\u00e9 pr\u00e1va du\u0161evn\u00e9ho vlastn\u00edctva v s\u00favislosti s v\u00fdsledkami projektu.<\/p><p>Pojem \u201emateri\u00e1ly\u201c sa vz\u0165ahuje na v\u0161etky inform\u00e1cie, obsah, \u00fadaje, dokumenty (napr. biele knihy, bro\u017e\u00fary, technick\u00e9 listy, \u010dasto kladen\u00e9 ot\u00e1zky, \u0161abl\u00f3ny, tla\u010dov\u00e9 spr\u00e1vy at\u010f.), s\u00fabory na stiahnutie, s\u00fabory, text, obr\u00e1zky, fotografie, grafiky, vide\u00e1, internetov\u00e9 vysielanie, publik\u00e1cie, n\u00e1stroje, zdroje, softv\u00e9r, k\u00f3d, programy, aplik\u00e1cie a produkty spr\u00edstupnen\u00e9 alebo povolen\u00e9 prostredn\u00edctvom webovej str\u00e1nky.<\/p><p>Pojem \u201espr\u00e1vca webov\u00fdch str\u00e1nok\u201c, inak uveden\u00fd ako \u201emy\u201c alebo \u201emy\u201c, sa vz\u0165ahuje na subjekt zodpovedn\u00fd za vytvorenie a spr\u00e1vu webov\u00fdch str\u00e1nok. <a href=\"https:\/\/ai4debunk.eu\/sk\/\"><span style=\"color: #ae46ff;\">https:\/\/ai4debunk.eu<\/span><\/a> (\u010falej spolo\u010dne len \u201ewebov\u00e1 str\u00e1nka\u201c) s cie\u013eom poskytova\u0165 inform\u00e1cie svojim pou\u017e\u00edvate\u013eom.Dohoda o grante 101135757 pripisuje spolo\u010dnosti F6S Network Ireland Limited (<span style=\"color: #ae46ff;\"><a style=\"color: #ae46ff;\" href=\"http:\/\/www.f6s.com\" target=\"_blank\" rel=\"noopener\">www.f6s.com<\/a><\/span>) \u00faloha spr\u00e1vcu webov\u00fdch str\u00e1nok, teda F6S Network Ireland Limited je prev\u00e1dzkovate\u013eom webov\u00fdch str\u00e1nok.<\/p><p>Pojem \u201evy\u201c sa vz\u0165ahuje na n\u00e1v\u0161tevn\u00edka na\u0161ej webovej str\u00e1nky.<\/p>\t\t\t\t\t\t\t\t<\/div>\n\t\t\t\t<\/div>\n\t\t\t\t<div class=\"elementor-element elementor-element-65a84db elementor-widget elementor-widget-heading\" data-id=\"65a84db\" data-element_type=\"widget\" data-e-type=\"widget\" data-widget_type=\"heading.default\">\n\t\t\t\t<div class=\"elementor-widget-container\">\n\t\t\t\t\t<h4 class=\"elementor-heading-title elementor-size-default\">2. ROZSAH<\/h4>\t\t\t\t<\/div>\n\t\t\t\t<\/div>\n\t\t\t\t<div class=\"elementor-element elementor-element-b717931 elementor-widget elementor-widget-text-editor\" data-id=\"b717931\" data-element_type=\"widget\" data-e-type=\"widget\" data-widget_type=\"text-editor.default\">\n\t\t\t\t<div class=\"elementor-widget-container\">\n\t\t\t\t\t\t\t\t\tTieto podmienky pou\u017e\u00edvania webovej str\u00e1nky (\u010falej len \u201epodmienky\u201c alebo \u201epodmienky pou\u017e\u00edvania webovej str\u00e1nky\u201c), ktor\u00e9 s\u00fa tu uveden\u00e9, sa vz\u0165ahuj\u00fa na va\u0161e pou\u017e\u00edvanie tejto webovej str\u00e1nky vr\u00e1tane v\u0161etk\u00fdch str\u00e1nok na tejto webovej str\u00e1nke. Tieto podmienky platia v plnej platnosti a \u00fa\u010dinnosti pre va\u0161e pou\u017e\u00edvanie tejto webovej str\u00e1nky a pou\u017e\u00edvan\u00edm tejto webovej str\u00e1nky v\u00fdslovne s\u00fahlas\u00edte so v\u0161etk\u00fdmi podmienkami obsiahnut\u00fdmi v tomto dokumente v plnom rozsahu. T\u00fato webov\u00fa str\u00e1nku nesmiete pou\u017e\u00edva\u0165, ak m\u00e1te ak\u00e9ko\u013evek n\u00e1mietky vo\u010di ktorejko\u013evek z t\u00fdchto Podmienok pou\u017e\u00edvania webovej str\u00e1nky.\n\t\t\t\t\t\t\t\t<\/div>\n\t\t\t\t<\/div>\n\t\t\t\t<div class=\"elementor-element elementor-element-827f9c4 elementor-widget elementor-widget-heading\" data-id=\"827f9c4\" data-element_type=\"widget\" data-e-type=\"widget\" data-widget_type=\"heading.default\">\n\t\t\t\t<div class=\"elementor-widget-container\">\n\t\t\t\t\t<h4 class=\"elementor-heading-title elementor-size-default\">3. Va\u0161e pou\u017e\u00edvanie webovej str\u00e1nky<\/h4>\t\t\t\t<\/div>\n\t\t\t\t<\/div>\n\t\t\t\t<div class=\"elementor-element elementor-element-ee7b3ce elementor-widget elementor-widget-text-editor\" data-id=\"ee7b3ce\" data-element_type=\"widget\" data-e-type=\"widget\" data-widget_type=\"text-editor.default\">\n\t\t\t\t<div class=\"elementor-widget-container\">\n\t\t\t\t\t\t\t\t\t<p>S\u00fahlas\u00edte s t\u00fdm, \u017ee budete pou\u017e\u00edva\u0165 webov\u00fa str\u00e1nku a jej obsah len na \u00fa\u010dely, ktor\u00e9 s\u00fa povolen\u00e9 podmienkami pou\u017e\u00edvania a ak\u00fdmiko\u013evek platn\u00fdmi z\u00e1konmi, predpismi alebo v\u0161eobecne uzn\u00e1van\u00fdmi postupmi alebo usmerneniami v pr\u00edslu\u0161n\u00fdch jurisdikci\u00e1ch.<\/p><p>Konkr\u00e9tne s\u00fahlas\u00edte s t\u00fdm, \u017ee nebudete pristupova\u0165 (alebo sa pok\u00fa\u0161a\u0165 o pr\u00edstup) k \u017eiadnemu z materi\u00e1lov prostredn\u00edctvom ak\u00fdchko\u013evek automatizovan\u00fdch prostriedkov (vr\u00e1tane pou\u017eitia skriptov alebo webov\u00fdch preh\u013ead\u00e1va\u010dov) alebo hackovan\u00edm, h\u013abkovou anal\u00fdzou hesiel alebo in\u00fdmi prostriedkami. S\u00fahlas\u00edte s t\u00fdm, \u017ee nebudete vykon\u00e1va\u0165 \u017eiadnu \u010dinnos\u0165, ktor\u00e1 zasahuje alebo nar\u00fa\u0161a webov\u00fa str\u00e1nku (alebo servery a siete, ktor\u00e9 s\u00fa pripojen\u00e9 alebo pr\u00edstupn\u00e9 prostredn\u00edctvom webovej str\u00e1nky).<br \/>S\u00fahlas\u00edte tie\u017e s t\u00fdm, \u017ee budete pou\u017e\u00edva\u0165 funkcie dostupn\u00e9 na webovej str\u00e1nke len na pr\u00edstup, s\u0165ahovanie, pou\u017e\u00edvanie, uverej\u0148ovanie, odosielanie alebo prij\u00edmanie materi\u00e1lov vhodn\u00fdm sp\u00f4sobom.<\/p><p>M\u00f4\u017eete si prezera\u0165, s\u0165ahova\u0165 iba na \u00fa\u010dely ukladania do vyrovn\u00e1vacej pam\u00e4te a tla\u010di\u0165 materi\u00e1l z webovej str\u00e1nky na vlastn\u00e9 osobn\u00e9 pou\u017eitie, s v\u00fdhradou obmedzen\u00ed uveden\u00fdch ni\u017e\u0161ie a inde v t\u00fdchto podmienkach.<\/p><p>Nesmiete pou\u017e\u00edva\u0165 t\u00fato webov\u00fa str\u00e1nku na kop\u00edrovanie, ukladanie, hos\u0165ovanie, prenos, odosielanie, pou\u017e\u00edvanie, publikovanie alebo distrib\u00faciu ak\u00e9hoko\u013evek materi\u00e1lu, ktor\u00fd sa sklad\u00e1 z ak\u00e9hoko\u013evek spyware, po\u010d\u00edta\u010dov\u00e9ho v\u00edrusu, tr\u00f3jskeho ko\u0148a, \u010derva, z\u00e1znamn\u00edka stla\u010den\u00ed kl\u00e1vesov, rootkitu alebo in\u00e9ho \u0161kodliv\u00e9ho po\u010d\u00edta\u010dov\u00e9ho softv\u00e9ru (alebo je s n\u00edm prepojen\u00fd). Bez v\u00fdslovn\u00e9ho p\u00edsomn\u00e9ho s\u00fahlasu spr\u00e1vcu webov\u00fdch str\u00e1nok nesmiete na tejto webovej str\u00e1nke alebo v s\u00favislosti s \u0148ou vykon\u00e1va\u0165 \u017eiadne systematick\u00e9 alebo automatizovan\u00e9 \u010dinnosti zberu \u00fadajov (vr\u00e1tane, ale nie v\u00fdlu\u010dne, zberu, h\u013abkovej anal\u00fdzy \u00fadajov, extrakcie a zberu \u00fadajov). S\u00fahlas\u00edte tie\u017e s t\u00fdm, \u017ee nebudete pou\u017e\u00edva\u0165 \u017eiadne materi\u00e1ly sp\u00f4sobom, ktor\u00fd poru\u0161uje ak\u00e9ko\u013evek pr\u00e1va du\u0161evn\u00e9ho vlastn\u00edctva alebo pr\u00e1va ktorejko\u013evek strany, nebudete reprodukova\u0165 ani pou\u017e\u00edva\u0165 v in\u00fdch elektronick\u00fdch alebo tla\u010den\u00fdch publik\u00e1ci\u00e1ch. Grafick\u00fd, ako aj technick\u00fd dizajn a v\u0161etky kontakty, ako aj obr\u00e1zky pou\u017eit\u00e9 v tejto online prezent\u00e1cii s\u00fa chr\u00e1nen\u00e9 autorsk\u00fdm pr\u00e1vom.<\/p><p>S\u00fahlas\u00edte tie\u017e s t\u00fdm, \u017ee n\u00e1zov dom\u00e9ny webov\u00e9ho s\u00eddla nebudete pou\u017e\u00edva\u0165 ako pseudonymn\u00fa sp\u00e4tn\u00fa e-mailov\u00fa adresu; nenaru\u0161ova\u0165, nezasahova\u0165 ani nebr\u00e1ni\u0165 \u017eiadnemu in\u00e9mu pou\u017e\u00edvate\u013eovi pou\u017e\u00edva\u0165 a u\u017e\u00edva\u0165 si webov\u00fa str\u00e1nku alebo in\u00e9 pridru\u017een\u00e9 alebo prepojen\u00e9 str\u00e1nky alebo materi\u00e1ly; a nepou\u017e\u00edva\u0165 \u017eiadne materi\u00e1ly sp\u00f4sobom, ktor\u00fd poru\u0161uje ak\u00e9ko\u013evek pr\u00e1va du\u0161evn\u00e9ho vlastn\u00edctva alebo pr\u00e1va ktorejko\u013evek strany;<\/p>\t\t\t\t\t\t\t\t<\/div>\n\t\t\t\t<\/div>\n\t\t\t\t<div class=\"elementor-element elementor-element-94c704a elementor-widget elementor-widget-heading\" data-id=\"94c704a\" data-element_type=\"widget\" data-e-type=\"widget\" data-widget_type=\"heading.default\">\n\t\t\t\t<div class=\"elementor-widget-container\">\n\t\t\t\t\t<h4 class=\"elementor-heading-title elementor-size-default\">4. Pr\u00e1va du\u0161evn\u00e9ho vlastn\u00edctva<\/h4>\t\t\t\t<\/div>\n\t\t\t\t<\/div>\n\t\t\t\t<div class=\"elementor-element elementor-element-cbe98bf elementor-widget elementor-widget-text-editor\" data-id=\"cbe98bf\" data-element_type=\"widget\" data-e-type=\"widget\" data-widget_type=\"text-editor.default\">\n\t\t\t\t<div class=\"elementor-widget-container\">\n\t\t\t\t\t\t\t\t\t<p>Okrem obsahu, ktor\u00fd vlastn\u00edte a ktor\u00fd ste sa rozhodli zahrn\u00fa\u0165 na t\u00fato webov\u00fa str\u00e1nku, pod\u013ea t\u00fdchto podmienok konzorcium a\/alebo jeho poskytovatelia licenci\u00ed vlastnia v\u0161etky pr\u00e1va na materi\u00e1l du\u0161evn\u00e9ho vlastn\u00edctva obsiahnut\u00fd na tejto webovej str\u00e1nke a v\u0161etky tak\u00e9to pr\u00e1va s\u00fa vyhraden\u00e9. Konzorcium opr\u00e1v\u0148uje pou\u017e\u00edvate\u013eov kop\u00edrova\u0165 a tla\u010di\u0165 v\u00fdpisy alebo dokumenty z tejto webovej str\u00e1nky v\u00fdlu\u010dne na osobn\u00e9, nekomer\u010dn\u00e9 pou\u017eitie za predpokladu, \u017ee ak\u00e1ko\u013evek k\u00f3pia alebo v\u00fdpis z uveden\u00fdch dokumentov alebo str\u00e1nok, ktor\u00e9 z\u00edskali, zachov\u00e1va v\u0161etky pr\u00e1va du\u0161evn\u00e9ho vlastn\u00edctva alebo in\u00e9 ozn\u00e1menia o vlastn\u00edctve vr\u00e1tane v\u0161etk\u00fdch vyhl\u00e1sen\u00ed o odmietnut\u00ed zodpovednosti, ktor\u00e9 s\u00fa v nich obsiahnut\u00e9. Logo projektu sa nesmie pou\u017e\u00edva\u0165 ani reprodukova\u0165 bez predch\u00e1dzaj\u00faceho p\u00edsomn\u00e9ho s\u00fahlasu konzorcia.<\/p><p>S v\u00fdnimkou pr\u00edpadov povolen\u00fdch platn\u00fdmi z\u00e1konmi o autorsk\u00fdch pr\u00e1vach nesmiete bez p\u00edsomn\u00e9ho s\u00fahlasu vlastn\u00edka autorsk\u00fdch pr\u00e1v reprodukova\u0165 ani pren\u00e1\u0161a\u0165 \u017eiadny obsah na tejto str\u00e1nke vr\u00e1tane s\u00faborov stiahnute\u013en\u00fdch z tejto webovej str\u00e1nky.<\/p>\t\t\t\t\t\t\t\t<\/div>\n\t\t\t\t<\/div>\n\t\t\t\t<div class=\"elementor-element elementor-element-21ba3cf elementor-widget elementor-widget-heading\" data-id=\"21ba3cf\" data-element_type=\"widget\" data-e-type=\"widget\" data-widget_type=\"heading.default\">\n\t\t\t\t<div class=\"elementor-widget-container\">\n\t\t\t\t\t<h4 class=\"elementor-heading-title elementor-size-default\">5. TRADEMARKY, obchodn\u00e9 men\u00e1 a log\u00e1<\/h4>\t\t\t\t<\/div>\n\t\t\t\t<\/div>\n\t\t\t\t<div class=\"elementor-element elementor-element-71b6360 elementor-widget elementor-widget-text-editor\" data-id=\"71b6360\" data-element_type=\"widget\" data-e-type=\"widget\" data-widget_type=\"text-editor.default\">\n\t\t\t\t<div class=\"elementor-widget-container\">\n\t\t\t\t\t\t\t\t\tV\u0161etky ochrann\u00e9 zn\u00e1mky, obchodn\u00e9 n\u00e1zvy a log\u00e1 uveden\u00e9 na webovej str\u00e1nke s\u00fa vlastn\u00edctvom ich pr\u00edslu\u0161n\u00fdch vlastn\u00edkov a s\u00fa chr\u00e1nen\u00e9 medzin\u00e1rodn\u00fdmi z\u00e1konmi o autorsk\u00fdch pr\u00e1vach a ochrann\u00fdch zn\u00e1mkach. S\u00fahlas\u00edte s t\u00fdm, \u017ee nebudete ohov\u00e1ra\u0165 alebo zneva\u017eova\u0165 Projekt a v\u0161etky ochrann\u00e9 zn\u00e1mky, obchodn\u00e9 n\u00e1zvy alebo log\u00e1 uveden\u00e9 na Webovej str\u00e1nke alebo v Materi\u00e1loch. Ak\u00e9ko\u013evek pou\u017eitie ak\u00fdchko\u013evek ochrann\u00fdch zn\u00e1mok, obchodn\u00fdch n\u00e1zvov a log, ktor\u00e9 sa objavuj\u00fa na webov\u00fdch str\u00e1nkach bez v\u00fdslovn\u00e9ho p\u00edsomn\u00e9ho s\u00fahlasu majite\u013ea ochrannej zn\u00e1mky alebo n\u00e1zvu alebo loga, je pr\u00edsne zak\u00e1zan\u00e9.\t\t\t\t\t\t\t\t<\/div>\n\t\t\t\t<\/div>\n\t\t\t\t<div class=\"elementor-element elementor-element-4ca326f elementor-widget elementor-widget-heading\" data-id=\"4ca326f\" data-element_type=\"widget\" data-e-type=\"widget\" data-widget_type=\"heading.default\">\n\t\t\t\t<div class=\"elementor-widget-container\">\n\t\t\t\t\t<h4 class=\"elementor-heading-title elementor-size-default\">6. Licencia pre V\u00e1s<\/h4>\t\t\t\t<\/div>\n\t\t\t\t<\/div>\n\t\t\t\t<div class=\"elementor-element elementor-element-37a315c elementor-widget elementor-widget-text-editor\" data-id=\"37a315c\" data-element_type=\"widget\" data-e-type=\"widget\" data-widget_type=\"text-editor.default\">\n\t\t\t\t<div class=\"elementor-widget-container\">\n\t\t\t\t\t\t\t\t\t<p>Konzorcium v\u00e1m ude\u013euje osobn\u00fa, celosvetov\u00fa, neprevodite\u013en\u00fa, bezplatn\u00fa a nev\u00fdhradn\u00fa licenciu na pou\u017e\u00edvanie webovej str\u00e1nky v\u00fdlu\u010dne s cie\u013eom umo\u017eni\u0165 v\u00e1m pou\u017e\u00edva\u0165 a vyu\u017e\u00edva\u0165 v\u00fdhody webovej str\u00e1nky a materi\u00e1lov sp\u00f4sobom povolen\u00fdm t\u00fdmito podmienkami pou\u017e\u00edvania. Nesmiete (a nesmiete povoli\u0165 nikomu in\u00e9mu) kop\u00edrova\u0165, sp\u00e4tne analyzova\u0165, vytv\u00e1ra\u0165 odvoden\u00e9 dielo alebo dekompilova\u0165 alebo sa inak pok\u00fa\u0161a\u0165 extrahova\u0165 zdrojov\u00fd k\u00f3d webovej str\u00e1nky alebo akejko\u013evek jej \u010dasti, pokia\u013e to nie je v\u00fdslovne povolen\u00e9 alebo vy\u017eadovan\u00e9 z\u00e1konom alebo pokia\u013e v\u00e1m to v\u00fdslovne nepovolil spr\u00e1vca webovej str\u00e1nky. Pokia\u013e v\u00e1m na to spr\u00e1vca webov\u00fdch str\u00e1nok nedal p\u00edsomn\u00e9 povolenie, nesmiete<\/p><ul><li>post\u00fapi\u0165 (alebo udeli\u0165 sublicenciu) va\u0161e pr\u00e1va na pou\u017e\u00edvanie webov\u00fdch str\u00e1nok alebo materi\u00e1lov,<\/li><li>udeli\u0165 bezpe\u010dnostn\u00fd z\u00e1ujem na va\u0161ich pr\u00e1vach na pou\u017e\u00edvanie webov\u00fdch str\u00e1nok alebo materi\u00e1lov alebo nad nimi, alebo inak previes\u0165 ak\u00e9ko\u013evek va\u0161e pr\u00e1va na ich pou\u017e\u00edvanie.<\/li><\/ul>\t\t\t\t\t\t\t\t<\/div>\n\t\t\t\t<\/div>\n\t\t\t\t<div class=\"elementor-element elementor-element-1251413 elementor-widget elementor-widget-heading\" data-id=\"1251413\" data-element_type=\"widget\" data-e-type=\"widget\" data-widget_type=\"heading.default\">\n\t\t\t\t<div class=\"elementor-widget-container\">\n\t\t\t\t\t<h4 class=\"elementor-heading-title elementor-size-default\">7. S\u00daVISIACE S IN\u00ddMI INTERNETOV\u00ddMI STR\u00c1NKAMI<\/h4>\t\t\t\t<\/div>\n\t\t\t\t<\/div>\n\t\t\t\t<div class=\"elementor-element elementor-element-b5adf43 elementor-widget elementor-widget-text-editor\" data-id=\"b5adf43\" data-element_type=\"widget\" data-e-type=\"widget\" data-widget_type=\"text-editor.default\">\n\t\t\t\t<div class=\"elementor-widget-container\">\n\t\t\t\t\t\t\t\t\tWebov\u00e1 str\u00e1nka m\u00f4\u017ee obsahova\u0165 odkazy na in\u00e9 internetov\u00e9 str\u00e1nky a slu\u017eby, ktor\u00e9 s\u00fa prev\u00e1dzkovan\u00e9 a udr\u017eiavan\u00e9 tret\u00edmi stranami alebo ich pridru\u017een\u00fdmi spolo\u010dnos\u0165ami. Beriete na vedomie, ch\u00e1pete a s\u00fahlas\u00edte s t\u00fdm, \u017ee spr\u00e1vca webov\u00fdch str\u00e1nok nebude priamo ani nepriamo zodpovedn\u00fd za \u017eiadnu \u0161kodu alebo stratu sp\u00f4soben\u00fa alebo \u00fadajne sp\u00f4soben\u00fa pou\u017e\u00edvan\u00edm alebo spoliehan\u00edm sa na ak\u00fdko\u013evek tak\u00fdto obsah, produkty alebo slu\u017eby dostupn\u00e9 na tak\u00fdchto in\u00fdch str\u00e1nkach.\n\t\t\t\t\t\t\t\t<\/div>\n\t\t\t\t<\/div>\n\t\t\t\t<div class=\"elementor-element elementor-element-61d5e43 elementor-widget elementor-widget-heading\" data-id=\"61d5e43\" data-element_type=\"widget\" data-e-type=\"widget\" data-widget_type=\"heading.default\">\n\t\t\t\t<div class=\"elementor-widget-container\">\n\t\t\t\t\t<h4 class=\"elementor-heading-title elementor-size-default\">8. Zmeny<\/h4>\t\t\t\t<\/div>\n\t\t\t\t<\/div>\n\t\t\t\t<div class=\"elementor-element elementor-element-e547e4a elementor-widget elementor-widget-text-editor\" data-id=\"e547e4a\" data-element_type=\"widget\" data-e-type=\"widget\" data-widget_type=\"text-editor.default\">\n\t\t\t\t<div class=\"elementor-widget-container\">\n\t\t\t\t\t\t\t\t\tSpr\u00e1vca webov\u00fdch str\u00e1nok si vyhradzuje pr\u00e1vo kedyko\u013evek upravi\u0165, pozastavi\u0165 alebo ukon\u010di\u0165 ak\u00fako\u013evek \u010das\u0165 webov\u00fdch str\u00e1nok a materi\u00e1lov, a to s upozornen\u00edm alebo bez neho. Spr\u00e1vca webov\u00fdch str\u00e1nok si vyhradzuje pr\u00e1vo kedyko\u013evek zmeni\u0165 ktor\u00fako\u013evek \u010das\u0165 t\u00fdchto Podmienok pou\u017e\u00edvania. Ak\u00e9ko\u013evek zmeny bud\u00fa \u00fa\u010dinn\u00e9 po zverejnen\u00ed na webovej str\u00e1nke. S\u00fahlas\u00edte s t\u00fdm, \u017ee budete pravidelne kontrolova\u0165 tieto podmienky pou\u017e\u00edvania, aby ste si boli vedom\u00ed ak\u00fdchko\u013evek tak\u00fdchto zmien. Va\u0161e \u010fal\u0161ie pou\u017e\u00edvanie Webovej str\u00e1nky po zverejnen\u00ed ak\u00fdchko\u013evek tak\u00fdchto zmien sa pova\u017euje za v\u00e1\u0161 s\u00fahlas s ak\u00fdmiko\u013evek zmenami Podmienok pou\u017e\u00edvania. Ak kedyko\u013evek nie s\u00fa pre v\u00e1s podmienky pou\u017e\u00edvania prijate\u013en\u00e9, mali by ste okam\u017eite presta\u0165 pou\u017e\u00edva\u0165 webov\u00fa str\u00e1nku. S\u00fahlas\u00edte s t\u00fdm, \u017ee vy\u0161\u0161ie uveden\u00e1 norma pre oznamovanie zmien je primeran\u00e1.\n\t\t\t\t\t\t\t\t<\/div>\n\t\t\t\t<\/div>\n\t\t\t\t<div class=\"elementor-element elementor-element-638682a elementor-widget elementor-widget-heading\" data-id=\"638682a\" data-element_type=\"widget\" data-e-type=\"widget\" data-widget_type=\"heading.default\">\n\t\t\t\t<div class=\"elementor-widget-container\">\n\t\t\t\t\t<h4 class=\"elementor-heading-title elementor-size-default\">9. OBMEDZENIE ZODPOVEDNOSTI<\/h4>\t\t\t\t<\/div>\n\t\t\t\t<\/div>\n\t\t\t\t<div class=\"elementor-element elementor-element-c2a7c6a elementor-widget elementor-widget-text-editor\" data-id=\"c2a7c6a\" data-element_type=\"widget\" data-e-type=\"widget\" data-widget_type=\"text-editor.default\">\n\t\t\t\t<div class=\"elementor-widget-container\">\n\t\t\t\t\t\t\t\t\tSpr\u00e1vca webovej str\u00e1nky nenesie \u017eiadnu zodpovednos\u0165 za ak\u00e9ko\u013evek priame, nepriame, n\u00e1hodn\u00e9 alebo n\u00e1sledn\u00e9 \u0161kody, ktor\u00e9 m\u00f4\u017eu by\u0165 sp\u00f4soben\u00e9 nespr\u00e1vnym pou\u017e\u00edvan\u00edm webovej str\u00e1nky pou\u017e\u00edvate\u013emi alebo ak\u00fdmiko\u013evek chybami, poruchami, chybami alebo oneskoreniami pri prev\u00e1dzke webovej str\u00e1nky alebo pri prenose inform\u00e1ci\u00ed na internete prostredn\u00edctvom tejto webovej str\u00e1nky.\n\t\t\t\t\t\t\t\t<\/div>\n\t\t\t\t<\/div>\n\t\t\t\t<div class=\"elementor-element elementor-element-f4d303c elementor-widget elementor-widget-heading\" data-id=\"f4d303c\" data-element_type=\"widget\" data-e-type=\"widget\" data-widget_type=\"heading.default\">\n\t\t\t\t<div class=\"elementor-widget-container\">\n\t\t\t\t\t<h4 class=\"elementor-heading-title elementor-size-default\">10. ROZHODNUTIE<\/h4>\t\t\t\t<\/div>\n\t\t\t\t<\/div>\n\t\t\t\t<div class=\"elementor-element elementor-element-c70fafa elementor-widget elementor-widget-text-editor\" data-id=\"c70fafa\" data-element_type=\"widget\" data-e-type=\"widget\" data-widget_type=\"text-editor.default\">\n\t\t\t\t<div class=\"elementor-widget-container\">\n\t\t\t\t\t\t\t\t\tPr\u00edstupom na t\u00fato webov\u00fa str\u00e1nku a k materi\u00e1lom s\u00fahlas\u00edte s t\u00fdm, \u017ee v\u0161etky z\u00e1le\u017eitosti t\u00fdkaj\u00face sa v\u00e1\u0161ho pr\u00edstupu k nim alebo ich pou\u017e\u00edvania sa riadia z\u00e1konmi a z\u00e1konmi \u00cdrska a Eur\u00f3pskej \u00fanie bez oh\u013eadu na ich kol\u00edzne pr\u00e1vne z\u00e1sady. Ak\u00e9ko\u013evek spory vypl\u00fdvaj\u00face z pou\u017e\u00edvania tejto webovej str\u00e1nky bud\u00fa podlieha\u0165 v\u00fdlu\u010dnej jurisdikcii s\u00fadov v Dubline, \u00cdrsko.\n\t\t\t\t\t\t\t\t<\/div>\n\t\t\t\t<\/div>\n\t\t\t\t<div class=\"elementor-element elementor-element-6f17ea8 elementor-widget elementor-widget-heading\" data-id=\"6f17ea8\" data-element_type=\"widget\" data-e-type=\"widget\" data-widget_type=\"heading.default\">\n\t\t\t\t<div class=\"elementor-widget-container\">\n\t\t\t\t\t<h4 class=\"elementor-heading-title elementor-size-default\">11. V\u0160EOBECN\u00c9<\/h4>\t\t\t\t<\/div>\n\t\t\t\t<\/div>\n\t\t\t\t<div class=\"elementor-element elementor-element-4d1604d elementor-widget elementor-widget-text-editor\" data-id=\"4d1604d\" data-element_type=\"widget\" data-e-type=\"widget\" data-widget_type=\"text-editor.default\">\n\t\t\t\t<div class=\"elementor-widget-container\">\n\t\t\t\t\t\t\t\t\t<p>Tieto Podmienky pou\u017e\u00edvania sa riadia a vykladaj\u00fa v s\u00falade s pr\u00e1vnymi predpismi Slovenskej republiky bez oh\u013eadu na jej kol\u00edzne z\u00e1sady. Vykon\u00e1vanie t\u00fdchto podmienok pou\u017e\u00edvania zo strany spr\u00e1vcu webov\u00fdch str\u00e1nok podlieha existuj\u00facim pr\u00e1vnym predpisom a pr\u00e1vnemu procesu a ni\u010d v t\u00fdchto podmienkach pou\u017e\u00edvania neodchy\u013euje pr\u00e1vo koordin\u00e1tora vyhovie\u0165 \u017eiadostiam alebo po\u017eiadavk\u00e1m org\u00e1nov presadzovania pr\u00e1va t\u00fdkaj\u00facim sa v\u00e1\u0161ho pou\u017e\u00edvania webov\u00fdch str\u00e1nok alebo inform\u00e1ci\u00ed poskytnut\u00fdch spr\u00e1vcovi webov\u00fdch str\u00e1nok alebo zhroma\u017eden\u00fdch spr\u00e1vcom webov\u00fdch str\u00e1nok v s\u00favislosti s tak\u00fdmto pou\u017e\u00edvan\u00edm. Ak je ak\u00e9ko\u013evek ustanovenie t\u00fdchto Podmienok pou\u017e\u00edvania nez\u00e1konn\u00e9, neplatn\u00e9 alebo z ak\u00e9hoko\u013evek d\u00f4vodu nevykonate\u013en\u00e9, potom sa toto ustanovenie pova\u017euje za oddelite\u013en\u00e9 od t\u00fdchto Podmienok pou\u017e\u00edvania a nem\u00e1 vplyv na platnos\u0165 a vykonate\u013enos\u0165 ak\u00fdchko\u013evek zost\u00e1vaj\u00facich ustanoven\u00ed. Tieto Podmienky pou\u017e\u00edvania predstavuj\u00fa \u00fapln\u00fa dohodu medzi stranami t\u00fdkaj\u00facu sa predmetu tejto zmluvy a nahr\u00e1dzaj\u00fa v\u0161etky predch\u00e1dzaj\u00face alebo s\u00fa\u010dasn\u00e9 \u00fastne alebo p\u00edsomn\u00e9 ozn\u00e1menia.<\/p>\t\t\t\t\t\t\t\t<\/div>\n\t\t\t\t<\/div>\n\t\t\t\t\t<\/div>\n\t\t\t\t<\/div>\n\t\t\t\t<\/div>","protected":false},"excerpt":{"rendered":"<p>Podmienky pou\u017e\u00edvania Vitajte na na\u0161ej webovej str\u00e1nke.V\u00e1\u0161 pr\u00edstup a pou\u017e\u00edvanie tejto webovej str\u00e1nky podlieha t\u00fdmto Podmienkam pou\u017e\u00edvania webovej str\u00e1nky. Pred pr\u00edstupom alebo pou\u017e\u00edvan\u00edm tejto webovej str\u00e1nky si ich pozorne pre\u010d\u00edtajte. 1. DEFIN\u00cdCIE AI4Debunk (Participat\u00edvne asisten\u010dn\u00e9 n\u00e1stroje zalo\u017een\u00e9 na umelej inteligencii na podporu d\u00f4veryhodnej online aktivity ob\u010danov a odha\u013eovanie dezinform\u00e1ci\u00ed), \u010falej len \u201eprojekt\u201c, je [\u2026]<\/p>","protected":false},"author":6,"featured_media":0,"parent":0,"menu_order":0,"comment_status":"closed","ping_status":"closed","template":"","meta":{"_acf_changed":false,"footnotes":""},"class_list":["post-209","page","type-page","status-publish","hentry"],"acf":[],"_links":{"self":[{"href":"https:\/\/ai4debunk.eu\/sk\/wp-json\/wp\/v2\/pages\/209","targetHints":{"allow":["GET"]}}],"collection":[{"href":"https:\/\/ai4debunk.eu\/sk\/wp-json\/wp\/v2\/pages"}],"about":[{"href":"https:\/\/ai4debunk.eu\/sk\/wp-json\/wp\/v2\/types\/page"}],"author":[{"embeddable":true,"href":"https:\/\/ai4debunk.eu\/sk\/wp-json\/wp\/v2\/users\/6"}],"replies":[{"embeddable":true,"href":"https:\/\/ai4debunk.eu\/sk\/wp-json\/wp\/v2\/comments?post=209"}],"version-history":[{"count":5,"href":"https:\/\/ai4debunk.eu\/sk\/wp-json\/wp\/v2\/pages\/209\/revisions"}],"predecessor-version":[{"id":2187,"href":"https:\/\/ai4debunk.eu\/sk\/wp-json\/wp\/v2\/pages\/209\/revisions\/2187"}],"wp:attachment":[{"href":"https:\/\/ai4debunk.eu\/sk\/wp-json\/wp\/v2\/media?parent=209"}],"curies":[{"name":"wp","href":"https:\/\/api.w.org\/{rel}","templated":true}]}}