{"id":1336,"date":"2024-03-11T16:12:18","date_gmt":"2024-03-11T16:12:18","guid":{"rendered":"https:\/\/ai4debunk.eu\/?page_id=1336"},"modified":"2024-04-11T10:07:05","modified_gmt":"2024-04-11T10:07:05","slug":"cookie-policy","status":"publish","type":"page","link":"https:\/\/ai4debunk.eu\/sl\/cookie-policy\/","title":{"rendered":"Politika pi\u0161kotkov"},"content":{"rendered":"<div data-elementor-type=\"wp-page\" data-elementor-id=\"1336\" class=\"elementor elementor-1336\" data-elementor-post-type=\"page\">\n\t\t\t\t<div class=\"elementor-element elementor-element-372ece9 e-flex e-con-boxed e-con e-parent\" data-id=\"372ece9\" data-element_type=\"container\" data-e-type=\"container\">\n\t\t\t\t\t<div class=\"e-con-inner\">\n\t\t\t\t<div class=\"elementor-element elementor-element-af6f42a elementor-widget elementor-widget-heading\" data-id=\"af6f42a\" data-element_type=\"widget\" data-e-type=\"widget\" data-widget_type=\"heading.default\">\n\t\t\t\t<div class=\"elementor-widget-container\">\n\t\t\t\t\t<h1 class=\"elementor-heading-title elementor-size-default\">Politika pi\u0161kotkov<\/h1>\t\t\t\t<\/div>\n\t\t\t\t<\/div>\n\t\t\t\t<div class=\"elementor-element elementor-element-2b13c41 elementor-widget elementor-widget-text-editor\" data-id=\"2b13c41\" data-element_type=\"widget\" data-e-type=\"widget\" data-widget_type=\"text-editor.default\">\n\t\t\t\t<div class=\"elementor-widget-container\">\n\t\t\t\t\t\t\t\t\t<p>Ta spletna stran uporablja pi\u0161kotke. Pi\u0161kotke uporabljamo, da vam zagotovimo najbolj\u0161o izku\u0161njo na na\u0161i spletni strani. Prosimo, preberite tudi na\u0161e <a href=\"https:\/\/ai4debunk.eu\/sl\/terms-of-use\/\">Pogoji uporabe<\/a> &amp; <a href=\"https:\/\/ai4debunk.eu\/sl\/privacy-policy\/\">Pravilnik o zasebnosti<\/a> ki ureja uporabo te spletne strani. Pi\u0161kotki so majhne besedilne datoteke, ki jih spleti\u0161\u010da lahko uporabljajo za u\u010dinkovitej\u0161o uporabni\u0161ko izku\u0161njo. Zakon dolo\u010da, da lahko na va\u0161o napravo shranimo pi\u0161kotke, \u010de so nujno potrebni za delovanje te spletne strani.<br \/>Za vse druge vrste pi\u0161kotkov potrebujemo va\u0161e dovoljenje. Ta stran uporablja razli\u010dne vrste pi\u0161kotkov. Nekatere pi\u0161kotke namestijo storitve tretjih oseb, ki se pojavljajo na na\u0161ih straneh. Svoje soglasje lahko kadarkoli spremenite ali umaknete iz Izjave o pi\u0161kotkih na na\u0161i spletni strani. Preberite ve\u010d o tem, kdo smo, kako nas lahko kontaktirate in kako obdelujemo osebne podatke <a href=\"https:\/\/ai4debunk.eu\/sl\/privacy-policy\/\">Pravilnik o zasebnosti<\/a>.<\/p>\t\t\t\t\t\t\t\t<\/div>\n\t\t\t\t<\/div>\n\t\t\t\t<div class=\"elementor-element elementor-element-fd7345b elementor-widget elementor-widget-html\" data-id=\"fd7345b\" data-element_type=\"widget\" data-e-type=\"widget\" data-widget_type=\"html.default\">\n\t\t\t\t<div class=\"elementor-widget-container\">\n\t\t\t\t\t<div class=\"cky-audit-table-element\"><\/div>\t\t\t\t<\/div>\n\t\t\t\t<\/div>\n\t\t\t\t\t<\/div>\n\t\t\t\t<\/div>\n\t\t\t\t<\/div>","protected":false},"excerpt":{"rendered":"<p>Ta spletna stran uporablja pi\u0161kotke. Pi\u0161kotke uporabljamo, da vam zagotovimo najbolj\u0161o izku\u0161njo na na\u0161i spletni strani. Prosimo, preberite tudi na\u0161e Pogoje uporabe &amp; Pravilnik o zasebnosti, ki ureja uporabo te spletne strani. Pi\u0161kotki so majhne besedilne datoteke, ki jih spletna mesta lahko uporabljajo za izbolj\u0161anje uporabni\u0161ke izku\u0161nje [\u2026]<\/p>","protected":false},"author":6,"featured_media":0,"parent":0,"menu_order":0,"comment_status":"closed","ping_status":"closed","template":"","meta":{"_acf_changed":false,"footnotes":""},"class_list":["post-1336","page","type-page","status-publish","hentry"],"acf":[],"_links":{"self":[{"href":"https:\/\/ai4debunk.eu\/sl\/wp-json\/wp\/v2\/pages\/1336","targetHints":{"allow":["GET"]}}],"collection":[{"href":"https:\/\/ai4debunk.eu\/sl\/wp-json\/wp\/v2\/pages"}],"about":[{"href":"https:\/\/ai4debunk.eu\/sl\/wp-json\/wp\/v2\/types\/page"}],"author":[{"embeddable":true,"href":"https:\/\/ai4debunk.eu\/sl\/wp-json\/wp\/v2\/users\/6"}],"replies":[{"embeddable":true,"href":"https:\/\/ai4debunk.eu\/sl\/wp-json\/wp\/v2\/comments?post=1336"}],"version-history":[{"count":5,"href":"https:\/\/ai4debunk.eu\/sl\/wp-json\/wp\/v2\/pages\/1336\/revisions"}],"predecessor-version":[{"id":1469,"href":"https:\/\/ai4debunk.eu\/sl\/wp-json\/wp\/v2\/pages\/1336\/revisions\/1469"}],"wp:attachment":[{"href":"https:\/\/ai4debunk.eu\/sl\/wp-json\/wp\/v2\/media?parent=1336"}],"curies":[{"name":"wp","href":"https:\/\/api.w.org\/{rel}","templated":true}]}}