{"id":209,"date":"2024-03-05T16:33:00","date_gmt":"2024-03-05T16:33:00","guid":{"rendered":"https:\/\/ai4debunk.eu\/?page_id=209"},"modified":"2024-09-19T15:01:38","modified_gmt":"2024-09-19T15:01:38","slug":"terms-of-use","status":"publish","type":"page","link":"https:\/\/ai4debunk.eu\/sl\/terms-of-use\/","title":{"rendered":"Pogoji uporabe"},"content":{"rendered":"<div data-elementor-type=\"wp-page\" data-elementor-id=\"209\" class=\"elementor elementor-209\" data-elementor-post-type=\"page\">\n\t\t\t\t<div class=\"elementor-element elementor-element-89ce4c8 e-flex e-con-boxed e-con e-parent\" data-id=\"89ce4c8\" data-element_type=\"container\" data-e-type=\"container\">\n\t\t\t\t\t<div class=\"e-con-inner\">\n\t\t\t\t<div class=\"elementor-element elementor-element-c470af8 elementor-widget elementor-widget-heading\" data-id=\"c470af8\" data-element_type=\"widget\" data-e-type=\"widget\" data-widget_type=\"heading.default\">\n\t\t\t\t<div class=\"elementor-widget-container\">\n\t\t\t\t\t<h1 class=\"elementor-heading-title elementor-size-default\">Pogoji uporabe\n<\/h1>\t\t\t\t<\/div>\n\t\t\t\t<\/div>\n\t\t\t\t<div class=\"elementor-element elementor-element-9834e64 elementor-widget elementor-widget-text-editor\" data-id=\"9834e64\" data-element_type=\"widget\" data-e-type=\"widget\" data-widget_type=\"text-editor.default\">\n\t\t\t\t<div class=\"elementor-widget-container\">\n\t\t\t\t\t\t\t\t\t<p>Dobrodo\u0161li na na\u0161i spletni strani.<br \/>Za va\u0161 dostop do te spletne strani in njeno uporabo veljajo ti pogoji uporabe spletne strani. Prosimo, da jih pozorno preberete, preden dostopate do te spletne strani ali jo uporabljate.<\/p>\t\t\t\t\t\t\t\t<\/div>\n\t\t\t\t<\/div>\n\t\t\t\t<div class=\"elementor-element elementor-element-112fa17 elementor-widget elementor-widget-heading\" data-id=\"112fa17\" data-element_type=\"widget\" data-e-type=\"widget\" data-widget_type=\"heading.default\">\n\t\t\t\t<div class=\"elementor-widget-container\">\n\t\t\t\t\t<h4 class=\"elementor-heading-title elementor-size-default\">1. OPREDELITEV POJMOV<\/h4>\t\t\t\t<\/div>\n\t\t\t\t<\/div>\n\t\t\t\t<div class=\"elementor-element elementor-element-e1cdef7 elementor-widget elementor-widget-text-editor\" data-id=\"e1cdef7\" data-element_type=\"widget\" data-e-type=\"widget\" data-widget_type=\"text-editor.default\">\n\t\t\t\t<div class=\"elementor-widget-container\">\n\t\t\t\t\t\t\t\t\t<p>AI4Debunk (Participative Assistive AI-powered Tools for Supporting Trustworthy Online Activity of Citizens and Debunking Disinformation \u2013 orodja za podporo zaupanja vredni spletni dejavnosti dr\u017eavljanov in razkrivanje dezinformacij), v nadaljnjem besedilu: projekt), je 48-mese\u010dni projekt ocenjevanja u\u010dinka, ki obravnava temo HORIZON-CL4-2023-HUMAN-01-CNECT.<\/p><p>Izraz \u201ekonzorcij\u201c se nana\u0161a na vse podpisnike sporazuma o dodelitvi nepovratnih sredstev 101135757, razen Evropske komisije, ki imajo lahko v zvezi z rezultati projekta enotne ali skupne pravice intelektualne lastnine.<\/p><p>Izraz \u201emateriali\u201c se nana\u0161a na vse informacije, vsebino, podatke, dokumente (npr. bele knjige, bro\u0161ure, podatkovne liste, pogosta vpra\u0161anja, predloge, sporo\u010dila za javnost itd.), prenose, datoteke, besedilo, slike, fotografije, grafike, videoposnetke, spletne oddaje, publikacije, orodja, vire, programsko opremo, kodo, programe, aplikacije in izdelke, ki so na voljo ali omogo\u010deni prek spletnega mesta.<\/p><p>Izraz \u201eupravitelj spletnega mesta\u201c, ki je sicer naveden kot \u201enas\u201c ali \u201emi\u201c, se nana\u0161a na subjekt, ki je odgovoren za ustvarjanje in upravljanje spletnega mesta. <a href=\"https:\/\/ai4debunk.eu\/sl\/\"><span style=\"color: #ae46ff;\">https:\/\/ai4debunk.eu<\/span><\/a> (v nadaljnjem besedilu skupaj: to spletno mesto) za zagotavljanje informacij svojim uporabnikom.Pogodba o dodelitvi nepovratnih sredstev 101135757 dodeljuje dru\u017ebi F6S Network Ireland Limited (<span style=\"color: #ae46ff;\"><a style=\"color: #ae46ff;\" href=\"http:\/\/www.f6s.com\" target=\"_blank\" rel=\"noopener\">www.f6s.com<\/a><\/span>) vloga upravljavca spletnega mesta, zato je dru\u017eba F6S Network Ireland Limited upravljavec podatkov spletnega mesta.<\/p><p>Izraz \u201evi\u201c se nana\u0161a na obiskovalca na\u0161ega spletnega mesta.<\/p>\t\t\t\t\t\t\t\t<\/div>\n\t\t\t\t<\/div>\n\t\t\t\t<div class=\"elementor-element elementor-element-65a84db elementor-widget elementor-widget-heading\" data-id=\"65a84db\" data-element_type=\"widget\" data-e-type=\"widget\" data-widget_type=\"heading.default\">\n\t\t\t\t<div class=\"elementor-widget-container\">\n\t\t\t\t\t<h4 class=\"elementor-heading-title elementor-size-default\">2. PODRO\u010cJE UPORABE<\/h4>\t\t\t\t<\/div>\n\t\t\t\t<\/div>\n\t\t\t\t<div class=\"elementor-element elementor-element-b717931 elementor-widget elementor-widget-text-editor\" data-id=\"b717931\" data-element_type=\"widget\" data-e-type=\"widget\" data-widget_type=\"text-editor.default\">\n\t\t\t\t<div class=\"elementor-widget-container\">\n\t\t\t\t\t\t\t\t\tTi pogoji in dolo\u010dila spletnega mesta (v nadaljevanju \u201epogoji\u201c ali \u201epogoji in dolo\u010dila spletnega mesta\u201c) urejajo va\u0161o uporabo tega spletnega mesta, vklju\u010dno z vsemi stranmi na tem spletnem mestu. Ti pogoji v celoti veljajo in u\u010dinkujejo na va\u0161o uporabo te spletne strani in z uporabo te spletne strani izrecno sprejemate vse pogoje in dolo\u010dila, ki jih vsebuje. Tega spletnega mesta ne smete uporabljati, \u010de imate kakr\u0161ne koli ugovore glede katerega koli od teh pogojev in dolo\u010dil spletnega mesta.\n\t\t\t\t\t\t\t\t<\/div>\n\t\t\t\t<\/div>\n\t\t\t\t<div class=\"elementor-element elementor-element-827f9c4 elementor-widget elementor-widget-heading\" data-id=\"827f9c4\" data-element_type=\"widget\" data-e-type=\"widget\" data-widget_type=\"heading.default\">\n\t\t\t\t<div class=\"elementor-widget-container\">\n\t\t\t\t\t<h4 class=\"elementor-heading-title elementor-size-default\">3. VA\u0160A UPORABA SPLETNEGA MESTA<\/h4>\t\t\t\t<\/div>\n\t\t\t\t<\/div>\n\t\t\t\t<div class=\"elementor-element elementor-element-ee7b3ce elementor-widget elementor-widget-text-editor\" data-id=\"ee7b3ce\" data-element_type=\"widget\" data-e-type=\"widget\" data-widget_type=\"text-editor.default\">\n\t\t\t\t<div class=\"elementor-widget-container\">\n\t\t\t\t\t\t\t\t\t<p>Strinjate se, da boste spletno mesto in njegovo vsebino uporabljali samo za namene, ki jih dovoljujejo pogoji uporabe in vsi veljavni zakoni, predpisi ali splo\u0161no sprejete prakse ali smernice v ustreznih jurisdikcijah.<\/p><p>Izrecno se strinjate, da ne boste dostopali (ali posku\u0161ali dostopati) do katerega koli gradiva s kakr\u0161nimi koli avtomatiziranimi sredstvi (vklju\u010dno z uporabo skriptov ali spletnih pajkov) ali s hekanjem, rudarjenjem gesel ali drugimi sredstvi. Strinjate se, da se ne boste ukvarjali z nobeno dejavnostjo, ki ovira ali moti spletno mesto (ali stre\u017enike in omre\u017eja, ki so povezani s spletnim mestom ali dostopni prek njega).<br \/>Strinjate se tudi, da boste funkcije, ki so na voljo na spletnem mestu, uporabljali samo za dostop, prenos, uporabo, objavo, po\u0161iljanje ali prejemanje gradiva na ustrezen na\u010din.<\/p><p>Lahko si ogledate, prenesete samo za namene predpomnilnika in natisnete gradivo s spletnega mesta za lastno osebno uporabo, ob upo\u0161tevanju omejitev, navedenih spodaj in drugje v teh pogojih.<\/p><p>Tega spletnega mesta ne smete uporabljati za kopiranje, shranjevanje, gostovanje, prena\u0161anje, po\u0161iljanje, uporabo, objavljanje ali distribucijo katerega koli gradiva, ki je sestavljeno iz (ali je povezano z) katere koli vohunske programske opreme, ra\u010dunalni\u0161kega virusa, trojanskega konja, \u010drva, zapisovalnika tipk, rootkita ali druge zlonamerne ra\u010dunalni\u0161ke programske opreme. Na tem spletnem mestu ali v zvezi z njim ne smete izvajati nobenih sistemati\u010dnih ali avtomatiziranih dejavnosti zbiranja podatkov (vklju\u010dno z nabiranjem, podatkovnim rudarjenjem, pridobivanjem podatkov in nabiranjem podatkov, vendar ne omejeno nanje) brez izrecnega pisnega soglasja upravljavca spletnega mesta. Prav tako se strinjate, da gradiva ne boste uporabljali na na\u010din, ki bi kr\u0161il pravice intelektualne lastnine ali pravice katere koli stranke, da ga ne boste razmno\u017eevali ali uporabljali v drugih elektronskih ali tiskanih publikacijah. Grafi\u010dno in tehni\u010dno oblikovanje ter vsi stiki in slike, ki se uporabljajo v tej spletni predstavitvi, so za\u0161\u010diteni z avtorskimi pravicami.<\/p><p>Strinjate se tudi, da ne boste uporabljali imena domene spletnega mesta kot psevdonimnega povratnega e-po\u0161tnega naslova; da ne motijo, motijo ali ovirajo katerega koli drugega uporabnika pri uporabi in u\u017eivanju spletnega mesta ali drugih povezanih ali povezanih spletnih mest ali materialov; in da ne bo uporabljal nobenega gradiva na na\u010din, ki bi kr\u0161il pravice intelektualne lastnine ali pravice katere koli stranke;<\/p>\t\t\t\t\t\t\t\t<\/div>\n\t\t\t\t<\/div>\n\t\t\t\t<div class=\"elementor-element elementor-element-94c704a elementor-widget elementor-widget-heading\" data-id=\"94c704a\" data-element_type=\"widget\" data-e-type=\"widget\" data-widget_type=\"heading.default\">\n\t\t\t\t<div class=\"elementor-widget-container\">\n\t\t\t\t\t<h4 class=\"elementor-heading-title elementor-size-default\">4. PRAVICE KOPIRACIJSKE IN INTELEKTUALNE PREMO\u017dENJSKE PRAVICE<\/h4>\t\t\t\t<\/div>\n\t\t\t\t<\/div>\n\t\t\t\t<div class=\"elementor-element elementor-element-cbe98bf elementor-widget elementor-widget-text-editor\" data-id=\"cbe98bf\" data-element_type=\"widget\" data-e-type=\"widget\" data-widget_type=\"text-editor.default\">\n\t\t\t\t<div class=\"elementor-widget-container\">\n\t\t\t\t\t\t\t\t\t<p>Razen vsebine, ki jo imate v lasti, za katero ste se morda odlo\u010dili, da jo vklju\u010dite na to spletno mesto, so v skladu s temi pogoji konzorcij in\/ali njegovi dajalci licenc lastniki vseh pravic do gradiva intelektualne lastnine, ki ga vsebuje to spletno mesto, vse take pravice pa so pridr\u017eane. Konzorcij poobla\u0161\u010da uporabnike, da kopirajo in tiskajo izvle\u010dke ali dokumente s tega spletnega mesta izklju\u010dno za osebno, nekomercialno uporabo, pri \u010demer se razume, da vsaka kopija ali izvle\u010dek navedenih dokumentov ali strani, ki jih pridobi, ohranja vse pravice intelektualne lastnine ali druga obvestila o lastnini, vklju\u010dno z vsemi izjavami o omejitvi odgovornosti, ki jih vsebuje. Logotip projekta se ne sme uporabljati ali reproducirati brez predhodnega pisnega soglasja konzorcija.<\/p><p>Razen \u010de to dovoljuje veljavna zakonodaja o avtorskih pravicah, ne smete reproducirati ali posredovati nobene vsebine na tej spletni strani, vklju\u010dno z datotekami, ki jih je mogo\u010de prenesti s te spletne strani, brez pisnega dovoljenja lastnika avtorskih pravic.<\/p>\t\t\t\t\t\t\t\t<\/div>\n\t\t\t\t<\/div>\n\t\t\t\t<div class=\"elementor-element elementor-element-21ba3cf elementor-widget elementor-widget-heading\" data-id=\"21ba3cf\" data-element_type=\"widget\" data-e-type=\"widget\" data-widget_type=\"heading.default\">\n\t\t\t\t<div class=\"elementor-widget-container\">\n\t\t\t\t\t<h4 class=\"elementor-heading-title elementor-size-default\">5. TRADEMARKS, TRADE NAMES IN LOGOS<\/h4>\t\t\t\t<\/div>\n\t\t\t\t<\/div>\n\t\t\t\t<div class=\"elementor-element elementor-element-71b6360 elementor-widget elementor-widget-text-editor\" data-id=\"71b6360\" data-element_type=\"widget\" data-e-type=\"widget\" data-widget_type=\"text-editor.default\">\n\t\t\t\t<div class=\"elementor-widget-container\">\n\t\t\t\t\t\t\t\t\tVse blagovne znamke, trgovska imena in logotipi, ki se pojavljajo na spletnem mestu, so last njihovih lastnikov in so za\u0161\u010diteni z mednarodnimi zakoni o avtorskih pravicah in blagovnih znamkah. Strinjate se, da ne boste obrekovali ali omalova\u017eevali projekta in vseh blagovnih znamk, trgovskih imen ali logotipov, vklju\u010denih v spletno mesto ali materiale. Vsaka uporaba katere koli blagovne znamke, trgovskih imen in logotipov, ki se pojavljajo na celotnem spletnem mestu, brez izrecnega pisnega soglasja lastnika blagovne znamke ali imena ali logotipa, kot je ustrezno, je strogo prepovedana.\t\t\t\t\t\t\t\t<\/div>\n\t\t\t\t<\/div>\n\t\t\t\t<div class=\"elementor-element elementor-element-4ca326f elementor-widget elementor-widget-heading\" data-id=\"4ca326f\" data-element_type=\"widget\" data-e-type=\"widget\" data-widget_type=\"heading.default\">\n\t\t\t\t<div class=\"elementor-widget-container\">\n\t\t\t\t\t<h4 class=\"elementor-heading-title elementor-size-default\">6. DOVOLJENJE ZA VAS<\/h4>\t\t\t\t<\/div>\n\t\t\t\t<\/div>\n\t\t\t\t<div class=\"elementor-element elementor-element-37a315c elementor-widget elementor-widget-text-editor\" data-id=\"37a315c\" data-element_type=\"widget\" data-e-type=\"widget\" data-widget_type=\"text-editor.default\">\n\t\t\t\t<div class=\"elementor-widget-container\">\n\t\t\t\t\t\t\t\t\t<p>Konzorcij vam podeljuje osebno, svetovno, neprenosljivo, brezpla\u010dno in neizklju\u010dno licenco za uporabo spletnega mesta izklju\u010dno z namenom, da vam omogo\u010di uporabo in u\u017eivanje ugodnosti spletnega mesta in materialov, na na\u010din, ki ga dovoljujejo ti pogoji uporabe. Ne smete (in ne smete dovoliti nikomur drugemu) kopirati, izvajati obratnega in\u017eenirstva, ustvariti izpeljanega dela ali dekompilirati ali kako druga\u010de posku\u0161ati pridobiti izvorno kodo spletnega mesta ali katerega koli njegovega dela, razen \u010de to izrecno dovoljuje ali zahteva zakon ali \u010de vam je to izrecno dovolil upravljavec spletnega mesta. Razen \u010de vam je upravitelj spletnega mesta dal pisno dovoljenje za to, ne smete<\/p><ul><li>dodelite (ali podelite podlicenco) za va\u0161e pravice do uporabe spletnega mesta ali gradiva,<\/li><li>podelite varnostni interes za ali nad va\u0161imi pravicami do uporabe spletnega mesta ali gradiv ali kako druga\u010de prenesete katero koli od svojih pravic do njihove uporabe.<\/li><\/ul>\t\t\t\t\t\t\t\t<\/div>\n\t\t\t\t<\/div>\n\t\t\t\t<div class=\"elementor-element elementor-element-1251413 elementor-widget elementor-widget-heading\" data-id=\"1251413\" data-element_type=\"widget\" data-e-type=\"widget\" data-widget_type=\"heading.default\">\n\t\t\t\t<div class=\"elementor-widget-container\">\n\t\t\t\t\t<h4 class=\"elementor-heading-title elementor-size-default\">7. Povezave do drugih spletnih strani<\/h4>\t\t\t\t<\/div>\n\t\t\t\t<\/div>\n\t\t\t\t<div class=\"elementor-element elementor-element-b5adf43 elementor-widget elementor-widget-text-editor\" data-id=\"b5adf43\" data-element_type=\"widget\" data-e-type=\"widget\" data-widget_type=\"text-editor.default\">\n\t\t\t\t<div class=\"elementor-widget-container\">\n\t\t\t\t\t\t\t\t\tSpletna stran lahko vsebuje povezave do drugih spletnih strani in storitev, ki jih upravljajo in vzdr\u017eujejo tretje osebe ali njene podru\u017enice. Potrjujete, razumete in se strinjate, da upravljavec spletnega mesta ne bo odgovoren ali odgovoren, neposredno ali posredno, za kakr\u0161no koli \u0161kodo ali izgubo, povzro\u010deno ali domnevno povzro\u010deno z uporabo ali zana\u0161anjem na tak\u0161no vsebino, izdelke ali storitve, ki so na voljo na takih drugih spletnih mestih.\n\t\t\t\t\t\t\t\t<\/div>\n\t\t\t\t<\/div>\n\t\t\t\t<div class=\"elementor-element elementor-element-61d5e43 elementor-widget elementor-widget-heading\" data-id=\"61d5e43\" data-element_type=\"widget\" data-e-type=\"widget\" data-widget_type=\"heading.default\">\n\t\t\t\t<div class=\"elementor-widget-container\">\n\t\t\t\t\t<h4 class=\"elementor-heading-title elementor-size-default\">8. SPREMEMBE<\/h4>\t\t\t\t<\/div>\n\t\t\t\t<\/div>\n\t\t\t\t<div class=\"elementor-element elementor-element-e547e4a elementor-widget elementor-widget-text-editor\" data-id=\"e547e4a\" data-element_type=\"widget\" data-e-type=\"widget\" data-widget_type=\"text-editor.default\">\n\t\t\t\t<div class=\"elementor-widget-container\">\n\t\t\t\t\t\t\t\t\tUpravljavec spletnega mesta si pridr\u017euje pravico, da kadarkoli spremeni, za\u010dasno ustavi ali prekine kateri koli del spletnega mesta in gradiva, z obvestilom ali brez njega. Upravitelj spletnega mesta si pridr\u017euje pravico, da kadar koli spremeni kateri koli del teh pogojev uporabe. Vse spremembe za\u010dnejo veljati ob objavi na spletni strani. Strinjate se, da boste redno pregledovali te pogoje uporabe, tako da boste seznanjeni s tak\u0161nimi spremembami. Va\u0161a nadaljnja uporaba spletnega mesta po objavi kakr\u0161nih koli takih sprememb se \u0161teje za va\u0161e sprejemanje kakr\u0161nih koli sprememb pogojev uporabe. \u010ce pogoji uporabe za vas kadar koli niso sprejemljivi, morate nemudoma prenehati uporabljati spletno mesto. Strinjate se, da je zgoraj navedeni standard za obvestilo o spremembah razumen.\n\t\t\t\t\t\t\t\t<\/div>\n\t\t\t\t<\/div>\n\t\t\t\t<div class=\"elementor-element elementor-element-638682a elementor-widget elementor-widget-heading\" data-id=\"638682a\" data-element_type=\"widget\" data-e-type=\"widget\" data-widget_type=\"heading.default\">\n\t\t\t\t<div class=\"elementor-widget-container\">\n\t\t\t\t\t<h4 class=\"elementor-heading-title elementor-size-default\">9. OMEJITEV ODGOVORNOSTI<\/h4>\t\t\t\t<\/div>\n\t\t\t\t<\/div>\n\t\t\t\t<div class=\"elementor-element elementor-element-c2a7c6a elementor-widget elementor-widget-text-editor\" data-id=\"c2a7c6a\" data-element_type=\"widget\" data-e-type=\"widget\" data-widget_type=\"text-editor.default\">\n\t\t\t\t<div class=\"elementor-widget-container\">\n\t\t\t\t\t\t\t\t\tUpravljavec spletnega mesta ne prevzema nobene odgovornosti za kakr\u0161no koli neposredno, posredno, naklju\u010dno ali posledi\u010dno \u0161kodo, ki je lahko posledica nepravilne uporabe spletnega mesta s strani uporabnikov ali kakr\u0161nih koli napak, napak, napak ali zamud pri delovanju spletnega mesta ali pri prenosu informacij na internetu prek tega spletnega mesta.\n\t\t\t\t\t\t\t\t<\/div>\n\t\t\t\t<\/div>\n\t\t\t\t<div class=\"elementor-element elementor-element-f4d303c elementor-widget elementor-widget-heading\" data-id=\"f4d303c\" data-element_type=\"widget\" data-e-type=\"widget\" data-widget_type=\"heading.default\">\n\t\t\t\t<div class=\"elementor-widget-container\">\n\t\t\t\t\t<h4 class=\"elementor-heading-title elementor-size-default\">10. SODI\u0160\u010cE<\/h4>\t\t\t\t<\/div>\n\t\t\t\t<\/div>\n\t\t\t\t<div class=\"elementor-element elementor-element-c70fafa elementor-widget elementor-widget-text-editor\" data-id=\"c70fafa\" data-element_type=\"widget\" data-e-type=\"widget\" data-widget_type=\"text-editor.default\">\n\t\t\t\t<div class=\"elementor-widget-container\">\n\t\t\t\t\t\t\t\t\tZ dostopom do te spletne strani in gradiv se strinjate, da vse zadeve, ki se nana\u0161ajo na va\u0161 dostop do njih ali njihovo uporabo, urejajo zakoni in zakoni Irske in Evropske unije, brez upo\u0161tevanja kolizijskih pravnih na\u010del. Vsi spori, ki izhajajo iz uporabe te spletne strani, so v izklju\u010dni pristojnosti sodi\u0161\u010d v Dublinu na Irskem.\n\t\t\t\t\t\t\t\t<\/div>\n\t\t\t\t<\/div>\n\t\t\t\t<div class=\"elementor-element elementor-element-6f17ea8 elementor-widget elementor-widget-heading\" data-id=\"6f17ea8\" data-element_type=\"widget\" data-e-type=\"widget\" data-widget_type=\"heading.default\">\n\t\t\t\t<div class=\"elementor-widget-container\">\n\t\t\t\t\t<h4 class=\"elementor-heading-title elementor-size-default\">11. SPLO\u0160NO<\/h4>\t\t\t\t<\/div>\n\t\t\t\t<\/div>\n\t\t\t\t<div class=\"elementor-element elementor-element-4d1604d elementor-widget elementor-widget-text-editor\" data-id=\"4d1604d\" data-element_type=\"widget\" data-e-type=\"widget\" data-widget_type=\"text-editor.default\">\n\t\t\t\t<div class=\"elementor-widget-container\">\n\t\t\t\t\t\t\t\t\t<p>Te pogoje uporabe urejajo zakoni Irske in se razlagajo v skladu z njimi, ne glede na na\u010dela kolizije zakonov. Upravitelj spletnega mesta izvaja te pogoje uporabe v skladu z obstoje\u010do zakonodajo in pravnimi postopki, ni\u010d v teh pogojih uporabe pa ne odstopa od pravice koordinatorja, da ravna v skladu z zahtevami kazenskega pregona ali zahtevami v zvezi z va\u0161o uporabo spletnega mesta ali informacijami, ki jih upravljavec spletnega mesta zagotovi ali zbere v zvezi s tako uporabo. \u010ce je katera koli dolo\u010dba teh pogojev uporabe nezakonita, ni\u010dna ali iz kakr\u0161nega koli razloga neizvr\u0161ljiva, se \u0161teje, da je to dolo\u010dbo mogo\u010de lo\u010diti od teh pogojev uporabe in ne vpliva na veljavnost in izvr\u0161ljivost katerih koli preostalih dolo\u010db. Ti pogoji uporabe predstavljajo celoten sporazum med strankami, ki se nana\u0161a na predmet tega sporazuma, in nadome\u0161\u010dajo vsa predhodna ali so\u010dasna sporo\u010dila, ustna ali pisna.<\/p>\t\t\t\t\t\t\t\t<\/div>\n\t\t\t\t<\/div>\n\t\t\t\t\t<\/div>\n\t\t\t\t<\/div>\n\t\t\t\t<\/div>","protected":false},"excerpt":{"rendered":"<p>Pogoji uporabe Dobrodo\u0161li na na\u0161i spletni strani.Va\u0161 dostop do in uporaba te spletne strani je predmet teh pogojev uporabe spletne strani. Prosimo, da jih pozorno preberete, preden dostopate do te spletne strani ali jo uporabljate. 1. DEFINICIJE AI4Debunk (participativna podporna orodja, ki temeljijo na umetni inteligenci, za podporo zaupanja vrednim spletnim dejavnostim dr\u017eavljanov in razkrivanje dezinformacij), v nadaljnjem besedilu: projekt, je [\u2026]<\/p>","protected":false},"author":6,"featured_media":0,"parent":0,"menu_order":0,"comment_status":"closed","ping_status":"closed","template":"","meta":{"_acf_changed":false,"footnotes":""},"class_list":["post-209","page","type-page","status-publish","hentry"],"acf":[],"_links":{"self":[{"href":"https:\/\/ai4debunk.eu\/sl\/wp-json\/wp\/v2\/pages\/209","targetHints":{"allow":["GET"]}}],"collection":[{"href":"https:\/\/ai4debunk.eu\/sl\/wp-json\/wp\/v2\/pages"}],"about":[{"href":"https:\/\/ai4debunk.eu\/sl\/wp-json\/wp\/v2\/types\/page"}],"author":[{"embeddable":true,"href":"https:\/\/ai4debunk.eu\/sl\/wp-json\/wp\/v2\/users\/6"}],"replies":[{"embeddable":true,"href":"https:\/\/ai4debunk.eu\/sl\/wp-json\/wp\/v2\/comments?post=209"}],"version-history":[{"count":5,"href":"https:\/\/ai4debunk.eu\/sl\/wp-json\/wp\/v2\/pages\/209\/revisions"}],"predecessor-version":[{"id":2187,"href":"https:\/\/ai4debunk.eu\/sl\/wp-json\/wp\/v2\/pages\/209\/revisions\/2187"}],"wp:attachment":[{"href":"https:\/\/ai4debunk.eu\/sl\/wp-json\/wp\/v2\/media?parent=209"}],"curies":[{"name":"wp","href":"https:\/\/api.w.org\/{rel}","templated":true}]}}