{"id":1336,"date":"2024-03-11T16:12:18","date_gmt":"2024-03-11T16:12:18","guid":{"rendered":"https:\/\/ai4debunk.eu\/?page_id=1336"},"modified":"2024-04-11T10:07:05","modified_gmt":"2024-04-11T10:07:05","slug":"cookie-policy","status":"publish","type":"page","link":"https:\/\/ai4debunk.eu\/sv\/cookie-policy\/","title":{"rendered":"Policy f\u00f6r cookies"},"content":{"rendered":"<div data-elementor-type=\"wp-page\" data-elementor-id=\"1336\" class=\"elementor elementor-1336\" data-elementor-post-type=\"page\">\n\t\t\t\t<div class=\"elementor-element elementor-element-372ece9 e-flex e-con-boxed e-con e-parent\" data-id=\"372ece9\" data-element_type=\"container\" data-e-type=\"container\">\n\t\t\t\t\t<div class=\"e-con-inner\">\n\t\t\t\t<div class=\"elementor-element elementor-element-af6f42a elementor-widget elementor-widget-heading\" data-id=\"af6f42a\" data-element_type=\"widget\" data-e-type=\"widget\" data-widget_type=\"heading.default\">\n\t\t\t\t<div class=\"elementor-widget-container\">\n\t\t\t\t\t<h1 class=\"elementor-heading-title elementor-size-default\">Policy f\u00f6r cookies<\/h1>\t\t\t\t<\/div>\n\t\t\t\t<\/div>\n\t\t\t\t<div class=\"elementor-element elementor-element-2b13c41 elementor-widget elementor-widget-text-editor\" data-id=\"2b13c41\" data-element_type=\"widget\" data-e-type=\"widget\" data-widget_type=\"text-editor.default\">\n\t\t\t\t<div class=\"elementor-widget-container\">\n\t\t\t\t\t\t\t\t\t<p>Denna webbplats anv\u00e4nder cookies. Vi anv\u00e4nder cookies f\u00f6r att se till att vi ger dig den b\u00e4sta upplevelsen p\u00e5 v\u00e5r webbplats. L\u00e4s \u00e4ven v\u00e5ra <a href=\"https:\/\/ai4debunk.eu\/sv\/terms-of-use\/\">Anv\u00e4ndarvillkor<\/a> &amp; <a href=\"https:\/\/ai4debunk.eu\/sv\/privacy-policy\/\">Integritetspolicy<\/a> som reglerar anv\u00e4ndningen av denna webbplats. Cookies \u00e4r sm\u00e5 textfiler som kan anv\u00e4ndas av webbplatser f\u00f6r att g\u00f6ra en anv\u00e4ndares upplevelse mer effektiv. Lagen s\u00e4ger att vi kan lagra cookies p\u00e5 din enhet om de \u00e4r absolut n\u00f6dv\u00e4ndiga f\u00f6r driften av denna webbplats.<br \/>F\u00f6r alla andra typer av cookies beh\u00f6ver vi ditt tillst\u00e5nd. Denna webbplats anv\u00e4nder olika typer av cookies. Vissa cookies placeras av tredjepartstj\u00e4nster som visas p\u00e5 v\u00e5ra sidor. Du kan n\u00e4r som helst \u00e4ndra eller \u00e5terkalla ditt samtycke till cookie-deklarationen p\u00e5 v\u00e5r webbplats. L\u00e4s mer om vilka vi \u00e4r, hur du kan kontakta oss och hur vi behandlar personuppgifter i v\u00e5r <a href=\"https:\/\/ai4debunk.eu\/sv\/privacy-policy\/\">Integritetspolicy<\/a>.<\/p>\t\t\t\t\t\t\t\t<\/div>\n\t\t\t\t<\/div>\n\t\t\t\t<div class=\"elementor-element elementor-element-fd7345b elementor-widget elementor-widget-html\" data-id=\"fd7345b\" data-element_type=\"widget\" data-e-type=\"widget\" data-widget_type=\"html.default\">\n\t\t\t\t<div class=\"elementor-widget-container\">\n\t\t\t\t\t<div class=\"cky-audit-table-element\"><\/div>\t\t\t\t<\/div>\n\t\t\t\t<\/div>\n\t\t\t\t\t<\/div>\n\t\t\t\t<\/div>\n\t\t\t\t<\/div>","protected":false},"excerpt":{"rendered":"<p>Den h\u00e4r webbplatsen anv\u00e4nder cookies. Vi anv\u00e4nder cookies f\u00f6r att se till att vi ger dig den b\u00e4sta upplevelsen p\u00e5 v\u00e5r webbplats. L\u00e4s \u00e4ven v\u00e5ra anv\u00e4ndarvillkor &amp; Integritetspolicy som reglerar anv\u00e4ndningen av denna webbplats. Cookies \u00e4r sm\u00e5 textfiler som kan anv\u00e4ndas av webbplatser f\u00f6r att g\u00f6ra en anv\u00e4ndares upplevelse mer [\u2026]<\/p>","protected":false},"author":6,"featured_media":0,"parent":0,"menu_order":0,"comment_status":"closed","ping_status":"closed","template":"","meta":{"_acf_changed":false,"footnotes":""},"class_list":["post-1336","page","type-page","status-publish","hentry"],"acf":[],"_links":{"self":[{"href":"https:\/\/ai4debunk.eu\/sv\/wp-json\/wp\/v2\/pages\/1336","targetHints":{"allow":["GET"]}}],"collection":[{"href":"https:\/\/ai4debunk.eu\/sv\/wp-json\/wp\/v2\/pages"}],"about":[{"href":"https:\/\/ai4debunk.eu\/sv\/wp-json\/wp\/v2\/types\/page"}],"author":[{"embeddable":true,"href":"https:\/\/ai4debunk.eu\/sv\/wp-json\/wp\/v2\/users\/6"}],"replies":[{"embeddable":true,"href":"https:\/\/ai4debunk.eu\/sv\/wp-json\/wp\/v2\/comments?post=1336"}],"version-history":[{"count":5,"href":"https:\/\/ai4debunk.eu\/sv\/wp-json\/wp\/v2\/pages\/1336\/revisions"}],"predecessor-version":[{"id":1469,"href":"https:\/\/ai4debunk.eu\/sv\/wp-json\/wp\/v2\/pages\/1336\/revisions\/1469"}],"wp:attachment":[{"href":"https:\/\/ai4debunk.eu\/sv\/wp-json\/wp\/v2\/media?parent=1336"}],"curies":[{"name":"wp","href":"https:\/\/api.w.org\/{rel}","templated":true}]}}