{"id":1643,"date":"2024-07-25T08:18:17","date_gmt":"2024-07-25T08:18:17","guid":{"rendered":"https:\/\/ai4debunk.eu\/?page_id=1643"},"modified":"2024-09-19T14:32:08","modified_gmt":"2024-09-19T14:32:08","slug":"links","status":"publish","type":"page","link":"https:\/\/ai4debunk.eu\/sv\/links\/","title":{"rendered":"L\u00e4nkar"},"content":{"rendered":"<div data-elementor-type=\"wp-page\" data-elementor-id=\"1643\" class=\"elementor elementor-1643\" data-elementor-post-type=\"page\">\n\t\t\t\t<div class=\"elementor-element elementor-element-fe3fd88 e-flex e-con-boxed e-con e-parent\" data-id=\"fe3fd88\" data-element_type=\"container\" data-e-type=\"container\">\n\t\t\t\t\t<div class=\"e-con-inner\">\n\t\t\t\t<div class=\"elementor-element elementor-element-34592c2 elementor-widget elementor-widget-theme-site-logo elementor-widget-image\" data-id=\"34592c2\" data-element_type=\"widget\" data-e-type=\"widget\" data-widget_type=\"theme-site-logo.default\">\n\t\t\t\t<div class=\"elementor-widget-container\">\n\t\t\t\t\t\t\t\t\t\t\t<a href=\"https:\/\/ai4debunk.eu\/sv\">\n\t\t\t<img decoding=\"async\" width=\"334\" height=\"78\" src=\"https:\/\/ai4debunk.eu\/wp-content\/uploads\/2024\/03\/ai4debunk-logo.png\" class=\"attachment-full size-full wp-image-153\" alt=\"ai4debunk webbplatslogotyp\" srcset=\"https:\/\/ai4debunk.eu\/wp-content\/uploads\/2024\/03\/ai4debunk-logo.png 334w, https:\/\/ai4debunk.eu\/wp-content\/uploads\/2024\/03\/ai4debunk-logo-300x70.png 300w\" sizes=\"(max-width: 334px) 100vw, 334px\" \/>\t\t\t\t<\/a>\n\t\t\t\t\t\t\t\t\t\t\t<\/div>\n\t\t\t\t<\/div>\n\t\t\t\t<div class=\"elementor-element elementor-element-5fab012 elementor-widget elementor-widget-text-editor\" data-id=\"5fab012\" data-element_type=\"widget\" data-e-type=\"widget\" data-widget_type=\"text-editor.default\">\n\t\t\t\t<div class=\"elementor-widget-container\">\n\t\t\t\t\t\t\t\t\t<p><span style=\"color: #913bff;\">AI-drivna verktyg<\/span> bek\u00e4mpa desinformation<\/p>\t\t\t\t\t\t\t\t<\/div>\n\t\t\t\t<\/div>\n\t\t<div class=\"elementor-element elementor-element-3a4f197 e-con-full e-flex e-con e-child\" data-id=\"3a4f197\" data-element_type=\"container\" data-e-type=\"container\">\n\t\t\t\t<div class=\"elementor-element elementor-element-2787ada elementor-align-justify special-button elementor-widget elementor-widget-button\" data-id=\"2787ada\" data-element_type=\"widget\" data-e-type=\"widget\" data-widget_type=\"button.default\">\n\t\t\t\t<div class=\"elementor-widget-container\">\n\t\t\t\t\t\t\t\t\t<div class=\"elementor-button-wrapper\">\n\t\t\t\t\t<a class=\"elementor-button elementor-button-link elementor-size-sm\" href=\"https:\/\/ai4debunk.eu\/sv\/\" target=\"_blank\">\n\t\t\t\t\t\t<span class=\"elementor-button-content-wrapper\">\n\t\t\t\t\t\t<span class=\"elementor-button-icon\">\n\t\t\t\t<svg xmlns=\"http:\/\/www.w3.org\/2000\/svg\" width=\"32\" height=\"32\" viewbox=\"0 0 32 32\" fill=\"none\"><g clip-path=\"url(#clip0_2005_2)\"><path d=\"M16.1119 -0.000236623C7.25799 -0.0602179 0.050244 7.10754 0.000259607 15.9048C-0.0497248 24.7554 7.1247 31.9598 15.9253 31.9998C24.7858 32.0397 32.0069 24.8353 32.0003 16.0014C32.0069 7.21751 24.8792 0.0597446 16.1119 -0.000236623ZM12.653 3.01216C13.3428 2.41901 14.1158 1.97248 15.0122 1.76255C15.0589 1.75255 15.1089 1.74588 15.1689 1.73256V6.43442H10.1271C10.1304 6.40776 10.1304 6.38443 10.1404 6.36777C10.7836 5.10483 11.5666 3.9452 12.653 3.01216ZM10.5969 2.70225C10.5636 2.75557 10.5536 2.77556 10.537 2.79556C9.62059 3.85189 8.91414 5.04152 8.34099 6.31112C8.29767 6.40443 8.25101 6.44108 8.14438 6.44108C7.25133 6.43775 6.35494 6.44108 5.46189 6.44108C5.4219 6.44108 5.38191 6.43775 5.31193 6.43442C6.80147 4.7916 8.54092 3.56198 10.5969 2.70558V2.70225ZM1.75305 14.272C2.02296 12.086 2.75607 10.0699 3.94569 8.21719C4.00901 8.11723 4.07565 8.0839 4.19228 8.0839C5.28194 8.08724 6.3716 8.0839 7.46126 8.0839H7.63787C6.86478 10.3965 6.4949 12.7491 6.41159 15.165H1.66641C1.6964 14.8618 1.71639 14.5652 1.74971 14.2686L1.75305 14.272ZM4.15896 23.9156C4.07232 23.9156 4.01567 23.8956 3.96569 23.8157C2.61944 21.7296 1.85301 19.4503 1.68307 16.9745C1.68307 16.9311 1.67973 16.8845 1.6764 16.8312H6.41159C6.4949 19.2437 6.86478 21.603 7.63787 23.9123H7.48459C6.37493 23.9123 5.26861 23.9123 4.15896 23.9123V23.9156ZM5.31193 25.5684C5.37858 25.5651 5.4119 25.5618 5.44522 25.5618C6.34828 25.5618 7.25133 25.5618 8.15438 25.5618C8.23768 25.5618 8.28767 25.5784 8.32432 25.6617C8.90414 26.9547 9.62392 28.1643 10.5603 29.2373C10.5703 29.2473 10.5736 29.2606 10.5936 29.3006C8.54426 28.4509 6.80147 27.2179 5.3086 25.5718L5.31193 25.5684ZM8.06774 16.8312H15.1655V23.9123H15.0056C13.1795 23.9123 11.3534 23.9123 9.52728 23.9123C9.41065 23.9123 9.36733 23.8723 9.33068 23.7723C8.7142 22.0529 8.34099 20.2801 8.16771 18.464C8.12439 17.9875 8.09773 17.5076 8.06441 17.0278C8.06107 16.9645 8.06441 16.9011 8.06441 16.8278L8.06774 16.8312ZM15.1689 30.2703C15.0456 30.2403 14.9289 30.2203 14.8123 30.187C13.7993 29.9004 12.9595 29.3273 12.2231 28.5942C11.3567 27.7311 10.6903 26.7247 10.1404 25.6351C10.1338 25.6184 10.1271 25.6018 10.1171 25.5718H15.1655V30.2703H15.1689ZM15.1689 15.1684H8.0744C8.0744 15.135 8.06441 15.105 8.06441 15.0751C8.15771 12.7191 8.54092 10.4165 9.34401 8.19387C9.37066 8.11723 9.40399 8.0839 9.49063 8.08724C11.35 8.08724 13.2095 8.08724 15.0689 8.08724C15.0955 8.08724 15.1255 8.08724 15.1689 8.0939V15.1684ZM27.8449 8.0839C27.9349 8.0839 27.9882 8.10723 28.0382 8.18387C29.3844 10.2732 30.1542 12.5558 30.3208 15.0384C30.3208 15.0651 30.3241 15.095 30.3241 15.1217C30.3241 15.1317 30.3208 15.1384 30.3141 15.1617H25.5889C25.509 12.7458 25.1357 10.3898 24.3626 8.0839H24.5159C25.6256 8.0839 26.7319 8.0839 27.8416 8.0839H27.8449ZM26.6886 6.43109C26.6186 6.43442 26.5786 6.43775 26.5386 6.43775C25.6389 6.43775 24.7425 6.43775 23.8428 6.43775C23.7595 6.43775 23.7095 6.41776 23.6729 6.33445C23.093 5.04485 22.3766 3.8419 21.4469 2.77223C21.4369 2.76223 21.4336 2.7489 21.4069 2.70225C23.4629 3.55532 25.2024 4.78827 26.6919 6.43109H26.6886ZM16.8383 1.72922C16.9616 1.75921 17.0783 1.78254 17.1916 1.81586C18.2046 2.10244 19.041 2.67559 19.7807 3.4087C20.6438 4.26843 21.3069 5.27145 21.8534 6.35444C21.8634 6.37444 21.8701 6.39776 21.8834 6.43442H16.835V1.72922H16.8383ZM16.835 8.08724H16.9916C18.8177 8.08724 20.6438 8.08724 22.4699 8.08724C22.5832 8.08724 22.6299 8.12389 22.6665 8.22719C23.283 9.94665 23.6562 11.7194 23.8295 13.5355C23.8728 14.0121 23.8995 14.4919 23.9328 14.9718C23.9361 15.0351 23.9328 15.1017 23.9328 15.1717H16.835V8.09057V8.08724ZM23.9394 16.8312C23.9294 17.0744 23.9194 17.3077 23.9061 17.5443C23.7895 19.4204 23.4829 21.2631 22.9098 23.0559C22.8265 23.3125 22.7398 23.5691 22.6465 23.8223C22.6299 23.8623 22.5632 23.9123 22.5232 23.9123C20.6505 23.9156 18.7777 23.9156 16.905 23.9123C16.8883 23.9123 16.8683 23.909 16.8383 23.9056V16.8312H23.9428H23.9394ZM19.3509 28.9907C18.6611 29.5839 17.888 30.0304 16.9916 30.2403C16.955 30.2503 16.9183 30.257 16.8816 30.2603C16.8683 30.2603 16.855 30.257 16.835 30.2536V25.5651H21.8768C21.8734 25.5918 21.8734 25.6151 21.8634 25.6318C21.2203 26.8947 20.4372 28.0543 19.3509 28.9874V28.9907ZM21.4102 29.2939C21.6868 28.9341 21.9501 28.6075 22.1967 28.2709C22.7765 27.4678 23.2497 26.6048 23.6562 25.7017C23.7029 25.5984 23.7528 25.5584 23.8695 25.5584C24.7525 25.5651 25.6389 25.5584 26.522 25.5584C26.5653 25.5584 26.6119 25.5584 26.6952 25.5584C25.2024 27.2079 23.4596 28.4375 21.4069 29.2906L21.4102 29.2939ZM28.0548 23.789C27.9948 23.8823 27.9315 23.9156 27.8216 23.9156C26.7252 23.9123 25.6322 23.9156 24.5359 23.9156C24.4859 23.9156 24.436 23.9156 24.366 23.9156C25.1357 21.6097 25.509 19.2471 25.5923 16.8345H30.3274C30.3208 16.9545 30.3174 17.0678 30.3075 17.1811C30.1042 19.5703 29.3511 21.773 28.0548 23.7923V23.789Z\" fill=\"white\"><\/path><\/g><defs><clippath id=\"clip0_2005_2\"><rect width=\"32\" height=\"32\" fill=\"white\"><\/rect><\/clippath><\/defs><\/svg>\t\t\t<\/span>\n\t\t\t\t\t\t\t\t\t<span class=\"elementor-button-text\">Webbplats<\/span>\n\t\t\t\t\t<\/span>\n\t\t\t\t\t<\/a>\n\t\t\t\t<\/div>\n\t\t\t\t\t\t\t\t<\/div>\n\t\t\t\t<\/div>\n\t\t\t\t<\/div>\n\t\t<div class=\"elementor-element elementor-element-786c19c e-con-full elementor-hidden-desktop elementor-hidden-tablet elementor-hidden-mobile e-flex e-con e-child\" data-id=\"786c19c\" data-element_type=\"container\" data-e-type=\"container\">\n\t\t\t\t<div class=\"elementor-element elementor-element-3b77f1e elementor-align-justify special-button elementor-widget elementor-widget-button\" data-id=\"3b77f1e\" data-element_type=\"widget\" data-e-type=\"widget\" data-widget_type=\"button.default\">\n\t\t\t\t<div class=\"elementor-widget-container\">\n\t\t\t\t\t\t\t\t\t<div class=\"elementor-button-wrapper\">\n\t\t\t\t\t<a class=\"elementor-button elementor-button-link elementor-size-sm\" href=\"#\">\n\t\t\t\t\t\t<span class=\"elementor-button-content-wrapper\">\n\t\t\t\t\t\t<span class=\"elementor-button-icon\">\n\t\t\t\t<svg xmlns=\"http:\/\/www.w3.org\/2000\/svg\" width=\"35\" height=\"25\" viewbox=\"0 0 35 25\" fill=\"none\"><path d=\"M34.9995 3.69878C35.0069 1.42132 33.2817 -0.0262835 31.3362 -0.000234036C26.7442 0.0630288 22.1485 0.022094 17.5564 0.022094C12.891 0.022094 8.22554 0.022094 3.56377 0.022094C1.47515 0.0258154 0.0105412 1.48458 0.0068705 3.58714C-0.00414157 9.53385 -0.00414157 15.4806 0.0068705 21.4273C0.0105412 23.5336 1.47514 24.996 3.55642 24.996C12.8506 24.9998 22.1448 24.996 31.439 24.996C31.7216 24.996 32.0079 24.9923 32.2796 24.9291C33.9571 24.5458 34.9922 23.1726 34.9922 21.3231C34.9959 15.4471 34.9812 9.57107 34.9995 3.69878ZM29.3614 2.86148C29.2402 2.99173 29.1668 3.09593 29.0714 3.17407C25.3236 6.19208 21.5722 9.2101 17.8281 12.2318C17.5931 12.4216 17.439 12.4477 17.193 12.2467C13.4085 9.18777 9.61673 6.13999 5.82491 3.08848C5.76985 3.04383 5.71112 3.00289 5.53125 2.86148H29.3577H29.3614ZM32.2061 4.9566C32.2061 10.3302 32.2061 15.7076 32.2061 21.0812C32.2061 22.0525 32.074 22.1827 31.1013 22.1827C22.0163 22.1827 12.935 22.1827 3.85008 22.1827C2.92874 22.1827 2.79292 22.0413 2.79292 21.0886C2.79292 15.715 2.79292 10.3377 2.79292 4.96404V4.26815C3.38757 4.74076 3.88312 5.12778 4.37132 5.52224C8.39439 8.76353 12.4211 12.0048 16.4442 15.2461C17.2114 15.8639 17.795 15.8564 18.5842 15.2201C22.9266 11.722 27.2727 8.22766 31.6152 4.7296C31.7767 4.59935 31.9382 4.47282 32.2025 4.26443V4.9566H32.2061Z\" fill=\"white\"><\/path><\/svg>\t\t\t<\/span>\n\t\t\t\t\t\t\t\t\t<span class=\"elementor-button-text\">Prenumerera p\u00e5 nyhetsbrev<\/span>\n\t\t\t\t\t<\/span>\n\t\t\t\t\t<\/a>\n\t\t\t\t<\/div>\n\t\t\t\t\t\t\t\t<\/div>\n\t\t\t\t<\/div>\n\t\t\t\t<\/div>\n\t\t<div class=\"elementor-element elementor-element-b85fee6 e-con-full e-flex e-con e-child\" data-id=\"b85fee6\" data-element_type=\"container\" data-e-type=\"container\">\n\t\t\t\t<div class=\"elementor-element elementor-element-a2287cf elementor-align-justify special-button elementor-widget elementor-widget-button\" data-id=\"a2287cf\" data-element_type=\"widget\" data-e-type=\"widget\" data-widget_type=\"button.default\">\n\t\t\t\t<div class=\"elementor-widget-container\">\n\t\t\t\t\t\t\t\t\t<div class=\"elementor-button-wrapper\">\n\t\t\t\t\t<a class=\"elementor-button elementor-button-link elementor-size-sm\" href=\"https:\/\/www.linkedin.com\/company\/ai4debunk\/\" target=\"_blank\" rel=\"noopener\">\n\t\t\t\t\t\t<span class=\"elementor-button-content-wrapper\">\n\t\t\t\t\t\t<span class=\"elementor-button-icon\">\n\t\t\t\t<svg xmlns=\"http:\/\/www.w3.org\/2000\/svg\" width=\"32\" height=\"32\" viewbox=\"0 0 32 32\" fill=\"none\"><path d=\"M7.4102 31.9966H0.754394V11.8701H7.4102V31.9966ZM4.0703 8.09857C1.83455 8.09857 0 6.29851 0 4.05957C0 1.82064 1.82426 0 4.0703 0C6.31633 0 8.10973 1.82407 8.10973 4.05957C8.10973 6.29508 6.29576 8.09857 4.0703 8.09857ZM32 31.9966H25.303V20.147C25.303 18.2818 23.7874 16.7766 21.9288 16.7766C20.0703 16.7766 18.5924 18.2921 18.5924 20.147V31.9966H11.8817V11.8701H18.5924V14.5445C19.748 12.6656 22.1209 11.4176 24.168 11.4176C28.4921 11.4176 32 14.9251 32 19.2624V32V31.9966Z\" fill=\"white\"><\/path><\/svg>\t\t\t<\/span>\n\t\t\t\t\t\t\t\t\t<span class=\"elementor-button-text\">LinkedIn<\/span>\n\t\t\t\t\t<\/span>\n\t\t\t\t\t<\/a>\n\t\t\t\t<\/div>\n\t\t\t\t\t\t\t\t<\/div>\n\t\t\t\t<\/div>\n\t\t\t\t<\/div>\n\t\t<div class=\"elementor-element elementor-element-d6b6031 e-con-full e-flex e-con e-child\" data-id=\"d6b6031\" data-element_type=\"container\" data-e-type=\"container\">\n\t\t\t\t<div class=\"elementor-element elementor-element-cdc3421 elementor-align-justify special-button elementor-widget elementor-widget-button\" data-id=\"cdc3421\" data-element_type=\"widget\" data-e-type=\"widget\" data-widget_type=\"button.default\">\n\t\t\t\t<div class=\"elementor-widget-container\">\n\t\t\t\t\t\t\t\t\t<div class=\"elementor-button-wrapper\">\n\t\t\t\t\t<a class=\"elementor-button elementor-button-link elementor-size-sm\" href=\"https:\/\/x.com\/ai4debunk\" target=\"_blank\">\n\t\t\t\t\t\t<span class=\"elementor-button-content-wrapper\">\n\t\t\t\t\t\t<span class=\"elementor-button-icon\">\n\t\t\t\t<svg xmlns=\"http:\/\/www.w3.org\/2000\/svg\" width=\"30\" height=\"31\" viewbox=\"0 0 30 31\" fill=\"none\"><path d=\"M17.8545 13.1273L29.0261 0H26.3806L16.6828 11.3958L8.93284 0H0L11.7127 17.2352L0 31H2.64552L12.8881 18.9629L21.0672 31H30L17.8507 13.1273H17.8545ZM14.2313 17.3861L13.0448 15.6698L3.60075 2.01436H7.66791L15.2873 13.0367L16.4739 14.7531L26.3806 29.0762H22.3134L14.2313 17.3861Z\" fill=\"white\"><\/path><\/svg>\t\t\t<\/span>\n\t\t\t\t\t\t\t\t\t<span class=\"elementor-button-text\">X\/Twitter<\/span>\n\t\t\t\t\t<\/span>\n\t\t\t\t\t<\/a>\n\t\t\t\t<\/div>\n\t\t\t\t\t\t\t\t<\/div>\n\t\t\t\t<\/div>\n\t\t\t\t<\/div>\n\t\t<div class=\"elementor-element elementor-element-16047eb e-con-full e-flex e-con e-child\" data-id=\"16047eb\" data-element_type=\"container\" data-e-type=\"container\">\n\t\t\t\t<div class=\"elementor-element elementor-element-91eb7c6 elementor-align-justify special-button elementor-widget elementor-widget-button\" data-id=\"91eb7c6\" data-element_type=\"widget\" data-e-type=\"widget\" data-widget_type=\"button.default\">\n\t\t\t\t<div class=\"elementor-widget-container\">\n\t\t\t\t\t\t\t\t\t<div class=\"elementor-button-wrapper\">\n\t\t\t\t\t<a class=\"elementor-button elementor-button-link elementor-size-sm\" href=\"https:\/\/www.facebook.com\/ai4debunk\" target=\"_blank\" rel=\"noopener\">\n\t\t\t\t\t\t<span class=\"elementor-button-content-wrapper\">\n\t\t\t\t\t\t<span class=\"elementor-button-icon\">\n\t\t\t\t<svg aria-hidden=\"true\" class=\"e-font-icon-svg e-fab-facebook-f\" viewbox=\"0 0 320 512\" xmlns=\"http:\/\/www.w3.org\/2000\/svg\"><path d=\"M279.14 288l14.22-92.66h-88.91v-60.13c0-25.35 12.42-50.06 52.24-50.06h40.42V6.26S260.43 0 225.36 0c-73.22 0-121.08 44.38-121.08 124.72v70.62H22.89V288h81.39v224h100.17V288z\"><\/path><\/svg>\t\t\t<\/span>\n\t\t\t\t\t\t\t\t\t<span class=\"elementor-button-text\">Facebook<\/span>\n\t\t\t\t\t<\/span>\n\t\t\t\t\t<\/a>\n\t\t\t\t<\/div>\n\t\t\t\t\t\t\t\t<\/div>\n\t\t\t\t<\/div>\n\t\t\t\t<\/div>\n\t\t<div class=\"elementor-element elementor-element-4d99077 e-con-full e-flex e-con e-child\" data-id=\"4d99077\" data-element_type=\"container\" data-e-type=\"container\">\n\t\t\t\t<div class=\"elementor-element elementor-element-d3a937d elementor-align-justify special-button elementor-widget elementor-widget-button\" data-id=\"d3a937d\" data-element_type=\"widget\" data-e-type=\"widget\" data-widget_type=\"button.default\">\n\t\t\t\t<div class=\"elementor-widget-container\">\n\t\t\t\t\t\t\t\t\t<div class=\"elementor-button-wrapper\">\n\t\t\t\t\t<a class=\"elementor-button elementor-button-link elementor-size-sm\" href=\"https:\/\/www.youtube.com\/@ai4debunk\" target=\"_blank\" rel=\"noopener\">\n\t\t\t\t\t\t<span class=\"elementor-button-content-wrapper\">\n\t\t\t\t\t\t<span class=\"elementor-button-icon\">\n\t\t\t\t<svg xmlns=\"http:\/\/www.w3.org\/2000\/svg\" width=\"38\" height=\"27\" viewbox=\"0 0 38 27\" fill=\"none\"><path d=\"M37.2024 4.21507C36.7661 2.55396 35.4776 1.2493 33.8414 0.806332C30.8793 0 18.9966 0 18.9966 0C18.9966 0 7.11392 0 4.15178 0.806332C2.51902 1.2493 1.23053 2.55742 0.794223 4.21507C0 7.22584 0 13.5 0 13.5C0 13.5 0 19.7776 0.794223 22.7849C1.23053 24.446 2.51902 25.7507 4.15518 26.1937C7.11733 27 19 27 19 27C19 27 30.8827 27 33.8448 26.1937C35.481 25.7507 36.7661 24.4426 37.2058 22.7849C38 19.7776 38 13.5 38 13.5C38 13.5 38 7.22238 37.2058 4.21507M15.1993 19.2862V7.71379L25.0709 13.5L15.1993 19.2862Z\" fill=\"white\"><\/path><\/svg>\t\t\t<\/span>\n\t\t\t\t\t\t\t\t\t<span class=\"elementor-button-text\">Youtube<\/span>\n\t\t\t\t\t<\/span>\n\t\t\t\t\t<\/a>\n\t\t\t\t<\/div>\n\t\t\t\t\t\t\t\t<\/div>\n\t\t\t\t<\/div>\n\t\t\t\t<\/div>\n\t\t\t\t\t<\/div>\n\t\t\t\t<\/div>\n\t\t\t\t<\/div>","protected":false},"excerpt":{"rendered":"<p>AI-drivna verktyg f\u00f6r att bek\u00e4mpa desinformation Prenumerera p\u00e5 nyhetsbrev LinkedIn X\/Twitter Facebook Youtube<\/p>","protected":false},"author":6,"featured_media":0,"parent":0,"menu_order":0,"comment_status":"closed","ping_status":"closed","template":"","meta":{"_acf_changed":false,"footnotes":""},"class_list":["post-1643","page","type-page","status-publish","hentry"],"acf":[],"_links":{"self":[{"href":"https:\/\/ai4debunk.eu\/sv\/wp-json\/wp\/v2\/pages\/1643","targetHints":{"allow":["GET"]}}],"collection":[{"href":"https:\/\/ai4debunk.eu\/sv\/wp-json\/wp\/v2\/pages"}],"about":[{"href":"https:\/\/ai4debunk.eu\/sv\/wp-json\/wp\/v2\/types\/page"}],"author":[{"embeddable":true,"href":"https:\/\/ai4debunk.eu\/sv\/wp-json\/wp\/v2\/users\/6"}],"replies":[{"embeddable":true,"href":"https:\/\/ai4debunk.eu\/sv\/wp-json\/wp\/v2\/comments?post=1643"}],"version-history":[{"count":5,"href":"https:\/\/ai4debunk.eu\/sv\/wp-json\/wp\/v2\/pages\/1643\/revisions"}],"predecessor-version":[{"id":2184,"href":"https:\/\/ai4debunk.eu\/sv\/wp-json\/wp\/v2\/pages\/1643\/revisions\/2184"}],"wp:attachment":[{"href":"https:\/\/ai4debunk.eu\/sv\/wp-json\/wp\/v2\/media?parent=1643"}],"curies":[{"name":"wp","href":"https:\/\/api.w.org\/{rel}","templated":true}]}}