{"id":209,"date":"2024-03-05T16:33:00","date_gmt":"2024-03-05T16:33:00","guid":{"rendered":"https:\/\/ai4debunk.eu\/?page_id=209"},"modified":"2024-09-19T15:01:38","modified_gmt":"2024-09-19T15:01:38","slug":"terms-of-use","status":"publish","type":"page","link":"https:\/\/ai4debunk.eu\/sv\/terms-of-use\/","title":{"rendered":"Anv\u00e4ndarvillkor"},"content":{"rendered":"<div data-elementor-type=\"wp-page\" data-elementor-id=\"209\" class=\"elementor elementor-209\" data-elementor-post-type=\"page\">\n\t\t\t\t<div class=\"elementor-element elementor-element-89ce4c8 e-flex e-con-boxed e-con e-parent\" data-id=\"89ce4c8\" data-element_type=\"container\" data-e-type=\"container\">\n\t\t\t\t\t<div class=\"e-con-inner\">\n\t\t\t\t<div class=\"elementor-element elementor-element-c470af8 elementor-widget elementor-widget-heading\" data-id=\"c470af8\" data-element_type=\"widget\" data-e-type=\"widget\" data-widget_type=\"heading.default\">\n\t\t\t\t<div class=\"elementor-widget-container\">\n\t\t\t\t\t<h1 class=\"elementor-heading-title elementor-size-default\">Anv\u00e4ndarvillkor\n<\/h1>\t\t\t\t<\/div>\n\t\t\t\t<\/div>\n\t\t\t\t<div class=\"elementor-element elementor-element-9834e64 elementor-widget elementor-widget-text-editor\" data-id=\"9834e64\" data-element_type=\"widget\" data-e-type=\"widget\" data-widget_type=\"text-editor.default\">\n\t\t\t\t<div class=\"elementor-widget-container\">\n\t\t\t\t\t\t\t\t\t<p>V\u00e4lkommen till v\u00e5r hemsida.<br \/>Din tillg\u00e5ng till och anv\u00e4ndning av denna webbplats \u00e4r f\u00f6rem\u00e5l f\u00f6r dessa anv\u00e4ndarvillkor f\u00f6r webbplatsen. L\u00e4s dem noggrant innan du g\u00e5r in p\u00e5 eller anv\u00e4nder denna webbplats.<\/p>\t\t\t\t\t\t\t\t<\/div>\n\t\t\t\t<\/div>\n\t\t\t\t<div class=\"elementor-element elementor-element-112fa17 elementor-widget elementor-widget-heading\" data-id=\"112fa17\" data-element_type=\"widget\" data-e-type=\"widget\" data-widget_type=\"heading.default\">\n\t\t\t\t<div class=\"elementor-widget-container\">\n\t\t\t\t\t<h4 class=\"elementor-heading-title elementor-size-default\">1. DEFINITIONER<\/h4>\t\t\t\t<\/div>\n\t\t\t\t<\/div>\n\t\t\t\t<div class=\"elementor-element elementor-element-e1cdef7 elementor-widget elementor-widget-text-editor\" data-id=\"e1cdef7\" data-element_type=\"widget\" data-e-type=\"widget\" data-widget_type=\"text-editor.default\">\n\t\t\t\t<div class=\"elementor-widget-container\">\n\t\t\t\t\t\t\t\t\t<p>AI4Debunk (Participative Assistive AI-powered Tools for Supporting Trustworthy Online Activity of Citizens and Debunking Disinformation), nedan kallat projektet, \u00e4r ett 48 m\u00e5nader l\u00e5ngt IA-projekt som behandlar \u00e4mnet HORIZON-CL4-2023-HUMAN-01-CNECT.<\/p><p>Begreppet \u201dkonsortium\u201d avser alla signat\u00e4rer, utom Europeiska kommissionen, av bidragsavtal 101135757, som kan ha en enda eller gemensam immateriell r\u00e4ttighet i f\u00f6rh\u00e5llande till projektresultaten.<\/p><p>Termen \u201dmaterial\u201d avser all information, allt inneh\u00e5ll, alla data, alla dokument (t.ex. vitb\u00f6cker, broschyrer, datablad, vanliga fr\u00e5gor, mallar, pressmeddelanden osv.), nedladdningar, filer, text, bilder, fotografier, grafik, videor, webbs\u00e4ndningar, publikationer, verktyg, resurser, programvara, kod, program, applikationer och produkter som g\u00f6rs tillg\u00e4ngliga eller aktiveras via webbplatsen.<\/p><p>Termen \u201dWebbplatsansvarig\u201d, som annars anges som \u201doss\u201d eller \u201dvi\u201d, avser den enhet som ansvarar f\u00f6r att skapa och hantera webbplatsen. <a href=\"https:\/\/ai4debunk.eu\/sv\/\"><span style=\"color: #ae46ff;\">https:\/\/ai4debunk.eu<\/span><\/a> (nedan gemensamt kallade webbplatsen) f\u00f6r att tillhandah\u00e5lla information till sina anv\u00e4ndare.Grant Agreement 101135757 \u00f6verl\u00e5ter till F6S Network Ireland Limited (<span style=\"color: #ae46ff;\"><a style=\"color: #ae46ff;\" href=\"http:\/\/www.f6s.com\" target=\"_blank\" rel=\"noopener\">www.f6s.com<\/a><\/span>) rollen som webbplatsansvarig, vilket inneb\u00e4r att F6S Network Ireland Limited \u00e4r personuppgiftsansvarig f\u00f6r webbplatsen.<\/p><p>Termen \u201ddu\u201d avser bes\u00f6karen p\u00e5 v\u00e5r webbplats.<\/p>\t\t\t\t\t\t\t\t<\/div>\n\t\t\t\t<\/div>\n\t\t\t\t<div class=\"elementor-element elementor-element-65a84db elementor-widget elementor-widget-heading\" data-id=\"65a84db\" data-element_type=\"widget\" data-e-type=\"widget\" data-widget_type=\"heading.default\">\n\t\t\t\t<div class=\"elementor-widget-container\">\n\t\t\t\t\t<h4 class=\"elementor-heading-title elementor-size-default\">2. Till\u00e4mpningsomr\u00e5de<\/h4>\t\t\t\t<\/div>\n\t\t\t\t<\/div>\n\t\t\t\t<div class=\"elementor-element elementor-element-b717931 elementor-widget elementor-widget-text-editor\" data-id=\"b717931\" data-element_type=\"widget\" data-e-type=\"widget\" data-widget_type=\"text-editor.default\">\n\t\t\t\t<div class=\"elementor-widget-container\">\n\t\t\t\t\t\t\t\t\tDessa villkor f\u00f6r webbplatsen (dessa \u201dVillkor\u201d eller dessa \u201dVillkor f\u00f6r webbplatsen\u201d) som finns h\u00e4r ska styra din anv\u00e4ndning av denna webbplats, inklusive alla sidor p\u00e5 denna webbplats. Dessa villkor g\u00e4ller i full kraft och effekt f\u00f6r din anv\u00e4ndning av denna webbplats och genom att anv\u00e4nda denna webbplats accepterar du uttryckligen alla villkor som finns h\u00e4ri i sin helhet. Du f\u00e5r inte anv\u00e4nda denna webbplats om du har n\u00e5gra inv\u00e4ndningar mot n\u00e5gon av dessa anv\u00e4ndarvillkor.\n\t\t\t\t\t\t\t\t<\/div>\n\t\t\t\t<\/div>\n\t\t\t\t<div class=\"elementor-element elementor-element-827f9c4 elementor-widget elementor-widget-heading\" data-id=\"827f9c4\" data-element_type=\"widget\" data-e-type=\"widget\" data-widget_type=\"heading.default\">\n\t\t\t\t<div class=\"elementor-widget-container\">\n\t\t\t\t\t<h4 class=\"elementor-heading-title elementor-size-default\">3. Din anv\u00e4ndning av webbplatsen<\/h4>\t\t\t\t<\/div>\n\t\t\t\t<\/div>\n\t\t\t\t<div class=\"elementor-element elementor-element-ee7b3ce elementor-widget elementor-widget-text-editor\" data-id=\"ee7b3ce\" data-element_type=\"widget\" data-e-type=\"widget\" data-widget_type=\"text-editor.default\">\n\t\t\t\t<div class=\"elementor-widget-container\">\n\t\t\t\t\t\t\t\t\t<p>Du samtycker till att anv\u00e4nda webbplatsen och dess inneh\u00e5ll endast f\u00f6r \u00e4ndam\u00e5l som \u00e4r till\u00e5tna enligt anv\u00e4ndarvillkoren och alla till\u00e4mpliga lagar, f\u00f6rordningar eller allm\u00e4nt accepterade metoder eller riktlinjer i relevanta jurisdiktioner.<\/p><p>Du samtycker specifikt till att inte komma \u00e5t (eller f\u00f6rs\u00f6ka komma \u00e5t) n\u00e5got av Materialet, p\u00e5 n\u00e5got automatiserat s\u00e4tt (inklusive anv\u00e4ndning av skript eller s\u00f6krobotar), eller genom hackning, l\u00f6senordsutvinning eller p\u00e5 annat s\u00e4tt. Du samtycker till att du inte kommer att delta i n\u00e5gon aktivitet som st\u00f6r eller st\u00f6r webbplatsen (eller servrarna och n\u00e4tverken, som \u00e4r anslutna till eller tillg\u00e4ngliga via webbplatsen).<br \/>Du samtycker ocks\u00e5 till att anv\u00e4nda de funktioner som \u00e4r tillg\u00e4ngliga p\u00e5 webbplatsen endast f\u00f6r att f\u00e5 tillg\u00e5ng till, ladda ner, anv\u00e4nda, posta, skicka eller ta emot material p\u00e5 ett l\u00e4mpligt s\u00e4tt.<\/p><p>Du kan visa, ladda ner f\u00f6r cachnings\u00e4ndam\u00e5l och skriva ut material fr\u00e5n webbplatsen f\u00f6r ditt eget personliga bruk, med f\u00f6rbeh\u00e5ll f\u00f6r de begr\u00e4nsningar som anges nedan och p\u00e5 andra st\u00e4llen i dessa villkor.<\/p><p>Du f\u00e5r inte anv\u00e4nda denna webbplats f\u00f6r att kopiera, lagra, vara v\u00e4rd f\u00f6r, \u00f6verf\u00f6ra, skicka, anv\u00e4nda, publicera eller distribuera n\u00e5got material som best\u00e5r av (eller \u00e4r kopplat till) spionprogram, datorvirus, trojansk h\u00e4st, mask, tangenttryckningslogger, rootkit eller annan skadlig programvara. Du f\u00e5r inte utf\u00f6ra n\u00e5gra systematiska eller automatiserade datainsamlingsaktiviteter (inklusive, men inte begr\u00e4nsat till, skrapning, datautvinning, datautvinning och dataf\u00e5ngst) p\u00e5 eller i samband med denna webbplats utan den webbplatsansvariges uttryckliga skriftliga samtycke. Du samtycker ocks\u00e5 till att inte anv\u00e4nda n\u00e5got Material p\u00e5 ett s\u00e4tt som kr\u00e4nker n\u00e5gon parts immateriella r\u00e4ttigheter eller r\u00e4ttigheter, att inte reproducera eller anv\u00e4nda i andra elektroniska eller tryckta publikationer. Den grafiska s\u00e5v\u00e4l som tekniska designen och all kontakt samt bilder som anv\u00e4nds i denna online-presentation \u00e4r skyddade av upphovsr\u00e4tt.<\/p><p>Du samtycker ocks\u00e5 till att inte anv\u00e4nda webbplatsens dom\u00e4nnamn som en pseudonymiserad e-postadress f\u00f6r returer. att inte st\u00f6ra, st\u00f6ra eller hindra n\u00e5gon annan anv\u00e4ndare fr\u00e5n att anv\u00e4nda och njuta av webbplatsen eller andra anslutna eller l\u00e4nkade webbplatser eller materialet; och att inte anv\u00e4nda n\u00e5got material p\u00e5 ett s\u00e4tt som g\u00f6r intr\u00e5ng i n\u00e5gon parts immateriella r\u00e4ttigheter eller r\u00e4ttigheter;<\/p>\t\t\t\t\t\t\t\t<\/div>\n\t\t\t\t<\/div>\n\t\t\t\t<div class=\"elementor-element elementor-element-94c704a elementor-widget elementor-widget-heading\" data-id=\"94c704a\" data-element_type=\"widget\" data-e-type=\"widget\" data-widget_type=\"heading.default\">\n\t\t\t\t<div class=\"elementor-widget-container\">\n\t\t\t\t\t<h4 class=\"elementor-heading-title elementor-size-default\">4. Kopieringsr\u00e4ttigheter och immateriella r\u00e4ttigheter<\/h4>\t\t\t\t<\/div>\n\t\t\t\t<\/div>\n\t\t\t\t<div class=\"elementor-element elementor-element-cbe98bf elementor-widget elementor-widget-text-editor\" data-id=\"cbe98bf\" data-element_type=\"widget\" data-e-type=\"widget\" data-widget_type=\"text-editor.default\">\n\t\t\t\t<div class=\"elementor-widget-container\">\n\t\t\t\t\t\t\t\t\t<p>F\u00f6rutom inneh\u00e5ll du \u00e4ger, som du kan ha valt att inkludera p\u00e5 denna webbplats, \u00e4ger konsortiet och\/eller dess licensgivare enligt dessa villkor alla r\u00e4ttigheter till det immateriella materialet p\u00e5 denna webbplats, och alla s\u00e5dana r\u00e4ttigheter \u00e4r reserverade. Konsortiet till\u00e5ter anv\u00e4ndare att kopiera och skriva ut utdrag eller dokument fr\u00e5n denna webbplats endast f\u00f6r personligt, icke-kommersiellt bruk, under f\u00f6ruts\u00e4ttning att alla kopior eller utdrag av n\u00e4mnda dokument eller sidor som erh\u00e5llits, beh\u00e5ller alla immateriella r\u00e4ttigheter eller andra egendomsmeddelanden inklusive alla friskrivningar som finns d\u00e4ri. Projektets logotyp f\u00e5r inte anv\u00e4ndas eller reproduceras utan f\u00f6reg\u00e5ende skriftligt medgivande fr\u00e5n konsortiet.<\/p><p>F\u00f6rutom vad som \u00e4r till\u00e5tet enligt g\u00e4llande upphovsr\u00e4ttslagstiftning f\u00e5r du inte reproducera eller kommunicera n\u00e5got av inneh\u00e5llet p\u00e5 denna webbplats, inklusive filer som kan laddas ner fr\u00e5n denna webbplats, utan skriftligt tillst\u00e5nd fr\u00e5n upphovsr\u00e4ttsinnehavaren.<\/p>\t\t\t\t\t\t\t\t<\/div>\n\t\t\t\t<\/div>\n\t\t\t\t<div class=\"elementor-element elementor-element-21ba3cf elementor-widget elementor-widget-heading\" data-id=\"21ba3cf\" data-element_type=\"widget\" data-e-type=\"widget\" data-widget_type=\"heading.default\">\n\t\t\t\t<div class=\"elementor-widget-container\">\n\t\t\t\t\t<h4 class=\"elementor-heading-title elementor-size-default\">5. Handel, handelsnamn och logotyper<\/h4>\t\t\t\t<\/div>\n\t\t\t\t<\/div>\n\t\t\t\t<div class=\"elementor-element elementor-element-71b6360 elementor-widget elementor-widget-text-editor\" data-id=\"71b6360\" data-element_type=\"widget\" data-e-type=\"widget\" data-widget_type=\"text-editor.default\">\n\t\t\t\t<div class=\"elementor-widget-container\">\n\t\t\t\t\t\t\t\t\tAlla varum\u00e4rken, handelsnamn och logotyper som f\u00f6rekommer p\u00e5 webbplatsen tillh\u00f6r sina respektive \u00e4gare och skyddas av internationella upphovsr\u00e4tts- och varum\u00e4rkeslagar. Du samtycker till att inte f\u00f6rtala eller nedv\u00e4rdera projektet och alla varum\u00e4rken, handelsnamn eller logotyper som ing\u00e5r p\u00e5 webbplatsen eller i materialet. All anv\u00e4ndning av n\u00e5got av varum\u00e4rkena, handelsnamnen och logotyperna som f\u00f6rekommer p\u00e5 hela webbplatsen utan uttryckligt skriftligt medgivande fr\u00e5n \u00e4garen av varum\u00e4rket eller namnet eller logotypen, beroende p\u00e5 vad som \u00e4r till\u00e4mpligt, \u00e4r str\u00e4ngt f\u00f6rbjudet.\t\t\t\t\t\t\t\t<\/div>\n\t\t\t\t<\/div>\n\t\t\t\t<div class=\"elementor-element elementor-element-4ca326f elementor-widget elementor-widget-heading\" data-id=\"4ca326f\" data-element_type=\"widget\" data-e-type=\"widget\" data-widget_type=\"heading.default\">\n\t\t\t\t<div class=\"elementor-widget-container\">\n\t\t\t\t\t<h4 class=\"elementor-heading-title elementor-size-default\">6. Licens till dig<\/h4>\t\t\t\t<\/div>\n\t\t\t\t<\/div>\n\t\t\t\t<div class=\"elementor-element elementor-element-37a315c elementor-widget elementor-widget-text-editor\" data-id=\"37a315c\" data-element_type=\"widget\" data-e-type=\"widget\" data-widget_type=\"text-editor.default\">\n\t\t\t\t<div class=\"elementor-widget-container\">\n\t\t\t\t\t\t\t\t\t<p>Konsortiet ger dig en personlig, v\u00e4rldsomsp\u00e4nnande, icke-\u00f6verl\u00e5tbar, royaltyfri och icke-exklusiv licens att anv\u00e4nda webbplatsen enbart i syfte att g\u00f6ra det m\u00f6jligt f\u00f6r dig att anv\u00e4nda och dra nytta av webbplatsen och materialet, p\u00e5 det s\u00e4tt som till\u00e5ts enligt dessa anv\u00e4ndarvillkor. Du f\u00e5r inte (och du f\u00e5r inte till\u00e5ta n\u00e5gon annan att) kopiera, bak\u00e5tkompilera, skapa ett h\u00e4rlett verk av, eller dekompilera eller p\u00e5 annat s\u00e4tt f\u00f6rs\u00f6ka extrahera k\u00e4llkoden f\u00f6r webbplatsen eller n\u00e5gon del d\u00e4rav, s\u00e5vida inte detta uttryckligen \u00e4r till\u00e5tet eller kr\u00e4vs enligt lag, eller om du inte har f\u00e5tt s\u00e4rskilt tillst\u00e5nd att g\u00f6ra det av Webbplatshanteraren. Om inte Webbplatshanteraren har gett dig skriftligt tillst\u00e5nd att g\u00f6ra det, f\u00e5r du inte<\/p><ul><li>tilldela (eller bevilja en underlicens till) dina r\u00e4ttigheter att anv\u00e4nda Webbplatsen eller Materialet,<\/li><li>bevilja ett s\u00e4kerhetsintresse i eller \u00f6ver dina r\u00e4ttigheter att anv\u00e4nda webbplatsen eller materialet, eller p\u00e5 annat s\u00e4tt \u00f6verf\u00f6ra n\u00e5gon av dina r\u00e4ttigheter att anv\u00e4nda dem.<\/li><\/ul>\t\t\t\t\t\t\t\t<\/div>\n\t\t\t\t<\/div>\n\t\t\t\t<div class=\"elementor-element elementor-element-1251413 elementor-widget elementor-widget-heading\" data-id=\"1251413\" data-element_type=\"widget\" data-e-type=\"widget\" data-widget_type=\"heading.default\">\n\t\t\t\t<div class=\"elementor-widget-container\">\n\t\t\t\t\t<h4 class=\"elementor-heading-title elementor-size-default\">7. L\u00e4nkar till andra internetsidor<\/h4>\t\t\t\t<\/div>\n\t\t\t\t<\/div>\n\t\t\t\t<div class=\"elementor-element elementor-element-b5adf43 elementor-widget elementor-widget-text-editor\" data-id=\"b5adf43\" data-element_type=\"widget\" data-e-type=\"widget\" data-widget_type=\"text-editor.default\">\n\t\t\t\t<div class=\"elementor-widget-container\">\n\t\t\t\t\t\t\t\t\tWebbplatsen kan inneh\u00e5lla l\u00e4nkar till andra webbplatser och tj\u00e4nster som drivs och underh\u00e5lls av tredje part eller dess dotterbolag. Du bekr\u00e4ftar, f\u00f6rst\u00e5r och godk\u00e4nner att Webbplatshanteraren inte kommer att vara ansvarig, direkt eller indirekt, f\u00f6r n\u00e5gon skada eller f\u00f6rlust som orsakats eller p\u00e5st\u00e5s vara orsakad av eller i samband med anv\u00e4ndning av eller tillit till s\u00e5dant inneh\u00e5ll, produkter eller tj\u00e4nster som finns tillg\u00e4ngliga p\u00e5 s\u00e5dana andra webbplatser.\n\t\t\t\t\t\t\t\t<\/div>\n\t\t\t\t<\/div>\n\t\t\t\t<div class=\"elementor-element elementor-element-61d5e43 elementor-widget elementor-widget-heading\" data-id=\"61d5e43\" data-element_type=\"widget\" data-e-type=\"widget\" data-widget_type=\"heading.default\">\n\t\t\t\t<div class=\"elementor-widget-container\">\n\t\t\t\t\t<h4 class=\"elementor-heading-title elementor-size-default\">8. \u00c4NDRINGAR<\/h4>\t\t\t\t<\/div>\n\t\t\t\t<\/div>\n\t\t\t\t<div class=\"elementor-element elementor-element-e547e4a elementor-widget elementor-widget-text-editor\" data-id=\"e547e4a\" data-element_type=\"widget\" data-e-type=\"widget\" data-widget_type=\"text-editor.default\">\n\t\t\t\t<div class=\"elementor-widget-container\">\n\t\t\t\t\t\t\t\t\tWebbplatsansvarig f\u00f6rbeh\u00e5ller sig r\u00e4tten att \u00e4ndra, avbryta eller avbryta n\u00e5gon del av webbplatsen och materialet n\u00e4r som helst, med eller utan f\u00f6rvarning. Webbplatsansvarig f\u00f6rbeh\u00e5ller sig r\u00e4tten att \u00e4ndra n\u00e5gon del av dessa anv\u00e4ndarvillkor n\u00e4r som helst. Eventuella \u00e4ndringar ska tr\u00e4da i kraft n\u00e4r de publiceras p\u00e5 webbplatsen. Du samtycker till att granska dessa anv\u00e4ndarvillkor regelbundet s\u00e5 att du \u00e4r medveten om s\u00e5dana \u00e4ndringar. Din fortsatta anv\u00e4ndning av webbplatsen efter att s\u00e5dana \u00e4ndringar har publicerats ska anses vara ditt godk\u00e4nnande av eventuella \u00e4ndringar av anv\u00e4ndarvillkoren. Om, n\u00e4r som helst, anv\u00e4ndarvillkoren inte \u00e4r acceptabla f\u00f6r dig, b\u00f6r du omedelbart upph\u00f6ra med anv\u00e4ndningen av webbplatsen. Du samtycker till att den ovan angivna standarden f\u00f6r meddelande om \u00e4ndringar \u00e4r rimlig.\n\t\t\t\t\t\t\t\t<\/div>\n\t\t\t\t<\/div>\n\t\t\t\t<div class=\"elementor-element elementor-element-638682a elementor-widget elementor-widget-heading\" data-id=\"638682a\" data-element_type=\"widget\" data-e-type=\"widget\" data-widget_type=\"heading.default\">\n\t\t\t\t<div class=\"elementor-widget-container\">\n\t\t\t\t\t<h4 class=\"elementor-heading-title elementor-size-default\">9. Ansvarsbegr\u00e4nsning<\/h4>\t\t\t\t<\/div>\n\t\t\t\t<\/div>\n\t\t\t\t<div class=\"elementor-element elementor-element-c2a7c6a elementor-widget elementor-widget-text-editor\" data-id=\"c2a7c6a\" data-element_type=\"widget\" data-e-type=\"widget\" data-widget_type=\"text-editor.default\">\n\t\t\t\t<div class=\"elementor-widget-container\">\n\t\t\t\t\t\t\t\t\tWebbplatsansvarig ansvarar inte f\u00f6r direkta, indirekta, tillf\u00e4lliga eller f\u00f6ljdskador som kan bero p\u00e5 felaktig anv\u00e4ndning av webbplatsen av anv\u00e4ndare eller p\u00e5 eventuella fel, misslyckanden, defekter eller f\u00f6rseningar i driften av webbplatsen eller i \u00f6verf\u00f6ringen av information p\u00e5 Internet via denna webbplats.\n\t\t\t\t\t\t\t\t<\/div>\n\t\t\t\t<\/div>\n\t\t\t\t<div class=\"elementor-element elementor-element-f4d303c elementor-widget elementor-widget-heading\" data-id=\"f4d303c\" data-element_type=\"widget\" data-e-type=\"widget\" data-widget_type=\"heading.default\">\n\t\t\t\t<div class=\"elementor-widget-container\">\n\t\t\t\t\t<h4 class=\"elementor-heading-title elementor-size-default\">10. R\u00e4ttskipning<\/h4>\t\t\t\t<\/div>\n\t\t\t\t<\/div>\n\t\t\t\t<div class=\"elementor-element elementor-element-c70fafa elementor-widget elementor-widget-text-editor\" data-id=\"c70fafa\" data-element_type=\"widget\" data-e-type=\"widget\" data-widget_type=\"text-editor.default\">\n\t\t\t\t<div class=\"elementor-widget-container\">\n\t\t\t\t\t\t\t\t\tGenom att bes\u00f6ka denna webbplats och materialet godk\u00e4nner du att alla fr\u00e5gor som r\u00f6r din tillg\u00e5ng till eller anv\u00e4ndning av dem ska regleras av Irlands och Europeiska unionens stadgar och lagar, utan respekt f\u00f6r lagkonfliktprinciper. Eventuella tvister som uppst\u00e5r till f\u00f6ljd av anv\u00e4ndningen av denna webbplats kommer att omfattas av den exklusiva jurisdiktionen f\u00f6r domstolarna i Dublin, Irland.\n\t\t\t\t\t\t\t\t<\/div>\n\t\t\t\t<\/div>\n\t\t\t\t<div class=\"elementor-element elementor-element-6f17ea8 elementor-widget elementor-widget-heading\" data-id=\"6f17ea8\" data-element_type=\"widget\" data-e-type=\"widget\" data-widget_type=\"heading.default\">\n\t\t\t\t<div class=\"elementor-widget-container\">\n\t\t\t\t\t<h4 class=\"elementor-heading-title elementor-size-default\">11. Allm\u00e4nt<\/h4>\t\t\t\t<\/div>\n\t\t\t\t<\/div>\n\t\t\t\t<div class=\"elementor-element elementor-element-4d1604d elementor-widget elementor-widget-text-editor\" data-id=\"4d1604d\" data-element_type=\"widget\" data-e-type=\"widget\" data-widget_type=\"text-editor.default\">\n\t\t\t\t<div class=\"elementor-widget-container\">\n\t\t\t\t\t\t\t\t\t<p>Dessa anv\u00e4ndarvillkor ska regleras av, och tolkas i enlighet med, Irlands lagar utan h\u00e4nsyn till dess principer om lagkonflikter. Webbplatsf\u00f6rvaltarens fullg\u00f6rande av dessa anv\u00e4ndarvillkor omfattas av befintliga lagar och r\u00e4ttsliga f\u00f6rfaranden, och ingenting i dessa anv\u00e4ndarvillkor ska avvika fr\u00e5n samordnarens r\u00e4tt att uppfylla beg\u00e4randen fr\u00e5n brottsbek\u00e4mpande myndigheter eller krav som r\u00f6r din anv\u00e4ndning av webbplatsen eller information som tillhandah\u00e5lls eller samlas in av webbplatsf\u00f6rvaltaren med avseende p\u00e5 s\u00e5dan anv\u00e4ndning. Om n\u00e5gon best\u00e4mmelse i dessa anv\u00e4ndarvillkor ska vara olaglig, ogiltig eller av n\u00e5gon anledning inte kan verkst\u00e4llas, ska den best\u00e4mmelsen anses avskiljbar fr\u00e5n dessa anv\u00e4ndarvillkor och ska inte p\u00e5verka giltigheten och verkst\u00e4llbarheten av eventuella \u00e5terst\u00e5ende best\u00e4mmelser. Dessa anv\u00e4ndarvillkor utg\u00f6r hela avtalet mellan parterna avseende \u00e4mnet h\u00e4ri och ers\u00e4tter all tidigare eller samtidig kommunikation, muntlig eller skriftlig.<\/p>\t\t\t\t\t\t\t\t<\/div>\n\t\t\t\t<\/div>\n\t\t\t\t\t<\/div>\n\t\t\t\t<\/div>\n\t\t\t\t<\/div>","protected":false},"excerpt":{"rendered":"<p>Anv\u00e4ndarvillkor V\u00e4lkommen till v\u00e5r webbplats.Din tillg\u00e5ng till och anv\u00e4ndning av denna webbplats \u00e4r f\u00f6rem\u00e5l f\u00f6r dessa anv\u00e4ndarvillkor f\u00f6r webbplatsen. L\u00e4s dem noggrant innan du g\u00e5r in p\u00e5 eller anv\u00e4nder denna webbplats. 1. DEFINITIONER AI4Debunk (Participative Assistive AI-powered Tools for Supporting Trustworthy Online Activity of Citizens and Debunking Disinformation), nedan kallat \u201dprojektet\u201d, \u00e4r [\u2026].<\/p>","protected":false},"author":6,"featured_media":0,"parent":0,"menu_order":0,"comment_status":"closed","ping_status":"closed","template":"","meta":{"_acf_changed":false,"footnotes":""},"class_list":["post-209","page","type-page","status-publish","hentry"],"acf":[],"_links":{"self":[{"href":"https:\/\/ai4debunk.eu\/sv\/wp-json\/wp\/v2\/pages\/209","targetHints":{"allow":["GET"]}}],"collection":[{"href":"https:\/\/ai4debunk.eu\/sv\/wp-json\/wp\/v2\/pages"}],"about":[{"href":"https:\/\/ai4debunk.eu\/sv\/wp-json\/wp\/v2\/types\/page"}],"author":[{"embeddable":true,"href":"https:\/\/ai4debunk.eu\/sv\/wp-json\/wp\/v2\/users\/6"}],"replies":[{"embeddable":true,"href":"https:\/\/ai4debunk.eu\/sv\/wp-json\/wp\/v2\/comments?post=209"}],"version-history":[{"count":5,"href":"https:\/\/ai4debunk.eu\/sv\/wp-json\/wp\/v2\/pages\/209\/revisions"}],"predecessor-version":[{"id":2187,"href":"https:\/\/ai4debunk.eu\/sv\/wp-json\/wp\/v2\/pages\/209\/revisions\/2187"}],"wp:attachment":[{"href":"https:\/\/ai4debunk.eu\/sv\/wp-json\/wp\/v2\/media?parent=209"}],"curies":[{"name":"wp","href":"https:\/\/api.w.org\/{rel}","templated":true}]}}